{"id":5269,"date":"2023-10-30T18:07:12","date_gmt":"2023-10-30T17:07:12","guid":{"rendered":"https:\/\/paxspain.com\/product\/valvula-de-alimentacion-escape-tfp100\/"},"modified":"2026-03-18T17:38:09","modified_gmt":"2026-03-18T16:38:09","slug":"valvula-de-alimentacion-escape-tfp100","status":"publish","type":"product","link":"https:\/\/paxspain.com\/es\/producto\/valvula-de-alimentacion-escape-tfp100\/","title":{"rendered":"V\u00e1lvula de impulsi\u00f3n\/extracci\u00f3n TFP"},"content":{"rendered":"<p><strong>Un dispositivo, m\u00faltiples funciones<\/strong><br \/>\nLa TFP es una v\u00e1lvula de impulsi\u00f3n y extracci\u00f3n de aire que funciona igual de bien en ba\u00f1os y dormitorios. El TFP est\u00e1 disponible en dos tama\u00f1os, \u00d8100 mm y \u00d8125 mm, ambos de pl\u00e1stico. La construcci\u00f3n de pl\u00e1stico garantiza que la v\u00e1lvula sea ligera. Con su discreto dise\u00f1o, el dispositivo se integra perfectamente, tanto si decides montarlo en la pared como en el techo.<\/p>\n<p><strong>Rendimiento<\/strong><br \/>\nSu dise\u00f1o exclusivo permite utilizar el TFP tanto como dispositivo de impulsi\u00f3n como de expulsi\u00f3n de aire. Con su dise\u00f1o elegante, encaja igual de bien en casas nuevas y antiguas.<\/p>\n<p><strong>Deflector<\/strong> de aire<br \/>\nEl TFP viene con un deflector de aire incluido que puede utilizarse para el aire de impulsi\u00f3n, dirigiendo el flujo de aire dentro de un sector de hasta 180\u00b0. Recuerda retirar el deflector de aire cuando utilices el aparato como dispositivo de extracci\u00f3n de aire.<\/p>\n<p><strong>Ajuste<\/strong><br \/>\nEl caudal de aire y el tiro se ajustan girando la parte delantera y cambiando as\u00ed la abertura del hueco.<\/p>\n<p>La TFP fresca se ajusta f\u00e1cilmente y luego se fija con el bot\u00f3n de bloqueo. Una vez que hayas seleccionado el ajuste adecuado, puedes anotar la ubicaci\u00f3n, la habitaci\u00f3n y la colocaci\u00f3n en el reverso de la portada. Una forma inteligente de recordar c\u00f3mo se ajust\u00f3 el aparato despu\u00e9s de desmontarlo para limpiarlo.<\/p>\n<p><strong>F\u00e1cil montaje<\/strong><br \/>\nMonta el aparato directamente en un conducto circular de impulsi\u00f3n o extracci\u00f3n de aire en la pared o el techo. La conexi\u00f3n herm\u00e9tica fija el dispositivo y lo mantiene en su sitio. No se necesitan tornillos ni otro material de fijaci\u00f3n. El marco de montaje est\u00e1 disponible como accesorio.<\/p>\n<p>&nbsp;<\/p>\n<div>\n<div>\n<section>\n<h3>Especificaciones clave<\/h3>\n<\/section>\n<section>\n<div>\n<dl>\n<dt>EAN 13:<\/dt>\n<dd>7318114510081<\/dd>\n<dt>ETIM:<\/dt>\n<dd>EC011497<\/dd>\n<dt>Acabado:<\/dt>\n<dd>Matt<\/dd>\n<dt>Color:<\/dt>\n<dd>Blanco<\/dd>\n<dt>Material:<\/dt>\n<dd>Pl\u00e1stico<\/dd>\n<dt>Material Pl\u00e1stico Detalle:<\/dt>\n<dd>ABS<\/dd>\n<\/dl>\n<\/div>\n<\/section>\n<\/div>\n<\/div>\n<div>\n<div>\n<section>\n<h3>Medidas<\/h3>\n<\/section>\n<section>\n<div>\n<dl>\n<dt>Tipo de instalaci\u00f3n, pared, techo, etc:<\/dt>\n<dd>Horizontal, Vertical<\/dd>\n<dt>Profundidad del producto:<\/dt>\n<dd>55 mm<\/dd>\n<dt>Peso del producto:<\/dt>\n<dd>0,156 kg<\/dd>\n<dt>Producto Medida Circular \u00d8:<\/dt>\n<dd>140 mm<\/dd>\n<\/dl>\n<\/div>\n<\/section>\n<\/div>\n<\/div>\n<div>\n<div>\n<section>\n<h3>Caracter\u00edsticas<\/h3>\n<\/section>\n<section>\n<div>\n<dl>\n<dt>Funciones:<\/dt>\n<dd>Deflector de aire<\/dd>\n<dt>Tipo de instalaci\u00f3n, pared, techo, etc:<\/dt>\n<dd>Horizontal, Vertical<\/dd>\n<dt>Acabado:<\/dt>\n<dd>Matt<\/dd>\n<dt>Color:<\/dt>\n<dd>Blanco<\/dd>\n<dt>Material:<\/dt>\n<dd>Pl\u00e1stico<\/dd>\n<dt>Material Pl\u00e1stico Detalle:<\/dt>\n<dd>ABS<\/dd>\n<\/dl>\n<\/div>\n<\/section>\n<\/div>\n<\/div>\n","protected":false},"excerpt":{"rendered":"<p>TFP es una v\u00e1lvula de aire de impulsi\u00f3n y extracci\u00f3n ajustable para lograr el mejor caudal de aire en su hogar. El aparato se monta f\u00e1cilmente en la pared o en el techo.<\/p>\n<ul>\n<li>F\u00e1cil instalaci\u00f3n en pared o techo<\/li>\n<li>Ajustable en 40 posiciones diferentes<\/li>\n<li>Excelente rendimiento<\/li>\n<li>Dise\u00f1o elegante y discreto<\/li>\n<li>Con deflector de aire para evitar las corrientes de aire fr\u00edo<\/li>\n<\/ul>\n<p><a href=\"https:\/\/paxspain.com\/wp-content\/uploads\/2023\/10\/Manual-TFP-100_125.pdf\">Descargar el manual de la v\u00e1lvula de impulsi\u00f3n\/extracci\u00f3n TFP<\/a><\/p>\n","protected":false},"featured_media":4925,"comment_status":"closed","ping_status":"closed","template":"","meta":{"_et_pb_use_builder":"","_et_pb_old_content":"","_et_gb_content_width":""},"product_brand":[168],"product_cat":[94],"product_tag":[],"class_list":{"0":"post-5269","1":"product","2":"type-product","3":"status-publish","4":"has-post-thumbnail","6":"product_brand-fresh","7":"product_cat-pax-eos-es","9":"first","10":"instock","11":"taxable","12":"shipping-taxable","13":"purchasable","14":"product-type-variable"},"jetpack_sharing_enabled":true,"_links":{"self":[{"href":"https:\/\/paxspain.com\/es\/wp-json\/wp\/v2\/product\/5269","targetHints":{"allow":["GET"]}}],"collection":[{"href":"https:\/\/paxspain.com\/es\/wp-json\/wp\/v2\/product"}],"about":[{"href":"https:\/\/paxspain.com\/es\/wp-json\/wp\/v2\/types\/product"}],"replies":[{"embeddable":true,"href":"https:\/\/paxspain.com\/es\/wp-json\/wp\/v2\/comments?post=5269"}],"wp:featuredmedia":[{"embeddable":true,"href":"https:\/\/paxspain.com\/es\/wp-json\/wp\/v2\/media\/4925"}],"wp:attachment":[{"href":"https:\/\/paxspain.com\/es\/wp-json\/wp\/v2\/media?parent=5269"}],"wp:term":[{"taxonomy":"product_brand","embeddable":true,"href":"https:\/\/paxspain.com\/es\/wp-json\/wp\/v2\/product_brand?post=5269"},{"taxonomy":"product_cat","embeddable":true,"href":"https:\/\/paxspain.com\/es\/wp-json\/wp\/v2\/product_cat?post=5269"},{"taxonomy":"product_tag","embeddable":true,"href":"https:\/\/paxspain.com\/es\/wp-json\/wp\/v2\/product_tag?post=5269"}],"curies":[{"name":"wp","href":"https:\/\/api.w.org\/{rel}","templated":true}]}}