{"id":5271,"date":"2023-11-07T09:53:23","date_gmt":"2023-11-07T08:53:23","guid":{"rendered":"https:\/\/paxspain.com\/product\/ventilacion-mural-tl100de-negro\/"},"modified":"2026-03-03T15:18:59","modified_gmt":"2026-03-03T14:18:59","slug":"ventilacion-mural-tl100de-negro","status":"publish","type":"product","link":"https:\/\/paxspain.com\/es\/producto\/ventilacion-mural-tl100de-negro\/","title":{"rendered":"TL100DE Negro"},"content":{"rendered":"<p><strong>Se pueden instalar rejillas de ventilaci\u00f3n de aire fresco en los dormitorios y en las habitaciones<\/strong> familiares<br \/>\nUna regla general para garantizar el n\u00famero adecuado de rejillas de ventilaci\u00f3n es una en cada dormitorio y dos en la habitaci\u00f3n familiar. En algunos casos, conviene aumentar el n\u00famero de rejillas de ventilaci\u00f3n, por ejemplo, si varias personas duermen en el mismo dormitorio o si el espacio habitable total es mayor de lo habitual.<\/p>\n<p>La serie Fresh TLDE son rejillas de ventilaci\u00f3n elegantes que parecen desaparecer en la decoraci\u00f3n. Est\u00e1n totalmente cargados de tecnolog\u00eda, dise\u00f1o y funcionalidad. TLDE incluye protecci\u00f3n contra condensaci\u00f3n y protecci\u00f3n contra tormentas de serie. Tambi\u00e9n se puede pintar. El respiradero tiene una funci\u00f3n telesc\u00f3pica de 185-340 mm. Para paredes m\u00e1s gruesas, extiende con un tubo de m\u00f3dulo.<\/p>\n<p><strong>Instalaci\u00f3n\/posicionamiento<\/strong><br \/>\nEl respiradero se coloca en lo alto de la pared, a unos 220 cm del suelo o con el borde superior del respiradero a una distancia m\u00ednima de 10 cm del techo.<br \/>\nEl respiradero es excelente para utilizarlo con calefacci\u00f3n por suelo radiante.<br \/>\nSi es posible, el respiradero debe colocarse recto sobre el radiador. El calor ascendente del radiador se utiliza entonces en lo que se conoce como corriente de convecci\u00f3n.<\/p>\n<p><strong>Distribuci\u00f3n c\u00f3moda del aire<\/strong><br \/>\nEl patr\u00f3n de distribuci\u00f3n del aire se ha dise\u00f1ado cuidadosamente. El respiradero expulsa el aire hacia arriba y hacia los lados. El aire del exterior se mezcla muy eficazmente con el aire de la habitaci\u00f3n. El aire entrante alcanza una temperatura agradable a pocos dec\u00edmetros de la rejilla de ventilaci\u00f3n.<\/p>\n<p>La impermeabilizaci\u00f3n contra tormentas <strong>ahorra energ\u00eda<\/strong><br \/>\nIndependientemente del viento o el tiempo, la impermeabilizaci\u00f3n contra tormentas desacelera las corrientes de aire elevadas, lo que contribuye a reducir los costes de calefacci\u00f3n en comparaci\u00f3n con una ventilaci\u00f3n tradicional. El aislamiento contra tormentas crea un buen confort en la habitaci\u00f3n y reduce el riesgo de corrientes de aire.<\/p>\n<p><strong>Filtros y cuidados <\/strong><br \/>\nMant\u00e9n una buena calidad del aire interior realizando el mantenimiento y la sustituci\u00f3n de los filtros con regularidad. Para garantizar una buena calidad del aire y mantener el caudal, el filtro debe limpiarse o sustituirse una o dos veces al a\u00f1o. El filtro est\u00e1ndar puede lavarse con una soluci\u00f3n jabonosa suave. Hay que cambiar el filtro de polen y el filtro del flimmer. El filtro se instala en un portafiltros situado detr\u00e1s de la parte delantera. La parte delantera se puede abrir f\u00e1cilmente para acceder al portafiltros. Cuando utilices un filtro flimmer, tambi\u00e9n deber\u00e1s sustituir el portafiltros. Adem\u00e1s, no puede combinarse con la protecci\u00f3n contra tormentas.<\/p>\n<p>&nbsp;<\/p>\n<div>\n<div>\n<section>\n<h3>C\u00f3digos de los art\u00edculos<\/h3>\n<\/section>\n<section>\n<div>\n<dl>\n<dt>EAN 13:<\/dt>\n<dd>7318116297041<\/dd>\n<dt>ETIM:<\/dt>\n<dd>EC011497<\/dd>\n<dt>E-nr:<\/dt>\n<dd>9302650<\/dd>\n<dt>RSK:<\/dt>\n<dd>8783033<\/dd>\n<\/dl>\n<\/div>\n<\/section>\n<\/div>\n<\/div>\n<div>\n<div>\n<section>\n<h3>Medidas<\/h3>\n<\/section>\n<section>\n<div>\n<dl>\n<dt>Tipo de instalaci\u00f3n, pared, techo, etc:<\/dt>\n<dd>Pared exterior<\/dd>\n<dt>Anchura del producto:<\/dt>\n<dd>160 mm<\/dd>\n<dt>Altura del producto:<\/dt>\n<dd>160 mm<\/dd>\n<dt>Profundidad del producto:<\/dt>\n<dd>408 mm<\/dd>\n<dt>Peso del producto:<\/dt>\n<dd>0,54 kg<\/dd>\n<\/dl>\n<\/div>\n<\/section>\n<\/div>\n<\/div>\n<div>\n<div>\n<section>\n<h3>Caracter\u00edsticas<\/h3>\n<\/section>\n<section>\n<div>\n<dl>\n<dt>Funciones:<\/dt>\n<dd>Filtro, Protecci\u00f3n contra la condensaci\u00f3n, Protecci\u00f3n contra tormentas<\/dd>\n<dt>Tipo de instalaci\u00f3n, pared, techo, etc:<\/dt>\n<dd>Pared exterior<\/dd>\n<dt>Acabado:<\/dt>\n<dd>Matt<\/dd>\n<dt>Color:<\/dt>\n<dd>Negro<\/dd>\n<dt>Material:<\/dt>\n<dd>Pl\u00e1stico<\/dd>\n<dt>Material Pl\u00e1stico Detalle:<\/dt>\n<dd>ABS, PP<\/dd>\n<\/dl>\n<\/div>\n<\/section>\n<\/div>\n<\/div>\n","protected":false},"excerpt":{"rendered":"<p>V\u00e1lvula de aire fresco repleta de tecnolog\u00eda, dise\u00f1o y funcionalidad.<\/p>\n<p>Con funci\u00f3n telesc\u00f3pica, protecci\u00f3n contra la condensaci\u00f3n, protecci\u00f3n contra tormentas y tambi\u00e9n se puede pintar encima.<\/p>\n<p><a href=\"https:\/\/paxspain.com\/wp-content\/uploads\/2023\/11\/Manual-Wall-vent-TL100DE.pdf\">Descargar el manual del Wall Vent TL100DE<\/a><br \/>\n<a href=\"https:\/\/paxspain.com\/wp-content\/uploads\/2023\/11\/Product-sheet-Wall-vent-TL100D-EN.pdf\">Descargar la ficha de producto del Wall Vent TL100DE &#8211; Ingl\u00e9s<\/a><br \/>\n<a href=\"https:\/\/paxspain.com\/wp-content\/uploads\/2023\/11\/SPANISH-TL-DE-Product-Sheet.pdf\">Descargar la ficha de producto del Wall Vent TL100DE &#8211; Espa\u00f1ol<\/a><br \/>\n<a href=\"https:\/\/paxspain.com\/wp-content\/uploads\/2023\/11\/Folder-Wall-vent-TL-DE_TL-C-EN.pdf\">Descargar el material de ventas del Wall Vent TL100DE<\/a><\/p>\n<p><iframe loading=\"lazy\" title=\"Serie TL-DE fresca\" src=\"https:\/\/www.youtube.com\/embed\/BdfPlB-Y46I\" width=\"560\" height=\"315\" frameborder=\"0\" allowfullscreen=\"allowfullscreen\"><\/iframe><\/p>\n","protected":false},"featured_media":4967,"comment_status":"open","ping_status":"closed","template":"","meta":{"_et_pb_use_builder":"","_et_pb_old_content":"","_et_gb_content_width":""},"product_brand":[168],"product_cat":[84],"product_tag":[],"class_list":{"0":"post-5271","1":"product","2":"type-product","3":"status-publish","4":"has-post-thumbnail","6":"product_brand-fresh","7":"product_cat-rejillas-de-ventilacion","8":"pa_product-type-rejilla-de-pared","10":"first","11":"instock","12":"taxable","13":"shipping-taxable","14":"purchasable","15":"product-type-simple"},"jetpack_sharing_enabled":true,"_links":{"self":[{"href":"https:\/\/paxspain.com\/es\/wp-json\/wp\/v2\/product\/5271","targetHints":{"allow":["GET"]}}],"collection":[{"href":"https:\/\/paxspain.com\/es\/wp-json\/wp\/v2\/product"}],"about":[{"href":"https:\/\/paxspain.com\/es\/wp-json\/wp\/v2\/types\/product"}],"replies":[{"embeddable":true,"href":"https:\/\/paxspain.com\/es\/wp-json\/wp\/v2\/comments?post=5271"}],"wp:featuredmedia":[{"embeddable":true,"href":"https:\/\/paxspain.com\/es\/wp-json\/wp\/v2\/media\/4967"}],"wp:attachment":[{"href":"https:\/\/paxspain.com\/es\/wp-json\/wp\/v2\/media?parent=5271"}],"wp:term":[{"taxonomy":"product_brand","embeddable":true,"href":"https:\/\/paxspain.com\/es\/wp-json\/wp\/v2\/product_brand?post=5271"},{"taxonomy":"product_cat","embeddable":true,"href":"https:\/\/paxspain.com\/es\/wp-json\/wp\/v2\/product_cat?post=5271"},{"taxonomy":"product_tag","embeddable":true,"href":"https:\/\/paxspain.com\/es\/wp-json\/wp\/v2\/product_tag?post=5271"}],"curies":[{"name":"wp","href":"https:\/\/api.w.org\/{rel}","templated":true}]}}