{"id":5288,"date":"2023-11-27T16:50:44","date_gmt":"2023-11-27T15:50:44","guid":{"rendered":"https:\/\/paxspain.com\/product\/bastidor-de-cables-sin-descortezar\/"},"modified":"2026-02-26T18:58:24","modified_gmt":"2026-02-26T17:58:24","slug":"bastidor-de-cables-sin-descortezar","status":"publish","type":"product","link":"https:\/\/paxspain.com\/es\/producto\/bastidor-de-cables-sin-descortezar\/","title":{"rendered":"Soporte de cable sin toma de tierra"},"content":{"rendered":"<p>Este conjunto de cable enchufable sin toma de tierra est\u00e1 dise\u00f1ado para toalleros equipados con temporizador Momento II. Permite conectar el toallero directamente a un enchufe est\u00e1ndar en lugar de cablearlo a la instalaci\u00f3n el\u00e9ctrica. Esto proporciona mayor flexibilidad durante la instalaci\u00f3n y facilita la alimentaci\u00f3n de toalleros el\u00e9ctricos compatibles donde el cableado fijo no es pr\u00e1ctico. Destinado \u00fanicamente para modelos compatibles, este conjunto de cable ofrece una soluci\u00f3n sencilla para el funcionamiento enchufable.    <strong><u>Se necesita cable si tienes que enchufar los calentadores de toallas S\u00d3LO a una toma de corriente.<\/u><\/strong><\/p>\n<p>&nbsp;<\/p>\n<h3>Caracter\u00edsticas<\/h3>\n<dl>\n<dt>Tensi\u00f3n de alimentaci\u00f3n (12V-400V):<\/dt>\n<dd>230 V CA<\/dd>\n<dt>Fase de alimentaci\u00f3n el\u00e9ctrica:<\/dt>\n<dd>1-Fase<\/dd>\n<dt>Protecci\u00f3n ( Ip ):<\/dt>\n<dd>IP 44<\/dd>\n<dt>Color:<\/dt>\n<dd>Blanco<\/dd>\n<dt>Material:<\/dt>\n<dd>Pl\u00e1stico<\/dd>\n<\/dl>\n","protected":false},"excerpt":{"rendered":"<p><strong><u>Se necesita cable si tienes que enchufar los calentadores de toallas S\u00d3LO a una toma de corriente.<\/u><\/strong><\/p>\n<p>&nbsp;<\/p>\n<h2>Soporte de cable sin toma de tierra para toalleros Pax.<\/h2>\n<h4>Para todos los dem\u00e1s calentadores de toallas.<\/h4>\n","protected":false},"featured_media":4975,"comment_status":"closed","ping_status":"closed","template":"","meta":{"_et_pb_use_builder":"","_et_pb_old_content":"","_et_gb_content_width":""},"product_brand":[134],"product_cat":[97,76],"product_tag":[188],"class_list":{"0":"post-5288","1":"product","2":"type-product","3":"status-publish","4":"has-post-thumbnail","6":"product_brand-pax","7":"product_cat-accesorios-calienta-toallas","8":"product_cat-calienta-toallas","9":"product_tag-cable-sin-toma-de-tierra","11":"first","12":"instock","13":"taxable","14":"shipping-taxable","15":"purchasable","16":"product-type-simple"},"jetpack_sharing_enabled":true,"_links":{"self":[{"href":"https:\/\/paxspain.com\/es\/wp-json\/wp\/v2\/product\/5288","targetHints":{"allow":["GET"]}}],"collection":[{"href":"https:\/\/paxspain.com\/es\/wp-json\/wp\/v2\/product"}],"about":[{"href":"https:\/\/paxspain.com\/es\/wp-json\/wp\/v2\/types\/product"}],"replies":[{"embeddable":true,"href":"https:\/\/paxspain.com\/es\/wp-json\/wp\/v2\/comments?post=5288"}],"wp:featuredmedia":[{"embeddable":true,"href":"https:\/\/paxspain.com\/es\/wp-json\/wp\/v2\/media\/4975"}],"wp:attachment":[{"href":"https:\/\/paxspain.com\/es\/wp-json\/wp\/v2\/media?parent=5288"}],"wp:term":[{"taxonomy":"product_brand","embeddable":true,"href":"https:\/\/paxspain.com\/es\/wp-json\/wp\/v2\/product_brand?post=5288"},{"taxonomy":"product_cat","embeddable":true,"href":"https:\/\/paxspain.com\/es\/wp-json\/wp\/v2\/product_cat?post=5288"},{"taxonomy":"product_tag","embeddable":true,"href":"https:\/\/paxspain.com\/es\/wp-json\/wp\/v2\/product_tag?post=5288"}],"curies":[{"name":"wp","href":"https:\/\/api.w.org\/{rel}","templated":true}]}}