{"id":5937,"date":"2024-09-17T21:17:21","date_gmt":"2024-09-17T19:17:21","guid":{"rendered":"https:\/\/paxspain.com\/product\/flex-u-5-650-pivotante-momento-ii\/"},"modified":"2026-02-26T18:58:27","modified_gmt":"2026-02-26T17:58:27","slug":"flex-u-5-650-pivotante-momento-ii","status":"publish","type":"product","link":"https:\/\/paxspain.com\/es\/producto\/flex-u-5-650-pivotante-momento-ii\/","title":{"rendered":"Flex U 5\/650 Momento II"},"content":{"rendered":"<p data-start=\"2027\" data-end=\"2371\">El <strong data-start=\"2031\" data-end=\"2071\">PAX Flex U 5\/650 Pivoting Momento II<\/strong> es el formato m\u00e1s grande de la gama Flex U, dise\u00f1ado para ba\u00f1os que requieren una alta capacidad de secado y fiabilidad diaria. Con cinco brazos en forma de U, de 650 mm cada uno, el toallero ofrece un amplio espacio para secar varias toallas a la vez, manteniendo un perfil vertical limpio en la pared. Cada brazo pivota de forma independiente, lo que permite separar las toallas en lugar de apilarlas. Esto mejora el flujo de aire alrededor del tejido y favorece un secado m\u00e1s r\u00e1pido y uniforme despu\u00e9s de duchas o ba\u00f1os.   <\/p>\n<p data-start=\"2598\" data-end=\"2821\">Este toallero calefactado est\u00e1 equipado con el <strong data-start=\"2637\" data-end=\"2666\">sistema de control Momento II<\/strong>, que le ofrece un control preciso de cu\u00e1ndo se calienta el toallero. \u00daselo manualmente o con\u00e9ctelo a la app de PAX para crear horarios de calentamiento que se adapten a su rutina. Los ciclos de calentamiento temporizados ayudan a que las toallas est\u00e9n calientes y listas cuando se necesiten, reduciendo a la vez el consumo de energ\u00eda innecesario. Esto hace que el toallero sea pr\u00e1ctico para ba\u00f1os familiares de uso diario, espacios compartidos o hogares con rotaci\u00f3n frecuente de toallas.   <\/p>\n<p data-start=\"3101\" data-end=\"3359\">Con cinco brazos largos pivotantes, el <strong>Flex U 5\/650<\/strong> es ideal para ba\u00f1os m\u00e1s grandes, cuartos de lavado o viviendas familiares donde se usan varias toallas a lo largo del d\u00eda. El dise\u00f1o pivotante facilita cargar, descargar y girar las toallas, incluso cuando todos los brazos est\u00e1n en uso. La orientaci\u00f3n de montaje flexible permite colocar el toallero seg\u00fan la distribuci\u00f3n del ba\u00f1o y los elementos existentes, por lo que es adecuado tanto para reformas como para instalaciones nuevas.  <\/p>\n<p data-start=\"3585\" data-end=\"3790\">Un toallero calefactado ofrece m\u00e1s que solo confort. Al ayudar a que las toallas se sequen correctamente entre usos, el<strong> toallero calefactado Pax Flex U 5\/650<\/strong> puede reducir la humedad persistente y los olores, contribuyendo a un ambiente de ba\u00f1o m\u00e1s fresco. La disposici\u00f3n de cinco brazos aumenta la capacidad de secado sin aumentar la profundidad ocupada en la pared, lo que lo convierte en una soluci\u00f3n pr\u00e1ctica cuando el rendimiento es prioritario.  <\/p>\n<h3 class=\"hidden-lg\">Especificaci\u00f3n<\/h3>\n<div class=\"content\">\n<div>\n<div class=\"row js-clear-empty \" data-rowid=\"190\">\n<div class=\"col-sm-12 \" data-columnid=\"308\">\n<div class=\"row attribute-categories js-hide-row \" data-rowid=\"191\">\n<div class=\"col-sm-12 \" data-columnid=\"310\">\n<section id=\"section_443\" class=\"section section_Content section_443 \" data-lazysection-routevalues=\"{\"sectionid\":443}\" data-lazyload=\"false\" data-action=\"Home\/ContentSection\" data-sectionid=\"443\" data-view=\"Content\/_ContentDetail\">\n<h3>C\u00f3digos de los art\u00edculos<\/h3>\n<\/section>\n<section id=\"section_579\" class=\"section section_ProductAttributes section_579 \" data-lazysection-routevalues=\"{\"sectionid\":579}\" data-lazyload=\"false\" data-action=\"ProductDetail\/AttributeSection\" data-sectionid=\"579\" data-view=\"ProductDetail\/_AttributePlaceholders_Single_List\">\n<div class=\"product-additional-content\">\n<dl class=\"dl-horizontal\">\n<dt>N\u00ba art:<\/dt>\n<dd>26-1023<\/dd>\n<dt>EAN 13:<\/dt>\n<dd>7391477610230<\/dd>\n<dt>ETIM:<\/dt>\n<dd>EC003624<\/dd>\n<\/dl>\n<\/div>\n<\/section>\n<\/div>\n<\/div>\n<div class=\"row attribute-categories js-hide-row \" data-rowid=\"192\">\n<div class=\"col-sm-12 \" data-columnid=\"312\">\n<section id=\"section_444\" class=\"section section_Content section_444 \" data-lazysection-routevalues=\"{\"sectionid\":444}\" data-lazyload=\"false\" data-action=\"Home\/ContentSection\" data-sectionid=\"444\" data-view=\"Content\/_ContentDetail\">\n<h3>Medidas<\/h3>\n<\/section>\n<section id=\"section_440\" class=\"section section_ProductAttributes section_440 \" data-lazysection-routevalues=\"{\"sectionid\":440}\" data-lazyload=\"false\" data-action=\"ProductDetail\/AttributeSection\" data-sectionid=\"440\" data-view=\"ProductDetail\/_AttributePlaceholders_Single_List\">\n<div class=\"product-additional-content\">\n<dl class=\"dl-horizontal\">\n<dt>Anchura del producto:<\/dt>\n<dd>654 mm<\/dd>\n<dt>Altura del producto:<\/dt>\n<dd>1153 mm<\/dd>\n<dt>Profundidad del producto:<\/dt>\n<dd>112 mm<\/dd>\n<dt>Peso del producto:<\/dt>\n<dd>6,64 kg<\/dd>\n<\/dl>\n<\/div>\n<\/section>\n<\/div>\n<\/div>\n<div class=\"row attribute-categories js-hide-row \" data-rowid=\"193\">\n<div class=\"col-sm-12 \" data-columnid=\"314\">\n<section id=\"section_445\" class=\"section section_Content section_445 \" data-lazysection-routevalues=\"{\"sectionid\":445}\" data-lazyload=\"false\" data-action=\"Home\/ContentSection\" data-sectionid=\"445\" data-view=\"Content\/_ContentDetail\">\n<h3>Caracter\u00edsticas<\/h3>\n<\/section>\n<section id=\"section_442\" class=\"section section_ProductAttributes section_442 \" data-lazysection-routevalues=\"{\"sectionid\":442}\" data-lazyload=\"false\" data-action=\"ProductDetail\/AttributeSection\" data-sectionid=\"442\" data-view=\"ProductDetail\/_AttributePlaceholders_Single_List\">\n<div class=\"product-additional-content\">\n<dl class=\"dl-horizontal\">\n<dt>Funciones:<\/dt>\n<dd>Control de potencia, Temporizador repetitivo, Temporizador<\/dd>\n<dt>Tipo de instalaci\u00f3n, pared, techo, etc:<\/dt>\n<dd>Pared<\/dd>\n<dt>Vatios m\u00e1ximos (W):<\/dt>\n<dd>106 W<\/dd>\n<dt>Tensi\u00f3n de alimentaci\u00f3n (12V-400V):<\/dt>\n<dd>230 V CA<\/dd>\n<dt>Fase de alimentaci\u00f3n el\u00e9ctrica:<\/dt>\n<dd>1-Fase<\/dd>\n<dt>Clase de aislamiento:<\/dt>\n<dd>II (no estar\u00e1 conectado a tierra de forma protectora)<\/dd>\n<dt>Opci\u00f3n de control inal\u00e1mbrico:<\/dt>\n<dd>Bluetooth LE<\/dd>\n<dt>Protecci\u00f3n ( Ip ):<\/dt>\n<dd>IP 44<\/dd>\n<dt>Acabado:<\/dt>\n<dd>Pulido<\/dd>\n<dt>Material:<\/dt>\n<dd>Pl\u00e1stico, acero inoxidable<\/dd>\n<dt>Material Pl\u00e1stico Detalle:<\/dt>\n<dd>ABS<\/dd>\n<dt>Certificado medioambiental:<\/dt>\n<dd>SundaHus<\/dd>\n<dt>N\u00famero de a\u00f1os de garant\u00eda:<\/dt>\n<dd>5 a\u00f1os<\/dd>\n<\/dl>\n<\/div>\n<\/section>\n<\/div>\n<\/div>\n<\/div>\n<\/div>\n<\/div>\n<\/div>\n","protected":false},"excerpt":{"rendered":"<p>Flex U tiene 5 brazos de 650 mm de largo. El calentador de toallas tiene una excelente capacidad de secado. Los brazos en forma de U pivotantes individualmente permiten que las toallas cuelguen libremente en el aire cuando sea necesario. Flex U est\u00e1 fabricado en acero inoxidable y la potencia es de 106 W. El calentador de toallas puede montarse a la derecha o a la izquierda. El toallero calefactado se entrega completo con el soporte Momento II para una instalaci\u00f3n el\u00e9ctrica oculta situada en la parte inferior. El temporizador Momento II integrado se puede controlar mediante la app o manualmente. A trav\u00e9s de la app, tambi\u00e9n es posible ajustar distintos niveles de potencia, programar horarios de calentamiento del toallero y emparejarlo con el ventilador de ba\u00f1o Pax Norte. As\u00ed, el toallero se enciende autom\u00e1ticamente cuando el sensor de humedad del ventilador detecta un aumento del nivel de humedad, por ejemplo, cuando empieza a ducharse.   <\/p>\n","protected":false},"featured_media":5934,"comment_status":"closed","ping_status":"closed","template":"","meta":{"_et_pb_use_builder":"","_et_pb_old_content":"","_et_gb_content_width":""},"product_brand":[134],"product_cat":[76],"product_tag":[],"class_list":{"0":"post-5937","1":"product","2":"type-product","3":"status-publish","4":"has-post-thumbnail","6":"product_brand-pax","7":"product_cat-calienta-toallas","8":"product_shipping_class-calentador-de-toallas-con-envio-gratis","9":"pa_product-type-toallero-calefactable","11":"first","12":"instock","13":"taxable","14":"shipping-taxable","15":"purchasable","16":"product-type-simple"},"jetpack_sharing_enabled":true,"_links":{"self":[{"href":"https:\/\/paxspain.com\/es\/wp-json\/wp\/v2\/product\/5937","targetHints":{"allow":["GET"]}}],"collection":[{"href":"https:\/\/paxspain.com\/es\/wp-json\/wp\/v2\/product"}],"about":[{"href":"https:\/\/paxspain.com\/es\/wp-json\/wp\/v2\/types\/product"}],"replies":[{"embeddable":true,"href":"https:\/\/paxspain.com\/es\/wp-json\/wp\/v2\/comments?post=5937"}],"wp:featuredmedia":[{"embeddable":true,"href":"https:\/\/paxspain.com\/es\/wp-json\/wp\/v2\/media\/5934"}],"wp:attachment":[{"href":"https:\/\/paxspain.com\/es\/wp-json\/wp\/v2\/media?parent=5937"}],"wp:term":[{"taxonomy":"product_brand","embeddable":true,"href":"https:\/\/paxspain.com\/es\/wp-json\/wp\/v2\/product_brand?post=5937"},{"taxonomy":"product_cat","embeddable":true,"href":"https:\/\/paxspain.com\/es\/wp-json\/wp\/v2\/product_cat?post=5937"},{"taxonomy":"product_tag","embeddable":true,"href":"https:\/\/paxspain.com\/es\/wp-json\/wp\/v2\/product_tag?post=5937"}],"curies":[{"name":"wp","href":"https:\/\/api.w.org\/{rel}","templated":true}]}}