{"id":6699,"date":"2024-12-05T17:05:41","date_gmt":"2024-12-05T16:05:41","guid":{"rendered":"https:\/\/paxspain.com\/product\/elemento-electrico-125w-momento-ii\/"},"modified":"2026-02-26T18:58:34","modified_gmt":"2026-02-26T17:58:34","slug":"elemento-electrico-125w-momento-ii","status":"publish","type":"product","link":"https:\/\/paxspain.com\/es\/producto\/elemento-electrico-125w-momento-ii\/","title":{"rendered":"125W Momento II"},"content":{"rendered":"<p>Con Pax Momento II, su calienta-toallas solo funciona cuando lo necesita, permiti\u00e9ndole reducir f\u00e1cilmente su factura el\u00e9ctrica sin renunciar al lujo cotidiano. Al elegir la resistencia para su radiador Pax combi, consulte el manual de instalaci\u00f3n adjunto y compruebe que la potencia corresponda a la placa de caracter\u00edsticas de la parte posterior del calienta-toallas. <\/p>\n<p>Momento II incluye decenas de funciones inteligentes que le permiten ahorrar energ\u00eda, mejorar el clima interior y simplificar su vida diaria.<\/p>\n<p><strong>C\u00f3mo funciona Momento II<\/strong><br \/>\nMomento II le ofrece un control total sobre cu\u00e1ndo desea que su calienta-toallas est\u00e9 encendido. Puede configurar varios temporizadores directamente en el radiador mediante el bot\u00f3n integrado o con la aplicaci\u00f3n Pax Wireless. Con la app, tambi\u00e9n puede ajustar varios niveles de potencia. Esto le permite optimizar el uso de su calienta-toallas, ya que solo funciona cuando es necesario. Si dispone de un extractor de ba\u00f1o Pax Norte en el mismo ba\u00f1o, puede emparejarlos para que el calienta-toallas se encienda autom\u00e1ticamente cuando el sensor de humedad del extractor detecte un aumento del nivel de humedad, por ejemplo, al empezar a ducharse.    <\/p>\n<ul>\n<li data-start=\"4337\" data-end=\"4399\">\n<p data-start=\"4339\" data-end=\"4399\"><strong data-start=\"4339\" data-end=\"4372\">Temporizador preciso y control por app<\/strong> para un uso eficiente de la energ\u00eda<\/p>\n<\/li>\n<li data-start=\"4400\" data-end=\"4470\">\n<p data-start=\"4402\" data-end=\"4470\"><strong data-start=\"4402\" data-end=\"4423\">Integraci\u00f3n inteligente<\/strong> con otros dispositivos PAX como sensores de humedad<\/p>\n<\/li>\n<li data-start=\"4471\" data-end=\"4527\">\n<p data-start=\"4473\" data-end=\"4527\"><strong data-start=\"4473\" data-end=\"4494\">Instalaci\u00f3n sencilla<\/strong> con una conexi\u00f3n de rosca est\u00e1ndar<\/p>\n<\/li>\n<li data-start=\"4528\" data-end=\"4598\">\n<p data-start=\"4530\" data-end=\"4598\"><strong data-start=\"4530\" data-end=\"4554\">Potencia calor\u00edfica de 125 W<\/strong> ideal para calentar toallas y calefacci\u00f3n ligera<\/p>\n<\/li>\n<\/ul>\n","protected":false},"excerpt":{"rendered":"<p>La <strong data-start=\"1511\" data-end=\"1551\">resistencia el\u00e9ctrica PAX 125W Momento II<\/strong> es un accesorio de calefacci\u00f3n inteligente dise\u00f1ado para calienta-toallas PAX. Ofrece <strong data-start=\"1634\" data-end=\"1662\">125 W de calor controlado<\/strong> e incluye el <strong data-start=\"1682\" data-end=\"1709\">sistema de temporizador Momento II<\/strong> para que solo use su calefactor cuando sea necesario, ayudando a ahorrar electricidad. Puede configurar horarios y niveles de potencia <strong data-start=\"1825\" data-end=\"1849\">directamente en la unidad<\/strong> o mediante la <strong data-start=\"1861\" data-end=\"1881\">aplicaci\u00f3n PAX Wireless<\/strong>. Est\u00e1 equipada con una rosca est\u00e1ndar de media pulgada para una f\u00e1cil instalaci\u00f3n. Empar\u00e9jela con extractores de ba\u00f1o PAX compatibles para iniciar autom\u00e1ticamente la calefacci\u00f3n cuando suba la humedad, una forma sencilla de combinar confort y eficiencia en su ba\u00f1o.    <\/p>\n<ul>\n<li>125W<\/li>\n<li>Equipado con temporizador Momento II<\/li>\n<li>Control manual con el bot\u00f3n integrado o mediante la aplicaci\u00f3n Pax Wireless<\/li>\n<li>Rosca de media pulgada<\/li>\n<\/ul>\n","protected":false},"featured_media":6517,"comment_status":"closed","ping_status":"closed","template":"","meta":{"_et_pb_use_builder":"","_et_pb_old_content":"","_et_gb_content_width":""},"product_brand":[134],"product_cat":[97],"product_tag":[],"class_list":{"0":"post-6699","1":"product","2":"type-product","3":"status-publish","4":"has-post-thumbnail","6":"product_brand-pax","7":"product_cat-accesorios-calienta-toallas","8":"pa_product-type-resistencia-electrica","10":"first","11":"instock","12":"taxable","13":"shipping-taxable","14":"purchasable","15":"product-type-simple"},"jetpack_sharing_enabled":true,"_links":{"self":[{"href":"https:\/\/paxspain.com\/es\/wp-json\/wp\/v2\/product\/6699","targetHints":{"allow":["GET"]}}],"collection":[{"href":"https:\/\/paxspain.com\/es\/wp-json\/wp\/v2\/product"}],"about":[{"href":"https:\/\/paxspain.com\/es\/wp-json\/wp\/v2\/types\/product"}],"replies":[{"embeddable":true,"href":"https:\/\/paxspain.com\/es\/wp-json\/wp\/v2\/comments?post=6699"}],"wp:featuredmedia":[{"embeddable":true,"href":"https:\/\/paxspain.com\/es\/wp-json\/wp\/v2\/media\/6517"}],"wp:attachment":[{"href":"https:\/\/paxspain.com\/es\/wp-json\/wp\/v2\/media?parent=6699"}],"wp:term":[{"taxonomy":"product_brand","embeddable":true,"href":"https:\/\/paxspain.com\/es\/wp-json\/wp\/v2\/product_brand?post=6699"},{"taxonomy":"product_cat","embeddable":true,"href":"https:\/\/paxspain.com\/es\/wp-json\/wp\/v2\/product_cat?post=6699"},{"taxonomy":"product_tag","embeddable":true,"href":"https:\/\/paxspain.com\/es\/wp-json\/wp\/v2\/product_tag?post=6699"}],"curies":[{"name":"wp","href":"https:\/\/api.w.org\/{rel}","templated":true}]}}