{"id":6701,"date":"2024-12-05T17:13:13","date_gmt":"2024-12-05T16:13:13","guid":{"rendered":"https:\/\/paxspain.com\/product\/elemento-electrico-175w-momento-ii\/"},"modified":"2026-02-26T18:59:25","modified_gmt":"2026-02-26T17:59:25","slug":"elemento-electrico-175w-momento-ii","status":"publish","type":"product","link":"https:\/\/paxspain.com\/es\/producto\/elemento-electrico-175w-momento-ii\/","title":{"rendered":"175W Momento II"},"content":{"rendered":"<p>Con Pax Momento II, su toallero solo funciona cuando lo necesita, por lo que puede reducir f\u00e1cilmente su factura el\u00e9ctrica sin renunciar al lujo diario. Al elegir el elemento el\u00e9ctrico para su toallero combi Pax, consulte el manual de instalaci\u00f3n adjunto y compruebe que la potencia corresponde a la placa de caracter\u00edsticas en la parte posterior del toallero. <\/p>\n<p>Momento II incluye docenas de funciones inteligentes que le permiten ahorrar energ\u00eda, mejorar su clima interior y simplificar su vida diaria.<\/p>\n<p><strong>C\u00f3mo funciona Momento II<\/strong><br \/>\nMomento II le ofrece control total sobre cu\u00e1ndo desea que su toallero est\u00e9 encendido. Puede configurar varios temporizadores diferentes directamente en el toallero mediante el bot\u00f3n integrado o usando la app Pax Wireless. Con la app, tambi\u00e9n puede establecer m\u00faltiples niveles de potencia. Esto le permite optimizar el uso de su toallero, ya que solo funciona cuando lo necesita. Si tiene un extractor de ba\u00f1o Pax Norte en el mismo ba\u00f1o que su toallero, puede emparejarlos para que el toallero se encienda autom\u00e1ticamente cuando el sensor de humedad del extractor detecte un aumento del nivel de humedad, por ejemplo, cuando empiece a ducharse.    <\/p>\n<ul>\n<li data-start=\"3990\" data-end=\"4042\">\n<p data-start=\"3992\" data-end=\"4042\"><strong data-start=\"3999\" data-end=\"4014\">Mayor potencia de 175W<\/strong> para un calentamiento m\u00e1s r\u00e1pido de las toallas<\/p>\n<\/li>\n<li data-start=\"4043\" data-end=\"4098\">\n<p data-start=\"4045\" data-end=\"4098\"><strong data-start=\"4045\" data-end=\"4073\">Calefacci\u00f3n controlada por temporizador<\/strong> para reducir el desperdicio energ\u00e9tico<\/p>\n<\/li>\n<li data-start=\"4099\" data-end=\"4155\">\n<p data-start=\"4101\" data-end=\"4155\"><strong data-start=\"4101\" data-end=\"4131\">Compatibilidad con app inal\u00e1mbrica<\/strong> para mayor comodidad<\/p>\n<\/li>\n<li data-start=\"4156\" data-end=\"4207\">\n<p data-start=\"4158\" data-end=\"4207\">Dise\u00f1ado espec\u00edficamente para <strong data-start=\"4184\" data-end=\"4205\">toalleros PAX<\/strong><\/p>\n<\/li>\n<\/ul>\n","protected":false},"excerpt":{"rendered":"<p>El <strong data-start=\"1528\" data-end=\"1568\">elemento el\u00e9ctrico PAX 175W Momento II<\/strong> est\u00e1 dise\u00f1ado para toalleros que requieren una mayor potencia calor\u00edfica sin sacrificar el control. Con <strong data-start=\"1673\" data-end=\"1706\">175 vatios de calefacci\u00f3n el\u00e9ctrica<\/strong>, utiliza el <strong data-start=\"1720\" data-end=\"1749\">sistema de control Momento II<\/strong> para limitar el tiempo de funcionamiento y el consumo energ\u00e9tico. Puede activar la calefacci\u00f3n directamente en el elemento o gestionar programaciones mediante la <strong data-start=\"1864\" data-end=\"1884\">app PAX Wireless<\/strong>. Esto facilita mantener las toallas calientes exactamente cuando se necesita, en lugar de funcionar continuamente. Compatible con toalleros PAX, el elemento utiliza una conexi\u00f3n roscada est\u00e1ndar para una instalaci\u00f3n sencilla.    <\/p>\n<ul>\n<li>175W<\/li>\n<li>Equipado con temporizador Momento II<\/li>\n<li>Control manual con el bot\u00f3n integrado o mediante la app Pax Wireless<\/li>\n<li>Rosca de media pulgada<\/li>\n<\/ul>\n","protected":false},"featured_media":6517,"comment_status":"closed","ping_status":"closed","template":"","meta":{"_et_pb_use_builder":"","_et_pb_old_content":"","_et_gb_content_width":""},"product_brand":[134],"product_cat":[97],"product_tag":[],"class_list":{"0":"post-6701","1":"product","2":"type-product","3":"status-publish","4":"has-post-thumbnail","6":"product_brand-pax","7":"product_cat-accesorios-calienta-toallas","8":"pa_product-type-resistencia-electrica","10":"first","11":"instock","12":"taxable","13":"shipping-taxable","14":"purchasable","15":"product-type-simple"},"jetpack_sharing_enabled":true,"_links":{"self":[{"href":"https:\/\/paxspain.com\/es\/wp-json\/wp\/v2\/product\/6701","targetHints":{"allow":["GET"]}}],"collection":[{"href":"https:\/\/paxspain.com\/es\/wp-json\/wp\/v2\/product"}],"about":[{"href":"https:\/\/paxspain.com\/es\/wp-json\/wp\/v2\/types\/product"}],"replies":[{"embeddable":true,"href":"https:\/\/paxspain.com\/es\/wp-json\/wp\/v2\/comments?post=6701"}],"wp:featuredmedia":[{"embeddable":true,"href":"https:\/\/paxspain.com\/es\/wp-json\/wp\/v2\/media\/6517"}],"wp:attachment":[{"href":"https:\/\/paxspain.com\/es\/wp-json\/wp\/v2\/media?parent=6701"}],"wp:term":[{"taxonomy":"product_brand","embeddable":true,"href":"https:\/\/paxspain.com\/es\/wp-json\/wp\/v2\/product_brand?post=6701"},{"taxonomy":"product_cat","embeddable":true,"href":"https:\/\/paxspain.com\/es\/wp-json\/wp\/v2\/product_cat?post=6701"},{"taxonomy":"product_tag","embeddable":true,"href":"https:\/\/paxspain.com\/es\/wp-json\/wp\/v2\/product_tag?post=6701"}],"curies":[{"name":"wp","href":"https:\/\/api.w.org\/{rel}","templated":true}]}}