{"id":6704,"date":"2024-12-05T17:47:23","date_gmt":"2024-12-05T16:47:23","guid":{"rendered":"https:\/\/paxspain.com\/product\/tamburin-500x1200\/"},"modified":"2026-02-26T18:59:24","modified_gmt":"2026-02-26T17:59:24","slug":"tamburin-500x1200","status":"publish","type":"product","link":"https:\/\/paxspain.com\/es\/producto\/tamburin-500x1200\/","title":{"rendered":"Tambur\u00edn 500&#215;1200 (con Momento II separado incluido)"},"content":{"rendered":"<div class=\"row attribute-categories js-hide-row \" data-rowid=\"191\">\n<div class=\"col-sm-12 \" data-columnid=\"310\">\n<section id=\"section_443\" class=\"section section_Content section_443 \" data-lazysection-routevalues=\"{\"sectionid\":443}\" data-lazyload=\"false\" data-action=\"Home\/ContentSection\" data-sectionid=\"443\" data-view=\"Content\/_ContentDetail\">El <strong data-start=\"1531\" data-end=\"1574\">toallero radiador Pax Tamburin 500\u00d71200<\/strong> es un complemento elegante y funcional para ba\u00f1os modernos, dise\u00f1ado para mantener las toallas calientes y secas todo el a\u00f1o. Fabricado en acero inoxidable pulido con tubos redondos de curvas suaves y una distribuci\u00f3n equilibrada, le ofrece un amplio espacio para toallas familiares. Este <strong data-start=\"1833\" data-end=\"1855\">toallero combinado<\/strong> se llena de agua durante la instalaci\u00f3n y puede calentarse mediante la <strong data-start=\"1930\" data-end=\"1972\">resistencia el\u00e9ctrica y temporizador Momento II&#x2122;<\/strong> incluidos o conectarse a su sistema de calefacci\u00f3n central. De montaje mural y suministrado con fijaciones, el Tamburin combina un dise\u00f1o estilizado con un rendimiento fiable para mejorar el confort y la practicidad.   <\/p>\n<h3>C\u00f3digos de los art\u00edculos<\/h3>\n<\/section>\n<section id=\"section_579\" class=\"section section_ProductAttributes section_579 \" data-lazysection-routevalues=\"{\"sectionid\":579}\" data-lazyload=\"false\" data-action=\"ProductDetail\/AttributeSection\" data-sectionid=\"579\" data-view=\"ProductDetail\/_AttributePlaceholders_Single_List\">\n<div class=\"product-additional-content\">\n<dl class=\"dl-horizontal\">\n<dt>N\u00ba art:<\/dt>\n<dd>24-4019<\/dd>\n<dt>EAN 13:<\/dt>\n<dd>7391477440196<\/dd>\n<dt>ETIM:<\/dt>\n<dd>EC011023<\/dd>\n<\/dl>\n<\/div>\n<\/section>\n<\/div>\n<\/div>\n<div class=\"row attribute-categories js-hide-row \" data-rowid=\"192\">\n<div class=\"col-sm-12 \" data-columnid=\"312\">\n<section id=\"section_444\" class=\"section section_Content section_444 \" data-lazysection-routevalues=\"{\"sectionid\":444}\" data-lazyload=\"false\" data-action=\"Home\/ContentSection\" data-sectionid=\"444\" data-view=\"Content\/_ContentDetail\">\n<h3>Medidas<\/h3>\n<\/section>\n<section id=\"section_440\" class=\"section section_ProductAttributes section_440 \" data-lazysection-routevalues=\"{\"sectionid\":440}\" data-lazyload=\"false\" data-action=\"ProductDetail\/AttributeSection\" data-sectionid=\"440\" data-view=\"ProductDetail\/_AttributePlaceholders_Single_List\">\n<div class=\"product-additional-content\">\n<dl class=\"dl-horizontal\">\n<dt>Anchura del producto:<\/dt>\n<dd>500 mm<\/dd>\n<dt>Altura del producto:<\/dt>\n<dd>1200 mm<\/dd>\n<dt>Profundidad del producto:<\/dt>\n<dd>100 mm<\/dd>\n<dt>Peso del producto:<\/dt>\n<dd>7 kg<\/dd>\n<\/dl>\n<\/div>\n<\/section>\n<\/div>\n<\/div>\n<div class=\"row attribute-categories js-hide-row \" data-rowid=\"193\">\n<div class=\"col-sm-12 \" data-columnid=\"314\">\n<section id=\"section_445\" class=\"section section_Content section_445 \" data-lazysection-routevalues=\"{\"sectionid\":445}\" data-lazyload=\"false\" data-action=\"Home\/ContentSection\" data-sectionid=\"445\" data-view=\"Content\/_ContentDetail\">\n<h3>Caracter\u00edsticas<\/h3>\n<\/section>\n<section id=\"section_442\" class=\"section section_ProductAttributes section_442 \" data-lazysection-routevalues=\"{\"sectionid\":442}\" data-lazyload=\"false\" data-action=\"ProductDetail\/AttributeSection\" data-sectionid=\"442\" data-view=\"ProductDetail\/_AttributePlaceholders_Single_List\">\n<div class=\"product-additional-content\">\n<dl class=\"dl-horizontal\">\n<dt>Tipo de instalaci\u00f3n, pared, techo, etc:<\/dt>\n<dd>Pared<\/dd>\n<dt>Acabado:<\/dt>\n<dd>Pulido<\/dd>\n<dt>Material:<\/dt>\n<dd>Acero inoxidable<\/dd>\n<\/dl>\n<\/div>\n<\/section>\n<\/div>\n<\/div>\n","protected":false},"excerpt":{"rendered":"<p>Tamburin tiene tubos redondos para un aspecto suave. La separaci\u00f3n bien equilibrada entre los tubos rectos deja espacio para muchas toallas. <\/p>\n<p>Los calentadores combinados Pax se llenan de agua en el momento de la instalaci\u00f3n, y se calientan con un elemento el\u00e9ctrico Pax con el exclusivo temporizador Momento II&#x2122; y\/o conect\u00e1ndose a tu sistema de calefacci\u00f3n cerrado existente mediante una v\u00e1lvula de radiador.<\/p>\n<p>Ancho: 500 mm<br \/>\n Altura: 1200 mm<br \/>\n Acabado: Brillante<br \/>\n Material: Acero inoxidable<br \/>\n Punto de conexi\u00f3n: Abajo, derecha\/izquierda<br \/>\n Se suministra: Sin llenar, con accesorios de suspensi\u00f3n, tornillos, tacos, tapones ciegos y v\u00e1lvula de ventilaci\u00f3n.<\/p>\n<p><strong>Incluye elemento el\u00e9ctrico y temporizador Pax Momento II&#x2122; por separado (VG28-1012P).<\/strong><\/p>\n<p><img loading=\"lazy\" decoding=\"async\" class=\"alignnone size-medium wp-image-6515\" src=\"https:\/\/paxspain.com\/wp-content\/uploads\/2024\/12\/Momento-2-300x300.jpeg\" alt=\"\" width=\"300\" height=\"300\"><\/p>\n","protected":false},"featured_media":6543,"comment_status":"closed","ping_status":"closed","template":"","meta":{"_et_pb_use_builder":"","_et_pb_old_content":"","_et_gb_content_width":""},"product_brand":[134],"product_cat":[76],"product_tag":[],"class_list":{"0":"post-6704","1":"product","2":"type-product","3":"status-publish","4":"has-post-thumbnail","6":"product_brand-pax","7":"product_cat-calienta-toallas","8":"product_shipping_class-calentador-de-toallas-con-envio-gratis","9":"pa_product-type-toallero-calefactable","11":"first","12":"instock","13":"taxable","14":"shipping-taxable","15":"purchasable","16":"product-type-simple"},"jetpack_sharing_enabled":true,"_links":{"self":[{"href":"https:\/\/paxspain.com\/es\/wp-json\/wp\/v2\/product\/6704","targetHints":{"allow":["GET"]}}],"collection":[{"href":"https:\/\/paxspain.com\/es\/wp-json\/wp\/v2\/product"}],"about":[{"href":"https:\/\/paxspain.com\/es\/wp-json\/wp\/v2\/types\/product"}],"replies":[{"embeddable":true,"href":"https:\/\/paxspain.com\/es\/wp-json\/wp\/v2\/comments?post=6704"}],"wp:featuredmedia":[{"embeddable":true,"href":"https:\/\/paxspain.com\/es\/wp-json\/wp\/v2\/media\/6543"}],"wp:attachment":[{"href":"https:\/\/paxspain.com\/es\/wp-json\/wp\/v2\/media?parent=6704"}],"wp:term":[{"taxonomy":"product_brand","embeddable":true,"href":"https:\/\/paxspain.com\/es\/wp-json\/wp\/v2\/product_brand?post=6704"},{"taxonomy":"product_cat","embeddable":true,"href":"https:\/\/paxspain.com\/es\/wp-json\/wp\/v2\/product_cat?post=6704"},{"taxonomy":"product_tag","embeddable":true,"href":"https:\/\/paxspain.com\/es\/wp-json\/wp\/v2\/product_tag?post=6704"}],"curies":[{"name":"wp","href":"https:\/\/api.w.org\/{rel}","templated":true}]}}