{"id":6705,"date":"2024-12-05T17:32:56","date_gmt":"2024-12-05T16:32:56","guid":{"rendered":"https:\/\/paxspain.com\/product\/elemento-electrico-250w-momento-ii\/"},"modified":"2026-02-26T18:59:23","modified_gmt":"2026-02-26T17:59:23","slug":"elemento-electrico-250w-momento-ii","status":"publish","type":"product","link":"https:\/\/paxspain.com\/es\/producto\/elemento-electrico-250w-momento-ii\/","title":{"rendered":"250W Momento II"},"content":{"rendered":"<p>Con Pax Momento II, su toallero solo funciona cuando lo necesita, por lo que puede reducir f\u00e1cilmente su factura de electricidad sin renunciar al lujo diario. Al elegir el elemento el\u00e9ctrico para su toallero combinado Pax, consulte el manual de instalaci\u00f3n adjunto y compruebe que la potencia corresponde a la placa de caracter\u00edsticas en la parte posterior del toallero. <\/p>\n<p>Momento II incluye docenas de funciones inteligentes que le permiten ahorrar energ\u00eda, mejorar su clima interior y simplificar su vida diaria.<\/p>\n<p><strong>C\u00f3mo funciona Momento II<\/strong><br \/>\nMomento II le da control total sobre cu\u00e1ndo desea que su toallero est\u00e9 encendido. Puede configurar m\u00faltiples temporizadores directamente en el toallero usando el bot\u00f3n incorporado o la aplicaci\u00f3n Pax Wireless. Con la aplicaci\u00f3n, tambi\u00e9n puede establecer varios niveles de potencia. Esto le permite optimizar el uso de su toallero, ya que solo funciona cuando lo necesita. Si tiene un ventilador de ba\u00f1o Pax Norte en el mismo ba\u00f1o que su toallero, puede emparejarlos para que el toallero se encienda autom\u00e1ticamente cuando el sensor de humedad del ventilador detecte un aumento del nivel de humedad, por ejemplo, al empezar a ducharse.    <\/p>\n<ul>\n<li data-start=\"4118\" data-end=\"4187\">\n<p data-start=\"4120\" data-end=\"4187\"><strong data-start=\"4120\" data-end=\"4143\">Potencia de calefacci\u00f3n de 250W<\/strong> para toalleros m\u00e1s grandes o de mayor demanda<\/p>\n<\/li>\n<li data-start=\"4188\" data-end=\"4244\">\n<p data-start=\"4190\" data-end=\"4244\"><strong data-start=\"4190\" data-end=\"4220\">Funcionamiento controlado por temporizador<\/strong> para limitar el desperdicio de energ\u00eda<\/p>\n<\/li>\n<li data-start=\"4245\" data-end=\"4297\">\n<p data-start=\"4247\" data-end=\"4297\"><strong data-start=\"4247\" data-end=\"4271\">Control inal\u00e1mbrico por aplicaci\u00f3n<\/strong> para una programaci\u00f3n flexible<\/p>\n<\/li>\n<li data-start=\"4298\" data-end=\"4354\">\n<p data-start=\"4300\" data-end=\"4354\">Dise\u00f1ado espec\u00edficamente para <strong data-start=\"4326\" data-end=\"4354\">sistemas de toalleros PAX<\/strong><\/p>\n<\/li>\n<\/ul>\n<p>Si necesita una calefacci\u00f3n m\u00e1s potente sin sacrificar el control, el <strong>Elemento El\u00e9ctrico PAX 250W Momento II<\/strong> ofrece una soluci\u00f3n fiable y energ\u00e9ticamente eficiente para ba\u00f1os modernos.<\/p>\n","protected":false},"excerpt":{"rendered":"<p>El <strong data-start=\"1697\" data-end=\"1737\">Elemento El\u00e9ctrico PAX 250W Momento II<\/strong> est\u00e1 dise\u00f1ado para toalleros que requieren <strong data-start=\"1778\" data-end=\"1803\">mayor potencia de calefacci\u00f3n<\/strong> manteniendo el control sobre el consumo de energ\u00eda. Con <strong data-start=\"1858\" data-end=\"1888\">250 vatios de calor el\u00e9ctrico<\/strong>, utiliza el <strong data-start=\"1902\" data-end=\"1929\">sistema de temporizador Momento II<\/strong> para limitar el funcionamiento a los momentos en que realmente necesita calor. La calefacci\u00f3n se puede activar directamente en el elemento o gestionarse a trav\u00e9s de la <strong data-start=\"2060\" data-end=\"2080\">aplicaci\u00f3n PAX Wireless<\/strong>, lo que le brinda flexibilidad sin ajustes manuales constantes. Dise\u00f1ado para usar con toalleros PAX compatibles, el elemento cuenta con una conexi\u00f3n roscada est\u00e1ndar para una instalaci\u00f3n sencilla.   <\/p>\n<ul>\n<li>250W<\/li>\n<li>Equipado con temporizador Momento II<\/li>\n<li>Control manual con el bot\u00f3n incorporado o use la aplicaci\u00f3n Pax Wireless<\/li>\n<li>Rosca de media pulgada<\/li>\n<\/ul>\n","protected":false},"featured_media":6517,"comment_status":"closed","ping_status":"closed","template":"","meta":{"_et_pb_use_builder":"","_et_pb_old_content":"","_et_gb_content_width":""},"product_brand":[134],"product_cat":[97],"product_tag":[],"class_list":{"0":"post-6705","1":"product","2":"type-product","3":"status-publish","4":"has-post-thumbnail","6":"product_brand-pax","7":"product_cat-accesorios-calienta-toallas","8":"pa_product-type-resistencia-electrica","10":"first","11":"instock","12":"taxable","13":"shipping-taxable","14":"purchasable","15":"product-type-simple"},"jetpack_sharing_enabled":true,"_links":{"self":[{"href":"https:\/\/paxspain.com\/es\/wp-json\/wp\/v2\/product\/6705","targetHints":{"allow":["GET"]}}],"collection":[{"href":"https:\/\/paxspain.com\/es\/wp-json\/wp\/v2\/product"}],"about":[{"href":"https:\/\/paxspain.com\/es\/wp-json\/wp\/v2\/types\/product"}],"replies":[{"embeddable":true,"href":"https:\/\/paxspain.com\/es\/wp-json\/wp\/v2\/comments?post=6705"}],"wp:featuredmedia":[{"embeddable":true,"href":"https:\/\/paxspain.com\/es\/wp-json\/wp\/v2\/media\/6517"}],"wp:attachment":[{"href":"https:\/\/paxspain.com\/es\/wp-json\/wp\/v2\/media?parent=6705"}],"wp:term":[{"taxonomy":"product_brand","embeddable":true,"href":"https:\/\/paxspain.com\/es\/wp-json\/wp\/v2\/product_brand?post=6705"},{"taxonomy":"product_cat","embeddable":true,"href":"https:\/\/paxspain.com\/es\/wp-json\/wp\/v2\/product_cat?post=6705"},{"taxonomy":"product_tag","embeddable":true,"href":"https:\/\/paxspain.com\/es\/wp-json\/wp\/v2\/product_tag?post=6705"}],"curies":[{"name":"wp","href":"https:\/\/api.w.org\/{rel}","templated":true}]}}