{"id":6711,"date":"2024-12-09T19:10:26","date_gmt":"2024-12-09T18:10:26","guid":{"rendered":"https:\/\/paxspain.com\/product\/violonchelo-530x1000\/"},"modified":"2026-02-26T18:36:55","modified_gmt":"2026-02-26T17:36:55","slug":"violonchelo-530x1000","status":"publish","type":"product","link":"https:\/\/paxspain.com\/es\/producto\/violonchelo-530x1000\/","title":{"rendered":"Cello 530&#215;1000 (con Momento II separado incluido)"},"content":{"rendered":"<div class=\"row attribute-categories js-hide-row \" data-rowid=\"191\">\n<div class=\"col-sm-12 \" data-columnid=\"310\">\n<section id=\"section_443\" class=\"section section_Content section_443 \" data-lazysection-routevalues=\"{\"sectionid\":443}\" data-lazyload=\"false\" data-action=\"Home\/ContentSection\" data-sectionid=\"443\" data-view=\"Content\/_ContentDetail\">\n<p data-start=\"2164\" data-end=\"2643\">El <strong data-start=\"2213\" data-end=\"2248\">toallero Pax Cello 530\u00d71000<\/strong> combina rendimiento pr\u00e1ctico y dise\u00f1o refinado. Con sus tubos de acero inoxidable suavemente curvados organizados en secciones de secado inteligentes, este toallero mixto garantiza un secado r\u00e1pido y uniforme de las toallas mientras realza la est\u00e9tica del ba\u00f1o. Ya sea al salir de la ducha o al prepararse para el d\u00eda, Cello mantiene sus toallas frescas, calientes y listas para usar.  <\/p>\n<p data-start=\"2164\" data-end=\"2643\">Cello es una <strong data-start=\"2687\" data-end=\"2701\">unidad mixta<\/strong>, lo que significa que puede conectarlo a su sistema de calefacci\u00f3n central cerrado existente <em data-start=\"2777\" data-end=\"2785\">y\/o<\/em> utilizar el <strong data-start=\"2803\" data-end=\"2846\">elemento el\u00e9ctrico Momento II&#x2122; con temporizador<\/strong> incluido para funcionamiento aut\u00f3nomo. Este enfoque dual le ofrece flexibilidad: calefacci\u00f3n desde su caldera en invierno y uso del temporizador el\u00e9ctrico en meses m\u00e1s frescos o condiciones h\u00famedas. Esto le permite disfrutar de confort durante todo el a\u00f1o sin desperdiciar energ\u00eda.  <\/p>\n<p data-start=\"2164\" data-end=\"2643\">Entregado sin llenar, el toallero incluye todos los herrajes esenciales de montaje en pared como fijaciones de colgado, tornillos, tacos, tapones ciegos y v\u00e1lvula de purga, por lo que la instalaci\u00f3n es sencilla para un instalador cualificado. Los puntos de conexi\u00f3n inferiores pueden utilizarse en el lado izquierdo o derecho, a\u00f1adiendo flexibilidad para adaptarse a la distribuci\u00f3n de su ba\u00f1o. <\/p>\n<p data-start=\"3113\" data-end=\"3521\">Fabricado en <strong data-start=\"3566\" data-end=\"3613\">acero inoxidable duradero con acabado brillante<\/strong>, el toallero Cello est\u00e1 dise\u00f1ado para resistir la humedad y el uso diario en entornos de ba\u00f1o. La superficie pulida no solo es f\u00e1cil de limpiar, sino que tambi\u00e9n a\u00f1ade un aspecto elegante y contempor\u00e1neo, ya sea combinado con decoraci\u00f3n moderna o tradicional. <\/p>\n<p data-start=\"3523\" data-end=\"3886\">El <strong data-start=\"3945\" data-end=\"3959\">elemento el\u00e9ctrico Momento II<\/strong> y temporizador incluidos le permiten programar la calefacci\u00f3n para que el toallero funcione solo cuando sea necesario, reduciendo el consumo de energ\u00eda mientras garantiza toallas calientes cuando las desee. Este control inteligente tambi\u00e9n facilita mantenerse c\u00f3modo sin operaci\u00f3n manual. <\/p>\n<h3>C\u00f3digos de los art\u00edculos<\/h3>\n<\/section>\n<section id=\"section_579\" class=\"section section_ProductAttributes section_579 \" data-lazysection-routevalues=\"{\"sectionid\":579}\" data-lazyload=\"false\" data-action=\"ProductDetail\/AttributeSection\" data-sectionid=\"579\" data-view=\"ProductDetail\/_AttributePlaceholders_Single_List\">\n<div class=\"product-additional-content\">\n<dl class=\"dl-horizontal\">\n<dt>N\u00ba art:<\/dt>\n<dd>24-4701<\/dd>\n<dt>EAN 13:<\/dt>\n<dd>7391477447010<\/dd>\n<dt>ETIM:<\/dt>\n<dd>EC011023<\/dd>\n<\/dl>\n<\/div>\n<\/section>\n<\/div>\n<\/div>\n<div class=\"row attribute-categories js-hide-row \" data-rowid=\"192\">\n<div class=\"col-sm-12 \" data-columnid=\"312\">\n<section id=\"section_444\" class=\"section section_Content section_444 \" data-lazysection-routevalues=\"{\"sectionid\":444}\" data-lazyload=\"false\" data-action=\"Home\/ContentSection\" data-sectionid=\"444\" data-view=\"Content\/_ContentDetail\">\n<h3>Medidas<\/h3>\n<\/section>\n<section id=\"section_440\" class=\"section section_ProductAttributes section_440 \" data-lazysection-routevalues=\"{\"sectionid\":440}\" data-lazyload=\"false\" data-action=\"ProductDetail\/AttributeSection\" data-sectionid=\"440\" data-view=\"ProductDetail\/_AttributePlaceholders_Single_List\">\n<div class=\"product-additional-content\">\n<dl class=\"dl-horizontal\">\n<dt>Anchura del producto:<\/dt>\n<dd>530 mm<\/dd>\n<dt>Altura del producto:<\/dt>\n<dd>1000 mm<\/dd>\n<dt>Profundidad del producto:<\/dt>\n<dd>150 mm<\/dd>\n<dt>Peso del producto:<\/dt>\n<dd>5 kg<\/dd>\n<\/dl>\n<\/div>\n<\/section>\n<\/div>\n<\/div>\n<div class=\"row attribute-categories js-hide-row \" data-rowid=\"193\">\n<div class=\"col-sm-12 \" data-columnid=\"314\">\n<section id=\"section_445\" class=\"section section_Content section_445 \" data-lazysection-routevalues=\"{\"sectionid\":445}\" data-lazyload=\"false\" data-action=\"Home\/ContentSection\" data-sectionid=\"445\" data-view=\"Content\/_ContentDetail\">\n<h3>Caracter\u00edsticas<\/h3>\n<\/section>\n<section id=\"section_442\" class=\"section section_ProductAttributes section_442 \" data-lazysection-routevalues=\"{\"sectionid\":442}\" data-lazyload=\"false\" data-action=\"ProductDetail\/AttributeSection\" data-sectionid=\"442\" data-view=\"ProductDetail\/_AttributePlaceholders_Single_List\">\n<div class=\"product-additional-content\">\n<dl class=\"dl-horizontal\">\n<dt>Tipo de instalaci\u00f3n, pared, techo, etc:<\/dt>\n<dd>Pared<\/dd>\n<dt>Acabado:<\/dt>\n<dd>Pulido<\/dd>\n<dt>Material:<\/dt>\n<dd>Acero inoxidable<\/dd>\n<\/dl>\n<\/div>\n<\/section>\n<\/div>\n<\/div>\n","protected":false},"excerpt":{"rendered":"<p>El <strong data-start=\"1458\" data-end=\"1493\">toallero Pax Cello 530\u00d71000<\/strong> es una soluci\u00f3n mixta elegante y de alto rendimiento para su ba\u00f1o. Sus tubos curvados de acero inoxidable ofrecen excelente poder de secado, manteniendo las toallas calientes y frescas. Puede calentarlo mediante su sistema de calefacci\u00f3n central, utilizar el <strong data-start=\"1721\" data-end=\"1764\">elemento el\u00e9ctrico Momento II&#x2122; con temporizador<\/strong> incluido, o combinar ambos para confort durante todo el a\u00f1o. Dise\u00f1ado para montaje en pared, Cello se entrega sin llenar con fijaciones incluidas y ofrece flexibilidad de conexi\u00f3n inferior izquierda\/derecha. Su acabado pulido y dise\u00f1o inteligente lo convierten en una adici\u00f3n funcional y elegante a cualquier ba\u00f1o.    <\/p>\n<p>Ancho: 530 mm<br \/>\nAlto: 1000 mm<br \/>\nAcabado: Brillante<br \/>\nMaterial: Acero inoxidable<br \/>\nPunto de conexi\u00f3n: Inferior, derecha\/izquierda<br \/>\nSuministrado: Sin llenar con fijaciones de colgado, tornillos, tacos, tapones ciegos y v\u00e1lvula de purga.<\/p>\n<p><strong>Incluye elemento el\u00e9ctrico y temporizador Pax Momento II&#x2122; por separado (VG28-1012P).<\/strong><\/p>\n<p><img loading=\"lazy\" decoding=\"async\" class=\"alignnone size-medium wp-image-6515\" src=\"https:\/\/paxspain.com\/wp-content\/uploads\/2024\/12\/Momento-2-300x300.jpeg\" alt=\"\" width=\"300\" height=\"300\"><\/p>\n","protected":false},"featured_media":6568,"comment_status":"closed","ping_status":"closed","template":"","meta":{"_et_pb_use_builder":"","_et_pb_old_content":"","_et_gb_content_width":""},"product_brand":[134],"product_cat":[76],"product_tag":[],"class_list":{"0":"post-6711","1":"product","2":"type-product","3":"status-publish","4":"has-post-thumbnail","6":"product_brand-pax","7":"product_cat-calienta-toallas","8":"product_shipping_class-calentador-de-toallas-con-envio-gratis","9":"pa_product-type-toallero-calefactable","11":"first","12":"instock","13":"taxable","14":"shipping-taxable","15":"purchasable","16":"product-type-simple"},"jetpack_sharing_enabled":true,"_links":{"self":[{"href":"https:\/\/paxspain.com\/es\/wp-json\/wp\/v2\/product\/6711","targetHints":{"allow":["GET"]}}],"collection":[{"href":"https:\/\/paxspain.com\/es\/wp-json\/wp\/v2\/product"}],"about":[{"href":"https:\/\/paxspain.com\/es\/wp-json\/wp\/v2\/types\/product"}],"replies":[{"embeddable":true,"href":"https:\/\/paxspain.com\/es\/wp-json\/wp\/v2\/comments?post=6711"}],"wp:featuredmedia":[{"embeddable":true,"href":"https:\/\/paxspain.com\/es\/wp-json\/wp\/v2\/media\/6568"}],"wp:attachment":[{"href":"https:\/\/paxspain.com\/es\/wp-json\/wp\/v2\/media?parent=6711"}],"wp:term":[{"taxonomy":"product_brand","embeddable":true,"href":"https:\/\/paxspain.com\/es\/wp-json\/wp\/v2\/product_brand?post=6711"},{"taxonomy":"product_cat","embeddable":true,"href":"https:\/\/paxspain.com\/es\/wp-json\/wp\/v2\/product_cat?post=6711"},{"taxonomy":"product_tag","embeddable":true,"href":"https:\/\/paxspain.com\/es\/wp-json\/wp\/v2\/product_tag?post=6711"}],"curies":[{"name":"wp","href":"https:\/\/api.w.org\/{rel}","templated":true}]}}