{"id":6714,"date":"2024-12-09T19:29:29","date_gmt":"2024-12-09T18:29:29","guid":{"rendered":"https:\/\/paxspain.com\/product\/klimat-k7-blanco\/"},"modified":"2026-03-18T17:36:23","modified_gmt":"2026-03-18T16:36:23","slug":"klimat-k7-blanco","status":"publish","type":"product","link":"https:\/\/paxspain.com\/es\/producto\/klimat-k7-blanco\/","title":{"rendered":"K7 Blanco"},"content":{"rendered":"<p>El <strong data-start=\"1384\" data-end=\"1403\">Klimat K7 Blanco<\/strong> es un <strong data-start=\"1419\" data-end=\"1445\">extractor de ba\u00f1o<\/strong> vers\u00e1til dise\u00f1ado para controlar la humedad, mejorar la calidad del aire y redistribuir el calor de manera eficiente. Con siete funciones integradas, que incluyen m\u00faltiples modos de ventilaci\u00f3n y una opci\u00f3n de transferencia de calor incorporada, se adapta f\u00e1cilmente al uso diario del ba\u00f1o. Fabricado en Suecia y con un acabado en blanco limpio, el ventilador combina un funcionamiento silencioso con un bajo consumo de energ\u00eda. Adecuado para la instalaci\u00f3n en pared o techo, es una opci\u00f3n ideal para ba\u00f1os, aseos y cuartos de servicio donde una ventilaci\u00f3n fiable y discreta es esencial.   <\/p>\n<p><strong>Designaci\u00f3n:<\/strong> Extractor de ba\u00f1o Klimat K7 (conocido en algunos territorios como Duka Ventilation S7)<br \/>\n<strong>SKU:<\/strong> 50001<br \/>\n<strong>GTIN:<\/strong> 7350088510018<br \/>\n<strong>N\u00ba E:<\/strong> 9302520<br \/>\n<strong>RSK:<\/strong> 8752520<\/p>\n<p><strong>Canal Isla:<\/strong> \u00d8100 mm (\u00d880 &#8211; 125)<br \/>\n<strong>Ubicaci\u00f3n:<\/strong> Pared o techo<\/p>\n<p><strong>Di\u00e1metro:<\/strong> \u00d8175 mm<br \/>\n<strong>Profundidad:<\/strong> 55 mm<br \/>\n<strong>Peso:<\/strong> 0,46 kg<\/p>\n<p><strong>Color:<\/strong> Blanco (RAL 9016)<br \/>\n<strong>Material:<\/strong> Polipropileno (bajo impacto medioambiental)<\/p>\n<p><strong>Instalaci\u00f3n el\u00e9ctrica:<\/strong> <em>NOTA! Toda instalaci\u00f3n el\u00e9ctrica fija debe ser realizada por un electricista cualificado <\/em><\/p>\n<p><strong>Capacidad, soplado libre:<br \/>\n<\/strong>&#8211; Velocidad baja 40 m\u00b3\/h (11,1 l\/s)<br \/>\n&#8211; Velocidad media 60 m\u00b3\/h (16,7 l\/s)<br \/>\n&#8211; Velocidad alta 95 m\u00b3\/h (26,4 l\/s)<br \/>\n&#8211; Velocidad m\u00e1xima 110 m\u00b3\/h (30,6 l\/s)<br \/>\n<strong>Presi\u00f3n m\u00e1xima:<\/strong> 48 Pa<br \/>\n<strong>Nivel de presi\u00f3n ac\u00fastica:<\/strong> 17 &#8211; 25 dB(A) 3 m<\/p>\n<p><strong>Interruptor omnipolar:<\/strong> S\u00ed<br \/>\n<strong>Consumo de energ\u00eda:<\/strong> 3W<br \/>\n<strong>Tensi\u00f3n\/Frecuencia:<\/strong> 230 V CA 50 Hz<br \/>\n<strong>Conexi\u00f3n:<\/strong> Oculta o de superficie<br \/>\n<strong>Tipo de motor: <\/strong>BLDC<\/p>\n<p><strong>Clase de protecci\u00f3n:<\/strong> IP44 (rango 1)<br \/>\n<strong>Clase de aislamiento:<\/strong> La clase II no debe conectarse a tierra<br \/>\n<strong>Certificado:<\/strong> S &#8211; Intertek<br \/>\n<strong>Marcado:<\/strong> CE<br \/>\n<strong>Rango de temperaturas:<\/strong> 5 &#8211; 35\u00b0C<\/p>\n","protected":false},"excerpt":{"rendered":"<p><strong>Klimat K7: siete ventiladores en uno<\/strong><br \/>\nKlimat K7 (conocido en algunos territorios como Duka Ventilation S7) es un ventilador multifuncional, desarrollado y fabricado en Suecia, que se puede instalar tanto como ventilador de ba\u00f1o como unidad de transferencia de calor de bajo consumo. Con el selector multimodo, es f\u00e1cil cambiar entre funciones: simplemente levante la placa de la cubierta.  Selecciona el modo. \u00a1Listo! <\/p>\n<p><strong>Ventilador de ba\u00f1o (seis soluciones de ventilaci\u00f3n seleccionables<\/strong>)<br \/>\nEl Klimat K7 tiene seis modos de funcionamiento seleccionables, para realizar la extracci\u00f3n de aire en todas las viviendas con ventilaci\u00f3n natural. Ha sido dise\u00f1ado y homologado para su instalaci\u00f3n en zonas h\u00famedas (IP44), como aseos, cuartos de ba\u00f1o y lavaderos. Para montaje en pared o techo (conducto de ventilaci\u00f3n separado y bien aislado \u00d8 80 &#8211; 125 mm).  <\/p>\n<p><strong>Movedor de calor &#8211; ahorra energ\u00eda<\/strong><br \/>\nEl Klimat K7 tiene un termostato electr\u00f3nico integrado que permite al ventilador transferir el calor sobrante de, por ejemplo, una chimenea, a una habitaci\u00f3n adyacente. El ventilador se monta en un tabique o entre suelos (penetraciones de pared\/suelo \u00d8100-125 mm). Utiliza conductos y rejillas interiores. Ver accesorios Klimatfabriken.   <\/p>\n<p><strong>Aire<\/strong> de impulsi\u00f3n<br \/>\nPara una buena ventilaci\u00f3n de la vivienda, debes asegurarte de que:<br \/>\n&#8211; el aire pueda entrar en el cuarto h\u00famedo, por ejemplo, mediante un hueco mayor en la puerta o una unidad de transferencia de aire.<br \/>\n&#8211; el aire fresco entre en la vivienda a trav\u00e9s de los conductos de ventilaci\u00f3n de impulsi\u00f3n de los dormitorios y las zonas de estar.<\/p>\n<p><a href=\"https:\/\/paxspain.com\/wp-content\/uploads\/2024\/12\/Manual_K7_SE_EN_31001-A_web.pdf\">Descargar manual de producto Klimat K7 &#8211; Ingl\u00e9s\/Sueco<\/a><br \/>\n<a href=\"https:\/\/paxspain.com\/wp-content\/uploads\/2024\/12\/59012_Folder-KF_A4_ES_web.pdf\">Descargar manual de producto Klimat K7 &#8211; Espa\u00f1ol<\/a><br \/>\n<a href=\"https:\/\/paxspain.com\/wp-content\/uploads\/2024\/12\/KLIMAT-K7.pdf\">Descargar folleto de Klimat K7 &#8211; Espa\u00f1ol<\/a><\/p>\n<p><iframe loading=\"lazy\" title=\"Klimat K7 - La \u00faltima palabra que buscas\" src=\"https:\/\/www.youtube.com\/embed\/EPhyg8bNcQU\" width=\"560\" height=\"315\" frameborder=\"0\" allowfullscreen=\"allowfullscreen\"><\/iframe><\/p>\n","protected":false},"featured_media":6575,"comment_status":"closed","ping_status":"closed","template":"","meta":{"_et_pb_use_builder":"","_et_pb_old_content":"","_et_gb_content_width":""},"product_brand":[181],"product_cat":[81],"product_tag":[],"class_list":{"0":"post-6714","1":"product","2":"type-product","3":"status-publish","4":"has-post-thumbnail","6":"product_brand-klimat","7":"product_cat-productos-de-ventilacion","8":"pa_product-type-ventilador-de-bano","10":"first","11":"instock","12":"taxable","13":"shipping-taxable","14":"purchasable","15":"product-type-simple"},"jetpack_sharing_enabled":true,"_links":{"self":[{"href":"https:\/\/paxspain.com\/es\/wp-json\/wp\/v2\/product\/6714","targetHints":{"allow":["GET"]}}],"collection":[{"href":"https:\/\/paxspain.com\/es\/wp-json\/wp\/v2\/product"}],"about":[{"href":"https:\/\/paxspain.com\/es\/wp-json\/wp\/v2\/types\/product"}],"replies":[{"embeddable":true,"href":"https:\/\/paxspain.com\/es\/wp-json\/wp\/v2\/comments?post=6714"}],"wp:featuredmedia":[{"embeddable":true,"href":"https:\/\/paxspain.com\/es\/wp-json\/wp\/v2\/media\/6575"}],"wp:attachment":[{"href":"https:\/\/paxspain.com\/es\/wp-json\/wp\/v2\/media?parent=6714"}],"wp:term":[{"taxonomy":"product_brand","embeddable":true,"href":"https:\/\/paxspain.com\/es\/wp-json\/wp\/v2\/product_brand?post=6714"},{"taxonomy":"product_cat","embeddable":true,"href":"https:\/\/paxspain.com\/es\/wp-json\/wp\/v2\/product_cat?post=6714"},{"taxonomy":"product_tag","embeddable":true,"href":"https:\/\/paxspain.com\/es\/wp-json\/wp\/v2\/product_tag?post=6714"}],"curies":[{"name":"wp","href":"https:\/\/api.w.org\/{rel}","templated":true}]}}