{"id":8445,"date":"2025-08-07T13:38:19","date_gmt":"2025-08-07T11:38:19","guid":{"rendered":"https:\/\/paxspain.com\/product\/zephyr-recuperador-de-calor-descentralizado\/"},"modified":"2026-02-26T18:58:35","modified_gmt":"2026-02-26T17:58:35","slug":"zephyr-recuperador-de-calor-descentralizado","status":"publish","type":"product","link":"https:\/\/paxspain.com\/es\/producto\/zephyr-recuperador-de-calor-descentralizado\/","title":{"rendered":"Zephyr"},"content":{"rendered":"<h2 data-start=\"151\" data-end=\"176\">Descripci\u00f3n completa<\/h2>\n<p data-start=\"177\" data-end=\"554\">El <strong data-start=\"181\" data-end=\"195\">Zephyr<\/strong> es una unidad de ventilaci\u00f3n con recuperaci\u00f3n de calor (VRC) descentralizada y monohabitaci\u00f3n, dise\u00f1ada para mejorar la calidad del aire interior y maximizar la eficiencia energ\u00e9tica. Ideal para espacios residenciales y peque\u00f1os comercios, el Zephyr funciona de forma independiente en habitaciones individuales sin necesidad de conductos, lo que lo hace perfecto para reformas o \u00e1reas que carecen de un sistema de ventilaci\u00f3n central. <\/p>\n<p data-start=\"556\" data-end=\"805\">Utilizando un intercambiador de calor cer\u00e1mico de alto rendimiento y un sistema de flujo de aire alternativo, capta y reutiliza hasta el 90% de la energ\u00eda t\u00e9rmica del aire saliente. Esto ayuda a mantener un clima interior confortable al tiempo que reduce los costes de calefacci\u00f3n y refrigeraci\u00f3n. <\/p>\n<p data-start=\"807\" data-end=\"1042\">Con un funcionamiento ultrasilencioso y control autom\u00e1tico de la humedad, el Zephyr garantiza un ambiente interior saludable, silencioso y de bajo consumo durante todo el a\u00f1o. Se pueden conectar varias unidades de forma inal\u00e1mbrica para conseguir una ventilaci\u00f3n coordinada en espacios m\u00e1s amplios. <\/p>\n<hr data-start=\"1044\" data-end=\"1047\">\n<h2 data-start=\"1049\" data-end=\"1068\">Caracter\u00edsticas principales<\/h2>\n<ul>\n<li data-start=\"1071\" data-end=\"1178\"><strong data-start=\"1071\" data-end=\"1109\">Eficacia de recuperaci\u00f3n de calor de hasta el 90%<\/strong>: capta y reutiliza el calor del aire saliente para reducir los costes energ\u00e9ticos.<\/li>\n<li data-start=\"1181\" data-end=\"1271\"><strong data-start=\"1181\" data-end=\"1207\">Intercambiador de calor cer\u00e1mico<\/strong> &#8211; N\u00facleo duradero y eficiente para un rendimiento t\u00e9rmico a largo plazo.<\/li>\n<li data-start=\"1274\" data-end=\"1380\"><strong data-start=\"1274\" data-end=\"1306\">Funcionamiento silencioso a varias velocidades<\/strong>: cuatro velocidades de ventilaci\u00f3n, incluido el modo nocturno ultrasilencioso para los dormitorios.<\/li>\n<li data-start=\"1383\" data-end=\"1474\"><strong data-start=\"1383\" data-end=\"1402\">Sensor de humedad<\/strong> &#8211; Aumenta autom\u00e1ticamente la ventilaci\u00f3n cuando la humedad supera los niveles establecidos.<\/li>\n<li data-start=\"1477\" data-end=\"1576\"><strong data-start=\"1477\" data-end=\"1497\">Emparejamiento inal\u00e1mbrico<\/strong>: conecta varias unidades para conseguir una ventilaci\u00f3n equilibrada en configuraciones m\u00e1s grandes o de varias habitaciones.<\/li>\n<li data-start=\"1579\" data-end=\"1662\"><strong data-start=\"1579\" data-end=\"1606\">Mando a distancia incluido<\/strong> &#8211; Mando a distancia por infrarrojos para facilitar el manejo y los ajustes de configuraci\u00f3n.<\/li>\n<li data-start=\"1665\" data-end=\"1765\"><strong data-start=\"1665\" data-end=\"1689\">No necesita conductos<\/strong>: ideal para adaptar edificios existentes o instalaciones de habitaciones aisladas.<\/li>\n<li data-start=\"1768\" data-end=\"1845\"><strong data-start=\"1768\" data-end=\"1793\">Bajo consumo de<\/strong> energ\u00eda &#8211; Utiliza s\u00f3lo unos pocos vatios de energ\u00eda durante el funcionamiento.<\/li>\n<\/ul>\n<hr data-start=\"1847\" data-end=\"1850\">\n<h2 data-start=\"1852\" data-end=\"1872\">Informaci\u00f3n detallada<\/h2>\n<ul>\n<li data-start=\"1875\" data-end=\"1961\"><strong data-start=\"1875\" data-end=\"1891\">Instalaci\u00f3n<\/strong>: Se monta a trav\u00e9s de una pared exterior con una alteraci\u00f3n estructural m\u00ednima.<\/li>\n<li data-start=\"1964\" data-end=\"2122\"><strong data-start=\"1964\" data-end=\"1981\">Ciclo de flujo de aire<\/strong>: El ventilador alterna su direcci\u00f3n cada ~70 segundos: expulsa el aire viciado y luego suministra aire fresco filtrado, al tiempo que recupera el calor en cada ciclo.<\/li>\n<li data-start=\"2125\" data-end=\"2211\"><strong data-start=\"2125\" data-end=\"2140\">Tipo de filtro<\/strong>: Equipado con filtros de polvo e insectos; f\u00e1cilmente extra\u00edbles y lavables.<\/li>\n<li data-start=\"2214\" data-end=\"2343\"><strong data-start=\"2214\" data-end=\"2233\">Opciones de control<\/strong>: Mando a distancia por infrarrojos incluido; admite emparejamiento inal\u00e1mbrico; Wi-Fi opcional en algunos modelos para la integraci\u00f3n del control inteligente.<\/li>\n<li data-start=\"2346\" data-end=\"2455\"><strong data-start=\"2346\" data-end=\"2367\">\u00c1reas de aplicaci\u00f3n<\/strong>: Dormitorios, salones, oficinas, habitaciones de hotel, apartamentos y peque\u00f1os espacios comerciales.<\/li>\n<\/ul>\n<p><strong>Instalaci\u00f3n el\u00e9ctrica:<\/strong> <em>NOTA! Todas las instalaciones el\u00e9ctricas fijas deben ser realizadas por un electricista cualificado <\/em><\/p>\n<hr data-start=\"1847\" data-end=\"1850\">\n<h2>Informaci\u00f3n t\u00e9cnica<\/h2>\n<ul>\n<li>Eficiencia de recuperaci\u00f3n de calor: Hasta el 90<\/li>\n<li>Caudal de aire: ~15-50 m\u00b3\/h (ajustable)<\/li>\n<li>Consumo de energ\u00eda: 1,4 &#8211; 3,6 W (dependiendo de la velocidad)<\/li>\n<li>Nivel sonoro: Tan bajo como 13 dB(A) en Modo Noche<\/li>\n<li>Tensi\u00f3n: 230V \/ 50Hz<\/li>\n<li>Temperatura de funcionamiento: de -20 \u00b0C a +50 \u00b0C<\/li>\n<li>Espesor de pared: Adecuado para paredes de 300-500 mm<\/li>\n<li>Dimensiones: N\u00facleo \u00d8160 mm, rejilla exterior<\/li>\n<li>Agujero de instalaci\u00f3n: \u00d8162 mm<\/li>\n<li>Peso aprox.: 2,5 kg<\/li>\n<li>Mando: Mando a distancia por infrarrojos, emparejamiento inal\u00e1mbrico<\/li>\n<\/ul>\n","protected":false},"excerpt":{"rendered":"<p>El Zephyr es una unidad de recuperaci\u00f3n de calor monohabitaci\u00f3n compacta y de alta eficiencia energ\u00e9tica con hasta un 90% de eficiencia t\u00e9rmica, funcionamiento silencioso a varias velocidades y control inteligente de la humedad. Ideal para la ventilaci\u00f3n descentralizada en hogares y apartamentos. <\/p>\n<h2>V\u00eddeo<\/h2>\n<p><iframe title=\"ZEPHYR Unidad de Recuperaci\u00f3n de Calor de una Habitaci\u00f3n\" src=\"https:\/\/www.youtube.com\/embed\/BN6QlGf2Imk?si=wsz2aTyAzRJu-Oro\" frameborder=\"0\" allowfullscreen=\"allowfullscreen\"><\/iframe><\/p>\n<h2>Descargar archivos<\/h2>\n<ul>\n<li><a href=\"https:\/\/paxspain.com\/wp-content\/uploads\/2025\/08\/BSK-Zephyr-eng-haziran-2024-master.pdf\">Cat\u00e1logo ZEPHYR &#8211; Ingl\u00e9s<\/a><\/li>\n<li><a href=\"https:\/\/paxspain.com\/wp-content\/uploads\/2025\/08\/BSK-Zephyr-Catalog-SPAN.pdf\">Cat\u00e1logo ZEPHYR &#8211; Espa\u00f1ol<\/a><\/li>\n<li><a href=\"https:\/\/paxspain.com\/wp-content\/uploads\/2025\/08\/BSK-Zephyr-V2-User-Manual.pdf\">Manual del usuario de ZEPHYR &#8211; Ingl\u00e9s<\/a><\/li>\n<li><a href=\"https:\/\/paxspain.com\/wp-content\/uploads\/2025\/08\/Zephyr-user-manual-Spanish.pdf\">Manual del usuario de ZEPHYR &#8211; Espa\u00f1ol<\/a><\/li>\n<li><a href=\"https:\/\/paxspain.com\/wp-content\/uploads\/2025\/08\/ZEPHYR-Pallet.pdf\">Dimensiones de los paquetes y palets ZEPHYR<\/a><\/li>\n<\/ul>\n","protected":false},"featured_media":8339,"comment_status":"closed","ping_status":"closed","template":"","meta":{"_et_pb_use_builder":"off","_et_pb_old_content":"<h2 data-start=\"151\" data-end=\"176\">Descripci\u00f3n completa<\/h2>\n<p data-start=\"177\" data-end=\"554\">El <strong data-start=\"181\" data-end=\"195\">Zephyr de BSK<\/strong> es una unidad de ventilaci\u00f3n con recuperaci\u00f3n de calor (HRV) descentralizada para una sola habitaci\u00f3n, dise\u00f1ada para mejorar la calidad del aire interior y maximizar la eficiencia energ\u00e9tica. Ideal para espacios residenciales y comerciales peque\u00f1os, la Zephyr funciona de forma independiente en habitaciones individuales sin necesidad de conductos, lo que la hace perfecta para remodelaciones o zonas que carecen de un sistema de ventilaci\u00f3n central. <\/p>\n<p data-start=\"556\" data-end=\"805\">Utilizando un intercambiador de calor cer\u00e1mico de alto rendimiento y un sistema de flujo de aire alternativo, capta y reutiliza hasta el 90% de la energ\u00eda t\u00e9rmica del aire saliente. Esto ayuda a mantener un clima interior confortable al tiempo que reduce los costes de calefacci\u00f3n y refrigeraci\u00f3n. <\/p>\n<p data-start=\"807\" data-end=\"1042\">Con un funcionamiento ultrasilencioso y control autom\u00e1tico de la humedad, el Zephyr garantiza un ambiente interior saludable, silencioso y de bajo consumo durante todo el a\u00f1o. Se pueden conectar varias unidades de forma inal\u00e1mbrica para conseguir una ventilaci\u00f3n coordinada en espacios m\u00e1s amplios. <\/p>\n\n\n<hr data-start=\"1044\" data-end=\"1047\">\n\n<h2 data-start=\"1049\" data-end=\"1068\">Caracter\u00edsticas principales<\/h2>\n<ul>\n \t<li data-start=\"1071\" data-end=\"1178\"><strong data-start=\"1071\" data-end=\"1109\">Eficacia de recuperaci\u00f3n de calor de hasta el 90%<\/strong>: capta y reutiliza el calor del aire saliente para reducir los costes energ\u00e9ticos.<\/li>\n \t<li data-start=\"1181\" data-end=\"1271\"><strong data-start=\"1181\" data-end=\"1207\">Intercambiador de calor cer\u00e1mico<\/strong> - N\u00facleo duradero y eficiente para un rendimiento t\u00e9rmico a largo plazo.<\/li>\n \t<li data-start=\"1274\" data-end=\"1380\"><strong data-start=\"1274\" data-end=\"1306\">Funcionamiento silencioso a varias velocidades<\/strong>: cuatro velocidades de ventilaci\u00f3n, incluido el modo nocturno ultrasilencioso para los dormitorios.<\/li>\n \t<li data-start=\"1383\" data-end=\"1474\"><strong data-start=\"1383\" data-end=\"1402\">Sensor de humedad<\/strong> - Aumenta autom\u00e1ticamente la ventilaci\u00f3n cuando la humedad supera los niveles establecidos.<\/li>\n \t<li data-start=\"1477\" data-end=\"1576\"><strong data-start=\"1477\" data-end=\"1497\">Emparejamiento inal\u00e1mbrico<\/strong>: conecta varias unidades para conseguir una ventilaci\u00f3n equilibrada en configuraciones m\u00e1s grandes o de varias habitaciones.<\/li>\n \t<li data-start=\"1579\" data-end=\"1662\"><strong data-start=\"1579\" data-end=\"1606\">Mando a distancia incluido<\/strong> - Mando a distancia por infrarrojos para facilitar el manejo y los ajustes de configuraci\u00f3n.<\/li>\n \t<li data-start=\"1665\" data-end=\"1765\"><strong data-start=\"1665\" data-end=\"1689\">No necesita conductos<\/strong>: ideal para adaptar edificios existentes o instalaciones de habitaciones aisladas.<\/li>\n \t<li data-start=\"1768\" data-end=\"1845\"><strong data-start=\"1768\" data-end=\"1793\">Bajo consumo de<\/strong> energ\u00eda - Utiliza s\u00f3lo unos pocos vatios de energ\u00eda durante el funcionamiento.<\/li>\n<\/ul>\n\n<hr data-start=\"1847\" data-end=\"1850\">\n\n<h2 data-start=\"1852\" data-end=\"1872\">Informaci\u00f3n detallada<\/h2>\n<ul>\n \t<li data-start=\"1875\" data-end=\"1961\"><strong data-start=\"1875\" data-end=\"1891\">Instalaci\u00f3n<\/strong>: Se monta a trav\u00e9s de una pared exterior con una alteraci\u00f3n estructural m\u00ednima.<\/li>\n \t<li data-start=\"1964\" data-end=\"2122\"><strong data-start=\"1964\" data-end=\"1981\">Ciclo de flujo de aire<\/strong>: El ventilador alterna su direcci\u00f3n cada ~70 segundos: expulsa el aire viciado y luego suministra aire fresco filtrado, al tiempo que recupera el calor en cada ciclo.<\/li>\n \t<li data-start=\"2125\" data-end=\"2211\"><strong data-start=\"2125\" data-end=\"2140\">Tipo de filtro<\/strong>: Equipado con filtros de polvo e insectos; f\u00e1cilmente extra\u00edbles y lavables.<\/li>\n \t<li data-start=\"2214\" data-end=\"2343\"><strong data-start=\"2214\" data-end=\"2233\">Opciones de control<\/strong>: Mando a distancia por infrarrojos incluido; admite emparejamiento inal\u00e1mbrico; Wi-Fi opcional en algunos modelos para la integraci\u00f3n del control inteligente.<\/li>\n \t<li data-start=\"2346\" data-end=\"2455\"><strong data-start=\"2346\" data-end=\"2367\">\u00c1reas de aplicaci\u00f3n<\/strong>: Dormitorios, salones, oficinas, habitaciones de hotel, apartamentos y peque\u00f1os espacios comerciales.<\/li>\n<\/ul>\n<strong>Instalaci\u00f3n el\u00e9ctrica:<\/strong> <em>NOTA! Todas las instalaciones el\u00e9ctricas fijas deben ser realizadas por un electricista cualificado <\/em>\n\n<hr data-start=\"1847\" data-end=\"1850\">\n\n<h2>Informaci\u00f3n t\u00e9cnica<\/h2>\n<ul>\n \t<li>Eficiencia de recuperaci\u00f3n de calor: Hasta el 90<\/li>\n \t<li>Caudal de aire: ~15-50 m\u00b3\/h (ajustable)<\/li>\n \t<li>Consumo de energ\u00eda: 1,4 - 3,6 W (dependiendo de la velocidad)<\/li>\n \t<li>Nivel sonoro: Tan bajo como 13 dB(A) en Modo Noche<\/li>\n \t<li>Tensi\u00f3n: 230V \/ 50Hz<\/li>\n \t<li>Temperatura de funcionamiento: de -20 \u00b0C a +50 \u00b0C<\/li>\n \t<li>Espesor de pared: Adecuado para paredes de 300-500 mm<\/li>\n \t<li>Dimensiones: N\u00facleo \u00d8160 mm, rejilla exterior<\/li>\n \t<li>Agujero de instalaci\u00f3n: \u00d8162 mm<\/li>\n \t<li>Peso aprox.: 2,5 kg<\/li>\n \t<li>Mando: Mando a distancia por infrarrojos, emparejamiento inal\u00e1mbrico<\/li>\n<\/ul>","_et_gb_content_width":""},"product_brand":[192],"product_cat":[105],"product_tag":[],"class_list":{"0":"post-8445","1":"product","2":"type-product","3":"status-publish","4":"has-post-thumbnail","6":"product_brand-bsk","7":"product_cat-recuperacion-descentralizada-de-calor","8":"pa_product-type-ventilador-de-recuperacion-de-calor-descentralizado","10":"first","11":"instock","12":"taxable","13":"shipping-taxable","14":"purchasable","15":"product-type-simple"},"jetpack_sharing_enabled":true,"_links":{"self":[{"href":"https:\/\/paxspain.com\/es\/wp-json\/wp\/v2\/product\/8445","targetHints":{"allow":["GET"]}}],"collection":[{"href":"https:\/\/paxspain.com\/es\/wp-json\/wp\/v2\/product"}],"about":[{"href":"https:\/\/paxspain.com\/es\/wp-json\/wp\/v2\/types\/product"}],"replies":[{"embeddable":true,"href":"https:\/\/paxspain.com\/es\/wp-json\/wp\/v2\/comments?post=8445"}],"wp:featuredmedia":[{"embeddable":true,"href":"https:\/\/paxspain.com\/es\/wp-json\/wp\/v2\/media\/8339"}],"wp:attachment":[{"href":"https:\/\/paxspain.com\/es\/wp-json\/wp\/v2\/media?parent=8445"}],"wp:term":[{"taxonomy":"product_brand","embeddable":true,"href":"https:\/\/paxspain.com\/es\/wp-json\/wp\/v2\/product_brand?post=8445"},{"taxonomy":"product_cat","embeddable":true,"href":"https:\/\/paxspain.com\/es\/wp-json\/wp\/v2\/product_cat?post=8445"},{"taxonomy":"product_tag","embeddable":true,"href":"https:\/\/paxspain.com\/es\/wp-json\/wp\/v2\/product_tag?post=8445"}],"curies":[{"name":"wp","href":"https:\/\/api.w.org\/{rel}","templated":true}]}}