{"id":8451,"date":"2025-08-07T15:25:25","date_gmt":"2025-08-07T13:25:25","guid":{"rendered":"https:\/\/paxspain.com\/product\/recuperador-de-calor-descentralizado-zephyr-mini\/"},"modified":"2026-02-26T18:58:45","modified_gmt":"2026-02-26T17:58:45","slug":"recuperador-de-calor-descentralizado-zephyr-mini","status":"publish","type":"product","link":"https:\/\/paxspain.com\/es\/producto\/recuperador-de-calor-descentralizado-zephyr-mini\/","title":{"rendered":"Zephyr Mini"},"content":{"rendered":"<h2 data-start=\"160\" data-end=\"183\">Descripci\u00f3n completa<\/h2>\n<p data-start=\"185\" data-end=\"536\">El <strong data-start=\"189\" data-end=\"208\">Zephyr Mini<\/strong> es una unidad compacta y descentralizada de ventilaci\u00f3n con recuperaci\u00f3n de calor (HRV) para una sola habitaci\u00f3n, dise\u00f1ada para espacios peque\u00f1os que requieren un intercambio de aire eficiente y continuo sin conductos complejos. Ideal para dormitorios, ba\u00f1os, oficinas y apartamentos, es la soluci\u00f3n perfecta para rehabilitar espacios sin infraestructura de ventilaci\u00f3n existente. <\/p>\n<p data-start=\"538\" data-end=\"858\">Al funcionar mediante un intercambiador de calor cer\u00e1mico y un sistema de ventilador reversible, Zephyr Mini alterna el flujo de aire cada 70 segundos para extraer el aire viciado y suministrar aire fresco y filtrado, al tiempo que recupera hasta el 90% de la energ\u00eda calor\u00edfica saliente. Esto no s\u00f3lo mejora la calidad del aire interior, sino que tambi\u00e9n reduce la demanda de calefacci\u00f3n y refrigeraci\u00f3n. <\/p>\n<p data-start=\"860\" data-end=\"1141\">Su funcionamiento ultrasilencioso y su sensor de humedad inteligente garantizan un confort \u00f3ptimo durante el d\u00eda y la noche, incluso en entornos sensibles o silenciosos. La unidad puede conectarse de forma inal\u00e1mbrica con otros dispositivos para un funcionamiento sincronizado y se maneja f\u00e1cilmente mediante un mando a distancia por infrarrojos incluido. <\/p>\n<hr data-start=\"1143\" data-end=\"1146\">\n<h2 data-start=\"1148\" data-end=\"1167\">Caracter\u00edsticas principales<\/h2>\n<ul>\n<li data-start=\"1171\" data-end=\"1281\"><strong data-start=\"1171\" data-end=\"1209\">Eficiencia de recuperaci\u00f3n de calor de hasta el 90%<\/strong> &#8211; Recupera y reutiliza el calor del aire saliente, mejorando el ahorro de energ\u00eda.<\/li>\n<li data-start=\"1284\" data-end=\"1375\"><strong data-start=\"1284\" data-end=\"1310\">Intercambiador de calor cer\u00e1mico<\/strong>: duradero y eficaz para un rendimiento t\u00e9rmico constante.<\/li>\n<li data-start=\"1378\" data-end=\"1465\"><strong data-start=\"1378\" data-end=\"1410\">Funcionamiento silencioso a varias velocidades<\/strong>: cuatro velocidades del ventilador, incluido un modo nocturno ultrasilencioso.<\/li>\n<li data-start=\"1468\" data-end=\"1584\"><strong data-start=\"1468\" data-end=\"1487\">Sensor de humedad<\/strong>: cambia autom\u00e1ticamente al modo de extracci\u00f3n cuando los niveles de humedad superan los umbrales definidos por el usuario.<\/li>\n<li data-start=\"1587\" data-end=\"1672\"><strong data-start=\"1587\" data-end=\"1607\">Emparejamiento inal\u00e1mbrico<\/strong> &#8211; Permite que varias unidades trabajen en t\u00e1ndem para conseguir un flujo de aire equilibrado.<\/li>\n<li data-start=\"1675\" data-end=\"1770\"><strong data-start=\"1675\" data-end=\"1702\">Mando a distancia incluido<\/strong> &#8211; El mando a distancia por infrarrojos permite manejar f\u00e1cilmente todas las funciones principales.<\/li>\n<li data-start=\"1773\" data-end=\"1864\"><strong data-start=\"1773\" data-end=\"1797\">No necesita conductos<\/strong>: perfecto para reequipamientos o espacios sin ventilaci\u00f3n centralizada.<\/li>\n<li data-start=\"1867\" data-end=\"1947\"><strong data-start=\"1867\" data-end=\"1892\">Bajo consumo de energ\u00eda<\/strong> &#8211; Funcionamiento energ\u00e9ticamente eficiente utilizando tan s\u00f3lo 1,4 W.<\/li>\n<\/ul>\n<hr data-start=\"1949\" data-end=\"1952\">\n<h2 data-start=\"1954\" data-end=\"1974\">Informaci\u00f3n detallada<\/h2>\n<ul>\n<li data-start=\"1978\" data-end=\"2070\"><strong data-start=\"1978\" data-end=\"1994\">Instalaci\u00f3n<\/strong>: Dise\u00f1ado para su instalaci\u00f3n a trav\u00e9s de la pared con una modificaci\u00f3n m\u00ednima del edificio.<\/li>\n<li data-start=\"2073\" data-end=\"2188\"><strong data-start=\"2073\" data-end=\"2090\">Ciclo de flujo de aire<\/strong>: Alterna la direcci\u00f3n del flujo de aire cada ~70 segundos utilizando un n\u00facleo cer\u00e1mico para capturar y liberar el calor.<\/li>\n<li data-start=\"2191\" data-end=\"2270\"><strong data-start=\"2191\" data-end=\"2206\">Tipo de filtro<\/strong>: Incluye dos filtros de clase G3 que son extra\u00edbles y lavables.<\/li>\n<li data-start=\"2273\" data-end=\"2402\"><strong data-start=\"2273\" data-end=\"2292\">Opciones de control<\/strong>: Mando a distancia por infrarrojos incluido de serie; admite emparejamiento inal\u00e1mbrico; m\u00f3dulo Wi-Fi opcional disponible en algunas versiones.<\/li>\n<li data-start=\"2405\" data-end=\"2565\"><strong data-start=\"2405\" data-end=\"2426\">\u00c1reas de aplicaci\u00f3n<\/strong>: Ideal para habitaciones individuales, como dormitorios, cuartos de ba\u00f1o, cocinas, oficinas dom\u00e9sticas o apartamentos peque\u00f1os, sobre todo cuando no es posible instalar conductos.<\/li>\n<\/ul>\n<hr data-start=\"2567\" data-end=\"2570\">\n<h2 data-start=\"2572\" data-end=\"2600\">Informaci\u00f3n t\u00e9cnica<\/h2>\n<div class=\"_tableContainer_16hzy_1\">\n<ul>\n<li class=\"_tableWrapper_16hzy_14 group flex w-fit flex-col-reverse\">Eficiencia de recuperaci\u00f3n de calor: Hasta el 90<\/li>\n<li class=\"_tableWrapper_16hzy_14 group flex w-fit flex-col-reverse\">Caudal de aire: 8 &#8211; 30 m\u00b3\/h (cuatro niveles de velocidad)<\/li>\n<li class=\"_tableWrapper_16hzy_14 group flex w-fit flex-col-reverse\">Consumo de energ\u00eda: 1.4 &#8211; 3.1 W<\/li>\n<li class=\"_tableWrapper_16hzy_14 group flex w-fit flex-col-reverse\">Nivel sonoro (potencia): 26 &#8211; 50 dBA<\/li>\n<li class=\"_tableWrapper_16hzy_14 group flex w-fit flex-col-reverse\">Presi\u00f3n sonora @1m: 15 &#8211; 39 dBA<\/li>\n<li class=\"_tableWrapper_16hzy_14 group flex w-fit flex-col-reverse\">Presi\u00f3n ac\u00fastica @3m: 5 &#8211; 29 dBA<\/li>\n<li class=\"_tableWrapper_16hzy_14 group flex w-fit flex-col-reverse\">Tensi\u00f3n: 230V \/ 50Hz<\/li>\n<li class=\"_tableWrapper_16hzy_14 group flex w-fit flex-col-reverse\">Temperatura de funcionamiento: -25 \u00b0C a +40 \u00b0C<\/li>\n<li class=\"_tableWrapper_16hzy_14 group flex w-fit flex-col-reverse\">Espesor de pared: Adecuado para 300-500 mm<\/li>\n<li class=\"_tableWrapper_16hzy_14 group flex w-fit flex-col-reverse\">Dimensiones: N\u00facleo cer\u00e1mico de \u00d8100 mm<\/li>\n<li class=\"_tableWrapper_16hzy_14 group flex w-fit flex-col-reverse\">Agujero de instalaci\u00f3n: \u00d8105 mm<\/li>\n<li class=\"_tableWrapper_16hzy_14 group flex w-fit flex-col-reverse\">Peso aprox.: 1,9 kg<\/li>\n<li class=\"_tableWrapper_16hzy_14 group flex w-fit flex-col-reverse\">Mando: Mando a distancia por infrarrojos, emparejamiento inal\u00e1mbrico<\/li>\n<\/ul>\n<\/div>\n","protected":false},"excerpt":{"rendered":"<p>El Zephyr Mini es una unidad compacta descentralizada de ventilaci\u00f3n con recuperaci\u00f3n de calor para habitaciones individuales, que ofrece una recuperaci\u00f3n t\u00e9rmica eficiente (hasta el 90 %), funcionamiento ultrasilencioso, detecci\u00f3n inteligente de humedad y control inal\u00e1mbrico sencillo, todo ello con un consumo energ\u00e9tico m\u00ednimo.<\/p>\n<h2>V\u00eddeo<\/h2>\n<p><iframe title=\"Reproductor de v\u00eddeo de YouTube\" src=\"https:\/\/www.youtube.com\/embed\/eKytfuE9lBo?si=16MevtsNZ9BaLxbA\" frameborder=\"0\" allowfullscreen=\"allowfullscreen\"><span data-mce-type=\"bookmark\" style=\"display: inline-block; width: 0px; overflow: hidden; line-height: 0;\" class=\"mce_SELRES_start\"><\/span><\/iframe><\/p>\n<h2>Descargar archivos<\/h2>\n<ul>\n<li><a href=\"https:\/\/paxspain.com\/wp-content\/uploads\/2025\/08\/BSK-Zephyr-Mini-Catalog.pdf\">Cat\u00e1logo de ZEPHYR Mini &#8211; Ingl\u00e9s<\/a><\/li>\n<li><a href=\"https:\/\/paxspain.com\/wp-content\/uploads\/2025\/08\/BSK-Zephyr-mini-catalog-SPAN.pdf\">Cat\u00e1logo ZEPHYR Mini &#8211; Espa\u00f1ol<\/a><\/li>\n<li><a href=\"https:\/\/paxspain.com\/wp-content\/uploads\/2025\/08\/zephyr-mini-user-manual.pdf\">Manual del usuario de ZEPHYR Mini &#8211; Ingl\u00e9s<\/a><\/li>\n<li><a href=\"https:\/\/paxspain.com\/wp-content\/uploads\/2025\/08\/zephyr-mini-user-manual-Spanish.pdf\">Manual de Usuario ZEPHYR Mini &#8211; Espa\u00f1ol<\/a><\/li>\n<li><a href=\"https:\/\/paxspain.com\/wp-content\/uploads\/2025\/08\/ZEPHYR-MINI-Pallet.pdf\">ZEPHYR Dimensiones del minipaquete y del pal\u00e9<\/a><\/li>\n<li><a href=\"https:\/\/paxspain.com\/wp-content\/uploads\/2025\/08\/BSK_ZEPHYR-MINI_WALL-MOUNTED_LOD400.rfa\">ZEPHYR Mini Modelo Revit LOD 400 (.rfa)<\/a><\/li>\n<\/ul>\n","protected":false},"featured_media":8388,"comment_status":"closed","ping_status":"closed","template":"","meta":{"_et_pb_use_builder":"off","_et_pb_old_content":"<h2 data-start=\"160\" data-end=\"183\">Descripci\u00f3n completa<\/h2>\n<p data-start=\"185\" data-end=\"536\">El <strong data-start=\"189\" data-end=\"208\">BSK Zephyr Mini<\/strong> es una unidad de ventilaci\u00f3n con recuperaci\u00f3n de calor (HRV) compacta y descentralizada para una sola habitaci\u00f3n, dise\u00f1ada para espacios peque\u00f1os que requieren un intercambio de aire eficiente y continuo sin conductos complejos. Ideal para dormitorios, cuartos de ba\u00f1o, oficinas y apartamentos, es la soluci\u00f3n perfecta para reequipar espacios sin infraestructura de ventilaci\u00f3n existente. <\/p>\n<p data-start=\"538\" data-end=\"858\">Al funcionar mediante un intercambiador de calor cer\u00e1mico y un sistema de ventilador reversible, Zephyr Mini alterna el flujo de aire cada 70 segundos para extraer el aire viciado y suministrar aire fresco y filtrado, al tiempo que recupera hasta el 90% de la energ\u00eda calor\u00edfica saliente. Esto no s\u00f3lo mejora la calidad del aire interior, sino que tambi\u00e9n reduce la demanda de calefacci\u00f3n y refrigeraci\u00f3n. <\/p>\n<p data-start=\"860\" data-end=\"1141\">Su funcionamiento ultrasilencioso y su sensor de humedad inteligente garantizan un confort \u00f3ptimo durante el d\u00eda y la noche, incluso en entornos sensibles o silenciosos. La unidad puede conectarse de forma inal\u00e1mbrica con otros dispositivos para un funcionamiento sincronizado y se maneja f\u00e1cilmente mediante un mando a distancia por infrarrojos incluido. <\/p>\n\n\n<hr data-start=\"1143\" data-end=\"1146\">\n\n<h2 data-start=\"1148\" data-end=\"1167\">Caracter\u00edsticas principales<\/h2>\n<ul>\n \t<li data-start=\"1171\" data-end=\"1281\"><strong data-start=\"1171\" data-end=\"1209\">Eficiencia de recuperaci\u00f3n de calor de hasta el 90%<\/strong> - Recupera y reutiliza el calor del aire saliente, mejorando el ahorro de energ\u00eda.<\/li>\n \t<li data-start=\"1284\" data-end=\"1375\"><strong data-start=\"1284\" data-end=\"1310\">Intercambiador de calor cer\u00e1mico<\/strong>: duradero y eficaz para un rendimiento t\u00e9rmico constante.<\/li>\n \t<li data-start=\"1378\" data-end=\"1465\"><strong data-start=\"1378\" data-end=\"1410\">Funcionamiento silencioso a varias velocidades<\/strong>: cuatro velocidades del ventilador, incluido un modo nocturno ultrasilencioso.<\/li>\n \t<li data-start=\"1468\" data-end=\"1584\"><strong data-start=\"1468\" data-end=\"1487\">Sensor de humedad<\/strong>: cambia autom\u00e1ticamente al modo de extracci\u00f3n cuando los niveles de humedad superan los umbrales definidos por el usuario.<\/li>\n \t<li data-start=\"1587\" data-end=\"1672\"><strong data-start=\"1587\" data-end=\"1607\">Emparejamiento inal\u00e1mbrico<\/strong> - Permite que varias unidades trabajen en t\u00e1ndem para conseguir un flujo de aire equilibrado.<\/li>\n \t<li data-start=\"1675\" data-end=\"1770\"><strong data-start=\"1675\" data-end=\"1702\">Mando a distancia incluido<\/strong> - El mando a distancia por infrarrojos permite manejar f\u00e1cilmente todas las funciones principales.<\/li>\n \t<li data-start=\"1773\" data-end=\"1864\"><strong data-start=\"1773\" data-end=\"1797\">No necesita conductos<\/strong>: perfecto para reequipamientos o espacios sin ventilaci\u00f3n centralizada.<\/li>\n \t<li data-start=\"1867\" data-end=\"1947\"><strong data-start=\"1867\" data-end=\"1892\">Bajo consumo de energ\u00eda<\/strong> - Funcionamiento energ\u00e9ticamente eficiente utilizando tan s\u00f3lo 1,4 W.<\/li>\n<\/ul>\n\n<hr data-start=\"1949\" data-end=\"1952\">\n\n<h2 data-start=\"1954\" data-end=\"1974\">Informaci\u00f3n detallada<\/h2>\n<ul>\n \t<li data-start=\"1978\" data-end=\"2070\"><strong data-start=\"1978\" data-end=\"1994\">Instalaci\u00f3n<\/strong>: Dise\u00f1ado para su instalaci\u00f3n a trav\u00e9s de la pared con una modificaci\u00f3n m\u00ednima del edificio.<\/li>\n \t<li data-start=\"2073\" data-end=\"2188\"><strong data-start=\"2073\" data-end=\"2090\">Ciclo de flujo de aire<\/strong>: Alterna la direcci\u00f3n del flujo de aire cada ~70 segundos utilizando un n\u00facleo cer\u00e1mico para capturar y liberar el calor.<\/li>\n \t<li data-start=\"2191\" data-end=\"2270\"><strong data-start=\"2191\" data-end=\"2206\">Tipo de filtro<\/strong>: Incluye dos filtros de clase G3 que son extra\u00edbles y lavables.<\/li>\n \t<li data-start=\"2273\" data-end=\"2402\"><strong data-start=\"2273\" data-end=\"2292\">Opciones de control<\/strong>: Mando a distancia por infrarrojos incluido de serie; admite emparejamiento inal\u00e1mbrico; m\u00f3dulo Wi-Fi opcional disponible en algunas versiones.<\/li>\n \t<li data-start=\"2405\" data-end=\"2565\"><strong data-start=\"2405\" data-end=\"2426\">\u00c1reas de aplicaci\u00f3n<\/strong>: Ideal para habitaciones individuales, como dormitorios, cuartos de ba\u00f1o, cocinas, oficinas dom\u00e9sticas o apartamentos peque\u00f1os, sobre todo cuando no es posible instalar conductos.<\/li>\n<\/ul>\n\n<hr data-start=\"2567\" data-end=\"2570\">\n\n<h2 data-start=\"2572\" data-end=\"2600\">Informaci\u00f3n t\u00e9cnica<\/h2>\n<div class=\"_tableContainer_16hzy_1\">\n<div class=\"_tableWrapper_16hzy_14 group flex w-fit flex-col-reverse\">Eficiencia de recuperaci\u00f3n de calor: Hasta el 90 %\nCaudal de aire: 8 - 30 m\u00b3\/h (cuatro niveles de velocidad)\nConsumo de energ\u00eda: 1,4 - 3,1 W\nNivel sonoro (potencia): 26 - 50 dBA\nPresi\u00f3n sonora @1m: 15 - 39 dBA\nPresi\u00f3n sonora @3m: 5 - 29 dBA\nTensi\u00f3n: 230V \/ 50Hz\nTemperatura de funcionamiento: -25 \u00b0C a +40 \u00b0C\nEspesor de pared: Adecuado para 300-500 mm\nDimensiones: N\u00facleo cer\u00e1mico de \u00d8100 mm\nAgujero de instalaci\u00f3n: \u00d8105 mm\nPeso aprox.: 1,9 kg\nControl: Mando a distancia por infrarrojos, emparejamiento inal\u00e1mbrico<\/div>\n<\/div>","_et_gb_content_width":""},"product_brand":[192],"product_cat":[105],"product_tag":[],"class_list":{"0":"post-8451","1":"product","2":"type-product","3":"status-publish","4":"has-post-thumbnail","6":"product_brand-bsk","7":"product_cat-recuperacion-descentralizada-de-calor","8":"pa_product-type-ventilador-de-recuperacion-de-calor-descentralizado","10":"first","11":"instock","12":"taxable","13":"shipping-taxable","14":"purchasable","15":"product-type-simple"},"jetpack_sharing_enabled":true,"_links":{"self":[{"href":"https:\/\/paxspain.com\/es\/wp-json\/wp\/v2\/product\/8451","targetHints":{"allow":["GET"]}}],"collection":[{"href":"https:\/\/paxspain.com\/es\/wp-json\/wp\/v2\/product"}],"about":[{"href":"https:\/\/paxspain.com\/es\/wp-json\/wp\/v2\/types\/product"}],"replies":[{"embeddable":true,"href":"https:\/\/paxspain.com\/es\/wp-json\/wp\/v2\/comments?post=8451"}],"wp:featuredmedia":[{"embeddable":true,"href":"https:\/\/paxspain.com\/es\/wp-json\/wp\/v2\/media\/8388"}],"wp:attachment":[{"href":"https:\/\/paxspain.com\/es\/wp-json\/wp\/v2\/media?parent=8451"}],"wp:term":[{"taxonomy":"product_brand","embeddable":true,"href":"https:\/\/paxspain.com\/es\/wp-json\/wp\/v2\/product_brand?post=8451"},{"taxonomy":"product_cat","embeddable":true,"href":"https:\/\/paxspain.com\/es\/wp-json\/wp\/v2\/product_cat?post=8451"},{"taxonomy":"product_tag","embeddable":true,"href":"https:\/\/paxspain.com\/es\/wp-json\/wp\/v2\/product_tag?post=8451"}],"curies":[{"name":"wp","href":"https:\/\/api.w.org\/{rel}","templated":true}]}}