{"id":8711,"date":"2025-08-21T18:24:22","date_gmt":"2025-08-21T16:24:22","guid":{"rendered":"https:\/\/paxspain.com\/product\/bsk-scholar-700\/"},"modified":"2026-02-26T18:58:48","modified_gmt":"2026-02-26T17:58:48","slug":"bsk-scholar-700","status":"publish","type":"product","link":"https:\/\/paxspain.com\/es\/producto\/bsk-scholar-700\/","title":{"rendered":"Scholar 700"},"content":{"rendered":"<p data-start=\"641\" data-end=\"984\">El <strong data-start=\"645\" data-end=\"664\">Scholar 700<\/strong> es un potente sistema de ventilaci\u00f3n con recuperaci\u00f3n de calor descentralizado, dise\u00f1ado para aulas, salas de conferencias, salas de reuniones y otros entornos de aprendizaje de gran tama\u00f1o. Proporciona 100 % de aire fresco y filtrado, a la vez que recupera hasta el <strong data-start=\"882\" data-end=\"890\">95 %<\/strong> de la energ\u00eda t\u00e9rmica del aire de extracci\u00f3n mediante un intercambiador de calor de contraflujo de alto rendimiento. <\/p>\n<p data-start=\"986\" data-end=\"1321\">Equipada con un sensor inteligente de CO\u2082, la unidad ajusta autom\u00e1ticamente los niveles de ventilaci\u00f3n para mantener una calidad del aire interior saludable, al tiempo que optimiza el consumo de energ\u00eda. Su carcasa de acero aislante de doble pared, combinada con silenciadores integrados, garantiza un funcionamiento silencioso, por lo que es ideal para espacios sensibles al ruido, como las aulas. <\/p>\n<p data-start=\"1323\" data-end=\"1726\">La Scholar 700 tambi\u00e9n dispone de un <strong data-start=\"1355\" data-end=\"1378\">bypass de refrigeraci\u00f3n libre<\/strong> para mejorar el confort durante las estaciones m\u00e1s c\u00e1lidas, permitiendo la entrada directa de aire fresco sin recuperaci\u00f3n de calor cuando las condiciones son adecuadas. Al ser compatible con ModBus, se integra perfectamente con los sistemas de gesti\u00f3n de edificios (BMS), mientras que el panel de control digital incorporado permite gestionar con precisi\u00f3n el caudal de aire, los horarios, los umbrales de CO\u2082 y los modos de funcionamiento. <\/p>\n<h2 data-start=\"1733\" data-end=\"1752\"><strong data-start=\"1736\" data-end=\"1752\">Caracter\u00edsticas principales<\/strong><\/h2>\n<ul data-start=\"1753\" data-end=\"2824\">\n<li data-start=\"1753\" data-end=\"1885\">\n<p data-start=\"1755\" data-end=\"1885\"><strong data-start=\"1755\" data-end=\"1780\">Gran capacidad de flujo de aire<\/strong>: proporciona hasta <strong data-start=\"1798\" data-end=\"1810\">700 m\u00b3\/h<\/strong> de aire fresco filtrado, perfecto para aulas y espacios de reuni\u00f3n m\u00e1s grandes.<\/p>\n<\/li>\n<li data-start=\"1886\" data-end=\"1988\">\n<p data-start=\"1888\" data-end=\"1988\"><strong data-start=\"1888\" data-end=\"1927\">Eficiencia de recuperaci\u00f3n de calor de hasta el 95 %<\/strong>: ahorra energ\u00eda reutilizando la energ\u00eda t\u00e9rmica del aire de escape.<\/p>\n<\/li>\n<li data-start=\"1989\" data-end=\"2099\">\n<p data-start=\"1991\" data-end=\"2099\"><strong data-start=\"1991\" data-end=\"2013\">Control de la demanda de CO\u2082<\/strong> &#8211; El sensor incorporado ajusta autom\u00e1ticamente el caudal de aire en funci\u00f3n de los niveles de calidad del aire interior.<\/p>\n<\/li>\n<li data-start=\"2100\" data-end=\"2209\">\n<p data-start=\"2102\" data-end=\"2209\"><strong data-start=\"2102\" data-end=\"2121\">Funcionamiento silencioso<\/strong> &#8211; La carcasa aislada de doble pared y los silenciadores integrados minimizan el ruido de funcionamiento.<\/p>\n<\/li>\n<li data-start=\"2210\" data-end=\"2342\">\n<p data-start=\"2212\" data-end=\"2342\"><strong data-start=\"2212\" data-end=\"2233\">Modo de refrigeraci\u00f3n libre<\/strong> &#8211; Desv\u00eda autom\u00e1ticamente el intercambiador de calor cuando las condiciones exteriores son ideales para la entrada directa de aire fresco.<\/p>\n<\/li>\n<li data-start=\"2343\" data-end=\"2467\">\n<p data-start=\"2345\" data-end=\"2467\"><strong data-start=\"2345\" data-end=\"2370\">Panel de control digital<\/strong> &#8211; El controlador integrado permite programar f\u00e1cilmente las velocidades, los niveles de CO\u2082, los horarios y los modos autom\u00e1ticos.<\/p>\n<\/li>\n<li data-start=\"2468\" data-end=\"2571\">\n<p data-start=\"2470\" data-end=\"2571\"><strong data-start=\"2470\" data-end=\"2489\">Integraci\u00f3n BMS<\/strong> &#8211; Compatibilidad con ModBus para una supervisi\u00f3n y control sin fisuras a trav\u00e9s de sistemas centrales.<\/p>\n<\/li>\n<li data-start=\"2572\" data-end=\"2701\">\n<p data-start=\"2574\" data-end=\"2701\"><strong data-start=\"2574\" data-end=\"2597\">Filtraci\u00f3n mejorada<\/strong> &#8211; El sistema de filtrado multietapa incluye filtros G4, G5 y F7 en el aire de impulsi\u00f3n, adem\u00e1s de un filtro de escape M5.<\/p>\n<\/li>\n<li data-start=\"2702\" data-end=\"2824\">\n<p data-start=\"2704\" data-end=\"2824\"><strong data-start=\"2704\" data-end=\"2728\">Construcci\u00f3n duradera<\/strong> &#8211; De acero galvanizado con recubrimiento de polvo para mayor resistencia, aislamiento y fiabilidad a largo plazo.<\/p>\n<\/li>\n<\/ul>\n<h2 data-start=\"2831\" data-end=\"2851\"><strong data-start=\"2834\" data-end=\"2851\">Informaci\u00f3n detallada<\/strong><\/h2>\n<ul data-start=\"2852\" data-end=\"3704\">\n<li data-start=\"2852\" data-end=\"3007\">\n<p data-start=\"2854\" data-end=\"3007\"><strong data-start=\"2854\" data-end=\"2876\">\u00c1reas de aplicaci\u00f3n:<\/strong> Aulas, salas de conferencias, salas de reuniones, oficinas y otros espacios medianos y grandes que requieran una ventilaci\u00f3n continua y eficaz.<\/p>\n<\/li>\n<li data-start=\"3008\" data-end=\"3155\">\n<p data-start=\"3010\" data-end=\"3155\"><strong data-start=\"3010\" data-end=\"3027\">Instalaci\u00f3n:<\/strong> Dise\u00f1ado para instalaci\u00f3n mural con opciones de espita trasera o superior; adecuado para conductos cortos para maximizar el rendimiento.<\/p>\n<\/li>\n<li data-start=\"3156\" data-end=\"3316\">\n<p data-start=\"3158\" data-end=\"3316\"><strong data-start=\"3158\" data-end=\"3179\">Funciones de control:<\/strong> Panel de control digital integrado con protecci\u00f3n por contrase\u00f1a, ajuste autom\u00e1tico del flujo de aire basado en el CO\u2082, programaci\u00f3n semanal y modos de refuerzo.<\/p>\n<\/li>\n<li data-start=\"3317\" data-end=\"3462\">\n<p data-start=\"3319\" data-end=\"3462\"><strong data-start=\"3319\" data-end=\"3343\">Bypass de refrigeraci\u00f3n libre:<\/strong> Mejora el confort permitiendo la entrada directa de aire exterior cuando es conveniente, reduciendo los costes energ\u00e9ticos cuando hace buen tiempo.<\/p>\n<\/li>\n<li data-start=\"3463\" data-end=\"3592\">\n<p data-start=\"3465\" data-end=\"3592\"><strong data-start=\"3465\" data-end=\"3495\">Alertas de mantenimiento de filtros:<\/strong> Notificaciones autom\u00e1ticas cuando hay que limpiar o sustituir los filtros, garantizando un rendimiento \u00f3ptimo.<\/p>\n<\/li>\n<li data-start=\"3593\" data-end=\"3704\">\n<p data-start=\"3595\" data-end=\"3704\"><strong data-start=\"3595\" data-end=\"3616\">Protecci\u00f3n antihielo:<\/strong> El programa de protecci\u00f3n contra heladas incorporado mantiene el sistema en funcionamiento de forma segura en condiciones de fr\u00edo.<\/p>\n<\/li>\n<\/ul>\n<h2 data-start=\"3711\" data-end=\"3742\"><strong data-start=\"3714\" data-end=\"3742\">Especificaciones t\u00e9cnicas<\/strong><\/h2>\n<div class=\"_tableContainer_sk2ct_1\">\n<div class=\"_tableWrapper_sk2ct_13 group flex w-fit flex-col-reverse\">\n<table class=\"w-fit min-w-(--thread-content-width)\" data-start=\"3744\" data-end=\"4603\">\n<tbody data-start=\"3843\" data-end=\"4603\">\n<tr data-start=\"3843\" data-end=\"3891\">\n<td data-start=\"3843\" data-end=\"3871\" data-col-size=\"sm\"><strong data-start=\"3845\" data-end=\"3861\">Caudal de aire<\/strong><\/td>\n<td data-col-size=\"md\" data-start=\"3871\" data-end=\"3891\">700 m\u00b3\/h<\/td>\n<\/tr>\n<tr data-start=\"3892\" data-end=\"3941\">\n<td data-start=\"3892\" data-end=\"3923\" data-col-size=\"sm\"><strong data-start=\"3894\" data-end=\"3922\">Eficiencia de recuperaci\u00f3n de calor<\/strong><\/td>\n<td data-col-size=\"md\" data-start=\"3923\" data-end=\"3941\">Hasta el 95<\/td>\n<\/tr>\n<tr data-start=\"3942\" data-end=\"3990\">\n<td data-start=\"3942\" data-end=\"3970\" data-col-size=\"sm\"><strong data-start=\"3944\" data-end=\"3960\">Suministro el\u00e9ctrico<\/strong><\/td>\n<td data-col-size=\"md\" data-start=\"3970\" data-end=\"3990\">230V \/ 50Hz<\/td>\n<\/tr>\n<tr data-start=\"3991\" data-end=\"4038\">\n<td data-start=\"3991\" data-end=\"4019\" data-col-size=\"sm\"><strong data-start=\"3993\" data-end=\"4010\">Potencia m\u00e1xima<\/strong><\/td>\n<td data-col-size=\"md\" data-start=\"4019\" data-end=\"4038\">320 W<\/td>\n<\/tr>\n<tr data-start=\"4039\" data-end=\"4110\">\n<td data-start=\"4039\" data-end=\"4066\" data-col-size=\"sm\"><strong data-start=\"4041\" data-end=\"4056\">Nivel sonoro<\/strong><\/td>\n<td data-col-size=\"md\" data-start=\"4066\" data-end=\"4110\">Dise\u00f1o silencioso con silenciadores internos<\/td>\n<\/tr>\n<tr data-start=\"4111\" data-end=\"4159\">\n<td data-start=\"4111\" data-end=\"4139\" data-col-size=\"sm\"><strong data-start=\"4113\" data-end=\"4138\">Temperatura de funcionamiento<\/strong><\/td>\n<td data-col-size=\"md\" data-start=\"4139\" data-end=\"4159\">-20 \u00b0C a +60 \u00b0C<\/td>\n<\/tr>\n<tr data-start=\"4160\" data-end=\"4231\">\n<td data-start=\"4160\" data-end=\"4188\" data-col-size=\"sm\"><strong data-start=\"4162\" data-end=\"4176\">Filtraci\u00f3n<\/strong><\/td>\n<td data-col-size=\"md\" data-start=\"4188\" data-end=\"4231\">G4, G5, F7 en impulsi\u00f3n; M5 en escape<\/td>\n<\/tr>\n<tr data-start=\"4232\" data-end=\"4291\">\n<td data-start=\"4232\" data-end=\"4259\" data-col-size=\"sm\"><strong data-start=\"4234\" data-end=\"4251\">Compuerta de bypass<\/strong><\/td>\n<td data-col-size=\"md\" data-start=\"4259\" data-end=\"4291\">Refrigeraci\u00f3n libre 100 % autom\u00e1tica<\/td>\n<\/tr>\n<tr data-start=\"4292\" data-end=\"4377\">\n<td data-start=\"4292\" data-end=\"4319\" data-col-size=\"sm\"><strong data-start=\"4294\" data-end=\"4306\">Controles<\/strong><\/td>\n<td data-col-size=\"md\" data-start=\"4319\" data-end=\"4377\">Controlador digital, sensor de CO\u2082, integraci\u00f3n ModBus BMS<\/td>\n<\/tr>\n<tr data-start=\"4378\" data-end=\"4425\">\n<td data-start=\"4378\" data-end=\"4405\" data-col-size=\"sm\"><strong data-start=\"4380\" data-end=\"4399\">Di\u00e1metro de la espiga<\/strong><\/td>\n<td data-col-size=\"md\" data-start=\"4405\" data-end=\"4425\">180 mm<\/td>\n<\/tr>\n<tr data-start=\"4426\" data-end=\"4473\">\n<td data-start=\"4426\" data-end=\"4453\" data-col-size=\"sm\"><strong data-start=\"4428\" data-end=\"4450\">Drenaje de condensaci\u00f3n<\/strong><\/td>\n<td data-col-size=\"md\" data-start=\"4453\" data-end=\"4473\">19 mm<\/td>\n<\/tr>\n<tr data-start=\"4474\" data-end=\"4556\">\n<td data-start=\"4474\" data-end=\"4500\" data-col-size=\"sm\"><strong data-start=\"4476\" data-end=\"4486\">Carcasa<\/strong><\/td>\n<td data-start=\"4500\" data-end=\"4556\" data-col-size=\"md\">Acero galvanizado de doble pared con aislamiento de 25 mm<\/td>\n<\/tr>\n<tr data-start=\"4557\" data-end=\"4603\">\n<td data-start=\"4557\" data-end=\"4583\" data-col-size=\"sm\"><strong data-start=\"4559\" data-end=\"4569\">Peso<\/strong><\/td>\n<td data-start=\"4583\" data-end=\"4603\" data-col-size=\"md\"><strong data-start=\"4585\" data-end=\"4595\">160 kg<\/strong><\/td>\n<\/tr>\n<\/tbody>\n<\/table>\n<\/div>\n<\/div>\n","protected":false},"excerpt":{"rendered":"<p>El <strong data-start=\"276\" data-end=\"295\">Scholar 700<\/strong> es una unidad de ventilaci\u00f3n con recuperaci\u00f3n de calor (HRV) para aulas de gran capacidad, que suministra hasta <strong data-start=\"380\" data-end=\"392\">700 m\u00b3\/h<\/strong> de aire fresco y filtrado con hasta <strong data-start=\"427\" data-end=\"454\">95 % de eficiencia t\u00e9rmica<\/strong>. Incorpora control de demanda autom\u00e1tico basado en CO\u2082, funcionamiento ultrasilencioso, funci\u00f3n de free-cooling e integraci\u00f3n completa con BMS para una gesti\u00f3n energ\u00e9tica inteligente. Garantiza una calidad del aire interior constante, recuperando hasta el <strong data-start=\"1923\" data-end=\"1945\">95 % de la energ\u00eda t\u00e9rmica<\/strong> que, de otro modo, se perder\u00eda. La tecnolog\u00eda de ventilador EC mantiene bajo el consumo energ\u00e9tico, incluso con caudales de aire m\u00e1s altos. La filtraci\u00f3n de doble etapa ayuda a reducir el polvo y los contaminantes en suspensi\u00f3n, mientras que el intuitivo controlador digital permite ajustar con precisi\u00f3n el caudal de aire y los horarios de funcionamiento. Ideal para aulas, espacios de conferencias y oficinas donde importan una ventilaci\u00f3n fiable y bajos niveles de ruido.     <\/p>\n<p><strong>Documentos<\/strong><\/p>\n<ul>\n<li><a href=\"https:\/\/paxspain.com\/wp-content\/uploads\/2025\/08\/BSK-Scholar-User-manual.pdf\">Manual del usuario de BSK Scholar &#8211; Ingl\u00e9s<\/a><\/li>\n<li><a href=\"https:\/\/paxspain.com\/wp-content\/uploads\/2025\/08\/BSK-Scholar-User-manual-Spanish.pdf\">Manual del Usuario BSK Scholar &#8211; Espa\u00f1ol<\/a><\/li>\n<li><a href=\"https:\/\/paxspain.com\/wp-content\/uploads\/2025\/08\/BSK-Scholar-Digital-Panel-User-Guide.pdf\">Manual del Usuario del Panel Digital BSK Scholar &#8211; Ingl\u00e9s<\/a><\/li>\n<li><a href=\"https:\/\/paxspain.com\/wp-content\/uploads\/2025\/08\/BSK-Scholar-Digital-Panel-User-Guide-Spanish.pdf\">Manual del Usuario del Panel Digital BSK Scholar &#8211; Espa\u00f1ol<\/a><\/li>\n<li><a href=\"https:\/\/paxspain.com\/wp-content\/uploads\/2025\/08\/bsk-scholar-eng-1.pdf\">Cat\u00e1logo BSK Scholar &#8211; Ingl\u00e9s<\/a><\/li>\n<li><a href=\"https:\/\/paxspain.com\/wp-content\/uploads\/2025\/08\/BSK-Scholar-Catalog-SPAN.pdf\">Cat\u00e1logo BSK Scholar &#8211; Espa\u00f1ol<\/a><\/li>\n<\/ul>\n<p><iframe loading=\"lazy\" title=\"SCHOLAR Tipo de escuela de alta eficiencia HRU\" src=\"https:\/\/www.youtube.com\/embed\/AwKdtx_jn9E\" width=\"1372\" height=\"772\" frameborder=\"0\" allowfullscreen=\"allowfullscreen\"><\/iframe><\/p>\n","protected":false},"featured_media":8581,"comment_status":"closed","ping_status":"closed","template":"","meta":{"_et_pb_use_builder":"","_et_pb_old_content":"","_et_gb_content_width":""},"product_brand":[192],"product_cat":[105],"product_tag":[],"class_list":{"0":"post-8711","1":"product","2":"type-product","3":"status-publish","4":"has-post-thumbnail","6":"product_brand-bsk","7":"product_cat-recuperacion-descentralizada-de-calor","8":"pa_product-type-unidad-de-recuperacion-de-calor-para-aulas","10":"first","11":"instock","12":"taxable","13":"shipping-taxable","14":"purchasable","15":"product-type-simple"},"jetpack_sharing_enabled":true,"_links":{"self":[{"href":"https:\/\/paxspain.com\/es\/wp-json\/wp\/v2\/product\/8711","targetHints":{"allow":["GET"]}}],"collection":[{"href":"https:\/\/paxspain.com\/es\/wp-json\/wp\/v2\/product"}],"about":[{"href":"https:\/\/paxspain.com\/es\/wp-json\/wp\/v2\/types\/product"}],"replies":[{"embeddable":true,"href":"https:\/\/paxspain.com\/es\/wp-json\/wp\/v2\/comments?post=8711"}],"wp:featuredmedia":[{"embeddable":true,"href":"https:\/\/paxspain.com\/es\/wp-json\/wp\/v2\/media\/8581"}],"wp:attachment":[{"href":"https:\/\/paxspain.com\/es\/wp-json\/wp\/v2\/media?parent=8711"}],"wp:term":[{"taxonomy":"product_brand","embeddable":true,"href":"https:\/\/paxspain.com\/es\/wp-json\/wp\/v2\/product_brand?post=8711"},{"taxonomy":"product_cat","embeddable":true,"href":"https:\/\/paxspain.com\/es\/wp-json\/wp\/v2\/product_cat?post=8711"},{"taxonomy":"product_tag","embeddable":true,"href":"https:\/\/paxspain.com\/es\/wp-json\/wp\/v2\/product_tag?post=8711"}],"curies":[{"name":"wp","href":"https:\/\/api.w.org\/{rel}","templated":true}]}}