{"id":8712,"date":"2025-08-21T17:21:54","date_gmt":"2025-08-21T15:21:54","guid":{"rendered":"https:\/\/paxspain.com\/product\/vent-axia-lo-carbon-tempra-selv-htp-320mm\/"},"modified":"2026-03-19T18:28:32","modified_gmt":"2026-03-19T17:28:32","slug":"vent-axia-lo-carbon-tempra-selv-htp-320mm","status":"publish","type":"product","link":"https:\/\/paxspain.com\/es\/producto\/vent-axia-lo-carbon-tempra-selv-htp-320mm\/","title":{"rendered":"Lo-Carbon Tempra SELV HTP 320mm"},"content":{"rendered":"<p data-start=\"609\" data-end=\"1103\">NOTA: El <strong data-start=\"613\" data-end=\"652\">Vent-Axia Lo-Carbon Tempra SELV HTP <\/strong>viene con el <strong>tubo de pared Tempra <\/strong> necesario (VGWT445529VA)<\/p>\n<p data-start=\"609\" data-end=\"1103\">El <strong data-start=\"613\" data-end=\"652\">Vent-Axia Lo-Carbon Tempra SELV HTP<\/strong> es un recuperador de calor de alto rendimiento y bajo consumo energ\u00e9tico dise\u00f1ado para mejorar la calidad del aire interior y reducir las p\u00e9rdidas de calor. Se instala a trav\u00e9s de una <strong data-start=\"812\" data-end=\"835\">abertura<\/strong> est\u00e1ndar <strong data-start=\"812\" data-end=\"835\">de 100 mm en la pared<\/strong>, por lo que es ideal para renovaciones, reformas y nuevas construcciones. Su <strong data-start=\"900\" data-end=\"926\">intercambiador de calor compacto<\/strong> alcanza hasta <strong data-start=\"942\" data-end=\"968\">un 78% de eficiencia t\u00e9rmica<\/strong>, recuperando el calor del aire viciado extra\u00eddo y utiliz\u00e1ndolo para precalentar el aire fresco entrante, reduciendo las facturas de calefacci\u00f3n y mejorando el confort. Esta opci\u00f3n es para la variante de longitud de espiga de 320 mm. Tambi\u00e9n disponible en 460 mm.    <\/p>\n<p data-start=\"1105\" data-end=\"1606\">El ventilador Tempra SELV HTP ofrece <strong data-start=\"1132\" data-end=\"1166\">ventilaci\u00f3n por goteo continua<\/strong> con control de aumento autom\u00e1tico activado por los niveles de humedad, el interruptor o el cable de tracci\u00f3n integrado. El <strong data-start=\"1280\" data-end=\"1294\">higrostato<\/strong> integrado garantiza una gesti\u00f3n \u00f3ptima de la humedad, evitando la aparici\u00f3n de humedad y moho, mientras que el <strong data-start=\"1369\" data-end=\"1397\">temporizador ajustable<\/strong> permite que el ventilador siga funcionando <strong data-start=\"1439\" data-end=\"1458\">entre 5 y 50 minutos<\/strong> despu\u00e9s de la activaci\u00f3n del refuerzo. La unidad tambi\u00e9n incluye un <strong data-start=\"1508\" data-end=\"1536\">modo de s\u00f3lo extracci\u00f3n en verano<\/strong>, que ayuda a mantener un ambiente interior m\u00e1s fresco durante los meses m\u00e1s c\u00e1lidos.  <\/p>\n<p data-start=\"1608\" data-end=\"1966\">Dise\u00f1ada con un <strong data-start=\"1624\" data-end=\"1650\">sistema de seguridad SELV 24V<\/strong> y <strong data-start=\"1655\" data-end=\"1670\">clasificaci\u00f3n IPX4<\/strong>, es apta para su instalaci\u00f3n en zonas 1, incluidos ba\u00f1os y duchas. Su <strong data-start=\"1763\" data-end=\"1788\">motor EC\/DC Lo-Carbon<\/strong> consume tan s\u00f3lo <strong data-start=\"1811\" data-end=\"1820\">3,2 W<\/strong>, lo que garantiza un ahorro de energ\u00eda durante todo el a\u00f1o, mientras que su funcionamiento silencioso<strong data-start=\"1895\" data-end=\"1917\">(tan s\u00f3lo 20 dB(A)<\/strong>) lo hace perfecto para salones y dormitorios. <\/p>\n<h2 data-start=\"1973\" data-end=\"1992\"><strong data-start=\"1976\" data-end=\"1992\">Caracter\u00edsticas principales<\/strong><\/h2>\n<ul data-start=\"1993\" data-end=\"2984\">\n<li data-start=\"1993\" data-end=\"2085\">\n<p data-start=\"1995\" data-end=\"2085\"><strong data-start=\"1995\" data-end=\"2033\">Hasta un 78% de eficiencia en la recuperaci\u00f3n de<\/strong> calor &#8211; Captura y reutiliza el calor para reducir los costes energ\u00e9ticos<\/p>\n<\/li>\n<li data-start=\"2086\" data-end=\"2213\">\n<p data-start=\"2088\" data-end=\"2213\"><strong data-start=\"2088\" data-end=\"2123\">Ventilaci\u00f3n continua o de refuerzo<\/strong> &#8211; Funciona silenciosamente en modo de goteo con refuerzo mediante humidostato, pullcord o interruptor en directo<\/p>\n<\/li>\n<li data-start=\"2214\" data-end=\"2333\">\n<p data-start=\"2216\" data-end=\"2333\"><strong data-start=\"2216\" data-end=\"2239\">Humidostato incorporado<\/strong> &#8211; Se activa autom\u00e1ticamente cuando la humedad supera los niveles establecidos (ajustable de 60% a 90% HR)<\/p>\n<\/li>\n<li data-start=\"2334\" data-end=\"2443\">\n<p data-start=\"2336\" data-end=\"2443\"><strong data-start=\"2336\" data-end=\"2364\">Temporizador de sobrecarga ajustable<\/strong> &#8211; Aj\u00fastalo entre <strong data-start=\"2379\" data-end=\"2399\">5 y 50 minutos<\/strong> para una extracci\u00f3n continuada tras la activaci\u00f3n<\/p>\n<\/li>\n<li data-start=\"2444\" data-end=\"2531\">\n<p data-start=\"2446\" data-end=\"2531\"><strong data-start=\"2446\" data-end=\"2474\">Modo s\u00f3lo extracci\u00f3n en verano<\/strong> &#8211; Evita la acumulaci\u00f3n indeseada de calor durante los meses m\u00e1s c\u00e1lidos<\/p>\n<\/li>\n<li data-start=\"2532\" data-end=\"2596\">\n<p data-start=\"2534\" data-end=\"2596\"><strong data-start=\"2534\" data-end=\"2553\">Funcionamiento silencioso<\/strong> &#8211; Tan bajo como <strong data-start=\"2566\" data-end=\"2578\">20 dB(A)<\/strong> en modo de goteo<\/p>\n<\/li>\n<li data-start=\"2597\" data-end=\"2656\">\n<p data-start=\"2599\" data-end=\"2656\"><strong data-start=\"2599\" data-end=\"2619\">Eficiente energ\u00e9ticamente<\/strong> &#8211; S\u00f3lo consume <strong data-start=\"2632\" data-end=\"2641\">3,2 W<\/strong> a baja velocidad<\/p>\n<\/li>\n<li data-start=\"2657\" data-end=\"2734\">\n<p data-start=\"2659\" data-end=\"2734\"><strong data-start=\"2659\" data-end=\"2681\">Sistema de seguridad SELV<\/strong> &#8211; Seguro para instalar en ba\u00f1os y zonas h\u00famedas<\/p>\n<\/li>\n<li data-start=\"2735\" data-end=\"2813\">\n<p data-start=\"2737\" data-end=\"2813\"><strong data-start=\"2737\" data-end=\"2772\">Dise\u00f1o compacto pasamuros<\/strong> &#8211; Se adapta a un <strong data-start=\"2782\" data-end=\"2811\">orificio central de 100 mm de di\u00e1metro<\/strong><\/p>\n<\/li>\n<li data-start=\"2814\" data-end=\"2908\">\n<p data-start=\"2816\" data-end=\"2908\"><strong data-start=\"2816\" data-end=\"2836\">Control flexible<\/strong> &#8211; Combina humidostato, temporizador y potenciador de tiro para mayor comodidad del usuario<\/p>\n<\/li>\n<li data-start=\"2909\" data-end=\"2984\">\n<p data-start=\"2911\" data-end=\"2984\"><strong data-start=\"2911\" data-end=\"2945\">Cumple la normativa de edificaci\u00f3n<\/strong> &#8211; Cumple <strong data-start=\"2954\" data-end=\"2982\">los Documentos Aprobados F y L<\/strong><\/p>\n<\/li>\n<\/ul>\n<h2 data-start=\"2991\" data-end=\"3011\"><strong data-start=\"2994\" data-end=\"3011\">Informaci\u00f3n detallada<\/strong><\/h2>\n<ul data-start=\"3012\" data-end=\"3678\">\n<li data-start=\"3012\" data-end=\"3170\">\n<p data-start=\"3014\" data-end=\"3170\"><strong data-start=\"3014\" data-end=\"3030\">Instalaci\u00f3n<\/strong>: Dise\u00f1o a trav\u00e9s de la pared que encaja en un <strong data-start=\"3075\" data-end=\"3099\">orificio<\/strong> est\u00e1ndar <strong data-start=\"3075\" data-end=\"3099\">de 100 mm de di\u00e1metro<\/strong>; admite profundidades de pared de hasta <strong data-start=\"3128\" data-end=\"3138\">320 mm<\/strong>.<\/p>\n<\/li>\n<li data-start=\"3171\" data-end=\"3317\">\n<p data-start=\"3173\" data-end=\"3317\"><strong data-start=\"3173\" data-end=\"3192\">Ciclo de funcionamiento<\/strong>: Funciona continuamente a velocidad de goteo<strong data-start=\"3230\" data-end=\"3248\">(6 l\/s o 9 l\/s<\/strong>) y aumenta a <strong data-start=\"3264\" data-end=\"3274\">15 l\/s<\/strong> mediante el humidostato, el cable de tracci\u00f3n o el interruptor en directo.<\/p>\n<\/li>\n<li data-start=\"3318\" data-end=\"3412\">\n<p data-start=\"3320\" data-end=\"3412\"><strong data-start=\"3320\" data-end=\"3337\">Recuperaci\u00f3n de calor<\/strong>: Recupera hasta <strong data-start=\"3354\" data-end=\"3361\">el 78%<\/strong> del calor extra\u00eddo para precalentar el aire fresco entrante<\/p>\n<\/li>\n<li data-start=\"3413\" data-end=\"3532\">\n<p data-start=\"3415\" data-end=\"3532\"><strong data-start=\"3415\" data-end=\"3434\">Opciones de control<\/strong>: Humidostato integrado, pullcord y temporizador de rebasamiento; refuerzo seleccionable manual o autom\u00e1ticamente<\/p>\n<\/li>\n<li data-start=\"3533\" data-end=\"3678\">\n<p data-start=\"3535\" data-end=\"3678\"><strong data-start=\"3535\" data-end=\"3556\">\u00c1reas de aplicaci\u00f3n<\/strong>: Adecuado para ba\u00f1os, aseos, cocinas, lavaderos y espacios habitables donde se requiera una ventilaci\u00f3n energ\u00e9ticamente eficiente<\/p>\n<\/li>\n<\/ul>\n<h2 data-start=\"3685\" data-end=\"3713\"><strong data-start=\"3688\" data-end=\"3713\">Informaci\u00f3n t\u00e9cnica<\/strong><\/h2>\n<div class=\"_tableContainer_sk2ct_1\">\n<div class=\"_tableWrapper_sk2ct_13 group flex w-fit flex-col-reverse\" tabindex=\"-1\">\n<table class=\"w-fit min-w-(--thread-content-width)\" data-start=\"3715\" data-end=\"4933\">\n<tbody data-start=\"3851\" data-end=\"4933\">\n<tr data-start=\"3851\" data-end=\"3915\">\n<td style=\"width: 148.125px;\" data-start=\"3851\" data-end=\"3876\" data-col-size=\"sm\"><strong data-start=\"3853\" data-end=\"3862\">Modelo<\/strong><\/td>\n<td style=\"width: 266.806px;\" data-col-size=\"md\" data-start=\"3876\" data-end=\"3915\">Lo-Carbon Tempra SELV HTP<\/td>\n<\/tr>\n<tr data-start=\"3916\" data-end=\"3980\">\n<td style=\"width: 148.125px;\" data-start=\"3916\" data-end=\"3941\" data-col-size=\"sm\"><strong data-start=\"3918\" data-end=\"3930\">Tipo de ventilador<\/strong><\/td>\n<td style=\"width: 266.806px;\" data-col-size=\"md\" data-start=\"3941\" data-end=\"3980\">Recuperador de calor mural<\/td>\n<\/tr>\n<tr data-start=\"3981\" data-end=\"4046\">\n<td style=\"width: 148.125px;\" data-start=\"3981\" data-end=\"4006\" data-col-size=\"sm\"><strong data-start=\"3983\" data-end=\"3998\">Flujo de aire m\u00e1ximo<\/strong><\/td>\n<td style=\"width: 266.806px;\" data-col-size=\"md\" data-start=\"4006\" data-end=\"4046\">Trickle: 6 \/ 9 l\/s &#8211; Boost: 15 l\/s<\/td>\n<\/tr>\n<tr data-start=\"4047\" data-end=\"4112\">\n<td style=\"width: 148.125px;\" data-start=\"4047\" data-end=\"4072\" data-col-size=\"sm\"><strong data-start=\"4049\" data-end=\"4067\">Volumen m\u00e1ximo de aire<\/strong><\/td>\n<td style=\"width: 266.806px;\" data-col-size=\"md\" data-start=\"4072\" data-end=\"4112\">54 m\u00b3\/h<\/td>\n<\/tr>\n<tr data-start=\"4113\" data-end=\"4179\">\n<td style=\"width: 148.125px;\" data-start=\"4113\" data-end=\"4144\" data-col-size=\"sm\"><strong data-start=\"4115\" data-end=\"4143\">Eficacia de la recuperaci\u00f3n de calor<\/strong><\/td>\n<td style=\"width: 266.806px;\" data-col-size=\"md\" data-start=\"4144\" data-end=\"4179\">Hasta el 78<\/td>\n<\/tr>\n<tr data-start=\"4180\" data-end=\"4256\">\n<td style=\"width: 148.125px;\" data-start=\"4180\" data-end=\"4205\" data-col-size=\"sm\"><strong data-start=\"4182\" data-end=\"4197\">Nivel sonoro<\/strong><\/td>\n<td style=\"width: 266.806px;\" data-col-size=\"md\" data-start=\"4205\" data-end=\"4256\">20 dB(A) bajo &#8211; 22 dB(A) medio &#8211; 36 dB(A) alto<\/td>\n<\/tr>\n<tr data-start=\"4257\" data-end=\"4329\">\n<td style=\"width: 148.125px;\" data-start=\"4257\" data-end=\"4282\" data-col-size=\"sm\"><strong data-start=\"4259\" data-end=\"4280\">Consumo de energ\u00eda<\/strong><\/td>\n<td style=\"width: 266.806px;\" data-col-size=\"md\" data-start=\"4282\" data-end=\"4329\">3,2 W (bajo) &#8211; 5,7 W (alto) &#8211; 26,6 W (boost)<\/td>\n<\/tr>\n<tr data-start=\"4330\" data-end=\"4394\">\n<td style=\"width: 148.125px;\" data-start=\"4330\" data-end=\"4355\" data-col-size=\"sm\"><strong data-start=\"4332\" data-end=\"4349\">Temporizador de rebasamiento<\/strong><\/td>\n<td style=\"width: 266.806px;\" data-col-size=\"md\" data-start=\"4355\" data-end=\"4394\">Ajustable de 5 a 50 minutos<\/td>\n<\/tr>\n<tr data-start=\"4395\" data-end=\"4460\">\n<td style=\"width: 148.125px;\" data-start=\"4395\" data-end=\"4423\" data-col-size=\"sm\"><strong data-start=\"4397\" data-end=\"4422\">Rango del sensor de humedad<\/strong><\/td>\n<td style=\"width: 266.806px;\" data-col-size=\"md\" data-start=\"4423\" data-end=\"4460\">60% &#8211; 90% HR ajustable<\/td>\n<\/tr>\n<tr data-start=\"4461\" data-end=\"4525\">\n<td style=\"width: 148.125px;\" data-start=\"4461\" data-end=\"4485\" data-col-size=\"sm\"><strong data-start=\"4463\" data-end=\"4474\">Tensi\u00f3n<\/strong><\/td>\n<td style=\"width: 266.806px;\" data-col-size=\"md\" data-start=\"4485\" data-end=\"4525\">24V SELV mediante transformador incluido<\/td>\n<\/tr>\n<tr data-start=\"4526\" data-end=\"4591\">\n<td style=\"width: 148.125px;\" data-start=\"4526\" data-end=\"4554\" data-col-size=\"sm\"><strong data-start=\"4528\" data-end=\"4553\">Profundidades de pared soportadas<\/strong><\/td>\n<td style=\"width: 266.806px;\" data-col-size=\"md\" data-start=\"4554\" data-end=\"4591\">320 mm<\/td>\n<\/tr>\n<tr data-start=\"4592\" data-end=\"4656\">\n<td style=\"width: 148.125px;\" data-start=\"4592\" data-end=\"4617\" data-col-size=\"sm\"><strong data-start=\"4594\" data-end=\"4616\">Tama\u00f1o del orificio de montaje<\/strong><\/td>\n<td style=\"width: 266.806px;\" data-col-size=\"md\" data-start=\"4617\" data-end=\"4656\">100 mm de di\u00e1metro<\/td>\n<\/tr>\n<tr data-start=\"4657\" data-end=\"4721\">\n<td style=\"width: 148.125px;\" data-start=\"4657\" data-end=\"4681\" data-col-size=\"sm\"><strong data-start=\"4659\" data-end=\"4672\">Clasificaci\u00f3n IP<\/strong><\/td>\n<td style=\"width: 266.806px;\" data-col-size=\"md\" data-start=\"4681\" data-end=\"4721\">IPX4<\/td>\n<\/tr>\n<tr data-start=\"4722\" data-end=\"4785\">\n<td style=\"width: 148.125px;\" data-start=\"4722\" data-end=\"4745\" data-col-size=\"sm\"><strong data-start=\"4724\" data-end=\"4734\">Peso<\/strong><\/td>\n<td style=\"width: 266.806px;\" data-col-size=\"md\" data-start=\"4745\" data-end=\"4785\">5,5 kg<\/td>\n<\/tr>\n<tr data-start=\"4786\" data-end=\"4849\">\n<td style=\"width: 148.125px;\" data-start=\"4786\" data-end=\"4807\" data-col-size=\"sm\"><strong data-start=\"4788\" data-end=\"4800\">Garant\u00eda<\/strong><\/td>\n<td style=\"width: 266.806px;\" data-col-size=\"md\" data-start=\"4807\" data-end=\"4849\">2 a\u00f1os<\/td>\n<\/tr>\n<tr data-start=\"4850\" data-end=\"4933\">\n<td style=\"width: 148.125px;\" data-start=\"4850\" data-end=\"4878\" data-col-size=\"sm\"><strong data-start=\"4852\" data-end=\"4877\">Cumplimiento de la normativa<\/strong><\/td>\n<td style=\"width: 266.806px;\" data-col-size=\"md\" data-start=\"4878\" data-end=\"4933\">Cumple los Documentos Aprobados F y L de la Normativa de Edificaci\u00f3n<\/td>\n<\/tr>\n<\/tbody>\n<\/table>\n<\/div>\n<\/div>\n","protected":false},"excerpt":{"rendered":"<p>El <strong data-start=\"210\" data-end=\"249\">Vent-Axia Lo-Carbon Tempra SELV HTP<\/strong> es una unidad compacta de ventilaci\u00f3n con recuperaci\u00f3n de calor a trav\u00e9s de la pared que combina humidostato, temporizador y control por cord\u00f3n. Con una <strong data-start=\"373\" data-end=\"405\">eficacia de recuperaci\u00f3n de calor de<\/strong> hasta <strong data-start=\"373\" data-end=\"405\">el 78%<\/strong>, un funcionamiento ultrasilencioso de <strong data-start=\"432\" data-end=\"444\">20 dB(A)<\/strong> y ventilaci\u00f3n por goteo continua, proporciona un suministro de aire fresco energ\u00e9ticamente eficiente para ba\u00f1os, aseos, cocinas y cuartos de servicio. <\/p>\n<p>Esta opci\u00f3n es para la variante de 320 mm de la <strong data-start=\"210\" data-end=\"249\">Vent-Axia Lo-Carbon Tempra SELV HTP. <\/strong>Tambi\u00e9n disponible en 460 mm.<\/p>\n<p>NOTA: El <strong data-start=\"613\" data-end=\"652\">Vent-Axia Lo-Carbon Tempra SELV HTP <\/strong>viene con el <strong>tubo de pared Tempra <\/strong> necesario (VGWT445529VA)<\/p>\n<p><strong>Documentos<\/strong><\/p>\n<ul>\n<li><a href=\"https:\/\/paxspain.com\/wp-content\/uploads\/2025\/08\/444367.pdf\">Gu\u00eda de instalaci\u00f3n de Vent-Axia Lo-Carbon Tempra &#8211; Ingl\u00e9s<\/a><\/li>\n<li><a href=\"https:\/\/paxspain.com\/wp-content\/uploads\/2025\/08\/Tempra-installation-Spanish.pdf\">Gu\u00eda de instalaci\u00f3n de Vent-Axia Lo-Carbon Tempra &#8211; Espa\u00f1ol<\/a><\/li>\n<li><a href=\"https:\/\/paxspain.com\/wp-content\/uploads\/2025\/08\/Tempra-HTP-Brochure-English.pdf\">Folleto Vent-Axia Lo-Carbon Tempra &#8211; Ingl\u00e9s<\/a><\/li>\n<li><a href=\"https:\/\/paxspain.com\/wp-content\/uploads\/2025\/08\/Tempra-HTP-Brochure-Spanish.pdf\">Folleto Vent-Axia Lo-Carbon Tempra &#8211; Espa\u00f1ol<\/a><\/li>\n<li><a href=\"https:\/\/paxspain.com\/wp-content\/uploads\/2025\/08\/VA_LC_Trmpra_Catalogue.pdf\">Cat\u00e1logo Vent-Axia Lo-Carbon Tempra &#8211; Ingl\u00e9s<\/a><\/li>\n<li><a href=\"https:\/\/paxspain.com\/wp-content\/uploads\/2025\/08\/ESPANOL-LO-CARBON-TEMPRA-.pdf\">Cat\u00e1logo Vent-Axia Lo-Carbon Tempra &#8211; espa\u00f1ol<\/a><\/li>\n<li><a href=\"https:\/\/paxspain.com\/wp-content\/uploads\/2025\/08\/VA_LC_Tempra_HomeOwner.pdf\">Gu\u00eda del sistema para el propietario Vent-Axia Lo-Carbon Tempra &#8211; ingl\u00e9s<\/a><\/li>\n<li><a href=\"https:\/\/paxspain.com\/wp-content\/uploads\/2025\/08\/ESPANOL-MANUAL-USUARIO-LO-CARBON-TEMPRA.pdf\">Gu\u00eda del sistema para el propietario Vent-Axia Lo-Carbon Tempra &#8211; espa\u00f1ol<\/a><\/li>\n<\/ul>\n<p><iframe loading=\"lazy\" title=\"Ventilador de recuperaci\u00f3n de calor descentralizado Vent-Axia Lo Carbon Tempra (dMVHR) Plato giratorio 360\" src=\"https:\/\/www.youtube.com\/embed\/WNtdaUQVlV0\" width=\"502\" height=\"291\" frameborder=\"0\" allowfullscreen=\"allowfullscreen\"><\/iframe><\/p>\n","protected":false},"featured_media":8558,"comment_status":"closed","ping_status":"closed","template":"","meta":{"_et_pb_use_builder":"","_et_pb_old_content":"","_et_gb_content_width":""},"product_brand":[179],"product_cat":[105],"product_tag":[],"class_list":{"0":"post-8712","1":"product","2":"type-product","3":"status-publish","4":"has-post-thumbnail","6":"product_brand-vent-axia","7":"product_cat-recuperacion-descentralizada-de-calor","8":"pa_product-type-ventilador-de-recuperacion-de-calor-descentralizado","10":"first","11":"instock","12":"taxable","13":"shipping-taxable","14":"purchasable","15":"product-type-simple"},"jetpack_sharing_enabled":true,"_links":{"self":[{"href":"https:\/\/paxspain.com\/es\/wp-json\/wp\/v2\/product\/8712","targetHints":{"allow":["GET"]}}],"collection":[{"href":"https:\/\/paxspain.com\/es\/wp-json\/wp\/v2\/product"}],"about":[{"href":"https:\/\/paxspain.com\/es\/wp-json\/wp\/v2\/types\/product"}],"replies":[{"embeddable":true,"href":"https:\/\/paxspain.com\/es\/wp-json\/wp\/v2\/comments?post=8712"}],"wp:featuredmedia":[{"embeddable":true,"href":"https:\/\/paxspain.com\/es\/wp-json\/wp\/v2\/media\/8558"}],"wp:attachment":[{"href":"https:\/\/paxspain.com\/es\/wp-json\/wp\/v2\/media?parent=8712"}],"wp:term":[{"taxonomy":"product_brand","embeddable":true,"href":"https:\/\/paxspain.com\/es\/wp-json\/wp\/v2\/product_brand?post=8712"},{"taxonomy":"product_cat","embeddable":true,"href":"https:\/\/paxspain.com\/es\/wp-json\/wp\/v2\/product_cat?post=8712"},{"taxonomy":"product_tag","embeddable":true,"href":"https:\/\/paxspain.com\/es\/wp-json\/wp\/v2\/product_tag?post=8712"}],"curies":[{"name":"wp","href":"https:\/\/api.w.org\/{rel}","templated":true}]}}