{"id":8718,"date":"2025-08-21T18:51:09","date_gmt":"2025-08-21T16:51:09","guid":{"rendered":"https:\/\/paxspain.com\/product\/bsk-purifa-300\/"},"modified":"2026-02-26T18:58:54","modified_gmt":"2026-02-26T17:58:54","slug":"bsk-purifa-300","status":"publish","type":"product","link":"https:\/\/paxspain.com\/es\/producto\/bsk-purifa-300\/","title":{"rendered":"Purifa 300"},"content":{"rendered":"<p data-start=\"681\" data-end=\"1037\">El <strong data-start=\"685\" data-end=\"703\">Purifa 300<\/strong> es un dispositivo de purificaci\u00f3n de aire avanzado dise\u00f1ado para ofrecer entornos interiores m\u00e1s saludables y seguros. Ideal para aulas, salas de reuniones, centros sanitarios y otros espacios comerciales, combina tecnolog\u00eda de filtraci\u00f3n de vanguardia con esterilizaci\u00f3n UV-C para eliminar contaminantes del aire, virus, bacterias, al\u00e9rgenos y olores. <\/p>\n<p data-start=\"1039\" data-end=\"1418\">Su <strong data-start=\"1043\" data-end=\"1076\">sistema de filtraci\u00f3n multicapa<\/strong> incluye un <strong data-start=\"1088\" data-end=\"1105\">prefiltro G4<\/strong> para capturar las part\u00edculas grandes, un <strong data-start=\"1137\" data-end=\"1156\">filtro HEPA H13<\/strong> para atrapar hasta <strong data-start=\"1171\" data-end=\"1182\">el 99,95 % de<\/strong> los contaminantes microsc\u00f3picos, y un <strong data-start=\"1217\" data-end=\"1244\">filtro de carb\u00f3n activado<\/strong> para neutralizar los olores y los gases nocivos. La <strong data-start=\"1300\" data-end=\"1313\">l\u00e1mpara UV-C<\/strong> integrada proporciona una capa adicional de protecci\u00f3n al esterilizar los microorganismos que pasan por el sistema. <\/p>\n<p data-start=\"1420\" data-end=\"1709\">Accionado por un <strong data-start=\"1433\" data-end=\"1454\">ventilador EC de bajo consumo<\/strong>, el Purifa 300 ofrece un funcionamiento silencioso y eficiente con un consumo m\u00ednimo de energ\u00eda. Con su <strong data-start=\"1546\" data-end=\"1572\">dise\u00f1o compacto y robusto<\/strong> y su avanzada capacidad de limpieza del aire, es una soluci\u00f3n ideal para mejorar la calidad del aire interior en escuelas, oficinas y espacios compartidos. <\/p>\n<h2 data-start=\"1716\" data-end=\"1735\"><strong data-start=\"1719\" data-end=\"1735\">Caracter\u00edsticas principales<\/strong><\/h2>\n<ul data-start=\"1736\" data-end=\"2629\">\n<li data-start=\"1736\" data-end=\"1851\">\n<p data-start=\"1738\" data-end=\"1851\"><strong data-start=\"1738\" data-end=\"1768\">Gran capacidad de limpieza del<\/strong> aire: proporciona hasta <strong data-start=\"1786\" data-end=\"1798\">300 m\u00b3\/h<\/strong> de aire purificado, ideal para aulas y oficinas.<\/p>\n<\/li>\n<li data-start=\"1852\" data-end=\"1989\">\n<p data-start=\"1854\" data-end=\"1989\"><strong data-start=\"1854\" data-end=\"1880\">Filtraci\u00f3n multietapa<\/strong> &#8211; Combina el prefiltro G4, el filtro HEPA H13, el filtro de carb\u00f3n activado y el silenciador para un rendimiento superior.<\/p>\n<\/li>\n<li data-start=\"1990\" data-end=\"2105\">\n<p data-start=\"1992\" data-end=\"2105\"><strong data-start=\"1992\" data-end=\"2011\">Filtro HEPA H13<\/strong> &#8211; Elimina hasta <strong data-start=\"2028\" data-end=\"2039\">el 99,95 %<\/strong> de las part\u00edculas suspendidas en el aire, incluido el polvo, los al\u00e9rgenos y los microbios.<\/p>\n<\/li>\n<li data-start=\"2106\" data-end=\"2203\">\n<p data-start=\"2108\" data-end=\"2203\"><strong data-start=\"2108\" data-end=\"2130\">Esterilizaci\u00f3n UV-C<\/strong> &#8211; Destruye virus, bacterias y esporas de moho para un aire m\u00e1s limpio y seguro.<\/p>\n<\/li>\n<li data-start=\"2204\" data-end=\"2315\">\n<p data-start=\"2206\" data-end=\"2315\"><strong data-start=\"2206\" data-end=\"2233\">Filtro de carb\u00f3n activado<\/strong>: neutraliza eficazmente los olores y los compuestos org\u00e1nicos vol\u00e1tiles (COV) nocivos.<\/p>\n<\/li>\n<li data-start=\"2316\" data-end=\"2426\">\n<p data-start=\"2318\" data-end=\"2426\"><strong data-start=\"2318\" data-end=\"2344\">Ventilador EC de alta eficiencia<\/strong> &#8211; Proporciona un flujo de aire potente pero silencioso, manteniendo un bajo consumo de energ\u00eda.<\/p>\n<\/li>\n<li data-start=\"2427\" data-end=\"2529\">\n<p data-start=\"2429\" data-end=\"2529\"><strong data-start=\"2429\" data-end=\"2453\">Construcci\u00f3n duradera<\/strong> &#8211; Construido con materiales robustos y de alta calidad para un rendimiento duradero.<\/p>\n<\/li>\n<li data-start=\"2530\" data-end=\"2629\">\n<p data-start=\"2532\" data-end=\"2629\"><strong data-start=\"2532\" data-end=\"2550\">Dise\u00f1o compacto<\/strong> &#8211; Ahorra espacio y es adecuado para integrarlo en una amplia gama de entornos.<\/p>\n<\/li>\n<\/ul>\n<h2 data-start=\"2636\" data-end=\"2656\"><strong data-start=\"2639\" data-end=\"2656\">Informaci\u00f3n detallada<\/strong><\/h2>\n<ul data-start=\"2657\" data-end=\"3268\">\n<li data-start=\"2657\" data-end=\"2777\">\n<p data-start=\"2659\" data-end=\"2777\"><strong data-start=\"2659\" data-end=\"2681\">\u00c1reas de aplicaci\u00f3n:<\/strong> Aulas, despachos, cl\u00ednicas, hospitales, salas de reuniones y otros espacios interiores de tama\u00f1o medio.<\/p>\n<\/li>\n<li data-start=\"2778\" data-end=\"3187\">\n<p data-start=\"2780\" data-end=\"2805\"><strong data-start=\"2780\" data-end=\"2803\">Proceso de filtraci\u00f3n:<\/strong><\/p>\n<ol data-start=\"2808\" data-end=\"3187\">\n<li data-start=\"2808\" data-end=\"2872\">\n<p data-start=\"2811\" data-end=\"2872\"><strong data-start=\"2811\" data-end=\"2828\">Prefiltro G4<\/strong> &#8211; Captura las part\u00edculas de polvo grandes y el pelo.<\/p>\n<\/li>\n<li data-start=\"2875\" data-end=\"2960\">\n<p data-start=\"2878\" data-end=\"2960\"><strong data-start=\"2878\" data-end=\"2897\">Filtro HEPA H13<\/strong> &#8211; Elimina part\u00edculas finas como el polen, las bacterias y los virus.<\/p>\n<\/li>\n<li data-start=\"2963\" data-end=\"3031\">\n<p data-start=\"2966\" data-end=\"3031\"><strong data-start=\"2966\" data-end=\"2993\">Filtro de carb\u00f3n activado<\/strong> &#8211; Absorbe olores, humo y gases.<\/p>\n<\/li>\n<li data-start=\"3034\" data-end=\"3105\">\n<p data-start=\"3037\" data-end=\"3105\"><strong data-start=\"3037\" data-end=\"3059\">Esterilizaci\u00f3n UV-C<\/strong> &#8211; Neutraliza microorganismos y agentes pat\u00f3genos.<\/p>\n<\/li>\n<li data-start=\"3108\" data-end=\"3187\">\n<p data-start=\"3111\" data-end=\"3187\"><strong data-start=\"3111\" data-end=\"3131\">Silenciador especial<\/strong> &#8211; Reduce el ruido de funcionamiento para entornos m\u00e1s silenciosos.<\/p>\n<\/li>\n<\/ol>\n<\/li>\n<li data-start=\"3188\" data-end=\"3268\">\n<p data-start=\"3190\" data-end=\"3268\"><strong data-start=\"3190\" data-end=\"3206\">Mantenimiento:<\/strong> Filtros de f\u00e1cil acceso con un proceso de sustituci\u00f3n sencillo.<\/p>\n<\/li>\n<\/ul>\n<h2 data-start=\"3275\" data-end=\"3306\"><strong data-start=\"3278\" data-end=\"3306\">Especificaciones t\u00e9cnicas<\/strong><\/h2>\n<div class=\"_tableContainer_sk2ct_1\">\n<div class=\"_tableWrapper_sk2ct_13 group flex w-fit flex-col-reverse\">\n<table class=\"w-fit min-w-(--thread-content-width)\" data-start=\"3308\" data-end=\"4007\">\n<tbody data-start=\"3403\" data-end=\"4007\">\n<tr data-start=\"3403\" data-end=\"3449\">\n<td data-start=\"3403\" data-end=\"3429\" data-col-size=\"sm\"><strong data-start=\"3405\" data-end=\"3421\">Caudal de aire<\/strong><\/td>\n<td data-col-size=\"md\" data-start=\"3429\" data-end=\"3449\">300 m\u00b3\/h<\/td>\n<\/tr>\n<tr data-start=\"3450\" data-end=\"3496\">\n<td data-start=\"3450\" data-end=\"3476\" data-col-size=\"sm\"><strong data-start=\"3452\" data-end=\"3473\">Consumo de energ\u00eda<\/strong><\/td>\n<td data-col-size=\"md\" data-start=\"3476\" data-end=\"3496\">45 W &#8211; 92 W<\/td>\n<\/tr>\n<tr data-start=\"3497\" data-end=\"3543\">\n<td data-start=\"3497\" data-end=\"3523\" data-col-size=\"sm\"><strong data-start=\"3499\" data-end=\"3518\">Potencia de la l\u00e1mpara UV-C<\/strong><\/td>\n<td data-col-size=\"md\" data-start=\"3523\" data-end=\"3543\">36 W<\/td>\n<\/tr>\n<tr data-start=\"3544\" data-end=\"3596\">\n<td data-start=\"3544\" data-end=\"3570\" data-col-size=\"sm\"><strong data-start=\"3546\" data-end=\"3558\">Tipo de ventilador<\/strong><\/td>\n<td data-col-size=\"md\" data-start=\"3570\" data-end=\"3596\">Ventilador EC de alta eficiencia<\/td>\n<\/tr>\n<tr data-start=\"3597\" data-end=\"3678\">\n<td data-start=\"3597\" data-end=\"3623\" data-col-size=\"sm\"><strong data-start=\"3599\" data-end=\"3620\">Etapas de filtraci\u00f3n<\/strong><\/td>\n<td data-col-size=\"md\" data-start=\"3623\" data-end=\"3678\">Prefiltro G4, HEPA H13, carb\u00f3n activo, silenciador<\/td>\n<\/tr>\n<tr data-start=\"3679\" data-end=\"3731\">\n<td data-start=\"3679\" data-end=\"3705\" data-col-size=\"sm\"><strong data-start=\"3681\" data-end=\"3700\">Eficacia HEPA<\/strong><\/td>\n<td data-col-size=\"md\" data-start=\"3705\" data-end=\"3731\">99,95 % (norma H13)<\/td>\n<\/tr>\n<tr data-start=\"3732\" data-end=\"3805\">\n<td data-start=\"3732\" data-end=\"3757\" data-col-size=\"sm\"><strong data-start=\"3734\" data-end=\"3749\">Nivel sonoro<\/strong><\/td>\n<td data-col-size=\"md\" data-start=\"3757\" data-end=\"3805\">Funcionamiento silencioso con silenciador integrado<\/td>\n<\/tr>\n<tr data-start=\"3806\" data-end=\"3851\">\n<td data-start=\"3806\" data-end=\"3831\" data-col-size=\"sm\"><strong data-start=\"3808\" data-end=\"3829\">Tensi\u00f3n de funcionamiento<\/strong><\/td>\n<td data-col-size=\"md\" data-start=\"3831\" data-end=\"3851\">230V \/ 50Hz<\/td>\n<\/tr>\n<tr data-start=\"3852\" data-end=\"3899\">\n<td data-start=\"3852\" data-end=\"3877\" data-col-size=\"sm\"><strong data-start=\"3854\" data-end=\"3868\">Dimensiones<\/strong><\/td>\n<td data-col-size=\"md\" data-start=\"3877\" data-end=\"3899\">520 \u00d7 505 \u00d7 840 mm<\/td>\n<\/tr>\n<tr data-start=\"3900\" data-end=\"3944\">\n<td data-start=\"3900\" data-end=\"3924\" data-col-size=\"sm\"><strong data-start=\"3902\" data-end=\"3912\">Peso<\/strong><\/td>\n<td data-col-size=\"md\" data-start=\"3924\" data-end=\"3944\"><strong data-start=\"3926\" data-end=\"3935\">40 kg<\/strong><\/td>\n<\/tr>\n<tr data-start=\"3945\" data-end=\"4007\">\n<td data-start=\"3945\" data-end=\"3969\" data-col-size=\"sm\"><strong data-start=\"3947\" data-end=\"3957\">Carcasa<\/strong><\/td>\n<td data-col-size=\"md\" data-start=\"3969\" data-end=\"4007\">Acero con recubrimiento de polvo para mayor durabilidad<\/td>\n<\/tr>\n<\/tbody>\n<\/table>\n<\/div>\n<\/div>\n<p data-start=\"1420\" data-end=\"1709\">\n","protected":false},"excerpt":{"rendered":"<p>El <strong data-start=\"281\" data-end=\"299\">Purifa 300<\/strong> es una <strong data-start=\"322\" data-end=\"347\">unidad de purificaci\u00f3n de aire<\/strong> de alto rendimiento dise\u00f1ada para aulas, oficinas, centros sanitarios y espacios comerciales. Con un <strong data-start=\"440\" data-end=\"473\">sistema de filtraci\u00f3n de varias etapas<\/strong> con <strong data-start=\"479\" data-end=\"558\">prefiltro G4, filtro HEPA H13, filtro de carb\u00f3n activo y esterilizaci\u00f3n UV-C<\/strong>, y un <strong data-start=\"566\" data-end=\"592\">ventilador EC de alta eficiencia<\/strong>, proporciona hasta <strong data-start=\"612\" data-end=\"624\">300 m\u00b3\/h<\/strong> de aire limpio y purificado. <\/p>\n<p>Ideal para aseos, vestuarios y ba\u00f1os compactos, ofrece una forma sencilla y discreta de reforzar la ventilaci\u00f3n diaria. Su dise\u00f1o discreto permite que se integre f\u00e1cilmente en interiores modernos, mientras que su flujo de aire fiable ayuda a evitar que el aire viciado se estanque. F\u00e1cil de integrar en sistemas de ventilaci\u00f3n existentes, el <strong>Purifa 300<\/strong> es una opci\u00f3n pr\u00e1ctica para hogares que necesitan una ventilaci\u00f3n eficaz en el ba\u00f1o sin equipos voluminosos.  <\/p>\n<p><strong>Documentos<\/strong><\/p>\n<ul>\n<li><a href=\"https:\/\/paxspain.com\/wp-content\/uploads\/2025\/08\/BSK-Purifa-user-manual.pdf\">Manual del usuario del BSK Purifa 300 &#8211; Ingl\u00e9s<\/a><\/li>\n<li><a href=\"https:\/\/paxspain.com\/wp-content\/uploads\/2025\/08\/BSK-Purifa-User-Manual-Spanish.pdf\">Manual del usuario del BSK Purifa 300 &#8211; Espa\u00f1ol<\/a><\/li>\n<\/ul>\n<p>&nbsp;<\/p>\n","protected":false},"featured_media":8598,"comment_status":"closed","ping_status":"closed","template":"","meta":{"_et_pb_use_builder":"","_et_pb_old_content":"","_et_gb_content_width":""},"product_brand":[192],"product_cat":[111],"product_tag":[],"class_list":{"0":"post-8718","1":"product","2":"type-product","3":"status-publish","4":"has-post-thumbnail","6":"product_brand-bsk","7":"product_cat-purificadores-de-aire","8":"pa_product-type-purificador-de-aire","10":"first","11":"instock","12":"taxable","13":"shipping-taxable","14":"purchasable","15":"product-type-simple"},"jetpack_sharing_enabled":true,"_links":{"self":[{"href":"https:\/\/paxspain.com\/es\/wp-json\/wp\/v2\/product\/8718","targetHints":{"allow":["GET"]}}],"collection":[{"href":"https:\/\/paxspain.com\/es\/wp-json\/wp\/v2\/product"}],"about":[{"href":"https:\/\/paxspain.com\/es\/wp-json\/wp\/v2\/types\/product"}],"replies":[{"embeddable":true,"href":"https:\/\/paxspain.com\/es\/wp-json\/wp\/v2\/comments?post=8718"}],"wp:featuredmedia":[{"embeddable":true,"href":"https:\/\/paxspain.com\/es\/wp-json\/wp\/v2\/media\/8598"}],"wp:attachment":[{"href":"https:\/\/paxspain.com\/es\/wp-json\/wp\/v2\/media?parent=8718"}],"wp:term":[{"taxonomy":"product_brand","embeddable":true,"href":"https:\/\/paxspain.com\/es\/wp-json\/wp\/v2\/product_brand?post=8718"},{"taxonomy":"product_cat","embeddable":true,"href":"https:\/\/paxspain.com\/es\/wp-json\/wp\/v2\/product_cat?post=8718"},{"taxonomy":"product_tag","embeddable":true,"href":"https:\/\/paxspain.com\/es\/wp-json\/wp\/v2\/product_tag?post=8718"}],"curies":[{"name":"wp","href":"https:\/\/api.w.org\/{rel}","templated":true}]}}