{"id":8720,"date":"2025-08-21T17:03:43","date_gmt":"2025-08-21T15:03:43","guid":{"rendered":"https:\/\/paxspain.com\/product\/ventilador-de-bano-vent-axia-silhouette-100-temporizado-100-mm\/"},"modified":"2026-02-26T18:58:48","modified_gmt":"2026-02-26T17:58:48","slug":"ventilador-de-bano-vent-axia-silhouette-100-temporizado-100-mm","status":"publish","type":"product","link":"https:\/\/paxspain.com\/es\/producto\/ventilador-de-bano-vent-axia-silhouette-100-temporizado-100-mm\/","title":{"rendered":"Silhouette 100 (con temporizador)"},"content":{"rendered":"<p data-start=\"566\" data-end=\"896\">El <strong data-start=\"570\" data-end=\"617\">ventilador temporizado de ba\u00f1o Silhouette 100 de Vent-Axia<\/strong> combina un dise\u00f1o elegante con un potente rendimiento, por lo que es ideal para ba\u00f1os y aseos modernos. Con una rejilla de perfil bajo de s\u00f3lo 17 mm, se ajusta a ras de la pared o el techo para una instalaci\u00f3n discreta, al tiempo que proporciona una ventilaci\u00f3n eficaz para mantener un aire fresco y saludable. <\/p>\n<p data-start=\"898\" data-end=\"1224\">Este ventilador de una sola velocidad incluye un <strong data-start=\"932\" data-end=\"969\">temporizador integral ajustable<\/strong> (de 5 a 30 minutos), que permite seguir ventilando despu\u00e9s de apagar el interruptor de la luz conectada. Dise\u00f1ado para montaje vertical u horizontal, el Silhouette 100 admite instalaciones en pared, techo, panel e incluso ventana, lo que lo hace muy vers\u00e1til. <\/p>\n<p data-start=\"1226\" data-end=\"1620\">Con un caudal de aire m\u00e1ximo de <strong data-start=\"1252\" data-end=\"1272\">75 m\u00b3\/h (21 l\/s)<\/strong>, elimina eficazmente la humedad para evitar el moho y la humedad. El ventilador funciona silenciosamente, con s\u00f3lo <strong data-start=\"1377\" data-end=\"1401\">30 dB(A) a 3 metros<\/strong>, y est\u00e1 equipado con un obturador de tiro trasero para evitar el flujo de aire no deseado. Con clasificaci\u00f3n IPX4, cumple plenamente la <strong data-start=\"1517\" data-end=\"1561\">normativa de construcci\u00f3n Documento F aprobado<\/strong>, garantizando el rendimiento y la seguridad en los cuartos de ba\u00f1o.  <\/p>\n","protected":false},"excerpt":{"rendered":"<p data-start=\"185\" data-end=\"533\">El <strong data-start=\"189\" data-end=\"236\">ventilador temporizado de ba\u00f1o Silhouette 100 de Vent-Axia<\/strong> es un extractor axial ultrafino de 100 mm dise\u00f1ado para una ventilaci\u00f3n discreta y eficaz del ba\u00f1o. Con un dise\u00f1o de perfil bajo de 17 mm, un temporizador ajustable integrado y un funcionamiento silencioso, proporciona un control eficaz de la humedad y los olores, a la vez que se integra perfectamente en cualquier interior. <\/p>\n<p><strong>Documentos<br \/>\n<\/strong><\/p>\n<ul>\n<li><a href=\"https:\/\/paxspain.com\/wp-content\/uploads\/2025\/08\/VA-Silhouette-Installation-English.pdf\">Instrucciones de instalaci\u00f3n de la Silhouette 100 de Vent-Axia &#8211; Ingles<\/a><\/li>\n<li><a href=\"https:\/\/paxspain.com\/wp-content\/uploads\/2025\/08\/VA-Silhouette-Installation-Spanish.pdf\">Instrucciones de instalaci\u00f3n de la Silhouette 100 de Vent-Axia &#8211; Espa\u00f1ol<\/a><\/li>\n<li><a href=\"https:\/\/paxspain.com\/wp-content\/uploads\/2025\/08\/VA-Silhouette-Brochure-English.pdf\">Cat\u00e1logo Vent-Axia Silhouette 100 &#8211; Ingles<\/a><\/li>\n<li><a href=\"https:\/\/paxspain.com\/wp-content\/uploads\/2025\/08\/VA-Silhouette-Brochure-Spanish.pdf\">Cat\u00e1logo Vent-Axia Silhouette 100 &#8211; Espa\u00f1ol<\/a><\/li>\n<\/ul>\n","protected":false},"featured_media":8545,"comment_status":"closed","ping_status":"closed","template":"","meta":{"_et_pb_use_builder":"","_et_pb_old_content":"","_et_gb_content_width":""},"product_brand":[179],"product_cat":[81],"product_tag":[],"class_list":{"0":"post-8720","1":"product","2":"type-product","3":"status-publish","4":"has-post-thumbnail","6":"product_brand-vent-axia","7":"product_cat-productos-de-ventilacion","8":"pa_product-type-ventilador-de-bano","10":"first","11":"instock","12":"taxable","13":"shipping-taxable","14":"purchasable","15":"product-type-simple"},"jetpack_sharing_enabled":true,"_links":{"self":[{"href":"https:\/\/paxspain.com\/es\/wp-json\/wp\/v2\/product\/8720","targetHints":{"allow":["GET"]}}],"collection":[{"href":"https:\/\/paxspain.com\/es\/wp-json\/wp\/v2\/product"}],"about":[{"href":"https:\/\/paxspain.com\/es\/wp-json\/wp\/v2\/types\/product"}],"replies":[{"embeddable":true,"href":"https:\/\/paxspain.com\/es\/wp-json\/wp\/v2\/comments?post=8720"}],"wp:featuredmedia":[{"embeddable":true,"href":"https:\/\/paxspain.com\/es\/wp-json\/wp\/v2\/media\/8545"}],"wp:attachment":[{"href":"https:\/\/paxspain.com\/es\/wp-json\/wp\/v2\/media?parent=8720"}],"wp:term":[{"taxonomy":"product_brand","embeddable":true,"href":"https:\/\/paxspain.com\/es\/wp-json\/wp\/v2\/product_brand?post=8720"},{"taxonomy":"product_cat","embeddable":true,"href":"https:\/\/paxspain.com\/es\/wp-json\/wp\/v2\/product_cat?post=8720"},{"taxonomy":"product_tag","embeddable":true,"href":"https:\/\/paxspain.com\/es\/wp-json\/wp\/v2\/product_tag?post=8720"}],"curies":[{"name":"wp","href":"https:\/\/api.w.org\/{rel}","templated":true}]}}