{"id":8722,"date":"2025-08-21T19:01:53","date_gmt":"2025-08-21T17:01:53","guid":{"rendered":"https:\/\/paxspain.com\/product\/bsk-purifa-2000\/"},"modified":"2026-02-26T18:58:56","modified_gmt":"2026-02-26T17:58:56","slug":"bsk-purifa-2000","status":"publish","type":"product","link":"https:\/\/paxspain.com\/es\/producto\/bsk-purifa-2000\/","title":{"rendered":"Purifa 2000"},"content":{"rendered":"<p data-start=\"698\" data-end=\"1098\">El <strong data-start=\"702\" data-end=\"721\">Purifa 2000<\/strong> es un potente dispositivo de filtraci\u00f3n de aire de grado profesional dise\u00f1ado para ofrecer una calidad de aire interior superior en entornos comerciales e institucionales de mayor tama\u00f1o. Con un <strong data-start=\"888\" data-end=\"924\">filtro HEPA H14 de alto rendimiento<\/strong>, <strong data-start=\"926\" data-end=\"953\">filtro de carb\u00f3n activado<\/strong> y <strong data-start=\"970\" data-end=\"984\">l\u00e1mparas UV-C<\/strong> integradas, captura y neutraliza hasta el <strong data-start=\"1020\" data-end=\"1031\">99,99 %<\/strong> de part\u00edculas en suspensi\u00f3n, virus, bacterias, al\u00e9rgenos y olores. <\/p>\n<p data-start=\"1100\" data-end=\"1474\">Su <strong data-start=\"1104\" data-end=\"1121\">ventilador EC de 280 mm<\/strong> garantiza un caudal de aire \u00f3ptimo de hasta <strong data-start=\"1155\" data-end=\"1169\">1.600 m\u00b3\/h<\/strong> manteniendo bajos niveles de ruido, lo que lo hace adecuado para uso continuo en oficinas, escuelas, hospitales e instalaciones de conferencias. Dise\u00f1ado para durar y ser f\u00e1cil de usar, el Purifa 2000 combina la eficiencia energ\u00e9tica con la tecnolog\u00eda m\u00e1s avanzada de limpieza del aire para crear entornos m\u00e1s seguros y saludables. <\/p>\n<p data-start=\"1476\" data-end=\"1624\">Un <strong data-start=\"1490\" data-end=\"1515\">sistema<\/strong> integrado <strong data-start=\"1490\" data-end=\"1515\">de control del CO\u2082<\/strong> puede activar ajustes del flujo de aire autom\u00e1ticamente cuando sea necesario, garantizando una calidad \u00f3ptima del aire interior en todo momento.<\/p>\n<h2 data-start=\"1631\" data-end=\"1650\"><strong data-start=\"1634\" data-end=\"1650\">Caracter\u00edsticas principales<\/strong><\/h2>\n<ul data-start=\"1651\" data-end=\"2448\">\n<li data-start=\"1651\" data-end=\"1770\">\n<p data-start=\"1653\" data-end=\"1770\"><strong data-start=\"1653\" data-end=\"1678\">Gran capacidad de flujo de aire<\/strong> &#8211; Purifica hasta <strong data-start=\"1696\" data-end=\"1710\">1.600 m\u00b3\/h<\/strong>, ideal para aulas grandes, espacios de reuni\u00f3n y oficinas.<\/p>\n<\/li>\n<li data-start=\"1771\" data-end=\"1884\">\n<p data-start=\"1773\" data-end=\"1884\"><strong data-start=\"1773\" data-end=\"1792\">Filtro HEPA H14<\/strong> &#8211; Captura el <strong data-start=\"1804\" data-end=\"1815\">99,99 %<\/strong> de las part\u00edculas suspendidas en el aire, incluido el polvo fino, las bacterias y los virus.<\/p>\n<\/li>\n<li data-start=\"1885\" data-end=\"1977\">\n<p data-start=\"1887\" data-end=\"1977\"><strong data-start=\"1887\" data-end=\"1909\">Esterilizaci\u00f3n UV-C<\/strong> &#8211; Elimina microorganismos nocivos, esporas de moho y agentes pat\u00f3genos.<\/p>\n<\/li>\n<li data-start=\"1978\" data-end=\"2077\">\n<p data-start=\"1980\" data-end=\"2077\"><strong data-start=\"1980\" data-end=\"2007\">Filtro de carb\u00f3n activado<\/strong> &#8211; Neutraliza los olores y los compuestos org\u00e1nicos vol\u00e1tiles (COV) nocivos.<\/p>\n<\/li>\n<li data-start=\"2078\" data-end=\"2167\">\n<p data-start=\"2080\" data-end=\"2167\"><strong data-start=\"2080\" data-end=\"2105\">Sensor de CO\u2082 integrado<\/strong>: controla la calidad del aire y optimiza el flujo de aire autom\u00e1ticamente.<\/p>\n<\/li>\n<li data-start=\"2168\" data-end=\"2264\">\n<p data-start=\"2170\" data-end=\"2264\"><strong data-start=\"2170\" data-end=\"2196\">Ventilador EC de alta eficiencia<\/strong> &#8211; El ventilador silencioso de 280 mm proporciona un funcionamiento potente y eficiente.<\/p>\n<\/li>\n<li data-start=\"2265\" data-end=\"2364\">\n<p data-start=\"2267\" data-end=\"2364\"><strong data-start=\"2267\" data-end=\"2291\">Calidad de construcci\u00f3n robusta<\/strong> &#8211; Dise\u00f1ada para un uso comercial continuo con componentes de larga duraci\u00f3n.<\/p>\n<\/li>\n<li data-start=\"2365\" data-end=\"2448\">\n<p data-start=\"2367\" data-end=\"2448\"><strong data-start=\"2367\" data-end=\"2393\">Bajo consumo energ\u00e9tico<\/strong>: equilibra un alto rendimiento con una eficiencia optimizada.<\/p>\n<\/li>\n<\/ul>\n<h2 data-start=\"2455\" data-end=\"2475\"><strong data-start=\"2458\" data-end=\"2475\">Informaci\u00f3n detallada<\/strong><\/h2>\n<ul data-start=\"2476\" data-end=\"3059\">\n<li data-start=\"2476\" data-end=\"2597\">\n<p data-start=\"2478\" data-end=\"2597\"><strong data-start=\"2478\" data-end=\"2500\">\u00c1reas de aplicaci\u00f3n:<\/strong> Aulas, hospitales, salas de conferencias, cl\u00ednicas, oficinas, bibliotecas y grandes espacios interiores.<\/p>\n<\/li>\n<li data-start=\"2598\" data-end=\"2968\">\n<p data-start=\"2600\" data-end=\"2625\"><strong data-start=\"2600\" data-end=\"2623\">Proceso de filtraci\u00f3n:<\/strong><\/p>\n<ol data-start=\"2628\" data-end=\"2968\">\n<li data-start=\"2628\" data-end=\"2701\">\n<p data-start=\"2631\" data-end=\"2701\"><strong data-start=\"2631\" data-end=\"2649\">Prefiltraci\u00f3n<\/strong> &#8211; Captura las part\u00edculas grandes, como el polvo y el pelo.<\/p>\n<\/li>\n<li data-start=\"2704\" data-end=\"2808\">\n<p data-start=\"2707\" data-end=\"2808\"><strong data-start=\"2707\" data-end=\"2726\">Filtro HEPA H14<\/strong> &#8211; Elimina part\u00edculas ultrafinas de hasta 0,3 micras con <strong data-start=\"2783\" data-end=\"2805\">un 99,99 % de eficacia<\/strong>.<\/p>\n<\/li>\n<li data-start=\"2811\" data-end=\"2887\">\n<p data-start=\"2814\" data-end=\"2887\"><strong data-start=\"2814\" data-end=\"2841\">Filtro de carb\u00f3n activado<\/strong> &#8211; Absorbe olores, humo y gases nocivos.<\/p>\n<\/li>\n<li data-start=\"2890\" data-end=\"2968\">\n<p data-start=\"2893\" data-end=\"2968\"><strong data-start=\"2893\" data-end=\"2915\">Esterilizaci\u00f3n UV-C<\/strong> &#8211; Neutraliza las bacterias, las esporas de moho y los virus.<\/p>\n<\/li>\n<\/ol>\n<\/li>\n<li data-start=\"2969\" data-end=\"3059\">\n<p data-start=\"2971\" data-end=\"3059\"><strong data-start=\"2971\" data-end=\"2987\">Mantenimiento:<\/strong> Compartimentos de filtro de f\u00e1cil acceso para una sustituci\u00f3n y mantenimiento r\u00e1pidos.<\/p>\n<\/li>\n<\/ul>\n<h2 data-start=\"3066\" data-end=\"3097\"><strong data-start=\"3069\" data-end=\"3097\">Especificaciones t\u00e9cnicas<\/strong><\/h2>\n<div class=\"_tableContainer_sk2ct_1\">\n<div class=\"_tableWrapper_sk2ct_13 group flex w-fit flex-col-reverse\">\n<table class=\"w-fit min-w-(--thread-content-width)\" data-start=\"3099\" data-end=\"3761\">\n<tbody data-start=\"3197\" data-end=\"3761\">\n<tr data-start=\"3197\" data-end=\"3245\">\n<td data-start=\"3197\" data-end=\"3223\" data-col-size=\"sm\"><strong data-start=\"3199\" data-end=\"3215\">Caudal de aire<\/strong><\/td>\n<td data-col-size=\"md\" data-start=\"3223\" data-end=\"3245\">1.600 m\u00b3\/h<\/td>\n<\/tr>\n<tr data-start=\"3246\" data-end=\"3294\">\n<td data-start=\"3246\" data-end=\"3272\" data-col-size=\"sm\"><strong data-start=\"3248\" data-end=\"3269\">Consumo de energ\u00eda<\/strong><\/td>\n<td data-col-size=\"md\" data-start=\"3272\" data-end=\"3294\">460 W &#8211; 630 W<\/td>\n<\/tr>\n<tr data-start=\"3295\" data-end=\"3343\">\n<td data-start=\"3295\" data-end=\"3321\" data-col-size=\"sm\"><strong data-start=\"3297\" data-end=\"3316\">Potencia de la l\u00e1mpara UV-C<\/strong><\/td>\n<td data-col-size=\"md\" data-start=\"3321\" data-end=\"3343\">3 \u00d7 55 W<\/td>\n<\/tr>\n<tr data-start=\"3344\" data-end=\"3392\">\n<td data-start=\"3344\" data-end=\"3370\" data-col-size=\"sm\"><strong data-start=\"3346\" data-end=\"3358\">Tipo de ventilador<\/strong><\/td>\n<td data-col-size=\"md\" data-start=\"3370\" data-end=\"3392\">Ventilador EC de 280 mm<\/td>\n<\/tr>\n<tr data-start=\"3393\" data-end=\"3467\">\n<td data-start=\"3393\" data-end=\"3419\" data-col-size=\"sm\"><strong data-start=\"3395\" data-end=\"3416\">Etapas de filtraci\u00f3n<\/strong><\/td>\n<td data-col-size=\"md\" data-start=\"3419\" data-end=\"3467\">Prefiltro, HEPA H14, carb\u00f3n activado, UV-C<\/td>\n<\/tr>\n<tr data-start=\"3468\" data-end=\"3520\">\n<td data-start=\"3468\" data-end=\"3494\" data-col-size=\"sm\"><strong data-start=\"3470\" data-end=\"3489\">Eficacia HEPA<\/strong><\/td>\n<td data-col-size=\"md\" data-start=\"3494\" data-end=\"3520\">99,99 % (norma H14)<\/td>\n<\/tr>\n<tr data-start=\"3521\" data-end=\"3568\">\n<td data-start=\"3521\" data-end=\"3546\" data-col-size=\"sm\"><strong data-start=\"3523\" data-end=\"3538\">Nivel sonoro<\/strong><\/td>\n<td data-col-size=\"md\" data-start=\"3546\" data-end=\"3568\">Dise\u00f1o silencioso<\/td>\n<\/tr>\n<tr data-start=\"3569\" data-end=\"3616\">\n<td data-start=\"3569\" data-end=\"3594\" data-col-size=\"sm\"><strong data-start=\"3571\" data-end=\"3592\">Tensi\u00f3n de funcionamiento<\/strong><\/td>\n<td data-col-size=\"md\" data-start=\"3594\" data-end=\"3616\">230V \/ 50Hz<\/td>\n<\/tr>\n<tr data-start=\"3617\" data-end=\"3666\">\n<td data-start=\"3617\" data-end=\"3642\" data-col-size=\"sm\"><strong data-start=\"3619\" data-end=\"3633\">Dimensiones<\/strong><\/td>\n<td data-col-size=\"md\" data-start=\"3642\" data-end=\"3666\">600 \u00d7 700 \u00d7 1.900 mm<\/td>\n<\/tr>\n<tr data-start=\"3667\" data-end=\"3713\">\n<td data-start=\"3667\" data-end=\"3691\" data-col-size=\"sm\"><strong data-start=\"3669\" data-end=\"3679\">Peso<\/strong><\/td>\n<td data-col-size=\"md\" data-start=\"3691\" data-end=\"3713\"><strong data-start=\"3693\" data-end=\"3704\">~200 kg<\/strong><\/td>\n<\/tr>\n<tr data-start=\"3714\" data-end=\"3761\">\n<td data-start=\"3714\" data-end=\"3738\" data-col-size=\"sm\"><strong data-start=\"3716\" data-end=\"3726\">Carcasa<\/strong><\/td>\n<td data-col-size=\"md\" data-start=\"3738\" data-end=\"3761\">Acero con recubrimiento de polvo<\/td>\n<\/tr>\n<\/tbody>\n<\/table>\n<\/div>\n<\/div>\n<div class=\"_tableContainer_sk2ct_1\"><\/div>\n<p data-start=\"1420\" data-end=\"1709\">\n","protected":false},"excerpt":{"rendered":"<p>El <strong data-start=\"278\" data-end=\"297\">Purifa 2000<\/strong> es un <strong data-start=\"303\" data-end=\"344\">sistema de purificaci\u00f3n de aire de alta capacidad<\/strong> dise\u00f1ado para espacios amplios como aulas, salas de conferencias, oficinas e instalaciones sanitarias. Equipado con un avanzado <strong data-start=\"471\" data-end=\"504\">sistema de filtraci\u00f3n multietapa<\/strong>, que incluye <strong data-start=\"516\" data-end=\"536\">filtros HEPA H14<\/strong>, <strong data-start=\"538\" data-end=\"558\">carb\u00f3n activado<\/strong> y <strong data-start=\"564\" data-end=\"586\">esterilizaci\u00f3n UV-C<\/strong>, proporciona hasta <strong data-start=\"606\" data-end=\"620\">1600 m\u00b3\/h<\/strong> de aire purificado con una eficiencia excepcional. Con un dise\u00f1o limpio y funcional, se integra f\u00e1cilmente en interiores modernos sin llamar la atenci\u00f3n. Seg\u00fan la instalaci\u00f3n, el Purifa 2000 es adecuado para funcionamiento continuo o intermitente y ayuda a mantener un ambiente de ba\u00f1o m\u00e1s fresco con un esfuerzo m\u00ednimo.   <\/p>\n","protected":false},"featured_media":9338,"comment_status":"closed","ping_status":"closed","template":"","meta":{"_et_pb_use_builder":"","_et_pb_old_content":"","_et_gb_content_width":""},"product_brand":[192],"product_cat":[111],"product_tag":[],"class_list":{"0":"post-8722","1":"product","2":"type-product","3":"status-publish","4":"has-post-thumbnail","6":"product_brand-bsk","7":"product_cat-purificadores-de-aire","8":"pa_product-type-purificador-de-aire","10":"first","11":"instock","12":"taxable","13":"shipping-taxable","14":"purchasable","15":"product-type-simple"},"jetpack_sharing_enabled":true,"_links":{"self":[{"href":"https:\/\/paxspain.com\/es\/wp-json\/wp\/v2\/product\/8722","targetHints":{"allow":["GET"]}}],"collection":[{"href":"https:\/\/paxspain.com\/es\/wp-json\/wp\/v2\/product"}],"about":[{"href":"https:\/\/paxspain.com\/es\/wp-json\/wp\/v2\/types\/product"}],"replies":[{"embeddable":true,"href":"https:\/\/paxspain.com\/es\/wp-json\/wp\/v2\/comments?post=8722"}],"wp:featuredmedia":[{"embeddable":true,"href":"https:\/\/paxspain.com\/es\/wp-json\/wp\/v2\/media\/9338"}],"wp:attachment":[{"href":"https:\/\/paxspain.com\/es\/wp-json\/wp\/v2\/media?parent=8722"}],"wp:term":[{"taxonomy":"product_brand","embeddable":true,"href":"https:\/\/paxspain.com\/es\/wp-json\/wp\/v2\/product_brand?post=8722"},{"taxonomy":"product_cat","embeddable":true,"href":"https:\/\/paxspain.com\/es\/wp-json\/wp\/v2\/product_cat?post=8722"},{"taxonomy":"product_tag","embeddable":true,"href":"https:\/\/paxspain.com\/es\/wp-json\/wp\/v2\/product_tag?post=8722"}],"curies":[{"name":"wp","href":"https:\/\/api.w.org\/{rel}","templated":true}]}}