{"id":8725,"date":"2025-08-19T13:05:32","date_gmt":"2025-08-19T11:05:32","guid":{"rendered":"https:\/\/paxspain.com\/product\/ventilador-silencioso-vent-axia-lo-carbon-continuo-humedad-temporizador-rejilla-cerrada\/"},"modified":"2026-02-26T18:58:47","modified_gmt":"2026-02-26T17:58:47","slug":"ventilador-silencioso-vent-axia-lo-carbon-continuo-humedad-temporizador-rejilla-cerrada","status":"publish","type":"product","link":"https:\/\/paxspain.com\/es\/producto\/ventilador-silencioso-vent-axia-lo-carbon-continuo-humedad-temporizador-rejilla-cerrada\/","title":{"rendered":"Rejilla cerrada silenciosa Lo-Carbon (con funci\u00f3n continua + higrostato + temporizador)"},"content":{"rendered":"<h2>Informaci\u00f3n t\u00e9cnica<\/h2>\n<div class=\"field field--name-field-product-ventilation-type field--type-entity-reference field--label-inline clearfix\">\n<div>\n<table>\n<tbody>\n<tr>\n<td><strong>Nivel de ruido<\/strong><\/td>\n<td>A partir de 12 dB(A) a 3 m (velocidad baja)<\/td>\n<\/tr>\n<tr>\n<td><strong>Flujo de aire (l\/s)<\/strong><\/td>\n<td>Trickle: 6 l\/s; Boost: ajustable +10 l\/s hasta 24 l\/s<\/td>\n<\/tr>\n<tr>\n<td><strong>Consumo de energ\u00eda<\/strong><\/td>\n<td>1,7 W a baja velocidad; 7,5 W a alta velocidad (aprox.)<\/td>\n<\/tr>\n<tr>\n<td><strong>Vida \u00fatil del motor<\/strong><\/td>\n<td>Hasta 40.000 horas<\/td>\n<\/tr>\n<tr>\n<td><strong>Garant\u00eda<\/strong><\/td>\n<td>5 a\u00f1os<\/td>\n<\/tr>\n<tr>\n<td><strong>Clasificaci\u00f3n IP<\/strong><\/td>\n<td>IPX5<\/td>\n<\/tr>\n<tr>\n<td><strong>Clasificaci\u00f3n de zona<\/strong><\/td>\n<td>Apto para Zona 1<\/td>\n<\/tr>\n<tr>\n<td><strong>Construcci\u00f3n<\/strong><\/td>\n<td>Rejilla cerrada; incluye persiana de contratiro; 0,7 kg<\/td>\n<\/tr>\n<tr>\n<td><strong>Opciones de montaje<\/strong><\/td>\n<td>Montaje en pared, techo, ventana o panel<\/td>\n<\/tr>\n<\/tbody>\n<\/table>\n<h2 data-start=\"449\" data-end=\"474\"><\/h2>\n<h2 data-start=\"449\" data-end=\"474\"><strong data-start=\"452\" data-end=\"472\">Descripci\u00f3n<\/strong><\/h2>\n<p data-start=\"475\" data-end=\"1065\">El <strong data-start=\"479\" data-end=\"503\">ventilador silencioso Lo-Carbon<\/strong> es un elegante extractor axial de 100 mm de la gama silenciosa de Vent-Axia, dise\u00f1ado para la ventilaci\u00f3n continua con control inteligente de la humedad. Sus ajustes de velocidad variable permiten ajustar con precisi\u00f3n el caudal de aire en el momento de la instalaci\u00f3n, para adaptarlo tanto a las demandas de goteo como de refuerzo. Cuando la humedad supera un umbral preestablecido, el ventilador pasa autom\u00e1ticamente al modo de refuerzo y sigue funcionando durante un periodo fijo de 15 minutos. El ventilador est\u00e1 dise\u00f1ado para un funcionamiento ultrasilencioso -a partir de s\u00f3lo 12 dB(A) a 3 metros-, lo que lo hace ideal para ba\u00f1os, aseos, cocinas y otras zonas sensibles.   <\/p>\n<p data-start=\"1067\" data-end=\"1411\">Fabricada con un motor de alta eficiencia y larga duraci\u00f3n, con una autonom\u00eda de hasta 40.000 horas de funcionamiento y 5 a\u00f1os de garant\u00eda, esta unidad con clasificaci\u00f3n IPX5 es compatible con la Zona 1 y cumple los Documentos Aprobados F y L de la Normativa de Edificaci\u00f3n.<\/p>\n<h2 data-start=\"1418\" data-end=\"1437\"><strong data-start=\"1421\" data-end=\"1437\">Caracter\u00edsticas principales<\/strong><\/h2>\n<ul data-start=\"1438\" data-end=\"2073\">\n<li data-start=\"1438\" data-end=\"1506\">\n<p data-start=\"1440\" data-end=\"1506\"><strong data-start=\"1440\" data-end=\"1465\">Funcionamiento ultrasilencioso<\/strong> &#8211; Ruido tan bajo como 12 dB(A) a 3 metros<\/p>\n<\/li>\n<li data-start=\"1507\" data-end=\"1612\">\n<p data-start=\"1509\" data-end=\"1612\"><strong data-start=\"1509\" data-end=\"1535\">Control de velocidad variable<\/strong> &#8211; Ajustes de flujo de aire de goteo y de refuerzo ajustables para una puesta en marcha flexible<\/p>\n<\/li>\n<li data-start=\"1613\" data-end=\"1719\">\n<p data-start=\"1615\" data-end=\"1719\"><strong data-start=\"1615\" data-end=\"1643\">Refuerzo activado por la humedad<\/strong> &#8211; Refuerzo autom\u00e1tico cuando aumentan los niveles de humedad, m\u00e1s temporizador de 15 minutos de rebasamiento<\/p>\n<\/li>\n<li data-start=\"1720\" data-end=\"1792\">\n<p data-start=\"1722\" data-end=\"1792\"><strong data-start=\"1722\" data-end=\"1741\">Motor de larga duraci\u00f3n<\/strong>: hasta 40.000 horas, con 5 a\u00f1os de garant\u00eda<\/p>\n<\/li>\n<li data-start=\"1793\" data-end=\"1858\">\n<p data-start=\"1795\" data-end=\"1858\"><strong data-start=\"1795\" data-end=\"1818\">Clasificaci\u00f3n IPX5 y Zona 1<\/strong> &#8211; Adecuado para instalaciones de ba\u00f1o<\/p>\n<\/li>\n<li data-start=\"1859\" data-end=\"1946\">\n<p data-start=\"1861\" data-end=\"1946\"><strong data-start=\"1861\" data-end=\"1885\">Cumple<\/strong> la normativa &#8211; Cumple la normativa de construcci\u00f3n del Reino Unido (Documentos aprobados F y L)<\/p>\n<\/li>\n<li data-start=\"1947\" data-end=\"2073\">\n<p data-start=\"1949\" data-end=\"2073\"><strong data-start=\"1949\" data-end=\"1975\">Instalaci\u00f3n vers\u00e1til<\/strong> &#8211; Modelo de rejilla cerrada; se adapta a pared, techo, ventana o panel con persianas de contratiro incluidas<\/p>\n<\/li>\n<\/ul>\n<h2 data-start=\"2080\" data-end=\"2100\"><\/h2>\n<h2 data-start=\"2080\" data-end=\"2100\"><strong data-start=\"2083\" data-end=\"2100\">Informaci\u00f3n detallada<\/strong><\/h2>\n<ul data-start=\"2101\" data-end=\"2659\">\n<li data-start=\"2101\" data-end=\"2250\">\n<p data-start=\"2103\" data-end=\"2250\"><strong data-start=\"2103\" data-end=\"2119\">Instalaci\u00f3n<\/strong>: M\u00ednimo recorte en pared o techo; incluye persiana de contratiro. La velocidad variable se ajusta en el momento de la instalaci\u00f3n seg\u00fan las necesidades de caudal de aire. <\/p>\n<\/li>\n<li data-start=\"2251\" data-end=\"2390\">\n<p data-start=\"2253\" data-end=\"2390\"><strong data-start=\"2253\" data-end=\"2272\">Ciclo de funcionamiento<\/strong>: Funciona continuamente; se potencia cuando se detecta humedad; despu\u00e9s de la potencia contin\u00faa durante 15 minutos antes de volver al goteo.<\/p>\n<\/li>\n<li data-start=\"2391\" data-end=\"2524\">\n<p data-start=\"2393\" data-end=\"2524\"><strong data-start=\"2393\" data-end=\"2412\">Opciones de control<\/strong>: Sin mando a distancia manual &#8211; los umbrales de velocidad y humedad se fijan mediante ajustes internos del potenci\u00f3metro durante la instalaci\u00f3n.<\/p>\n<\/li>\n<li data-start=\"2525\" data-end=\"2659\">\n<p data-start=\"2527\" data-end=\"2659\"><strong data-start=\"2527\" data-end=\"2548\">\u00c1reas de aplicaci\u00f3n<\/strong>: Ideal para ba\u00f1os, aseos, lavaderos, cocinas&#8230; en cualquier lugar donde se necesite una ventilaci\u00f3n discreta y eficaz.<\/p>\n<\/li>\n<\/ul>\n<\/div>\n<\/div>\n","protected":false},"excerpt":{"rendered":"<p>El <strong data-start=\"166\" data-end=\"226\">ventilador silencioso Lo-Carbon de 100 mm (continuo, temporizador de humedad)<\/strong> proporciona una ventilaci\u00f3n silenciosa y de bajo consumo con velocidad regulable, refuerzo autom\u00e1tico activado por la humedad y un motor duradero de larga vida \u00fatil, ideal para una ventilaci\u00f3n discreta y fiable en ba\u00f1os y espacios utilitarios.<\/p>\n<p>Documentos:<\/p>\n<ul>\n<li><a href=\"https:\/\/paxspain.com\/wp-content\/uploads\/2025\/08\/silent_fan_fw.pdf\">Gu\u00eda de instalaci\u00f3n del ventilador silencioso Vent-Axia Lo-Carbon &#8211; Ingl\u00e9s<\/a><\/li>\n<li><a href=\"https:\/\/paxspain.com\/wp-content\/uploads\/2025\/08\/VA-Silent-Fan-VG479089VA-Spanish.pdf\">Gu\u00eda de instalaci\u00f3n del ventilador silencioso Vent-Axia Lo-Carbon &#8211; Espa\u00f1ol<\/a><\/li>\n<li><a href=\"https:\/\/paxspain.com\/wp-content\/uploads\/2025\/08\/VA_LC_Silent_Fan_Catalogue.pdf\">Cat\u00e1logo de ventiladores silenciosos Vent-Axia Lo-Carbon &#8211; Ingl\u00e9s<\/a><\/li>\n<li><a href=\"https:\/\/paxspain.com\/wp-content\/uploads\/2025\/08\/VA_LC_Silent_Fan_Homeowner.pdf\">Gu\u00eda del usuario del ventilador silencioso Vent-Axia Lo-Carbon &#8211; Ingl\u00e9s<\/a><\/li>\n<\/ul>\n<p><iframe loading=\"lazy\" title=\"Ventilador silencioso Lo-Carbon - Rejilla cerrada\" src=\"https:\/\/www.youtube.com\/embed\/d3cvsyqTNEI\" width=\"990\" height=\"557\" frameborder=\"0\" allowfullscreen=\"allowfullscreen\"><\/iframe><\/p>\n<p>&nbsp;<\/p>\n","protected":false},"featured_media":8501,"comment_status":"closed","ping_status":"closed","template":"","meta":{"_et_pb_use_builder":"","_et_pb_old_content":"","_et_gb_content_width":""},"product_brand":[179],"product_cat":[81],"product_tag":[],"class_list":{"0":"post-8725","1":"product","2":"type-product","3":"status-publish","4":"has-post-thumbnail","6":"product_brand-vent-axia","7":"product_cat-productos-de-ventilacion","8":"pa_product-type-ventilador-de-bano","10":"first","11":"instock","12":"sale","13":"taxable","14":"shipping-taxable","15":"purchasable","16":"product-type-simple"},"jetpack_sharing_enabled":true,"_links":{"self":[{"href":"https:\/\/paxspain.com\/es\/wp-json\/wp\/v2\/product\/8725","targetHints":{"allow":["GET"]}}],"collection":[{"href":"https:\/\/paxspain.com\/es\/wp-json\/wp\/v2\/product"}],"about":[{"href":"https:\/\/paxspain.com\/es\/wp-json\/wp\/v2\/types\/product"}],"replies":[{"embeddable":true,"href":"https:\/\/paxspain.com\/es\/wp-json\/wp\/v2\/comments?post=8725"}],"wp:featuredmedia":[{"embeddable":true,"href":"https:\/\/paxspain.com\/es\/wp-json\/wp\/v2\/media\/8501"}],"wp:attachment":[{"href":"https:\/\/paxspain.com\/es\/wp-json\/wp\/v2\/media?parent=8725"}],"wp:term":[{"taxonomy":"product_brand","embeddable":true,"href":"https:\/\/paxspain.com\/es\/wp-json\/wp\/v2\/product_brand?post=8725"},{"taxonomy":"product_cat","embeddable":true,"href":"https:\/\/paxspain.com\/es\/wp-json\/wp\/v2\/product_cat?post=8725"},{"taxonomy":"product_tag","embeddable":true,"href":"https:\/\/paxspain.com\/es\/wp-json\/wp\/v2\/product_tag?post=8725"}],"curies":[{"name":"wp","href":"https:\/\/api.w.org\/{rel}","templated":true}]}}