{"id":9230,"date":"2025-11-10T11:12:06","date_gmt":"2025-11-10T10:12:06","guid":{"rendered":"https:\/\/paxspain.com\/product\/pax-salsa-duo\/"},"modified":"2026-02-26T18:58:55","modified_gmt":"2026-02-26T17:58:55","slug":"pax-salsa-duo","status":"publish","type":"product","link":"https:\/\/paxspain.com\/es\/producto\/pax-salsa-duo\/","title":{"rendered":"Salsa Duo"},"content":{"rendered":"<h3><span style=\"color: #666666; font-size: 14px;\">El toallero el\u00e9ctrico Pax Duo Salsa aporta funcionalidad y sofisticaci\u00f3n a cualquier ba\u00f1o. Con sus seis escalones de suave curvatura, ofrece un amplio espacio para varias toallas manteniendo un perfil delgado y elegante. Fabricado en acero inoxidable, el Salsa est\u00e1 disponible en negro pulido o mate para adaptarse a su decoraci\u00f3n.  <\/span><\/h3>\n<h3 class=\"hidden-lg\"><span style=\"color: #666666; font-size: 14px;\">Dise\u00f1ado para ofrecer comodidad, el Salsa incluye temporizadores de un solo uso y repetitivos (de 3 o 6 horas), niveles de potencia ajustables (75 % o 50 %) y una conexi\u00f3n el\u00e9ctrica de doble cara para una instalaci\u00f3n flexible. Cumpliendo con los est\u00e1ndares de Ecodise\u00f1o de 2025, combina tecnolog\u00eda de vanguardia con la artesan\u00eda escandinava: un complemento elegante y eficiente para cualquier hogar. <\/span><\/h3>\n<h3 class=\"hidden-lg\">Medidas<\/h3>\n<div class=\"content\">\n<div class=\"row js-clear-empty \" data-rowid=\"190\">\n<div class=\"col-sm-12 \" data-columnid=\"308\">\n<div class=\"row attribute-categories js-hide-row \" data-rowid=\"192\">\n<div class=\"col-sm-12 \" data-columnid=\"312\">\n<section id=\"section_440\" class=\"section section_ProductAttributes section_440 \" data-lazysection-routevalues=\"{\"sectionid\":440}\" data-lazyload=\"false\" data-action=\"ProductDetail\/AttributeSection\" data-sectionid=\"440\" data-view=\"ProductDetail\/_AttributePlaceholders_Single_List\">\n<div class=\"product-additional-content\">\n<dl class=\"dl-horizontal\">\n<dt>Anchura del producto:<\/dt>\n<dd>540 mm<\/dd>\n<dt>Altura del producto:<\/dt>\n<dd>700 mm<\/dd>\n<dt>Profundidad del producto:<\/dt>\n<dd>120 mm<\/dd>\n<dt>Peso del producto:<\/dt>\n<dd>2,632 kg<\/dd>\n<\/dl>\n<\/div>\n<\/section>\n<\/div>\n<\/div>\n<div class=\"row attribute-categories js-hide-row \" data-rowid=\"193\">\n<div class=\"col-sm-12 \" data-columnid=\"314\">\n<section id=\"section_445\" class=\"section section_Content section_445 \" data-lazysection-routevalues=\"{\"sectionid\":445}\" data-lazyload=\"false\" data-action=\"Home\/ContentSection\" data-sectionid=\"445\" data-view=\"Content\/_ContentDetail\">\n<h3>Caracter\u00edsticas<\/h3>\n<\/section>\n<section id=\"section_442\" class=\"section section_ProductAttributes section_442 \" data-lazysection-routevalues=\"{\"sectionid\":442}\" data-lazyload=\"false\" data-action=\"ProductDetail\/AttributeSection\" data-sectionid=\"442\" data-view=\"ProductDetail\/_AttributePlaceholders_Single_List\">\n<div class=\"product-additional-content\">\n<dl class=\"dl-horizontal\">\n<dt>Funciones:<\/dt>\n<dd>Control de potencia, Temporizador repetitivo, Temporizador<\/dd>\n<dt>Tipo de instalaci\u00f3n, pared, techo, etc:<\/dt>\n<dd>Pared<\/dd>\n<dt>Vatios m\u00e1ximos (W):<\/dt>\n<dd>55 W<\/dd>\n<dt>Tensi\u00f3n de alimentaci\u00f3n (12V-400V):<\/dt>\n<dd>230 V CA<\/dd>\n<dt>Fase de alimentaci\u00f3n el\u00e9ctrica:<\/dt>\n<dd>1-Fase<\/dd>\n<dt>Clase de aislamiento:<\/dt>\n<dd>Yo (estar\u00e9 conectado a tierra de forma protectora)<\/dd>\n<dt>Protecci\u00f3n ( Ip ):<\/dt>\n<dd>IP X4<\/dd>\n<dt>Material:<\/dt>\n<dd>Acero inoxidable<\/dd>\n<\/dl>\n<\/div>\n<\/section>\n<\/div>\n<\/div>\n<\/div>\n<\/div>\n<\/div>\n","protected":false},"excerpt":{"rendered":"<p>Un elegante toallero de seis barras que combina curvas modernas con controles inteligentes. El Pax Duo Salsa ofrece lujo cotidiano con eficiencia energ\u00e9tica y atractivo atemporal, disponible en acero inoxidable pulido o negro mate. <\/p>\n","protected":false},"featured_media":9159,"comment_status":"closed","ping_status":"closed","template":"","meta":{"_et_pb_use_builder":"","_et_pb_old_content":"","_et_gb_content_width":""},"product_brand":[134],"product_cat":[76,80],"product_tag":[],"class_list":{"0":"post-9230","1":"product","2":"type-product","3":"status-publish","4":"has-post-thumbnail","6":"product_brand-pax","7":"product_cat-calienta-toallas","8":"product_cat-edicion-negra","9":"product_shipping_class-calentador-de-toallas-con-envio-gratis","10":"pa_product-type-toallero-calefactable","12":"first","13":"instock","14":"taxable","15":"shipping-taxable","16":"purchasable","17":"product-type-variable"},"jetpack_sharing_enabled":true,"_links":{"self":[{"href":"https:\/\/paxspain.com\/es\/wp-json\/wp\/v2\/product\/9230","targetHints":{"allow":["GET"]}}],"collection":[{"href":"https:\/\/paxspain.com\/es\/wp-json\/wp\/v2\/product"}],"about":[{"href":"https:\/\/paxspain.com\/es\/wp-json\/wp\/v2\/types\/product"}],"replies":[{"embeddable":true,"href":"https:\/\/paxspain.com\/es\/wp-json\/wp\/v2\/comments?post=9230"}],"wp:featuredmedia":[{"embeddable":true,"href":"https:\/\/paxspain.com\/es\/wp-json\/wp\/v2\/media\/9159"}],"wp:attachment":[{"href":"https:\/\/paxspain.com\/es\/wp-json\/wp\/v2\/media?parent=9230"}],"wp:term":[{"taxonomy":"product_brand","embeddable":true,"href":"https:\/\/paxspain.com\/es\/wp-json\/wp\/v2\/product_brand?post=9230"},{"taxonomy":"product_cat","embeddable":true,"href":"https:\/\/paxspain.com\/es\/wp-json\/wp\/v2\/product_cat?post=9230"},{"taxonomy":"product_tag","embeddable":true,"href":"https:\/\/paxspain.com\/es\/wp-json\/wp\/v2\/product_tag?post=9230"}],"curies":[{"name":"wp","href":"https:\/\/api.w.org\/{rel}","templated":true}]}}