{"id":9236,"date":"2025-11-10T11:21:23","date_gmt":"2025-11-10T10:21:23","guid":{"rendered":"https:\/\/paxspain.com\/product\/pax-samba-duo\/"},"modified":"2026-02-26T18:58:56","modified_gmt":"2026-02-26T17:58:56","slug":"pax-samba-duo","status":"publish","type":"product","link":"https:\/\/paxspain.com\/es\/producto\/pax-samba-duo\/","title":{"rendered":"Samba Duo"},"content":{"rendered":"<p data-start=\"1829\" data-end=\"2119\">Ideal para <strong data-start=\"1841\" data-end=\"1875\">ba\u00f1os peque\u00f1os o aseos<\/strong> , el <strong data-start=\"1881\" data-end=\"1898\">Pax Duo Samba<\/strong> combina la optimizaci\u00f3n del espacio con un dise\u00f1o atemporal. Sus <strong data-start=\"1951\" data-end=\"1973\">cinco escalones redondeados<\/strong> facilitan la colocaci\u00f3n de las toallas, mientras que su <strong data-start=\"2017\" data-end=\"2041\">reducido ancho de 450 mm<\/strong> garantiza que se ajuste perfectamente a espacios estrechos sin sacrificar el rendimiento. <\/p>\n<p data-start=\"2121\" data-end=\"2428\">Al igual que el resto de la gama Pax Duo, el Samba cuenta con <strong data-start=\"2176\" data-end=\"2219\">controles de temporizador intuitivos (3 o 6 horas)<\/strong> , <strong data-start=\"2221\" data-end=\"2248\">potencia ajustable<\/strong> y <strong data-start=\"2254\" data-end=\"2283\">cableado a la izquierda o a la derecha<\/strong> para una f\u00e1cil instalaci\u00f3n. Elija entre <strong data-start=\"2322\" data-end=\"2350\">acero inoxidable pulido<\/strong> para un acabado brillante y cl\u00e1sico o <strong data-start=\"2383\" data-end=\"2398\">negro mate<\/strong> para un estilo contempor\u00e1neo. <\/p>\n<p data-start=\"2430\" data-end=\"2558\">Ecol\u00f3gico y con marcado CE\/S de seguridad, el Samba es un calentador de toallas fiable y de bajo consumo, dise\u00f1ado para ofrecer comodidad y durabilidad.<\/p>\n<h3 class=\"hidden-lg\">Medidas<\/h3>\n<div class=\"content\">\n<div class=\"row js-clear-empty \" data-rowid=\"190\">\n<div class=\"col-sm-12 \" data-columnid=\"308\">\n<div class=\"row attribute-categories js-hide-row \" data-rowid=\"191\">\n<div class=\"col-sm-12 \" data-columnid=\"310\">\n<section id=\"section_437\" class=\"section section_ProductAttributes section_437 \" data-lazysection-routevalues=\"{\"sectionid\":437}\" data-lazyload=\"false\" data-action=\"ProductDetail\/AttributeSection\" data-sectionid=\"437\" data-view=\"ProductDetail\/_AttributePlaceholders_Single_List\">\n<div class=\"product-additional-content\">\n<dl class=\"dl-horizontal\">\n<dt>\n<div class=\"row attribute-categories js-hide-row \" data-rowid=\"192\">\n<div class=\"col-sm-12 \" data-columnid=\"312\">\n<section id=\"section_440\" class=\"section section_ProductAttributes section_440 \" data-lazysection-routevalues=\"{\"sectionid\":440}\" data-lazyload=\"false\" data-action=\"ProductDetail\/AttributeSection\" data-sectionid=\"440\" data-view=\"ProductDetail\/_AttributePlaceholders_Single_List\">\n<div class=\"product-additional-content\">\n<dl class=\"dl-horizontal\">\n<dt>Anchura del producto:<\/dt>\n<dd>450 mm<\/dd>\n<dt>Altura del producto:<\/dt>\n<dd>700 mm<\/dd>\n<dt>Profundidad del producto:<\/dt>\n<dd>120 mm<\/dd>\n<dt>Peso del producto:<\/dt>\n<dd>2.297 kg<\/dd>\n<\/dl>\n<\/div>\n<\/section>\n<\/div>\n<\/div>\n<div class=\"row attribute-categories js-hide-row \" data-rowid=\"193\">\n<div class=\"col-sm-12 \" data-columnid=\"314\">\n<section id=\"section_445\" class=\"section section_Content section_445 \" data-lazysection-routevalues=\"{\"sectionid\":445}\" data-lazyload=\"false\" data-action=\"Home\/ContentSection\" data-sectionid=\"445\" data-view=\"Content\/_ContentDetail\">\n<h3>Caracter\u00edsticas<\/h3>\n<\/section>\n<section id=\"section_442\" class=\"section section_ProductAttributes section_442 \" data-lazysection-routevalues=\"{\"sectionid\":442}\" data-lazyload=\"false\" data-action=\"ProductDetail\/AttributeSection\" data-sectionid=\"442\" data-view=\"ProductDetail\/_AttributePlaceholders_Single_List\">\n<div class=\"product-additional-content\">\n<dl class=\"dl-horizontal\">\n<dt>Funciones:<\/dt>\n<dd>Control de potencia, Temporizador repetitivo, Temporizador<\/dd>\n<dt>Tipo de instalaci\u00f3n, pared, techo, etc:<\/dt>\n<dd>Pared<\/dd>\n<dt>Vatios m\u00e1ximos (W):<\/dt>\n<dd>40 W<\/dd>\n<dt>Tensi\u00f3n de alimentaci\u00f3n (12V-400V):<\/dt>\n<dd>230 V CA<\/dd>\n<dt>Fase de alimentaci\u00f3n el\u00e9ctrica:<\/dt>\n<dd>1-Fase<\/dd>\n<dt>Clase de aislamiento:<\/dt>\n<dd>Yo (estar\u00e9 conectado a tierra de forma protectora)<\/dd>\n<dt>Protecci\u00f3n ( Ip ):<\/dt>\n<dd>IP X4<\/dd>\n<dt>Material:<\/dt>\n<dd>Acero inoxidable<\/dd>\n<\/dl>\n<\/div>\n<\/section>\n<\/div>\n<\/div>\n<\/dt>\n<\/dl>\n<\/div>\n<\/section>\n<\/div>\n<\/div>\n<\/div>\n<\/div>\n<\/div>\n","protected":false},"excerpt":{"rendered":"<p>Compacto y cl\u00e1sico, el Pax Duo Samba es un toallero el\u00e9ctrico de cinco etapas dise\u00f1ado para espacios reducidos. Una soluci\u00f3n elegante y de bajo consumo que proporciona toallas calientes y secas con estilo. <\/p>\n","protected":false},"featured_media":9198,"comment_status":"closed","ping_status":"closed","template":"","meta":{"_et_pb_use_builder":"","_et_pb_old_content":"","_et_gb_content_width":""},"product_brand":[134],"product_cat":[76,80],"product_tag":[],"class_list":{"0":"post-9236","1":"product","2":"type-product","3":"status-publish","4":"has-post-thumbnail","6":"product_brand-pax","7":"product_cat-calienta-toallas","8":"product_cat-edicion-negra","9":"product_shipping_class-calentador-de-toallas-con-envio-gratis","10":"pa_product-type-toallero-calefactable","12":"first","13":"instock","14":"taxable","15":"shipping-taxable","16":"purchasable","17":"product-type-variable"},"jetpack_sharing_enabled":true,"_links":{"self":[{"href":"https:\/\/paxspain.com\/es\/wp-json\/wp\/v2\/product\/9236","targetHints":{"allow":["GET"]}}],"collection":[{"href":"https:\/\/paxspain.com\/es\/wp-json\/wp\/v2\/product"}],"about":[{"href":"https:\/\/paxspain.com\/es\/wp-json\/wp\/v2\/types\/product"}],"replies":[{"embeddable":true,"href":"https:\/\/paxspain.com\/es\/wp-json\/wp\/v2\/comments?post=9236"}],"wp:featuredmedia":[{"embeddable":true,"href":"https:\/\/paxspain.com\/es\/wp-json\/wp\/v2\/media\/9198"}],"wp:attachment":[{"href":"https:\/\/paxspain.com\/es\/wp-json\/wp\/v2\/media?parent=9236"}],"wp:term":[{"taxonomy":"product_brand","embeddable":true,"href":"https:\/\/paxspain.com\/es\/wp-json\/wp\/v2\/product_brand?post=9236"},{"taxonomy":"product_cat","embeddable":true,"href":"https:\/\/paxspain.com\/es\/wp-json\/wp\/v2\/product_cat?post=9236"},{"taxonomy":"product_tag","embeddable":true,"href":"https:\/\/paxspain.com\/es\/wp-json\/wp\/v2\/product_tag?post=9236"}],"curies":[{"name":"wp","href":"https:\/\/api.w.org\/{rel}","templated":true}]}}