{"id":9242,"date":"2025-11-10T12:33:07","date_gmt":"2025-11-10T11:33:07","guid":{"rendered":"https:\/\/paxspain.com\/product\/pax-tango-duo\/"},"modified":"2026-02-26T18:59:03","modified_gmt":"2026-02-26T17:59:03","slug":"pax-tango-duo","status":"publish","type":"product","link":"https:\/\/paxspain.com\/es\/producto\/pax-tango-duo\/","title":{"rendered":"Tango Duo"},"content":{"rendered":"<div class=\"row attribute-categories js-hide-row \" data-rowid=\"192\">\n<div class=\"col-sm-12 \" data-columnid=\"312\">\n<section id=\"section_444\" class=\"section section_Content section_444 \" data-lazysection-routevalues=\"{\"sectionid\":444}\" data-lazyload=\"false\" data-action=\"Home\/ContentSection\" data-sectionid=\"444\" data-view=\"Content\/_ContentDetail\">\n<p data-start=\"2915\" data-end=\"3137\">El <strong data-start=\"2919\" data-end=\"2936\">inodoro Pax Duo Tango<\/strong> aporta un toque arquitect\u00f3nico moderno a tu ba\u00f1o. Con sus <strong data-start=\"3000\" data-end=\"3032\">tubos cuadrados y rectos<\/strong> y su dise\u00f1o de seis niveles, ofrece un aspecto estructurado y sofisticado, ideal para interiores contempor\u00e1neos. <\/p>\n<p data-start=\"3139\" data-end=\"3504\">Fabricado en <strong data-start=\"3158\" data-end=\"3177\">acero inoxidable<\/strong> de primera calidad, el Tango est\u00e1 disponible en acabados <strong data-start=\"3210\" data-end=\"3222\">pulido<\/strong> y <strong data-start=\"3227\" data-end=\"3242\">negro mate<\/strong> . Su temporizador intuitivo permite seleccionar <strong data-start=\"3293\" data-end=\"3323\">ciclos de calentamiento de 3 o 6 horas<\/strong> , ya sea una sola vez o de forma diaria, y la <strong data-start=\"3369\" data-end=\"3407\">potencia se puede reducir al 75 % o al 50 %<\/strong> para ahorrar energ\u00eda. Las <strong data-start=\"3432\" data-end=\"3459\">dos opciones de conexi\u00f3n<\/strong> facilitan la instalaci\u00f3n en cualquier lado.  <\/p>\n<p data-start=\"3506\" data-end=\"3641\">La Tango combina un estilo discreto con un rendimiento innovador: una elecci\u00f3n inteligente para quienes valoran tanto la est\u00e9tica como la practicidad.<\/p>\n<h3>Medidas<\/h3>\n<\/section>\n<section id=\"section_440\" class=\"section section_ProductAttributes section_440 \" data-lazysection-routevalues=\"{\"sectionid\":440}\" data-lazyload=\"false\" data-action=\"ProductDetail\/AttributeSection\" data-sectionid=\"440\" data-view=\"ProductDetail\/_AttributePlaceholders_Single_List\">\n<div class=\"product-additional-content\">\n<dl class=\"dl-horizontal\">\n<dt>Anchura del producto:<\/dt>\n<dd>540 mm<\/dd>\n<dt>Altura del producto:<\/dt>\n<dd>700 mm<\/dd>\n<dt>Profundidad del producto:<\/dt>\n<dd>110 mm<\/dd>\n<dt>Peso del producto:<\/dt>\n<dd>3,086 kg<\/dd>\n<\/dl>\n<\/div>\n<\/section>\n<\/div>\n<\/div>\n<div class=\"row attribute-categories js-hide-row \" data-rowid=\"193\">\n<div class=\"col-sm-12 \" data-columnid=\"314\">\n<section id=\"section_445\" class=\"section section_Content section_445 \" data-lazysection-routevalues=\"{\"sectionid\":445}\" data-lazyload=\"false\" data-action=\"Home\/ContentSection\" data-sectionid=\"445\" data-view=\"Content\/_ContentDetail\">\n<h3>Caracter\u00edsticas<\/h3>\n<\/section>\n<section id=\"section_442\" class=\"section section_ProductAttributes section_442 \" data-lazysection-routevalues=\"{\"sectionid\":442}\" data-lazyload=\"false\" data-action=\"ProductDetail\/AttributeSection\" data-sectionid=\"442\" data-view=\"ProductDetail\/_AttributePlaceholders_Single_List\">\n<div class=\"product-additional-content\">\n<dl class=\"dl-horizontal\">\n<dt>Funciones:<\/dt>\n<dd>Control de potencia, Temporizador repetitivo, Temporizador<\/dd>\n<dt>Tipo de instalaci\u00f3n, pared, techo, etc:<\/dt>\n<dd>Pared<\/dd>\n<dt>Vatios m\u00e1ximos (W):<\/dt>\n<dd>50 W<\/dd>\n<dt>Tensi\u00f3n de alimentaci\u00f3n (12V-400V):<\/dt>\n<dd>230 V CA<\/dd>\n<dt>Fase de alimentaci\u00f3n el\u00e9ctrica:<\/dt>\n<dd>1-Fase<\/dd>\n<dt>Clase de aislamiento:<\/dt>\n<dd>Yo (estar\u00e9 conectado a tierra de forma protectora)<\/dd>\n<dt>Protecci\u00f3n ( Ip ):<\/dt>\n<dd>IP X4<\/dd>\n<dt>Material:<\/dt>\n<dd>Acero inoxidable<\/dd>\n<\/dl>\n<\/div>\n<\/section>\n<\/div>\n<\/div>\n<div class=\"content\">\n<div class=\"row js-clear-empty \" data-rowid=\"190\">\n<div class=\"col-sm-12 \" data-columnid=\"308\">\n<div class=\"row attribute-categories js-hide-row \" data-rowid=\"193\">\n<div class=\"col-sm-12 \" data-columnid=\"314\">\n<section id=\"section_442\" class=\"section section_ProductAttributes section_442 \" data-lazysection-routevalues=\"{\"sectionid\":442}\" data-lazyload=\"false\" data-action=\"ProductDetail\/AttributeSection\" data-sectionid=\"442\" data-view=\"ProductDetail\/_AttributePlaceholders_Single_List\">\n<p data-start=\"1829\" data-end=\"2119\">.<\/p>\n<\/section>\n<\/div>\n<\/div>\n<\/div>\n<\/div>\n<\/div>\n","protected":false},"excerpt":{"rendered":"<p>Un toallero el\u00e9ctrico minimalista de seis etapas con l\u00edneas limpias y cuadradas. El Pax Duo Tango ofrece un dise\u00f1o moderno, un control preciso y una comodidad sostenible en acabados negro pulido o mate. <\/p>\n","protected":false},"featured_media":9205,"comment_status":"closed","ping_status":"closed","template":"","meta":{"_et_pb_use_builder":"","_et_pb_old_content":"","_et_gb_content_width":""},"product_brand":[134],"product_cat":[76,80],"product_tag":[],"class_list":{"0":"post-9242","1":"product","2":"type-product","3":"status-publish","4":"has-post-thumbnail","6":"product_brand-pax","7":"product_cat-calienta-toallas","8":"product_cat-edicion-negra","9":"product_shipping_class-calentador-de-toallas-con-envio-gratis","10":"pa_product-type-toallero-calefactable","12":"first","13":"instock","14":"taxable","15":"shipping-taxable","16":"purchasable","17":"product-type-variable"},"jetpack_sharing_enabled":true,"_links":{"self":[{"href":"https:\/\/paxspain.com\/es\/wp-json\/wp\/v2\/product\/9242","targetHints":{"allow":["GET"]}}],"collection":[{"href":"https:\/\/paxspain.com\/es\/wp-json\/wp\/v2\/product"}],"about":[{"href":"https:\/\/paxspain.com\/es\/wp-json\/wp\/v2\/types\/product"}],"replies":[{"embeddable":true,"href":"https:\/\/paxspain.com\/es\/wp-json\/wp\/v2\/comments?post=9242"}],"wp:featuredmedia":[{"embeddable":true,"href":"https:\/\/paxspain.com\/es\/wp-json\/wp\/v2\/media\/9205"}],"wp:attachment":[{"href":"https:\/\/paxspain.com\/es\/wp-json\/wp\/v2\/media?parent=9242"}],"wp:term":[{"taxonomy":"product_brand","embeddable":true,"href":"https:\/\/paxspain.com\/es\/wp-json\/wp\/v2\/product_brand?post=9242"},{"taxonomy":"product_cat","embeddable":true,"href":"https:\/\/paxspain.com\/es\/wp-json\/wp\/v2\/product_cat?post=9242"},{"taxonomy":"product_tag","embeddable":true,"href":"https:\/\/paxspain.com\/es\/wp-json\/wp\/v2\/product_tag?post=9242"}],"curies":[{"name":"wp","href":"https:\/\/api.w.org\/{rel}","templated":true}]}}