{"id":9248,"date":"2025-11-10T12:47:37","date_gmt":"2025-11-10T11:47:37","guid":{"rendered":"https:\/\/paxspain.com\/product\/pax-foxtrot-duo\/"},"modified":"2026-02-26T18:59:04","modified_gmt":"2026-02-26T17:59:04","slug":"pax-foxtrot-duo","status":"publish","type":"product","link":"https:\/\/paxspain.com\/es\/producto\/pax-foxtrot-duo\/","title":{"rendered":"Foxtrot Duo"},"content":{"rendered":"<div class=\"row attribute-categories js-hide-row \" data-rowid=\"192\">\n<div class=\"col-sm-12 \" data-columnid=\"312\">\n<section id=\"section_444\" class=\"section section_Content section_444 \" data-lazysection-routevalues=\"{\"sectionid\":444}\" data-lazyload=\"false\" data-action=\"Home\/ContentSection\" data-sectionid=\"444\" data-view=\"Content\/_ContentDetail\">\n<div class=\"row attribute-categories js-hide-row \" data-rowid=\"192\">\n<div class=\"col-sm-12 \" data-columnid=\"312\">\n<section id=\"section_444\" class=\"section section_Content section_444 \" data-lazysection-routevalues=\"{\"sectionid\":444}\" data-lazyload=\"false\" data-action=\"Home\/ContentSection\" data-sectionid=\"444\" data-view=\"Content\/_ContentDetail\">\n<p data-start=\"3993\" data-end=\"4305\">Para quienes necesitan mayor capacidad de secado y calor, el toallero el\u00e9ctrico <strong data-start=\"4048\" data-end=\"4067\">Pax Duo Foxtrot<\/strong> es la opci\u00f3n ideal. Con <strong data-start=\"4108\" data-end=\"4130\">ocho escalones curvos<\/strong> y una estructura m\u00e1s ancha, ofrece un rendimiento excepcional y un gran impacto visual. Su <strong data-start=\"4209\" data-end=\"4223\">potencia de 80 W<\/strong> lo hace perfecto para ba\u00f1os grandes, espacios familiares compartidos o ambientes tipo spa.  <\/p>\n<p data-start=\"4307\" data-end=\"4639\">Fabricado en <strong data-start=\"4317\" data-end=\"4336\">acero inoxidable<\/strong> y disponible en negro <strong data-start=\"4354\" data-end=\"4366\">pulido<\/strong> o <strong data-start=\"4370\" data-end=\"4385\">mate<\/strong> , el Foxtrot combina robustez y elegancia. Disfrute de un control flexible con <strong data-start=\"4459\" data-end=\"4481\">temporizadores de 3 o 6 horas<\/strong> , <strong data-start=\"4483\" data-end=\"4502\">modo continuo<\/strong> y <strong data-start=\"4508\" data-end=\"4535\">potencia ajustable<\/strong> (75 % o 50 %). Su <strong data-start=\"4554\" data-end=\"4584\">doble conexi\u00f3n el\u00e9ctrica<\/strong> garantiza una instalaci\u00f3n sencilla y adaptable a cualquier espacio.  <\/p>\n<p data-start=\"4641\" data-end=\"4787\">En conformidad con las pr\u00f3ximas <strong data-start=\"4665\" data-end=\"4690\">normativas de Ecodise\u00f1o<\/strong> , la Foxtrot es una opci\u00f3n preparada para el futuro que une la innovaci\u00f3n escandinava con la comodidad cotidiana.<\/p>\n<h3>Medidas<\/h3>\n<\/section>\n<section id=\"section_440\" class=\"section section_ProductAttributes section_440 \" data-lazysection-routevalues=\"{\"sectionid\":440}\" data-lazyload=\"false\" data-action=\"ProductDetail\/AttributeSection\" data-sectionid=\"440\" data-view=\"ProductDetail\/_AttributePlaceholders_Single_List\">\n<div class=\"product-additional-content\">\n<dl class=\"dl-horizontal\">\n<dt>Anchura del producto:<\/dt>\n<dd>530 mm<\/dd>\n<dt>Altura del producto:<\/dt>\n<dd>815 mm<\/dd>\n<dt>Profundidad del producto:<\/dt>\n<dd>119 mm<\/dd>\n<dt>Peso del producto:<\/dt>\n<dd>3,134 kg<\/dd>\n<\/dl>\n<\/div>\n<\/section>\n<\/div>\n<\/div>\n<div class=\"row attribute-categories js-hide-row \" data-rowid=\"193\">\n<div class=\"col-sm-12 \" data-columnid=\"314\">\n<section id=\"section_445\" class=\"section section_Content section_445 \" data-lazysection-routevalues=\"{\"sectionid\":445}\" data-lazyload=\"false\" data-action=\"Home\/ContentSection\" data-sectionid=\"445\" data-view=\"Content\/_ContentDetail\">\n<h3>Caracter\u00edsticas<\/h3>\n<\/section>\n<section id=\"section_442\" class=\"section section_ProductAttributes section_442 \" data-lazysection-routevalues=\"{\"sectionid\":442}\" data-lazyload=\"false\" data-action=\"ProductDetail\/AttributeSection\" data-sectionid=\"442\" data-view=\"ProductDetail\/_AttributePlaceholders_Single_List\">\n<div class=\"product-additional-content\">\n<dl class=\"dl-horizontal\">\n<dt>Funciones:<\/dt>\n<dd>Control de potencia, Temporizador repetitivo, Temporizador<\/dd>\n<dt>Tipo de instalaci\u00f3n, pared, techo, etc:<\/dt>\n<dd>Pared<\/dd>\n<dt>Vatios m\u00e1ximos (W):<\/dt>\n<dd>80 W<\/dd>\n<dt>Tensi\u00f3n de alimentaci\u00f3n (12V-400V):<\/dt>\n<dd>230 V CA<\/dd>\n<dt>Fase de alimentaci\u00f3n el\u00e9ctrica:<\/dt>\n<dd>1-Fase<\/dd>\n<dt>Clase de aislamiento:<\/dt>\n<dd>Yo (estar\u00e9 conectado a tierra de forma protectora)<\/dd>\n<dt>Protecci\u00f3n ( Ip ):<\/dt>\n<dd>IP X4<\/dd>\n<dt>Material:<\/dt>\n<dd>Acero inoxidable<\/dd>\n<\/dl>\n<\/div>\n<\/section>\n<\/div>\n<\/div>\n<\/section>\n<\/div>\n<\/div>\n<div class=\"content\">\n<div class=\"row js-clear-empty \" data-rowid=\"190\">\n<div class=\"col-sm-12 \" data-columnid=\"308\">\n<div class=\"row attribute-categories js-hide-row \" data-rowid=\"193\">\n<div class=\"col-sm-12 \" data-columnid=\"314\">\n<section id=\"section_442\" class=\"section section_ProductAttributes section_442 \" data-lazysection-routevalues=\"{\"sectionid\":442}\" data-lazyload=\"false\" data-action=\"ProductDetail\/AttributeSection\" data-sectionid=\"442\" data-view=\"ProductDetail\/_AttributePlaceholders_Single_List\">\n<p data-start=\"1829\" data-end=\"2119\">.<\/p>\n<\/section>\n<\/div>\n<\/div>\n<\/div>\n<\/div>\n<\/div>\n","protected":false},"excerpt":{"rendered":"<p>El <strong data-start=\"1504\" data-end=\"1523\">PAX Foxtrot Duo<\/strong> es un <strong data-start=\"1559\" data-end=\"1584\">calentador de toallas el\u00e9ctrico<\/strong> elegante y de bajo consumo, dise\u00f1ado para mantener las toallas secas, c\u00e1lidas y listas para usar. Con una potencia de 80 W y ocho barras redondeadas, es ideal para ba\u00f1os grandes, espacios familiares o ambientes tipo spa. Elija entre un acabado de acero inoxidable pulido o negro mate para un aspecto moderno. El temporizador integrado y los ajustes de potencia regulables facilitan el control del calor y el consumo de energ\u00eda. Su conexi\u00f3n el\u00e9ctrica dual flexible permite la instalaci\u00f3n en la mayor\u00eda de las configuraciones. Disfrutar de toallas confortables ser\u00e1 un placer diario sin esfuerzo.     <\/p>\n","protected":false},"featured_media":9223,"comment_status":"closed","ping_status":"closed","template":"","meta":{"_et_pb_use_builder":"","_et_pb_old_content":"","_et_gb_content_width":""},"product_brand":[134],"product_cat":[76,80],"product_tag":[],"class_list":{"0":"post-9248","1":"product","2":"type-product","3":"status-publish","4":"has-post-thumbnail","6":"product_brand-pax","7":"product_cat-calienta-toallas","8":"product_cat-edicion-negra","9":"product_shipping_class-calentador-de-toallas-con-envio-gratis","10":"pa_product-type-toallero-calefactable","12":"first","13":"instock","14":"taxable","15":"shipping-taxable","16":"purchasable","17":"product-type-variable"},"jetpack_sharing_enabled":true,"_links":{"self":[{"href":"https:\/\/paxspain.com\/es\/wp-json\/wp\/v2\/product\/9248","targetHints":{"allow":["GET"]}}],"collection":[{"href":"https:\/\/paxspain.com\/es\/wp-json\/wp\/v2\/product"}],"about":[{"href":"https:\/\/paxspain.com\/es\/wp-json\/wp\/v2\/types\/product"}],"replies":[{"embeddable":true,"href":"https:\/\/paxspain.com\/es\/wp-json\/wp\/v2\/comments?post=9248"}],"wp:featuredmedia":[{"embeddable":true,"href":"https:\/\/paxspain.com\/es\/wp-json\/wp\/v2\/media\/9223"}],"wp:attachment":[{"href":"https:\/\/paxspain.com\/es\/wp-json\/wp\/v2\/media?parent=9248"}],"wp:term":[{"taxonomy":"product_brand","embeddable":true,"href":"https:\/\/paxspain.com\/es\/wp-json\/wp\/v2\/product_brand?post=9248"},{"taxonomy":"product_cat","embeddable":true,"href":"https:\/\/paxspain.com\/es\/wp-json\/wp\/v2\/product_cat?post=9248"},{"taxonomy":"product_tag","embeddable":true,"href":"https:\/\/paxspain.com\/es\/wp-json\/wp\/v2\/product_tag?post=9248"}],"curies":[{"name":"wp","href":"https:\/\/api.w.org\/{rel}","templated":true}]}}