{"id":9269,"date":"2025-11-10T17:13:46","date_gmt":"2025-11-10T16:13:46","guid":{"rendered":"https:\/\/paxspain.com\/?post_type=product&#038;p=9269"},"modified":"2026-02-26T18:36:07","modified_gmt":"2026-02-26T17:36:07","slug":"tr65-i-momento-ii-copy","status":"publish","type":"product","link":"https:\/\/paxspain.com\/es\/producto\/tr65-i-momento-ii-copy\/","title":{"rendered":"TR55 M2 Lite Acero Inoxidable"},"content":{"rendered":"<div class=\"row attribute-categories js-hide-row \" data-rowid=\"191\">\n<div class=\"col-sm-12 \" data-columnid=\"310\">\n<section id=\"section_437\" class=\"section section_ProductAttributes section_437 \" data-lazysection-routevalues=\"{\"sectionid\":437}\" data-lazyload=\"false\" data-action=\"ProductDetail\/AttributeSection\" data-sectionid=\"437\" data-view=\"ProductDetail\/_AttributePlaceholders_Single_List\">\n<div class=\"product-additional-content\">\n<dl class=\"dl-horizontal\">\n<dt><\/dt>\n<\/dl>\n<p data-start=\"1496\" data-end=\"2129\">El <strong data-start=\"1500\" data-end=\"1516\">TR55 M2 Lite<\/strong> es un elegante <strong data-start=\"1529\" data-end=\"1570\">toallero el\u00e9ctrico de acero inoxidable<\/strong> dise\u00f1ado para aportar confort diario a su ba\u00f1o. Su acabado pulido y dise\u00f1o de barra recta facilitan colgar y secar las toallas. El temporizador integrado <strong data-start=\"1724\" data-end=\"1749\">Momento II Lite<\/strong> le permite configurar un periodo de calentamiento de 6 horas o una repetici\u00f3n diaria con una pulsaci\u00f3n larga, para que sus toallas est\u00e9n c\u00e1lidas cuando las necesite. Con una potencia de 38 W y conexi\u00f3n mural adaptable, la instalaci\u00f3n es sencilla. Duradero, energ\u00e9ticamente eficiente y conforme a los est\u00e1ndares de ecodise\u00f1o, este toallero a\u00f1ade practicidad y estilo a los ba\u00f1os modernos.    <\/p>\n<dl class=\"dl-horizontal\">\n<dt><\/dt>\n<dt>N\u00ba art:<\/dt>\n<dd>3515-1<\/dd>\n<dt>EAN 13:<\/dt>\n<dd>7391477351515<\/dd>\n<dt>ETIM:<\/dt>\n<dd>EC003624<\/dd>\n<dt>E-nr:<\/dt>\n<dd>9412063<\/dd>\n<dt>RSK:<\/dt>\n<dd>8753168<\/dd>\n<\/dl>\n<\/div>\n<\/section>\n<\/div>\n<\/div>\n<div class=\"row attribute-categories js-hide-row \" data-rowid=\"192\">\n<div class=\"col-sm-12 \" data-columnid=\"312\">\n<section id=\"section_444\" class=\"section section_Content section_444 \" data-lazysection-routevalues=\"{\"sectionid\":444}\" data-lazyload=\"false\" data-action=\"Home\/ContentSection\" data-sectionid=\"444\" data-view=\"Content\/_ContentDetail\">\n<h3>Medidas<\/h3>\n<\/section>\n<section id=\"section_440\" class=\"section section_ProductAttributes section_440 \" data-lazysection-routevalues=\"{\"sectionid\":440}\" data-lazyload=\"false\" data-action=\"ProductDetail\/AttributeSection\" data-sectionid=\"440\" data-view=\"ProductDetail\/_AttributePlaceholders_Single_List\">\n<div class=\"product-additional-content\">\n<dl class=\"dl-horizontal\">\n<dt>Anchura del producto:<\/dt>\n<dd>460 mm<\/dd>\n<dt>Altura del producto:<\/dt>\n<dd>740 mm<\/dd>\n<dt>Profundidad del producto:<\/dt>\n<dd>112 mm<\/dd>\n<dt>Peso del producto:<\/dt>\n<dd>2,5 kg<\/dd>\n<\/dl>\n<\/div>\n<\/section>\n<\/div>\n<\/div>\n<div class=\"row attribute-categories js-hide-row \" data-rowid=\"193\">\n<div class=\"col-sm-12 \" data-columnid=\"314\">\n<section id=\"section_445\" class=\"section section_Content section_445 \" data-lazysection-routevalues=\"{\"sectionid\":445}\" data-lazyload=\"false\" data-action=\"Home\/ContentSection\" data-sectionid=\"445\" data-view=\"Content\/_ContentDetail\">\n<h3>Caracter\u00edsticas<\/h3>\n<\/section>\n<section id=\"section_442\" class=\"section section_ProductAttributes section_442 \" data-lazysection-routevalues=\"{\"sectionid\":442}\" data-lazyload=\"false\" data-action=\"ProductDetail\/AttributeSection\" data-sectionid=\"442\" data-view=\"ProductDetail\/_AttributePlaceholders_Single_List\">\n<div class=\"product-additional-content\">\n<dl class=\"dl-horizontal\">\n<dt>Funciones:<\/dt>\n<dd>Temporizador repetitivo, Temporizador<\/dd>\n<dt>Tipo de instalaci\u00f3n, pared, techo, etc:<\/dt>\n<dd>Pared<\/dd>\n<dt>Vatios m\u00e1ximos (W):<\/dt>\n<dd>38 W<\/dd>\n<dt>Tensi\u00f3n de alimentaci\u00f3n (12V-400V):<\/dt>\n<dd>230 V CA<\/dd>\n<dt>Fase de alimentaci\u00f3n el\u00e9ctrica:<\/dt>\n<dd>1-Fase<\/dd>\n<dt>Clase de aislamiento:<\/dt>\n<dd>II (no estar\u00e1 conectado a tierra de forma protectora)<\/dd>\n<dt>Protecci\u00f3n ( Ip ):<\/dt>\n<dd>IP 44<\/dd>\n<dt>Acabado:<\/dt>\n<dd>Pulido<\/dd>\n<dt>Material:<\/dt>\n<dd>Pl\u00e1stico, acero inoxidable<\/dd>\n<dt>Material Pl\u00e1stico Detalle:<\/dt>\n<dd>ABS<\/dd>\n<\/dl>\n<\/div>\n<\/section>\n<\/div>\n<\/div>\n","protected":false},"excerpt":{"rendered":"<p>Los calentadores TR son reversibles, lo que te ofrece varias opciones. T\u00fa mismo puedes decidir si quieres que sea fijo o pivotante. Para una instalaci\u00f3n fija en la pared, m\u00f3ntala con el soporte de montaje adicional suministrado. Estos toalleros calefactados son reversibles y se pueden instalar con la conexi\u00f3n a la red el\u00e9ctrica en cualquier esquina, lo que hace que TR sea f\u00e1cilmente ubicable en cualquier entorno.<\/p>\n<p>Elige entre tres anchuras, 460, 500 o 730 mm, todas tienen una altura de 750 mm.<\/p>\n<p>TR viene con Momento II&#x2122; instalado para instalaci\u00f3n el\u00e9ctrica oculta.<\/p>\n<p>El temporizador Momento II&#x2122; incorporado puede controlarse mediante la aplicaci\u00f3n o manualmente. A trav\u00e9s de la aplicaci\u00f3n tambi\u00e9n es posible ajustar distintos niveles de potencia, programar cu\u00e1ndo se calentar\u00e1 el secatoallas y emparejarlo con el ventilador de ba\u00f1o Pax Norte.  Entonces, el calentador de toallas se enciende autom\u00e1ticamente cuando el sensor de humedad del ventilador detecta un aumento del nivel de humedad, por ejemplo, cuando empiezas a ducharte.<\/p>\n","protected":false},"featured_media":9278,"comment_status":"open","ping_status":"closed","template":"","meta":{"_et_pb_use_builder":"","_et_pb_old_content":"","_et_gb_content_width":""},"product_brand":[134],"product_cat":[76],"product_tag":[],"class_list":{"0":"post-9269","1":"product","2":"type-product","3":"status-publish","4":"has-post-thumbnail","6":"product_brand-pax","7":"product_cat-calienta-toallas","8":"product_shipping_class-calentador-de-toallas-con-envio-gratis","9":"pa_product-type-toallero-calefactable","11":"first","12":"instock","13":"taxable","14":"shipping-taxable","15":"purchasable","16":"product-type-simple"},"jetpack_sharing_enabled":true,"_links":{"self":[{"href":"https:\/\/paxspain.com\/es\/wp-json\/wp\/v2\/product\/9269","targetHints":{"allow":["GET"]}}],"collection":[{"href":"https:\/\/paxspain.com\/es\/wp-json\/wp\/v2\/product"}],"about":[{"href":"https:\/\/paxspain.com\/es\/wp-json\/wp\/v2\/types\/product"}],"replies":[{"embeddable":true,"href":"https:\/\/paxspain.com\/es\/wp-json\/wp\/v2\/comments?post=9269"}],"wp:featuredmedia":[{"embeddable":true,"href":"https:\/\/paxspain.com\/es\/wp-json\/wp\/v2\/media\/9278"}],"wp:attachment":[{"href":"https:\/\/paxspain.com\/es\/wp-json\/wp\/v2\/media?parent=9269"}],"wp:term":[{"taxonomy":"product_brand","embeddable":true,"href":"https:\/\/paxspain.com\/es\/wp-json\/wp\/v2\/product_brand?post=9269"},{"taxonomy":"product_cat","embeddable":true,"href":"https:\/\/paxspain.com\/es\/wp-json\/wp\/v2\/product_cat?post=9269"},{"taxonomy":"product_tag","embeddable":true,"href":"https:\/\/paxspain.com\/es\/wp-json\/wp\/v2\/product_tag?post=9269"}],"curies":[{"name":"wp","href":"https:\/\/api.w.org\/{rel}","templated":true}]}}