{"id":9289,"date":"2025-11-10T19:30:20","date_gmt":"2025-11-10T18:30:20","guid":{"rendered":"https:\/\/paxspain.com\/?post_type=product&#038;p=9289"},"modified":"2026-03-18T17:38:09","modified_gmt":"2026-03-18T16:38:09","slug":"viola-550x1200","status":"publish","type":"product","link":"https:\/\/paxspain.com\/es\/producto\/viola-550x1200\/","title":{"rendered":"Viola 550&#215;1200 (con Momento II separado incluido)"},"content":{"rendered":"<div class=\"row attribute-categories js-hide-row \" data-rowid=\"191\">\n<div class=\"col-sm-12 \" data-columnid=\"310\">\n<section id=\"section_443\" class=\"section section_Content section_443 \" data-lazysection-routevalues=\"{\"sectionid\":443}\" data-lazyload=\"false\" data-action=\"Home\/ContentSection\" data-sectionid=\"443\" data-view=\"Content\/_ContentDetail\">El toallero calefactado Viola 550 \u00d7 1200 est\u00e1 dise\u00f1ado para ba\u00f1os que necesitan un calentamiento de toallas fiable sin saturar el espacio. Con sus proporciones equilibradas, se adapta a una amplia variedad de distribuciones, desde ba\u00f1os familiares hasta ba\u00f1os en suite. El formato vertical ofrece un amplio espacio para colgar toallas, a la vez que aporta un calor de fondo suave a la estancia. De aspecto sencillo y uso pr\u00e1ctico, este toallero calefactado es una opci\u00f3n s\u00f3lida para el confort diario del ba\u00f1o.   <\/p>\n<h3>C\u00f3digos de los art\u00edculos<\/h3>\n<\/section>\n<section id=\"section_579\" class=\"section section_ProductAttributes section_579 \" data-lazysection-routevalues=\"{\"sectionid\":579}\" data-lazyload=\"false\" data-action=\"ProductDetail\/AttributeSection\" data-sectionid=\"579\" data-view=\"ProductDetail\/_AttributePlaceholders_Single_List\">\n<div class=\"product-additional-content\">\n<dl class=\"dl-horizontal\">\n<dt>\n<div class=\"row attribute-categories js-hide-row \" data-rowid=\"191\">\n<div class=\"col-sm-12 \" data-columnid=\"310\">\n<section id=\"section_437\" class=\"section section_ProductAttributes section_437 \" data-lazysection-routevalues=\"{\"sectionid\":437}\" data-lazyload=\"false\" data-action=\"ProductDetail\/AttributeSection\" data-sectionid=\"437\" data-view=\"ProductDetail\/_AttributePlaceholders_Single_List\">\n<div class=\"product-additional-content\">\n<dl class=\"dl-horizontal\">\n<dt>N\u00ba art:<\/dt>\n<dd>24-4307<\/dd>\n<dt>EAN 13:<\/dt>\n<dd>7391477443074<\/dd>\n<dt>ETIM:<\/dt>\n<dd>EC011023<\/dd>\n<dt>E-nr:<\/dt>\n<dd>9411226<\/dd>\n<dt>RSK:<\/dt>\n<dd>8684777<\/dd>\n<\/dl>\n<\/div>\n<\/section>\n<\/div>\n<\/div>\n<div class=\"row attribute-categories js-hide-row \" data-rowid=\"192\">\n<div class=\"col-sm-12 \" data-columnid=\"312\">\n<section id=\"section_444\" class=\"section section_Content section_444 \" data-lazysection-routevalues=\"{\"sectionid\":444}\" data-lazyload=\"false\" data-action=\"Home\/ContentSection\" data-sectionid=\"444\" data-view=\"Content\/_ContentDetail\">\n<h3>Medidas<\/h3>\n<\/section>\n<section id=\"section_440\" class=\"section section_ProductAttributes section_440 \" data-lazysection-routevalues=\"{\"sectionid\":440}\" data-lazyload=\"false\" data-action=\"ProductDetail\/AttributeSection\" data-sectionid=\"440\" data-view=\"ProductDetail\/_AttributePlaceholders_Single_List\">\n<div class=\"product-additional-content\">\n<dl class=\"dl-horizontal\">\n<dt>Anchura del producto:<\/dt>\n<dd>550 mm<\/dd>\n<dt>Altura del producto:<\/dt>\n<dd>1200 mm<\/dd>\n<dt>Profundidad del producto:<\/dt>\n<dd>160 mm<\/dd>\n<dt>Peso del producto:<\/dt>\n<dd>10 kg<\/dd>\n<\/dl>\n<\/div>\n<\/section>\n<\/div>\n<\/div>\n<div class=\"row attribute-categories js-hide-row \" data-rowid=\"193\">\n<div class=\"col-sm-12 \" data-columnid=\"314\">\n<section id=\"section_445\" class=\"section section_Content section_445 \" data-lazysection-routevalues=\"{\"sectionid\":445}\" data-lazyload=\"false\" data-action=\"Home\/ContentSection\" data-sectionid=\"445\" data-view=\"Content\/_ContentDetail\">\n<h3>Caracter\u00edsticas<\/h3>\n<\/section>\n<section id=\"section_442\" class=\"section section_ProductAttributes section_442 \" data-lazysection-routevalues=\"{\"sectionid\":442}\" data-lazyload=\"false\" data-action=\"ProductDetail\/AttributeSection\" data-sectionid=\"442\" data-view=\"ProductDetail\/_AttributePlaceholders_Single_List\">\n<div class=\"product-additional-content\">\n<dl class=\"dl-horizontal\">\n<dt>Tipo de instalaci\u00f3n, pared, techo, etc:<\/dt>\n<dd>Pared<\/dd>\n<dt>Acabado:<\/dt>\n<dd>Pulido<\/dd>\n<dt>Material:<\/dt>\n<dd>Acero inoxidable<\/dd>\n<\/dl>\n<\/div>\n<\/section>\n<\/div>\n<\/div>\n<\/dt>\n<\/dl>\n<\/div>\n<\/section>\n<\/div>\n<\/div>\n","protected":false},"excerpt":{"rendered":"<p>Viola es ideal para ba\u00f1os que buscan un toallero calefactado con estilo. Tubos laterales cuadrados y tubos horizontales redondos en acero inoxidable pulido. <\/p>\n<p>Los calentadores combinados Pax se llenan de agua en el momento de la instalaci\u00f3n, y se calientan con un elemento el\u00e9ctrico Pax con el exclusivo temporizador Momento II&#x2122; y\/o conect\u00e1ndose a tu sistema de calefacci\u00f3n cerrado existente mediante una v\u00e1lvula de radiador.<\/p>\n<p>Ancho: 550 mm<br \/>\n Altura: 1200 mm<br \/>\n Acabado: Brillante<br \/>\n Material: Acero inoxidable<br \/>\n Punto de conexi\u00f3n: Abajo, derecha\/izquierda<br \/>\n Se suministra: Sin llenar, con accesorios de suspensi\u00f3n, tornillos, tacos, tapones ciegos y v\u00e1lvula de ventilaci\u00f3n.<\/p>\n<p><strong>Incluye elemento el\u00e9ctrico y temporizador Pax Momento II&#x2122; por separado (VG28-1012P).<\/strong><\/p>\n<p><img loading=\"lazy\" decoding=\"async\" class=\"alignnone size-medium wp-image-6515\" src=\"https:\/\/paxspain.com\/wp-content\/uploads\/2024\/12\/Momento-2-300x300.jpeg\" alt=\"\" width=\"300\" height=\"300\"><\/p>\n","protected":false},"featured_media":9295,"comment_status":"closed","ping_status":"closed","template":"","meta":{"_et_pb_use_builder":"","_et_pb_old_content":"","_et_gb_content_width":""},"product_brand":[134],"product_cat":[76],"product_tag":[],"class_list":{"0":"post-9289","1":"product","2":"type-product","3":"status-publish","4":"has-post-thumbnail","6":"product_brand-pax","7":"product_cat-calienta-toallas","8":"product_shipping_class-calentador-de-toallas-con-envio-gratis","9":"pa_product-type-toallero-calefactable","11":"first","12":"instock","13":"taxable","14":"shipping-taxable","15":"purchasable","16":"product-type-simple"},"jetpack_sharing_enabled":true,"_links":{"self":[{"href":"https:\/\/paxspain.com\/es\/wp-json\/wp\/v2\/product\/9289","targetHints":{"allow":["GET"]}}],"collection":[{"href":"https:\/\/paxspain.com\/es\/wp-json\/wp\/v2\/product"}],"about":[{"href":"https:\/\/paxspain.com\/es\/wp-json\/wp\/v2\/types\/product"}],"replies":[{"embeddable":true,"href":"https:\/\/paxspain.com\/es\/wp-json\/wp\/v2\/comments?post=9289"}],"wp:featuredmedia":[{"embeddable":true,"href":"https:\/\/paxspain.com\/es\/wp-json\/wp\/v2\/media\/9295"}],"wp:attachment":[{"href":"https:\/\/paxspain.com\/es\/wp-json\/wp\/v2\/media?parent=9289"}],"wp:term":[{"taxonomy":"product_brand","embeddable":true,"href":"https:\/\/paxspain.com\/es\/wp-json\/wp\/v2\/product_brand?post=9289"},{"taxonomy":"product_cat","embeddable":true,"href":"https:\/\/paxspain.com\/es\/wp-json\/wp\/v2\/product_cat?post=9289"},{"taxonomy":"product_tag","embeddable":true,"href":"https:\/\/paxspain.com\/es\/wp-json\/wp\/v2\/product_tag?post=9289"}],"curies":[{"name":"wp","href":"https:\/\/api.w.org\/{rel}","templated":true}]}}