{"id":9734,"date":"2025-11-24T18:56:13","date_gmt":"2025-11-24T17:56:13","guid":{"rendered":"https:\/\/paxspain.com\/product\/deshumidificador-inverter-plus-de-fairland\/"},"modified":"2026-02-26T18:36:14","modified_gmt":"2026-02-26T17:36:14","slug":"deshumidificador-inverter-plus-de-fairland","status":"publish","type":"product","link":"https:\/\/paxspain.com\/es\/producto\/deshumidificador-inverter-plus-de-fairland\/","title":{"rendered":"Inverter-Plus"},"content":{"rendered":"<p class=\"western\">El deshumidificador Fairland Inverter-Plus es una unidad de alta capacidad, ideal para grandes espacios interiores y especialmente indicada para villas, s\u00f3tanos y edificios comerciales donde se requiere un control de humedad fiable y constante para mantener una calidad de aire interior \u00f3ptima. Este modelo de deshumidificador en venta ajusta autom\u00e1ticamente la potencia y la velocidad del ventilador mediante tecnolog\u00eda inverter para mantener la estabilidad clim\u00e1tica interior con un rendimiento potente, reduciendo el consumo energ\u00e9tico hasta un 40 %. <\/p>\n<p class=\"western\">Los modelos de la serie Fairland Inverter-Plus ofrecen capacidades de extracci\u00f3n que van desde 35 hasta 120 litros por d\u00eda, con algunas unidades capaces de manejar condiciones exigentes. Funcionan de forma silenciosa y discreta, y el avanzado compresor DC y el motor de ventilador DC sin escobillas garantizan su larga vida \u00fatil. <\/p>\n<p class=\"western\">El deshumidificador Fairland es un dispositivo que conserva numerosas caracter\u00edsticas \u00fanicas, como el control inteligente, que aportan comodidad y flexibilidad. Algunos modelos utilizan temporizadores programables para establecer las horas exactas de inicio y parada. Varios modelos disponen de un calefactor el\u00e9ctrico opcional integrado en la unidad central para proporcionar calor suplementario a niveles \u00f3ptimos de humedad, utilizando la funci\u00f3n deshumidificadora.  <\/p>\n<p class=\"western\">La unidad deshumidificadora Fairland est\u00e1 dise\u00f1ada para funcionar de forma continua con el m\u00ednimo mantenimiento. Las superficies lisas y el f\u00e1cil acceso al filtro hacen que la limpieza sea eficiente; una bomba de condensado disponible permite un drenaje flexible cuando no se dispone de drenaje por gravedad. Las ruedas del modelo Fairland permiten que la unidad sea m\u00f3vil, desplaz\u00e1ndose con facilidad de un espacio a otro cuando sea necesario.  <\/p>\n<p class=\"western\">El deshumidificador Fairland Inverter-Plus incorpora protecciones integradas que protegen el compresor, los elementos calefactores y los sensores, lo que lo convierte en una opci\u00f3n fiable para un funcionamiento constante en entornos donde el control eficaz de la humedad no puede verse comprometido.<\/p>\n<p class=\"western\">La unidad Fairland puede colocarse en el suelo o montarse en la pared con los accesorios incluidos. Se adapta a una amplia gama de distribuciones sin obstruir el flujo de aire. El movimiento constante del aire garantiza una eliminaci\u00f3n de humedad r\u00e1pida y eficiente en grandes superficies.  <\/p>\n<p class=\"western\">En general, el deshumidificador Fairland Inverter-Plus combina una potente extracci\u00f3n, un funcionamiento energ\u00e9ticamente eficiente, un funcionamiento silencioso y una funcionalidad inteligente en un \u00fanico sistema fiable. Este modelo resuelve problemas para cualquiera que necesite una soluci\u00f3n para el aire h\u00famedo constante, manteniendo el confort interior tanto en edificios residenciales como comerciales. <\/p>\n<p class=\"western\"><b>Especificaciones:<\/b><\/p>\n<p class=\"western\">Dimensiones:<\/p>\n<ul>\n<li class=\"western\">IDHE60 \u2013 850 \u00d7 291 \u00d7 770 mm<\/li>\n<li class=\"western\">IDHE96 \u2013 1120 \u00d7 291 \u00d7 770 mm<\/li>\n<li class=\"western\">IDHE120 \u2013 1220 \u00d7 291 \u00d7 770 mm<\/li>\n<\/ul>\n<p class=\"western\">Voltaje: 230V~\/1Ph\/50Hz<\/p>\n","protected":false},"excerpt":{"rendered":"<p>El deshumidificador Fairland Inverter-Plus ofrece un control de humedad de alto rendimiento con tecnolog\u00eda inverter de ahorro energ\u00e9tico. Dise\u00f1ado para espacios residenciales y comerciales de mayor tama\u00f1o, mantiene una humedad constante con un funcionamiento silencioso y una eficiencia excepcional. Con funciones de control inteligente y un dise\u00f1o elegante, es ideal para el confort interior y la calidad del aire durante todo el a\u00f1o. Basado en tecnolog\u00eda inverter avanzada, ajusta inteligentemente la potencia y la velocidad del ventilador para mantener una humedad estable, reduciendo el consumo energ\u00e9tico hasta un 40 %. Su compresor DC y ventilador DC sin escobillas ofrecen un rendimiento silencioso y una larga vida \u00fatil. Con funciones de control inteligente como conectividad Wi-Fi y temporizadores, adem\u00e1s de una selecci\u00f3n de capacidades de extracci\u00f3n de 35L, 45L, 60L, 90L y 120L, es perfecto para el confort durante todo el a\u00f1o y una mejor calidad del aire interior. F\u00e1cil de limpiar y m\u00f3vil con ruedas, est\u00e1 dise\u00f1ado para el uso diario.      <\/p>\n<p><a href=\"https:\/\/paxspain.com\/wp-content\/uploads\/2025\/11\/Dehumidifier-User%E2%80%98s-Manual-with-EH.pdf\">Manual de usuario del deshumidificador Fairland Inverter-Plus en ingl\u00e9s<\/a><br \/>\n<a href=\"https:\/\/paxspain.com\/wp-content\/uploads\/2025\/11\/Specifications-of-Dehumidifier-from-Fairland.pdf\">Especificaciones del deshumidificador Fairland Inverter-Plus en ingl\u00e9s<\/a><\/p>\n","protected":false},"featured_media":9651,"comment_status":"closed","ping_status":"closed","template":"","meta":{"_et_pb_use_builder":"","_et_pb_old_content":"","_et_gb_content_width":""},"product_brand":[178],"product_cat":[88],"product_tag":[],"class_list":{"0":"post-9734","1":"product","2":"type-product","3":"status-publish","4":"has-post-thumbnail","6":"product_brand-fairland","7":"product_cat-deshumidificadores","8":"pa_product-type-deshumidificador","10":"first","11":"instock","12":"taxable","13":"shipping-taxable","14":"purchasable","15":"product-type-variable"},"jetpack_sharing_enabled":true,"_links":{"self":[{"href":"https:\/\/paxspain.com\/es\/wp-json\/wp\/v2\/product\/9734","targetHints":{"allow":["GET"]}}],"collection":[{"href":"https:\/\/paxspain.com\/es\/wp-json\/wp\/v2\/product"}],"about":[{"href":"https:\/\/paxspain.com\/es\/wp-json\/wp\/v2\/types\/product"}],"replies":[{"embeddable":true,"href":"https:\/\/paxspain.com\/es\/wp-json\/wp\/v2\/comments?post=9734"}],"wp:featuredmedia":[{"embeddable":true,"href":"https:\/\/paxspain.com\/es\/wp-json\/wp\/v2\/media\/9651"}],"wp:attachment":[{"href":"https:\/\/paxspain.com\/es\/wp-json\/wp\/v2\/media?parent=9734"}],"wp:term":[{"taxonomy":"product_brand","embeddable":true,"href":"https:\/\/paxspain.com\/es\/wp-json\/wp\/v2\/product_brand?post=9734"},{"taxonomy":"product_cat","embeddable":true,"href":"https:\/\/paxspain.com\/es\/wp-json\/wp\/v2\/product_cat?post=9734"},{"taxonomy":"product_tag","embeddable":true,"href":"https:\/\/paxspain.com\/es\/wp-json\/wp\/v2\/product_tag?post=9734"}],"curies":[{"name":"wp","href":"https:\/\/api.w.org\/{rel}","templated":true}]}}