{"id":11748,"date":"2026-05-01T10:57:58","date_gmt":"2026-05-01T08:57:58","guid":{"rendered":"https:\/\/paxspain.com\/ofertas-e-descontos-especiais\/"},"modified":"2026-05-01T11:46:30","modified_gmt":"2026-05-01T09:46:30","slug":"ofertas-e-descontos-especiais","status":"publish","type":"page","link":"https:\/\/paxspain.com\/pt-pt\/ofertas-e-descontos-especiais\/","title":{"rendered":"Ofertas e Descontos Especiais"},"content":{"rendered":"<p>[et_pb_section fb_built=&#8221;1&#8243; _builder_version=&#8221;4.27.4&#8243; _module_preset=&#8221;default&#8221; global_colors_info=&#8221;{}&#8221;][et_pb_row _builder_version=&#8221;4.27.4&#8243; _module_preset=&#8221;default&#8221; global_colors_info=&#8221;{}&#8221;][et_pb_column type=&#8221;4_4&#8243; _builder_version=&#8221;4.27.4&#8243; _module_preset=&#8221;default&#8221; global_colors_info=&#8221;{}&#8221;][et_pb_heading title=&#8221;Ofertas e Descontos Especiais&#8221; _builder_version=&#8221;4.27.4&#8243; _module_preset=&#8221;default&#8221; hover_enabled=&#8221;0&#8243; sticky_enabled=&#8221;0&#8243;][\/et_pb_heading][et_pb_text _builder_version=&#8221;4.27.4&#8243; _module_preset=&#8221;default&#8221; hover_enabled=&#8221;0&#8243; sticky_enabled=&#8221;0&#8243;]<\/p>\n<p>Explore a nossa sele\u00e7\u00e3o de produtos, temporariamente dispon\u00edvel a um pre\u00e7o reduzido!<\/p>\n<p>[\/et_pb_text][et_pb_shop _builder_version=&#8221;4.27.4&#8243; _module_preset=&#8221;default&#8221; hover_enabled=&#8221;0&#8243; global_colors_info=&#8221;{}&#8221; type=&#8221;sale&#8221; posts_number=&#8221;24&#8243; sticky_enabled=&#8221;0&#8243; admin_label=&#8221;Woo Products&#8221;][\/et_pb_shop][\/et_pb_column][\/et_pb_row][\/et_pb_section]<\/p>\n","protected":false},"excerpt":{"rendered":"<p>Explore a nossa sele\u00e7\u00e3o de produtos, temporariamente dispon\u00edvel a um pre\u00e7o reduzido!<\/p>\n","protected":false},"author":74,"featured_media":0,"parent":0,"menu_order":0,"comment_status":"closed","ping_status":"closed","template":"","meta":{"_et_pb_use_builder":"on","_et_pb_old_content":"","_et_gb_content_width":"","footnotes":""},"class_list":["post-11748","page","type-page","status-publish","hentry"],"jetpack_sharing_enabled":true,"_links":{"self":[{"href":"https:\/\/paxspain.com\/pt-pt\/wp-json\/wp\/v2\/pages\/11748","targetHints":{"allow":["GET"]}}],"collection":[{"href":"https:\/\/paxspain.com\/pt-pt\/wp-json\/wp\/v2\/pages"}],"about":[{"href":"https:\/\/paxspain.com\/pt-pt\/wp-json\/wp\/v2\/types\/page"}],"author":[{"embeddable":true,"href":"https:\/\/paxspain.com\/pt-pt\/wp-json\/wp\/v2\/users\/74"}],"replies":[{"embeddable":true,"href":"https:\/\/paxspain.com\/pt-pt\/wp-json\/wp\/v2\/comments?post=11748"}],"version-history":[{"count":2,"href":"https:\/\/paxspain.com\/pt-pt\/wp-json\/wp\/v2\/pages\/11748\/revisions"}],"predecessor-version":[{"id":11750,"href":"https:\/\/paxspain.com\/pt-pt\/wp-json\/wp\/v2\/pages\/11748\/revisions\/11750"}],"wp:attachment":[{"href":"https:\/\/paxspain.com\/pt-pt\/wp-json\/wp\/v2\/media?parent=11748"}],"curies":[{"name":"wp","href":"https:\/\/api.w.org\/{rel}","templated":true}]}}