{"id":5001,"date":"2018-10-04T05:14:57","date_gmt":"2018-10-04T03:14:57","guid":{"rendered":"https:\/\/paxspain.com\/inicio\/"},"modified":"2025-11-13T13:12:15","modified_gmt":"2025-11-13T12:12:15","slug":"inicio","status":"publish","type":"page","link":"https:\/\/paxspain.com\/pt-pt\/","title":{"rendered":"In\u00edcio"},"content":{"rendered":"<p>[et_pb_section fb_built=&#8221;1&#8243; fullwidth=&#8221;on&#8221; _builder_version=&#8221;4.24.2&#8243; _module_preset=&#8221;default&#8221; global_colors_info=&#8221;{}&#8221;][et_pb_fullwidth_header _builder_version=&#8221;4.24.2&#8243; _module_preset=&#8221;default&#8221; min_height=&#8221;70px&#8221; custom_padding=&#8221;25px||4px|||&#8221; global_colors_info=&#8221;{}&#8221;][\/et_pb_fullwidth_header][\/et_pb_section][et_pb_section fb_built=&#8221;1&#8243; fullwidth=&#8221;on&#8221; _builder_version=&#8221;4.24.2&#8243; _module_preset=&#8221;default&#8221; global_colors_info=&#8221;{}&#8221;][et_pb_fullwidth_slider use_bg_overlay=&#8221;on&#8221; bg_overlay_color=&#8221;#000000&#8243; use_text_overlay=&#8221;off&#8221; _builder_version=&#8221;4.27.4&#8243; _module_preset=&#8221;default&#8221; header_text_align=&#8221;center&#8221; body_text_align=&#8221;center&#8221; body_font_size=&#8221;20px&#8221; background_image=&#8221;https:\/\/paxspain.com\/wp-content\/uploads\/2023\/04\/b52780d2-b66c-4e89-af95-ee54f9a8191c.jpeg&#8221; module_alignment=&#8221;center&#8221; content_width_tablet=&#8221;90%&#8221; content_width_phone=&#8221;99%&#8221; content_width_last_edited=&#8221;on|phone&#8221; min_height=&#8221;58vh&#8221; min_height_tablet=&#8221;55vh&#8221; min_height_phone=&#8221;67vh&#8221; min_height_last_edited=&#8221;on|phone&#8221; custom_css_slide_description=&#8221;max-width:900px;&#8221; global_colors_info=&#8221;{}&#8221; custom_css_slide_description_last_edited=&#8221;off|tablet&#8221;][et_pb_slide heading=&#8221;Ventilair Group&#8221; button_text=&#8221;Compra online agora&#8221; button_link=&#8221;#shop&#8221; use_bg_overlay=&#8221;off&#8221; use_text_overlay=&#8221;on&#8221; _builder_version=&#8221;4.27.4&#8243; _module_preset=&#8221;default&#8221; body_text_align=&#8221;center&#8221; background_image=&#8221;https:\/\/paxspain.com\/wp-content\/uploads\/2023\/04\/d8ce7c49-5a35-47a0-8b5e-003747b76971.jpeg&#8221; background_enable_image=&#8221;on&#8221; text_orientation=&#8221;center&#8221; width_last_edited=&#8221;off|desktop&#8221; max_width=&#8221;800px&#8221; max_width_tablet=&#8221;76%&#8221; max_width_last_edited=&#8221;off|phone&#8221; display_conditions=&#8221;W3siaWQiOiIyZDBjZTBmNy1mZWY5LTRkMDMtOGZlNS1lMmFhMjRhNjQ3NjYiLCJjb25kaXRpb24iOiJkYXRlVGltZSIsImNvbmRpdGlvblNldHRpbmdzIjp7ImRpc3BsYXlSdWxlIjoiaXNBZnRlciIsImRhdGUiOiIyMDIzLTEyLTIxIiwidGltZSI6IjAwOjAxIiwid2Vla2RheXMiOiJ8IiwiYWxsRGF5Ijoib24iLCJmcm9tVGltZSI6IjAwOjAwIiwidW50aWxUaW1lIjoiMDA6MDAiLCJyZXBlYXQiOiJvZmYiLCJyZXBlYXRGcmVxdWVuY3kiOiJtb250aGx5IiwicmVwZWF0RnJlcXVlbmN5U3BlY2lmaWNEYXlzIjoid2Vla2x5IiwicmVwZWF0RW5kIjoibmV2ZXIiLCJyZXBlYXRVbnRpbERhdGUiOiIyMDIzLTExLTE3IiwicmVwZWF0VGltZXMiOiIzIiwiYWRtaW5MYWJlbCI6IkRhdGUgJiBUaW1lIiwiZW5hYmxlQ29uZGl0aW9uIjoib24ifSwib3BlcmF0b3IiOiJPUiJ9XQ==&#8221; header_font_size_tablet=&#8221;43px&#8221; header_font_size_phone=&#8221;35px&#8221; header_font_size_last_edited=&#8221;on|tablet&#8221; body_font_size_tablet=&#8221;&#8221; body_font_size_phone=&#8221;15px&#8221; body_font_size_last_edited=&#8221;on|desktop&#8221; global_colors_info=&#8221;{}&#8221; custom_css_slide_container_last_edited=&#8221;off|desktop&#8221; sticky_transition=&#8221;on&#8221;]<\/p>\n<p>Fornecimento de produtos de ventila\u00e7\u00e3o inovadores e inteligentes e uma excelente gama de aquecedores de toalhas el\u00e9ctricos.<\/p>\n<p>[\/et_pb_slide][et_pb_slide heading=&#8221;PAX ESPANHA&#8221; button_text=&#8221;Compra online agora&#8221; button_link=&#8221;#shop&#8221; use_bg_overlay=&#8221;off&#8221; use_text_overlay=&#8221;on&#8221; _builder_version=&#8221;4.27.4&#8243; _module_preset=&#8221;default&#8221; body_text_align=&#8221;center&#8221; background_image=&#8221;https:\/\/paxspain.com\/wp-content\/uploads\/2023\/04\/216ef62c-561e-4479-8a39-476e000d87de.jpeg&#8221; background_enable_image=&#8221;on&#8221; text_orientation=&#8221;center&#8221; width_last_edited=&#8221;off|desktop&#8221; max_width=&#8221;800px&#8221; max_width_tablet=&#8221;76%&#8221; max_width_last_edited=&#8221;off|phone&#8221; display_conditions=&#8221;W3siaWQiOiIyZDBjZTBmNy1mZWY5LTRkMDMtOGZlNS1lMmFhMjRhNjQ3NjYiLCJjb25kaXRpb24iOiJkYXRlVGltZSIsImNvbmRpdGlvblNldHRpbmdzIjp7ImRpc3BsYXlSdWxlIjoiaXNBZnRlciIsImRhdGUiOiIyMDIzLTEyLTIxIiwidGltZSI6IjAwOjAxIiwid2Vla2RheXMiOiJ8IiwiYWxsRGF5Ijoib24iLCJmcm9tVGltZSI6IjAwOjAwIiwidW50aWxUaW1lIjoiMDA6MDAiLCJyZXBlYXQiOiJvZmYiLCJyZXBlYXRGcmVxdWVuY3kiOiJtb250aGx5IiwicmVwZWF0RnJlcXVlbmN5U3BlY2lmaWNEYXlzIjoid2Vla2x5IiwicmVwZWF0RW5kIjoibmV2ZXIiLCJyZXBlYXRVbnRpbERhdGUiOiIyMDIzLTExLTE3IiwicmVwZWF0VGltZXMiOiIzIiwiYWRtaW5MYWJlbCI6IkRhdGUgJiBUaW1lIiwiZW5hYmxlQ29uZGl0aW9uIjoib24ifSwib3BlcmF0b3IiOiJPUiJ9XQ==&#8221; header_font_size_tablet=&#8221;43px&#8221; header_font_size_phone=&#8221;35px&#8221; header_font_size_last_edited=&#8221;on|tablet&#8221; body_font_size_tablet=&#8221;&#8221; body_font_size_phone=&#8221;15px&#8221; body_font_size_last_edited=&#8221;on|desktop&#8221; global_colors_info=&#8221;{}&#8221; custom_css_slide_container_last_edited=&#8221;off|desktop&#8221; sticky_transition=&#8221;on&#8221;]<\/p>\n<p>O Ventilair Group \u00e9 o fornecedor exclusivo dos produtos de ventila\u00e7\u00e3o e aquecedores de toalhas Pax em Espanha e Portugal.<\/p>\n<p>[\/et_pb_slide][\/et_pb_fullwidth_slider][\/et_pb_section][et_pb_section fb_built=&#8221;1&#8243; _builder_version=&#8221;4.24.2&#8243; _module_preset=&#8221;default&#8221; custom_padding=&#8221;||14px|||&#8221; global_colors_info=&#8221;{}&#8221;][et_pb_row column_structure=&#8221;1_5,3_5,1_5&#8243; _builder_version=&#8221;4.20.4&#8243; _module_preset=&#8221;default&#8221; global_colors_info=&#8221;{}&#8221;][et_pb_column type=&#8221;1_5&#8243; _builder_version=&#8221;4.20.4&#8243; _module_preset=&#8221;default&#8221; global_colors_info=&#8221;{}&#8221;][\/et_pb_column][et_pb_column type=&#8221;3_5&#8243; _builder_version=&#8221;4.20.4&#8243; _module_preset=&#8221;default&#8221; global_colors_info=&#8221;{}&#8221;][et_pb_text _builder_version=&#8221;4.24.2&#8243; _module_preset=&#8221;default&#8221; text_orientation=&#8221;center&#8221; global_colors_info=&#8221;{}&#8221;]<\/p>\n<h1>Bem-vindo ao Ventilair Group e ao seu com\u00e9rcio eletr\u00f4nico \u2013 Pax Spain.<\/h1>\n<p>[\/et_pb_text][et_pb_text _builder_version=&#8221;4.20.4&#8243; _module_preset=&#8221;default&#8221; header_3_font_size=&#8221;19px&#8221; text_orientation=&#8221;center&#8221; custom_margin=&#8221;||11px|||&#8221; global_colors_info=&#8221;{}&#8221;]<\/p>\n<h3> voc\u00ea pode encontrar e comprar online uma ampla sele\u00e7\u00e3o de sistemas de ventila\u00e7\u00e3o e toalheiros el\u00e9ctricos, pensados para tornar a sua casa, ambiente de trabalho ou de estudo mais saud\u00e1vel e confort\u00e1vel.<\/h3>\n<p>[\/et_pb_text][et_pb_text _builder_version=&#8221;4.27.4&#8243; _module_preset=&#8221;default&#8221; text_font_size=&#8221;18px&#8221; text_orientation=&#8221;center&#8221; global_colors_info=&#8221;{}&#8221;]<\/p>\n<p>A <strong>Ventilair Group<\/strong> \u00e9 distribuidora e fornmecedora directa de produtos l\u00edderes como <strong>Pax<\/strong>, <strong>Fresh<\/strong>, <strong>Tempra <\/strong>e <strong>Vent-Axia<\/strong> do grupo <strong>Volution Group<\/strong> da Su\u00e9cia e do Reino Unido, fabricantes reconhecidos no setor. Trabalhamos tamb\u00e9m en parceria com a <strong>BSK <\/strong>que re\u00fane produtos como <strong>Zephyr<\/strong>, <strong>Scholar<\/strong>, <strong>Purifa<\/strong>, entre otras, sendo igualmente uma referencia em tecnolog\u00eda de \u00faltima gera\u00e7ao.  <\/p>\n<p>Na <strong>Ventilair Group<\/strong>, oferecemos solu\u00e7\u00f5es innovadoras em ventila\u00e7\u00e3o, garantindo qualidade, efici\u00eancia e bem-estar em cada espa\u00e7o.<\/p>\n<p>[\/et_pb_text][\/et_pb_column][et_pb_column type=&#8221;1_5&#8243; _builder_version=&#8221;4.20.4&#8243; _module_preset=&#8221;default&#8221; global_colors_info=&#8221;{}&#8221;][\/et_pb_column][\/et_pb_row][\/et_pb_section][et_pb_section fb_built=&#8221;1&#8243; module_id=&#8221;loja&#8221; _builder_version=&#8221;4.24.2&#8243; _module_preset=&#8221;default&#8221; custom_margin=&#8221;4px|||||&#8221; custom_padding=&#8221;||7px|||&#8221; global_colors_info=&#8221;{}&#8221;][et_pb_row _builder_version=&#8221;4.20.4&#8243; _module_preset=&#8221;default&#8221; global_colors_info=&#8221;{}&#8221;][et_pb_column type=&#8221;4_4&#8243; _builder_version=&#8221;4.20.4&#8243; _module_preset=&#8221;default&#8221; global_colors_info=&#8221;{}&#8221;][et_pb_text _builder_version=&#8221;4.20.4&#8243; _module_preset=&#8221;default&#8221; global_colors_info=&#8221;{}&#8221;]<\/p>\n<h2>OS NOSSOS PRODUTOS<\/h2>\n<p>[\/et_pb_text][et_pb_code _builder_version=&#8221;4.27.4&#8243; _module_preset=&#8221;default&#8221; global_colors_info=&#8221;{}&#8221;]<div class=\"woocommerce columns-4\"><ul class=\"products columns-4\">\n<li class=\"product-category product first\">\n\t<a aria-label=\"Visit product category Aquecedores de toalhas\" href=\"https:\/\/paxspain.com\/pt-pt\/category\/aquecedores-de-toalhas\/\"><img decoding=\"async\" src=\"https:\/\/paxspain.com\/wp-content\/uploads\/2023\/04\/Flex-U_bathroom_digital_jpg-e1680731678810-300x300.jpeg\" alt=\"Aquecedores de toalhas\" width=\"300\" height=\"\" \/>\t\t<h2 class=\"woocommerce-loop-category__title\">\n\t\t\tAquecedores de toalhas <mark class=\"count\">(54)<\/mark>\t\t<\/h2>\n\t\t<\/a><\/li>\n<li class=\"product-category product\">\n\t<a aria-label=\"Visit product category Desumidificadores\" href=\"https:\/\/paxspain.com\/pt-pt\/category\/desumidificadores\/\"><img decoding=\"async\" src=\"https:\/\/paxspain.com\/wp-content\/uploads\/2023\/10\/dehumidifiers-paxspain-300x300.jpg\" alt=\"Desumidificadores\" width=\"300\" height=\"\" \/>\t\t<h2 class=\"woocommerce-loop-category__title\">\n\t\t\tDesumidificadores <mark class=\"count\">(3)<\/mark>\t\t<\/h2>\n\t\t<\/a><\/li>\n<li class=\"product-category product\">\n\t<a aria-label=\"Visit product category Edi\u00e7\u00e3o preta\" href=\"https:\/\/paxspain.com\/pt-pt\/category\/edicao-preta\/\"><img decoding=\"async\" src=\"https:\/\/paxspain.com\/wp-content\/uploads\/2023\/04\/Toppslider_Pax_BlackEdition_1920x600-e1680733470616-300x300.jpeg\" alt=\"Edi\u00e7\u00e3o preta\" width=\"300\" height=\"\" \/>\t\t<h2 class=\"woocommerce-loop-category__title\">\n\t\t\tEdi\u00e7\u00e3o preta <mark class=\"count\">(16)<\/mark>\t\t<\/h2>\n\t\t<\/a><\/li>\n<li class=\"product-category product last\">\n\t<a aria-label=\"Visit product category PAX EOS\" href=\"https:\/\/paxspain.com\/pt-pt\/category\/pax-eos-pt-pt\/\"><img decoding=\"async\" src=\"https:\/\/paxspain.com\/wp-content\/uploads\/2023\/10\/PAX-Eos-100H-paxspain06-300x300.jpeg\" alt=\"PAX EOS\" width=\"300\" height=\"\" \/>\t\t<h2 class=\"woocommerce-loop-category__title\">\n\t\t\tPAX EOS <mark class=\"count\">(2)<\/mark>\t\t<\/h2>\n\t\t<\/a><\/li>\n<li class=\"product-category product first\">\n\t<a aria-label=\"Visit product category Produtos de ventila\u00e7\u00e3o\" href=\"https:\/\/paxspain.com\/pt-pt\/category\/produtos-de-ventilacao\/\"><img decoding=\"async\" src=\"https:\/\/paxspain.com\/wp-content\/uploads\/2023\/04\/maxresdefault-e1680732127467-300x300.jpg\" alt=\"Produtos de ventila\u00e7\u00e3o\" width=\"300\" height=\"\" \/>\t\t<h2 class=\"woocommerce-loop-category__title\">\n\t\t\tProdutos de ventila\u00e7\u00e3o <mark class=\"count\">(12)<\/mark>\t\t<\/h2>\n\t\t<\/a><\/li>\n<li class=\"product-category product\">\n\t<a aria-label=\"Visit product category Purificadores de ar\" href=\"https:\/\/paxspain.com\/pt-pt\/category\/purificadores-de-ar\/\"><img decoding=\"async\" src=\"https:\/\/paxspain.com\/wp-content\/uploads\/woocommerce-placeholder-300x300.png\" alt=\"Purificadores de ar\" width=\"300\" height=\"\" \/>\t\t<h2 class=\"woocommerce-loop-category__title\">\n\t\t\tPurificadores de ar <mark class=\"count\">(3)<\/mark>\t\t<\/h2>\n\t\t<\/a><\/li>\n<li class=\"product-category product\">\n\t<a aria-label=\"Visit product category Recupera\u00e7\u00e3o descentralizada de calor\" href=\"https:\/\/paxspain.com\/pt-pt\/category\/recuperacao-descentralizada-de-calor\/\"><img decoding=\"async\" src=\"https:\/\/paxspain.com\/wp-content\/uploads\/2025\/08\/ZEPHYR-Decentralized-Heat-Recovery-Device-1-300x300.png\" alt=\"Recupera\u00e7\u00e3o descentralizada de calor\" width=\"300\" height=\"\" \/>\t\t<h2 class=\"woocommerce-loop-category__title\">\n\t\t\tRecupera\u00e7\u00e3o descentralizada de calor <mark class=\"count\">(11)<\/mark>\t\t<\/h2>\n\t\t<\/a><\/li>\n<li class=\"product-category product last\">\n\t<a aria-label=\"Visit product category Ventiladores de parede\" href=\"https:\/\/paxspain.com\/pt-pt\/category\/ventiladores-de-parede\/\"><img decoding=\"async\" src=\"https:\/\/paxspain.com\/wp-content\/uploads\/2023\/04\/20230308091347_640843bbad492-300x214.webp\" alt=\"Ventiladores de parede\" width=\"300\" height=\"\" srcset=\"https:\/\/paxspain.com\/wp-content\/uploads\/2023\/04\/20230308091347_640843bbad492-300x214.webp 300w, https:\/\/paxspain.com\/wp-content\/uploads\/2023\/04\/20230308091347_640843bbad492-600x428.webp 600w, https:\/\/paxspain.com\/wp-content\/uploads\/2023\/04\/20230308091347_640843bbad492-768x548.webp 768w, https:\/\/paxspain.com\/wp-content\/uploads\/2023\/04\/20230308091347_640843bbad492.webp 1000w\" sizes=\"(max-width: 300px) 100vw, 300px\" \/>\t\t<h2 class=\"woocommerce-loop-category__title\">\n\t\t\tVentiladores de parede <mark class=\"count\">(9)<\/mark>\t\t<\/h2>\n\t\t<\/a><\/li>\n<\/ul>\n<\/div>[\/et_pb_code][et_pb_text _builder_version=&#8221;4.20.4&#8243; _module_preset=&#8221;default&#8221; text_font_size=&#8221;18px&#8221; text_orientation=&#8221;center&#8221; global_colors_info=&#8221;{}&#8221;]<\/p>\n<p>Para veres os detalhes de cada produto, clica na imagem selecionada e desloca-te para baixo.<\/p>\n<p>Fornece todas as informa\u00e7\u00f5es sobre o produto.<\/p>\n<p>[\/et_pb_text][\/et_pb_column][\/et_pb_row][\/et_pb_section][et_pb_section fb_built=&#8221;1&#8243; _builder_version=&#8221;4.20.4&#8243; _module_preset=&#8221;default&#8221; background_image=&#8221;https:\/\/paxspain.com\/wp-content\/uploads\/2023\/04\/216ef62c-561e-4479-8a39-476e000d87de.jpeg&#8221; parallax=&#8221;on&#8221; global_colors_info=&#8221;{}&#8221;][et_pb_row column_structure=&#8221;3_5,2_5&#8243; _builder_version=&#8221;4.20.4&#8243; _module_preset=&#8221;default&#8221; custom_padding=&#8221;||100px|||&#8221; global_colors_info=&#8221;{}&#8221;][et_pb_column type=&#8221;3_5&#8243; _builder_version=&#8221;4.20.4&#8243; _module_preset=&#8221;default&#8221; global_colors_info=&#8221;{}&#8221;][\/et_pb_column][et_pb_column type=&#8221;2_5&#8243; _builder_version=&#8221;4.20.4&#8243; _module_preset=&#8221;default&#8221; background_color=&#8221;#FFFFFF&#8221; custom_padding=&#8221;30px|30px|30px|30px|true|true&#8221; global_colors_info=&#8221;{}&#8221;][et_pb_text _builder_version=&#8221;4.20.4&#8243; _module_preset=&#8221;default&#8221; global_colors_info=&#8221;{}&#8221;]<\/p>\n<h2>VENTILA\u00c7\u00c3O EM CASA<\/h2>\n<p>Trabalhando em estreita colabora\u00e7\u00e3o com os l\u00edderes da ind\u00fastria na produ\u00e7\u00e3o de produtos de ventila\u00e7\u00e3o, a nossa gama de produtos tem tudo o que precisas para manter a mais elevada qualidade do ar na tua casa ou empresa.<\/p>\n<p>Fornecemos uma s\u00e9rie de salas de exposi\u00e7\u00e3o de casas de banho e gostar\u00edamos de ouvir a opini\u00e3o de outros retalhistas, incluindo grossistas de material el\u00e9trico, se quiserem discutir a op\u00e7\u00e3o de armazenar e vender qualquer um dos nossos produtos.<\/p>\n<p>[\/et_pb_text][et_pb_button button_url=&#8221;https:\/\/paxspain.com\/pt-pt\/category\/produtos-de-ventilacao\/&#8221; button_text=&#8221;Compra produtos de ventila\u00e7\u00e3o&#8221; _builder_version=&#8221;4.20.4&#8243; _module_preset=&#8221;default&#8221; global_colors_info=&#8221;{}&#8221;][\/et_pb_button][\/et_pb_column][\/et_pb_row][\/et_pb_section][et_pb_section fb_built=&#8221;1&#8243; admin_label=&#8221;section&#8221; _builder_version=&#8221;4.16&#8243; global_colors_info=&#8221;{}&#8221;][et_pb_row column_structure=&#8221;3_5,2_5&#8243; _builder_version=&#8221;4.20.4&#8243; _module_preset=&#8221;default&#8221; global_colors_info=&#8221;{}&#8221;][et_pb_column type=&#8221;3_5&#8243; _builder_version=&#8221;4.20.4&#8243; _module_preset=&#8221;default&#8221; global_colors_info=&#8221;{}&#8221;][et_pb_text _builder_version=&#8221;4.20.4&#8243; _module_preset=&#8221;default&#8221; global_colors_info=&#8221;{}&#8221;]<\/p>\n<h2>Aquecedores de toalhas PAX<\/h2>\n<p>[\/et_pb_text][et_pb_text _builder_version=&#8221;4.20.4&#8243; _module_preset=&#8221;default&#8221; global_colors_info=&#8221;{}&#8221;]<\/p>\n<p>Como fornecedores exclusivos dos produtos Pax em Espanha e Portugal, o Ventilair Group tem o prazer de anunciar a disponibilidade de aquecedores de toalhas de alta qualidade no site da Pax Espanha.<\/p>\n<p>Imagina ter sempre \u00e0 m\u00e3o uma toalha seca e quente depois do banho, adoramos essa sensa\u00e7\u00e3o!<\/p>\n<p>Como b\u00f3nus, a tua toalha manter-se-\u00e1 fresca durante mais tempo, secando rapidamente. D\u00e1 um toque de alegria ao teu dia a dia com um aquecedor de toalhas da Pax.<\/p>\n<p>[\/et_pb_text][et_pb_button button_url=&#8221;https:\/\/paxspain.com\/pt-pt\/category\/aquecedores-de-toalhas\/&#8221; button_text=&#8221;Comprar aquecedores de toalhas&#8221; _builder_version=&#8221;4.20.4&#8243; _module_preset=&#8221;default&#8221; global_colors_info=&#8221;{}&#8221;][\/et_pb_button][\/et_pb_column][et_pb_column type=&#8221;2_5&#8243; _builder_version=&#8221;4.20.4&#8243; _module_preset=&#8221;default&#8221; global_colors_info=&#8221;{}&#8221;][et_pb_image src=&#8221;https:\/\/paxspain.com\/wp-content\/uploads\/2023\/04\/313970318_1284091219095047_1547312413237648233_n.jpg&#8221; title_text=&#8221;313970318_1284091219095047_1547312413237648233_n&#8221; _builder_version=&#8221;4.20.4&#8243; _module_preset=&#8221;default&#8221; global_colors_info=&#8221;{}&#8221;][\/et_pb_image][\/et_pb_column][\/et_pb_row][\/et_pb_section][et_pb_section fb_built=&#8221;1&#8243; _builder_version=&#8221;4.20.4&#8243; _module_preset=&#8221;default&#8221; background_color=&#8221;#ededed&#8221; global_colors_info=&#8221;{}&#8221;][et_pb_row column_structure=&#8221;3_5,2_5&#8243; _builder_version=&#8221;4.20.4&#8243; _module_preset=&#8221;default&#8221; global_colors_info=&#8221;{}&#8221;][et_pb_column type=&#8221;3_5&#8243; _builder_version=&#8221;4.20.4&#8243; _module_preset=&#8221;default&#8221; global_colors_info=&#8221;{}&#8221;][et_pb_text _builder_version=&#8221;4.20.4&#8243; _module_preset=&#8221;default&#8221; global_colors_info=&#8221;{}&#8221;]<\/p>\n<h2>Descobre a BLACK EDITION<\/h2>\n<p>[\/et_pb_text][et_pb_text _builder_version=&#8221;4.20.4&#8243; _module_preset=&#8221;default&#8221; global_colors_info=&#8221;{}&#8221;]Estes produtos em preto mate combinam a eleg\u00e2ncia intemporal com o chique industrial, para melhorar qualquer casa de banho, cozinha ou corredor.[\/et_pb_text][et_pb_button button_url=&#8221;https:\/\/paxspain.com\/pt-pt\/category\/edicao-preta\/&#8221; button_text=&#8221;Compra a Black Edition&#8221; _builder_version=&#8221;4.20.4&#8243; _module_preset=&#8221;default&#8221; global_colors_info=&#8221;{}&#8221;][\/et_pb_button][\/et_pb_column][et_pb_column type=&#8221;2_5&#8243; _builder_version=&#8221;4.20.4&#8243; _module_preset=&#8221;default&#8221; global_colors_info=&#8221;{}&#8221;][et_pb_text _builder_version=&#8221;4.20.4&#8243; _module_preset=&#8221;default&#8221; background_video_mp4=&#8221;https:\/\/paxspain.com\/wp-content\/uploads\/2023\/04\/322071630_487335416912185_1732390265915017182_n.mp4&#8243; custom_css_main_element=&#8221;-webkit-aspect-ratio: 1;||aspect-ratio:1;&#8221; global_colors_info=&#8221;{}&#8221;][\/et_pb_text][\/et_pb_column][\/et_pb_row][\/et_pb_section]<\/p>\n","protected":false},"excerpt":{"rendered":"<p>Fornecimento de produtos de ventila\u00e7\u00e3o inovadores e inteligentes e uma excelente gama de aquecedores de toalhas el\u00e9ctricos.O Ventilair Group \u00e9 o fornecedor exclusivo dos produtos de ventila\u00e7\u00e3o e aquecedores de toalhas Pax em Espanha e Portugal.Bem-vindo ao Ventilair Group e ao seu com\u00e9rcio eletr\u00f4nico \u2013 Pax Spain. voc\u00ea pode encontrar e comprar online uma ampla [&hellip;]<\/p>\n","protected":false},"author":1,"featured_media":0,"parent":0,"menu_order":0,"comment_status":"closed","ping_status":"closed","template":"","meta":{"_et_pb_use_builder":"on","_et_pb_old_content":"","_et_gb_content_width":"","footnotes":""},"class_list":["post-5001","page","type-page","status-publish","hentry"],"jetpack_sharing_enabled":true,"_links":{"self":[{"href":"https:\/\/paxspain.com\/pt-pt\/wp-json\/wp\/v2\/pages\/5001","targetHints":{"allow":["GET"]}}],"collection":[{"href":"https:\/\/paxspain.com\/pt-pt\/wp-json\/wp\/v2\/pages"}],"about":[{"href":"https:\/\/paxspain.com\/pt-pt\/wp-json\/wp\/v2\/types\/page"}],"author":[{"embeddable":true,"href":"https:\/\/paxspain.com\/pt-pt\/wp-json\/wp\/v2\/users\/1"}],"replies":[{"embeddable":true,"href":"https:\/\/paxspain.com\/pt-pt\/wp-json\/wp\/v2\/comments?post=5001"}],"version-history":[{"count":7,"href":"https:\/\/paxspain.com\/pt-pt\/wp-json\/wp\/v2\/pages\/5001\/revisions"}],"predecessor-version":[{"id":9349,"href":"https:\/\/paxspain.com\/pt-pt\/wp-json\/wp\/v2\/pages\/5001\/revisions\/9349"}],"wp:attachment":[{"href":"https:\/\/paxspain.com\/pt-pt\/wp-json\/wp\/v2\/media?parent=5001"}],"curies":[{"name":"wp","href":"https:\/\/api.w.org\/{rel}","templated":true}]}}