{"id":5013,"date":"2021-03-09T17:43:47","date_gmt":"2021-03-09T16:43:47","guid":{"rendered":"https:\/\/paxspain.com\/politica-de-privacidade\/"},"modified":"2024-12-18T15:37:17","modified_gmt":"2024-12-18T14:37:17","slug":"politica-de-privacidade","status":"publish","type":"page","link":"https:\/\/paxspain.com\/pt-pt\/politica-de-privacidade\/","title":{"rendered":"Pol\u00edtica de privacidade"},"content":{"rendered":"\n<p>O s\u00edtio Web <a href=\"https:\/\/paxspain.com\/pt-pt\/\">https:\/\/paxspain.com<\/a> \u00e9 propriedade da PAX SPAIN, que \u00e9 o respons\u00e1vel pelo tratamento dos teus dados pessoais.<\/p>\n\n<p>Adopt\u00e1mos esta Pol\u00edtica de Privacidade, que determina como processamos a informa\u00e7\u00e3o recolhida por <a href=\"https:\/\/paxspain.com\/pt-pt\/\">https:\/\/paxspain.com<\/a> e tamb\u00e9m fornece as raz\u00f5es pelas quais precisamos de recolher determinados dados pessoais sobre ti. Por conseguinte, deves ler esta Pol\u00edtica de Privacidade antes de utilizares o s\u00edtio Web <a href=\"https:\/\/paxspain.com\/pt-pt\/\">https:\/\/paxspain.com<\/a>.<\/p>\n\n<p>Cuidamos dos teus dados pessoais e comprometemo-nos a garantir a sua confidencialidade e seguran\u00e7a.<\/p>\n\n<p>Informa\u00e7\u00f5es pessoais que recolhemos: Quando visitas o site <a href=\"https:\/\/paxspain.com\/pt-pt\/\">https:\/\/paxspain.com,<\/a> recolhemos automaticamente determinadas informa\u00e7\u00f5es sobre o teu dispositivo, incluindo informa\u00e7\u00f5es sobre o teu browser, endere\u00e7o IP, fuso hor\u00e1rio e alguns dos cookies instalados no teu dispositivo. Al\u00e9m disso, \u00e0 medida que navega, recolhemos informa\u00e7\u00f5es sobre as p\u00e1ginas Web ou produtos individuais que visualiza, que sites ou termos de pesquisa o encaminharam para o site e como interage com ele. Referimo-nos a estas informa\u00e7\u00f5es recolhidas automaticamente como &#8220;Informa\u00e7\u00f5es do dispositivo&#8221;. Al\u00e9m disso, podemos recolher dados pessoais que nos forne\u00e7as (incluindo, entre outros, nome, apelido, morada, informa\u00e7\u00f5es de pagamento, etc.) durante o registo para podermos cumprir o acordo.<\/p>\n\n<p>Porque \u00e9 que processamos os teus dados? A nossa principal prioridade \u00e9 a seguran\u00e7a dos dados do cliente e, como tal, podemos processar apenas dados m\u00ednimos do utilizador, apenas na medida em que seja absolutamente necess\u00e1rio para manter o s\u00edtio Web. As informa\u00e7\u00f5es recolhidas automaticamente s\u00e3o utilizadas apenas para identificar potenciais casos de abuso e estabelecer informa\u00e7\u00f5es estat\u00edsticas sobre a utiliza\u00e7\u00e3o do s\u00edtio Web. Esta informa\u00e7\u00e3o estat\u00edstica n\u00e3o \u00e9 agregada de forma a identificar qualquer utilizador particular do sistema.<\/p>\n\n<p>Podes visitar o s\u00edtio Web sem nos dizeres quem \u00e9s ou revelares qualquer informa\u00e7\u00e3o atrav\u00e9s da qual algu\u00e9m te possa identificar como uma pessoa espec\u00edfica. No entanto, se pretenderes utilizar algumas das funcionalidades do s\u00edtio Web, ou se pretenderes receber a nossa newsletter ou fornecer mais informa\u00e7\u00f5es atrav\u00e9s do preenchimento de um formul\u00e1rio, poder\u00e1s fornecer-nos dados pessoais como o teu e-mail, nome, apelido, cidade de resid\u00eancia, organiza\u00e7\u00e3o e n\u00famero de telefone. Podes optar por n\u00e3o fornecer os teus dados pessoais, mas poder\u00e1s n\u00e3o conseguir tirar partido de algumas das funcionalidades do s\u00edtio Web. Por exemplo, n\u00e3o poder\u00e1s receber a nossa newsletter ou contactar-nos diretamente a partir do s\u00edtio Web. Os utilizadores que n\u00e3o tenham a certeza de quais as informa\u00e7\u00f5es obrigat\u00f3rias podem contactar-nos atrav\u00e9s de <a href=\"mailto:info@paxspain.com\">info@paxspain.com.<\/a><\/p>\n\n<p>Os teus direitos: Se fores um residente europeu, tens os seguintes direitos em rela\u00e7\u00e3o aos teus dados pessoais:<\/p>\n\n<p>O direito a ser informado. O direito de acesso. O direito de retifica\u00e7\u00e3o. O direito ao apagamento. O direito de restringir o processamento. O direito \u00e0 portabilidade dos dados. O direito de oposi\u00e7\u00e3o. Direitos em rela\u00e7\u00e3o \u00e0 tomada de decis\u00f5es automatizada e \u00e0 defini\u00e7\u00e3o de perfis. Se pretenderes exercer este direito, contacta-nos atrav\u00e9s das informa\u00e7\u00f5es de contacto abaixo.<\/p>\n\n<p>Adicionalmente, se fores um residente europeu, notamos que estamos a processar as tuas informa\u00e7\u00f5es para cumprir contratos que possamos ter contigo (por exemplo, se fizeres uma encomenda atrav\u00e9s do site), ou para prosseguir os nossos interesses comerciais leg\u00edtimos acima referidos. Al\u00e9m disso, tem em aten\u00e7\u00e3o que as tuas informa\u00e7\u00f5es podem ser transferidas para fora da Europa, incluindo para o Canad\u00e1 e os Estados Unidos.<\/p>\n\n<p>Liga\u00e7\u00f5es a outros s\u00edtios Web: O nosso s\u00edtio Web pode conter liga\u00e7\u00f5es a outros s\u00edtios Web que n\u00e3o s\u00e3o detidos ou controlados por n\u00f3s. Tem em aten\u00e7\u00e3o que n\u00e3o somos respons\u00e1veis por esses s\u00edtios Web ou pelas pr\u00e1ticas de privacidade de terceiros. Recomendamos que tenhas cuidado quando sa\u00edres do nosso s\u00edtio Web e que leias as declara\u00e7\u00f5es de privacidade de cada s\u00edtio Web que possa recolher informa\u00e7\u00f5es pessoais.<\/p>\n\n<p>Seguran\u00e7a das informa\u00e7\u00f5es: Asseguramos as informa\u00e7\u00f5es que forneces em servidores inform\u00e1ticos num ambiente controlado e seguro, protegido contra acesso, utiliza\u00e7\u00e3o ou divulga\u00e7\u00e3o n\u00e3o autorizados. Mantemos medidas de seguran\u00e7a administrativas, t\u00e9cnicas e f\u00edsicas razo\u00e1veis para proteger contra o acesso n\u00e3o autorizado, a utiliza\u00e7\u00e3o, a modifica\u00e7\u00e3o e a divulga\u00e7\u00e3o de dados pessoais sob o nosso controlo e cust\u00f3dia. No entanto, a transmiss\u00e3o de dados atrav\u00e9s da Internet ou de redes sem fios n\u00e3o pode ser garantida.<\/p>\n\n<p>Divulga\u00e7\u00e3o legal: divulgaremos todas as informa\u00e7\u00f5es que recolhemos, utilizamos ou recebemos se tal for exigido ou permitido por lei, como, por exemplo, para cumprir uma intima\u00e7\u00e3o ou um processo legal semelhante, e quando acreditamos de boa f\u00e9 que a divulga\u00e7\u00e3o \u00e9 necess\u00e1ria para proteger os nossos direitos, proteger a tua seguran\u00e7a ou a seguran\u00e7a de terceiros, investigar fraudes ou responder a um pedido do governo.<\/p>\n\n<p>Informa\u00e7\u00f5es de contacto: Se pretenderes contactar-nos para saberes mais sobre esta Pol\u00edtica ou se pretenderes contactar-nos relativamente a qualquer assunto relacionado com os direitos individuais e as tuas informa\u00e7\u00f5es pessoais, podes enviar-nos um e-mail para <a href=\"mailto:info@paxspain.com\">info@paxspain.com.<\/a><\/p>\n","protected":false},"excerpt":{"rendered":"<p>O s\u00edtio Web https:\/\/paxspain.com \u00e9 propriedade da PAX SPAIN, que \u00e9 o respons\u00e1vel pelo tratamento dos teus dados pessoais. Adopt\u00e1mos esta Pol\u00edtica de Privacidade, que determina como processamos a informa\u00e7\u00e3o recolhida por https:\/\/paxspain.com e tamb\u00e9m fornece as raz\u00f5es pelas quais precisamos de recolher determinados dados pessoais sobre ti. Por conseguinte, deves ler esta Pol\u00edtica de [&hellip;]<\/p>\n","protected":false},"author":1,"featured_media":0,"parent":0,"menu_order":0,"comment_status":"closed","ping_status":"closed","template":"","meta":{"_et_pb_use_builder":"","_et_pb_old_content":"","_et_gb_content_width":"","footnotes":""},"class_list":["post-5013","page","type-page","status-publish","hentry"],"jetpack_sharing_enabled":true,"_links":{"self":[{"href":"https:\/\/paxspain.com\/pt-pt\/wp-json\/wp\/v2\/pages\/5013","targetHints":{"allow":["GET"]}}],"collection":[{"href":"https:\/\/paxspain.com\/pt-pt\/wp-json\/wp\/v2\/pages"}],"about":[{"href":"https:\/\/paxspain.com\/pt-pt\/wp-json\/wp\/v2\/types\/page"}],"author":[{"embeddable":true,"href":"https:\/\/paxspain.com\/pt-pt\/wp-json\/wp\/v2\/users\/1"}],"replies":[{"embeddable":true,"href":"https:\/\/paxspain.com\/pt-pt\/wp-json\/wp\/v2\/comments?post=5013"}],"version-history":[{"count":2,"href":"https:\/\/paxspain.com\/pt-pt\/wp-json\/wp\/v2\/pages\/5013\/revisions"}],"predecessor-version":[{"id":5017,"href":"https:\/\/paxspain.com\/pt-pt\/wp-json\/wp\/v2\/pages\/5013\/revisions\/5017"}],"wp:attachment":[{"href":"https:\/\/paxspain.com\/pt-pt\/wp-json\/wp\/v2\/media?parent=5013"}],"curies":[{"name":"wp","href":"https:\/\/api.w.org\/{rel}","templated":true}]}}