{"id":10269,"date":"2025-12-24T13:04:39","date_gmt":"2025-12-24T12:04:39","guid":{"rendered":"https:\/\/paxspain.com\/?post_type=product&#038;p=10269"},"modified":"2026-02-26T18:35:47","modified_gmt":"2026-02-26T17:35:47","slug":"flex-i-6-550-momento-ii-copy","status":"publish","type":"product","link":"https:\/\/paxspain.com\/pt-pt\/produto\/flex-i-6-550-momento-ii-copy\/","title":{"rendered":"Flex I 6\/550 Black Momento II"},"content":{"rendered":"<p data-start=\"2001\" data-end=\"2382\">O <strong>toalheiro aquecido el\u00e9trico<\/strong> <strong>PAX Flex I 6\/550 Black Momento II<\/strong> foi concebido para situa\u00e7\u00f5es em que a capacidade de secagem \u00e9 cr\u00edtica. Com seis bra\u00e7os pivotantes, \u00e9 ideal para casas de banho familiares grandes, espa\u00e7os partilhados ou lares onde s\u00e3o tomados v\u00e1rios duches todos os dias. Apesar da sua elevada capacidade, o toalheiro mant\u00e9m-se visualmente discreto gra\u00e7as ao seu design fino e de montagem na parede.  <\/p>\n<p data-start=\"2001\" data-end=\"2382\">Cada bra\u00e7o roda independentemente at\u00e9 180\u00b0, permitindo espa\u00e7ar as toalhas para melhorar a circula\u00e7\u00e3o de ar e acelerar a secagem. Isto facilita a secagem de toalhas de banho, toalhas de m\u00e3os e roup\u00f5es ao mesmo tempo sem sobrecarregar. Quando o toalheiro n\u00e3o est\u00e1 a ser utilizado, os bra\u00e7os podem ser dobrados ordenadamente contra a parede para minimizar o impacto visual e libertar espa\u00e7o.  <\/p>\n<p data-start=\"2001\" data-end=\"2382\">O <strong data-start=\"2816\" data-end=\"2846\">sistema de controlo Momento II&#x2122;<\/strong> integrado proporciona controlo flex\u00edvel sobre os tempos de aquecimento e n\u00edveis de pot\u00eancia. Utilizando a aplica\u00e7\u00e3o PAX via Bluetooth, pode criar hor\u00e1rios que se adequam \u00e0 sua rotina di\u00e1ria, garantindo que as toalhas est\u00e3o quentes quando necess\u00e1rio sem que o toalheiro esteja continuamente ligado. O controlo manual tamb\u00e9m est\u00e1 dispon\u00edvel para aquecimento r\u00e1pido e sob demanda. O sistema pode ser emparelhado com ventiladores de casa de banho PAX compat\u00edveis para automatizar o aquecimento com base nos n\u00edveis de humidade.   <\/p>\n<p data-start=\"2001\" data-end=\"2382\">Concebido especificamente para secar toalhas e n\u00e3o para aquecer a divis\u00e3o, o <strong>toalheiro aquecido Flex I 6\/550<\/strong> fornece calor consistente mantendo-se econ\u00f3mico. Ajuda as toalhas a secar mais rapidamente e a manterem-se mais frescas entre utiliza\u00e7\u00f5es, melhorando o conforto di\u00e1rio sem consumo energ\u00e9tico desnecess\u00e1rio. <\/p>\n<p data-start=\"2001\" data-end=\"2382\">Adequado para ambientes h\u00famidos, este toalheiro aquecido el\u00e9trico foi concebido para utiliza\u00e7\u00e3o di\u00e1ria em casa de banho. O formato de montagem na parede mant\u00e9m o ch\u00e3o livre, enquanto a instala\u00e7\u00e3o flex\u00edvel \u00e0 esquerda ou \u00e0 direita permite que se adapte perfeitamente a uma vasta gama de configura\u00e7\u00f5es de casa de banho. <\/p>\n<p><strong>Informa\u00e7\u00e3o do Produto:<\/strong><\/p>\n<p>N\u00famero de artigo<br \/>\n26-2039<\/p>\n<p>Alimenta\u00e7\u00e3o el\u00e9ctrica Fase<br \/>\n1-Fase<\/p>\n<p>Prote\u00e7\u00e3o IP<br \/>\nIP 44<\/p>\n<p>Classe de Isolamento<br \/>\nII<\/p>\n<p>Material<br \/>\nA\u00e7o inoxid\u00e1vel, pl\u00e1stico<\/p>\n<p>Largura (mm)<br \/>\n559<\/p>\n<p>Profundidade (mm)<br \/>\n112<\/p>\n<p>Altura (mm)<br \/>\n677<\/p>\n<p>Tipo de instala\u00e7\u00e3o<br \/>\nParede<\/p>\n<p>Nome do produto<br \/>\nFlex I 6\/550, pivotante Momento II<\/p>\n<p>Consumo de energia (W)<br \/>\n60<\/p>\n<p>Fun\u00e7\u00f5es<br \/>\nFuncionamento com temporizador, Temporizador repetitivo, Controlo de pot\u00eancia<\/p>\n<p>Tens\u00e3o de alimenta\u00e7\u00e3o (V)<br \/>\n230V AC<\/p>\n<p>Op\u00e7\u00e3o Sem Fios<br \/>\nBluetooth LE<\/p>\n<p>Detalhe do material pl\u00e1stico<br \/>\nABS<\/p>\n<p>C\u00f3digo Etim<br \/>\nEC003624<\/p>\n<p>EAN 13<br \/>\n7391477620147<\/p>\n","protected":false},"excerpt":{"rendered":"<p>O toalheiro aquecido <strong data-start=\"1408\" data-end=\"1445\">PAX Flex I 6\/550 Black Momento II<\/strong> foi concebido para casas de banho com utiliza\u00e7\u00e3o intensiva de toalhas. Com acabamento em preto mate moderno, apresenta <strong data-start=\"1557\" data-end=\"1592\">seis bra\u00e7os pivotantes independentes<\/strong> que proporcionam espa\u00e7o generoso para secagem mantendo um perfil fino de montagem na parede. O <strong data-start=\"1691\" data-end=\"1712\">temporizador Momento II&#x2122;<\/strong> integrado permite controlar o aquecimento atrav\u00e9s da aplica\u00e7\u00e3o PAX ou atrav\u00e9s de opera\u00e7\u00e3o manual simples. Adequado para ambientes de casa de banho, este toalheiro aquecido el\u00e9trico oferece calor fi\u00e1vel, utiliza\u00e7\u00e3o flex\u00edvel e um acabamento limpo e contempor\u00e2neo para lares ocupados.   <\/p>\n<ul>\n<li data-start=\"3897\" data-end=\"3950\">\n<p data-start=\"3899\" data-end=\"3950\">Toalheiro aquecido preto mate para casas de banho modernas<\/p>\n<\/li>\n<li data-start=\"3951\" data-end=\"4000\">\n<p data-start=\"3953\" data-end=\"4000\">Seis bra\u00e7os pivotantes para m\u00e1xima capacidade de secagem<\/p>\n<\/li>\n<li data-start=\"4001\" data-end=\"4055\">\n<p data-start=\"4003\" data-end=\"4055\">Temporizador inteligente Momento II com controlo por aplica\u00e7\u00e3o e manual<\/p>\n<\/li>\n<li data-start=\"4056\" data-end=\"4088\">\n<p data-start=\"4058\" data-end=\"4088\">Design compacto de montagem na parede<\/p>\n<\/li>\n<li data-start=\"4089\" data-end=\"4139\">\n<p data-start=\"4091\" data-end=\"4139\">Aquecimento el\u00e9trico eficiente de toalhas para utiliza\u00e7\u00e3o di\u00e1ria<\/p>\n<\/li>\n<\/ul>\n<p>&nbsp;<\/p>\n","protected":false},"featured_media":10272,"comment_status":"open","ping_status":"closed","template":"","meta":{"_et_pb_use_builder":"","_et_pb_old_content":"","_et_gb_content_width":""},"product_brand":[133],"product_cat":[77,78],"product_tag":[],"class_list":{"0":"post-10269","1":"product","2":"type-product","3":"status-publish","4":"has-post-thumbnail","6":"product_brand-pax","7":"product_cat-aquecedores-de-toalhas","8":"product_cat-edicao-preta","9":"pa_product-type-toalheiro-aquecido","11":"first","12":"instock","13":"taxable","14":"shipping-taxable","15":"purchasable","16":"product-type-simple"},"jetpack_sharing_enabled":true,"_links":{"self":[{"href":"https:\/\/paxspain.com\/pt-pt\/wp-json\/wp\/v2\/product\/10269","targetHints":{"allow":["GET"]}}],"collection":[{"href":"https:\/\/paxspain.com\/pt-pt\/wp-json\/wp\/v2\/product"}],"about":[{"href":"https:\/\/paxspain.com\/pt-pt\/wp-json\/wp\/v2\/types\/product"}],"replies":[{"embeddable":true,"href":"https:\/\/paxspain.com\/pt-pt\/wp-json\/wp\/v2\/comments?post=10269"}],"wp:featuredmedia":[{"embeddable":true,"href":"https:\/\/paxspain.com\/pt-pt\/wp-json\/wp\/v2\/media\/10272"}],"wp:attachment":[{"href":"https:\/\/paxspain.com\/pt-pt\/wp-json\/wp\/v2\/media?parent=10269"}],"wp:term":[{"taxonomy":"product_brand","embeddable":true,"href":"https:\/\/paxspain.com\/pt-pt\/wp-json\/wp\/v2\/product_brand?post=10269"},{"taxonomy":"product_cat","embeddable":true,"href":"https:\/\/paxspain.com\/pt-pt\/wp-json\/wp\/v2\/product_cat?post=10269"},{"taxonomy":"product_tag","embeddable":true,"href":"https:\/\/paxspain.com\/pt-pt\/wp-json\/wp\/v2\/product_tag?post=10269"}],"curies":[{"name":"wp","href":"https:\/\/api.w.org\/{rel}","templated":true}]}}