{"id":10533,"date":"2026-01-22T12:00:38","date_gmt":"2026-01-22T11:00:38","guid":{"rendered":"https:\/\/paxspain.com\/product\/tubo-de-parede-para-fresh-flow-550-mm\/"},"modified":"2026-03-18T17:35:46","modified_gmt":"2026-03-18T16:35:46","slug":"tubo-de-parede-para-fresh-flow-550-mm","status":"publish","type":"product","link":"https:\/\/paxspain.com\/pt-pt\/produto\/tubo-de-parede-para-fresh-flow-550-mm\/","title":{"rendered":"Tubo de Parede para Fresh Flow 550 mm"},"content":{"rendered":"<div class=\"row attribute-categories js-hide-row \" data-rowid=\"191\">\n<div class=\"col-sm-12 \" data-columnid=\"310\">\n<section id=\"section_443\" class=\"section section_Content section_443 \" data-lazysection-routevalues=\"{\"sectionid\":443}\" data-lazyload=\"false\" data-action=\"Home\/ContentSection\" data-sectionid=\"443\" data-view=\"Content\/_ContentDetail\">O Tubo de Parede Fresh Flow 550 mm foi concebido para apoiar instala\u00e7\u00f5es de ventila\u00e7\u00e3o que exijam uma conduta de comprimento fixo atrav\u00e9s de uma parede exterior. Proporciona uma via pr\u00e1tica para o fornecimento de ar fresco ou extra\u00e7\u00e3o de ar, constituindo uma pe\u00e7a central de uma configura\u00e7\u00e3o de ventila\u00e7\u00e3o de parede. Adequado para uma gama de aplica\u00e7\u00f5es dom\u00e9sticas, este tubo de parede oferece uma solu\u00e7\u00e3o simples para projetos onde s\u00e3o necess\u00e1rios percursos de fluxo de ar fi\u00e1veis sem complexidade desnecess\u00e1ria.  <\/p>\n<h3>C\u00f3digos dos artigos<\/h3>\n<\/section>\n<section id=\"section_437\" class=\"section section_ProductAttributes section_437 \" data-lazysection-routevalues=\"{\"sectionid\":437}\" data-lazyload=\"false\" data-action=\"ProductDetail\/AttributeSection\" data-sectionid=\"437\" data-view=\"ProductDetail\/_AttributePlaceholders_Single_List\">\n<div class=\"product-additional-content\">\n<dl class=\"dl-horizontal\">\n<dt>Art. n:<\/dt>\n<dd>810080<\/dd>\n<dt>EAN 13:<\/dt>\n<dd>7318118100806<\/dd>\n<dt>ETIM:<\/dt>\n<dd>EC011444<\/dd>\n<dt>E-nr:<\/dt>\n<dd>9302612<\/dd>\n<dt>RSK:<\/dt>\n<dd>8786941<\/dd>\n<\/dl>\n<\/div>\n<\/section>\n<\/div>\n<\/div>\n<div class=\"row attribute-categories js-hide-row \" data-rowid=\"192\">\n<div class=\"col-sm-12 \" data-columnid=\"312\">\n<section id=\"section_444\" class=\"section section_Content section_444 \" data-lazysection-routevalues=\"{\"sectionid\":444}\" data-lazyload=\"false\" data-action=\"Home\/ContentSection\" data-sectionid=\"444\" data-view=\"Content\/_ContentDetail\">\n<h3>Medidas<\/h3>\n<\/section>\n<section id=\"section_440\" class=\"section section_ProductAttributes section_440 \" data-lazysection-routevalues=\"{\"sectionid\":440}\" data-lazyload=\"false\" data-action=\"ProductDetail\/AttributeSection\" data-sectionid=\"440\" data-view=\"ProductDetail\/_AttributePlaceholders_Single_List\">\n<div class=\"product-additional-content\">\n<dl class=\"dl-horizontal\">\n<dt>Dimens\u00e3o do canal \u00d8 :<\/dt>\n<dd>160 mm<\/dd>\n<dt>Profundidade do produto:<\/dt>\n<dd>550 mm<\/dd>\n<dt>Peso do produto:<\/dt>\n<dd>0,8 kg<\/dd>\n<dt>Produto Medida circular \u00d8:<\/dt>\n<dd>160 mm<\/dd>\n<\/dl>\n<\/div>\n<\/section>\n<\/div>\n<\/div>\n<div class=\"row attribute-categories js-hide-row \" data-rowid=\"193\">\n<div class=\"col-sm-12 \" data-columnid=\"314\">\n<section id=\"section_445\" class=\"section section_Content section_445 \" data-lazysection-routevalues=\"{\"sectionid\":445}\" data-lazyload=\"false\" data-action=\"Home\/ContentSection\" data-sectionid=\"445\" data-view=\"Content\/_ContentDetail\">\n<h3>Carater\u00edsticas<\/h3>\n<\/section>\n<section id=\"section_442\" class=\"section section_ProductAttributes section_442 \" data-lazysection-routevalues=\"{\"sectionid\":442}\" data-lazyload=\"false\" data-action=\"ProductDetail\/AttributeSection\" data-sectionid=\"442\" data-view=\"ProductDetail\/_AttributePlaceholders_Single_List\">\n<div class=\"product-additional-content\">\n<dl class=\"dl-horizontal\">\n<dt>Tipo de instala\u00e7\u00e3o, parede, teto, etc:<\/dt>\n<dd>Parede exterior<\/dd>\n<dt>Cor:<\/dt>\n<dd>Cinzento<\/dd>\n<dt>Material:<\/dt>\n<dd>Pl\u00e1stico<\/dd>\n<dt>Detalhe do material pl\u00e1stico:<\/dt>\n<dd>PP<\/dd>\n<\/dl>\n<\/div>\n<\/section>\n<\/div>\n<\/div>\n","protected":false},"excerpt":{"rendered":"<p>Tubo de parede extra de 550 mm para instala\u00e7\u00e3o de unidades Flow FDX quando s\u00e3o necess\u00e1rios tubos extens\u00edveis, al\u00e9m do tubo de 310 mm inclu\u00eddo em cada unidade FDX.<\/p>\n","protected":false},"featured_media":10532,"comment_status":"closed","ping_status":"closed","template":"","meta":{"_et_pb_use_builder":"","_et_pb_old_content":"","_et_gb_content_width":""},"product_brand":[],"product_cat":[107],"product_tag":[],"class_list":{"0":"post-10533","1":"product","2":"type-product","3":"status-publish","4":"has-post-thumbnail","6":"product_cat-acessorios-flow-fdx","8":"first","9":"instock","10":"taxable","11":"shipping-taxable","12":"purchasable","13":"product-type-simple"},"jetpack_sharing_enabled":true,"_links":{"self":[{"href":"https:\/\/paxspain.com\/pt-pt\/wp-json\/wp\/v2\/product\/10533","targetHints":{"allow":["GET"]}}],"collection":[{"href":"https:\/\/paxspain.com\/pt-pt\/wp-json\/wp\/v2\/product"}],"about":[{"href":"https:\/\/paxspain.com\/pt-pt\/wp-json\/wp\/v2\/types\/product"}],"replies":[{"embeddable":true,"href":"https:\/\/paxspain.com\/pt-pt\/wp-json\/wp\/v2\/comments?post=10533"}],"wp:featuredmedia":[{"embeddable":true,"href":"https:\/\/paxspain.com\/pt-pt\/wp-json\/wp\/v2\/media\/10532"}],"wp:attachment":[{"href":"https:\/\/paxspain.com\/pt-pt\/wp-json\/wp\/v2\/media?parent=10533"}],"wp:term":[{"taxonomy":"product_brand","embeddable":true,"href":"https:\/\/paxspain.com\/pt-pt\/wp-json\/wp\/v2\/product_brand?post=10533"},{"taxonomy":"product_cat","embeddable":true,"href":"https:\/\/paxspain.com\/pt-pt\/wp-json\/wp\/v2\/product_cat?post=10533"},{"taxonomy":"product_tag","embeddable":true,"href":"https:\/\/paxspain.com\/pt-pt\/wp-json\/wp\/v2\/product_tag?post=10533"}],"curies":[{"name":"wp","href":"https:\/\/api.w.org\/{rel}","templated":true}]}}