{"id":10821,"date":"2026-02-06T17:24:18","date_gmt":"2026-02-06T16:24:18","guid":{"rendered":"https:\/\/paxspain.com\/product\/natura\/"},"modified":"2026-02-09T13:06:19","modified_gmt":"2026-02-09T12:06:19","slug":"natura","status":"publish","type":"product","link":"https:\/\/paxspain.com\/pt-pt\/produto\/natura\/","title":{"rendered":"Natura"},"content":{"rendered":"<p data-start=\"2528\" data-end=\"2781\">O <strong data-start=\"2532\" data-end=\"2552\">Ventilair Natura<\/strong> foi concebido para espa\u00e7os que exigem mais do que ventila\u00e7\u00e3o b\u00e1sica. Como ventilador de recupera\u00e7\u00e3o de calor montado na parede, combina uma gest\u00e3o eficiente do fluxo de ar, desempenho t\u00e9rmico e controlo f\u00e1cil de utilizar num formato fino e leve. <\/p>\n<p data-start=\"2783\" data-end=\"3083\">No n\u00facleo do sistema encontra-se um <strong data-start=\"2814\" data-end=\"2850\">permutador de calor de fluxo cruzado<\/strong>, concebido para recuperar o calor do ar extra\u00eddo e transferi-lo para o ar fresco que entra. Com uma <strong data-start=\"2949\" data-end=\"2988\">efici\u00eancia de temperatura at\u00e9 90%<\/strong>, o Natura ajuda a manter o conforto interior, reduzindo a perda de calor desnecess\u00e1ria durante a ventila\u00e7\u00e3o. <\/p>\n<p data-start=\"3085\" data-end=\"3438\">A unidade foi concebida para <strong data-start=\"3110\" data-end=\"3139\">instala\u00e7\u00e3o na parede<\/strong>, tornando-a adequada tanto para novos projetos como para aplica\u00e7\u00f5es de moderniza\u00e7\u00e3o onde o espa\u00e7o no teto ou o encaminhamento de condutas pode ser limitado. A sua constru\u00e7\u00e3o inclui <strong data-start=\"3286\" data-end=\"3304\">isolamento EPP<\/strong>, o que contribui para um formato leve, ajudando a reduzir a perda de calor e a evitar a condensa\u00e7\u00e3o interna durante o funcionamento. <\/p>\n<p data-start=\"3440\" data-end=\"3769\">A ventila\u00e7\u00e3o \u00e9 acionada por um <strong data-start=\"3468\" data-end=\"3494\">motor DC economizador de energia<\/strong>, suportando um fluxo de ar eficiente com um consumo de energia controlado. Para ambientes noturnos ou sens\u00edveis ao ru\u00eddo, o Natura disp\u00f5e de um <strong data-start=\"3626\" data-end=\"3643\">modo de sono<\/strong> com n\u00edveis de som t\u00e3o baixos como <strong data-start=\"3672\" data-end=\"3682\">35 dBA<\/strong>, tornando-o adequado para quartos e espa\u00e7os de estar onde o funcionamento silencioso \u00e9 essencial. <\/p>\n<p data-start=\"3771\" data-end=\"4109\">A qualidade do ar interior \u00e9 suportada atrav\u00e9s de um <strong data-start=\"3813\" data-end=\"3846\">sistema de filtragem multiest\u00e1gios<\/strong>, incluindo um filtro prim\u00e1rio e um <strong data-start=\"3879\" data-end=\"3892\">filtro F7<\/strong>, com um <strong data-start=\"3902\" data-end=\"3926\">filtro HEPA opcional<\/strong> dispon\u00edvel para aplica\u00e7\u00f5es que exigem um maior desempenho de filtragem. Isto torna o Natura adequado para ambientes onde as part\u00edculas suspensas no ar e a limpeza geral do ar s\u00e3o uma preocupa\u00e7\u00e3o. <\/p>\n<p data-start=\"4111\" data-end=\"4514\">A flexibilidade de controlo \u00e9 uma carater\u00edstica fundamental do Ventilair Natura. A unidade suporta <strong data-start=\"4187\" data-end=\"4205\">controlo remoto<\/strong>, <strong data-start=\"4207\" data-end=\"4233\">controlo por aplica\u00e7\u00e3o para smartphone<\/strong> e um <strong data-start=\"4241\" data-end=\"4263\">painel de ecr\u00e3 t\u00e1til<\/strong>, permitindo aos utilizadores gerir as defini\u00e7\u00f5es de ventila\u00e7\u00e3o da forma que melhor se adapta ao seu espa\u00e7o. Um <strong data-start=\"4365\" data-end=\"4409\">visor de temperatura e monitor de humidade<\/strong> integrados fornecem feedback em tempo real sobre as condi\u00e7\u00f5es interiores, suportando ajustes informados em vez de palpites.  <\/p>\n<p data-start=\"4516\" data-end=\"4834\">Concebido para funcionar como parte de uma estrat\u00e9gia mais ampla de conforto interior, o Ventilair Natura pode complementar outros sistemas de ventila\u00e7\u00e3o dentro do edif\u00edcio. Embora as \u00e1reas com muita humidade possam continuar a depender da extra\u00e7\u00e3o dedicada, um VRC montado na parede como o Natura suporta um fornecimento consistente de ar fresco e equil\u00edbrio t\u00e9rmico nas divis\u00f5es ocupadas. <\/p>\n<p data-start=\"4836\" data-end=\"5069\">O Ventilair Natura destina-se a casas e instala\u00e7\u00f5es comerciais que necessitam de uma solu\u00e7\u00e3o de ventila\u00e7\u00e3o refinada e de alto desempenho que equilibre a efici\u00eancia, a monitoriza\u00e7\u00e3o do conforto, a filtragem e o funcionamento silencioso numa \u00fanica unidade montada na parede.<\/p>\n","protected":false},"excerpt":{"rendered":"<p>O <strong data-start=\"1995\" data-end=\"2015\">Ventilair Natura<\/strong> \u00e9 um ventilador de recupera\u00e7\u00e3o de calor montado na parede, concebido para fornecer ar fresco equilibrado com uma perda de energia m\u00ednima. Utilizando um permutador de calor de fluxo cruzado e um motor DC energeticamente eficiente, suporta condi\u00e7\u00f5es interiores confort\u00e1veis enquanto funciona silenciosamente em segundo plano. Com op\u00e7\u00f5es de controlo inteligentes, filtragem avan\u00e7ada e monitoriza\u00e7\u00e3o integrada da temperatura e humidade, o Natura \u00e9 adequado para casas e espa\u00e7os onde a qualidade do ar, o conforto e o baixo ru\u00eddo s\u00e3o igualmente importantes.  <\/p>\n","protected":false},"featured_media":10825,"comment_status":"closed","ping_status":"closed","template":"","meta":{"_et_pb_use_builder":"","_et_pb_old_content":"","_et_gb_content_width":""},"product_brand":[152],"product_cat":[104,91],"product_tag":[],"class_list":{"0":"post-10821","1":"product","2":"type-product","3":"status-publish","4":"has-post-thumbnail","6":"product_brand-ventilair","7":"product_cat-recuperacao-descentralizada-de-calor","8":"product_cat-unidades-de-recuperacao-de-calor","9":"pa_product-type-ventilador-descentralizado-de-recuperacao-de-calor","11":"first","12":"instock","13":"taxable","14":"shipping-taxable","15":"purchasable","16":"product-type-simple"},"jetpack_sharing_enabled":true,"_links":{"self":[{"href":"https:\/\/paxspain.com\/pt-pt\/wp-json\/wp\/v2\/product\/10821","targetHints":{"allow":["GET"]}}],"collection":[{"href":"https:\/\/paxspain.com\/pt-pt\/wp-json\/wp\/v2\/product"}],"about":[{"href":"https:\/\/paxspain.com\/pt-pt\/wp-json\/wp\/v2\/types\/product"}],"replies":[{"embeddable":true,"href":"https:\/\/paxspain.com\/pt-pt\/wp-json\/wp\/v2\/comments?post=10821"}],"wp:featuredmedia":[{"embeddable":true,"href":"https:\/\/paxspain.com\/pt-pt\/wp-json\/wp\/v2\/media\/10825"}],"wp:attachment":[{"href":"https:\/\/paxspain.com\/pt-pt\/wp-json\/wp\/v2\/media?parent=10821"}],"wp:term":[{"taxonomy":"product_brand","embeddable":true,"href":"https:\/\/paxspain.com\/pt-pt\/wp-json\/wp\/v2\/product_brand?post=10821"},{"taxonomy":"product_cat","embeddable":true,"href":"https:\/\/paxspain.com\/pt-pt\/wp-json\/wp\/v2\/product_cat?post=10821"},{"taxonomy":"product_tag","embeddable":true,"href":"https:\/\/paxspain.com\/pt-pt\/wp-json\/wp\/v2\/product_tag?post=10821"}],"curies":[{"name":"wp","href":"https:\/\/api.w.org\/{rel}","templated":true}]}}