{"id":11515,"date":"2026-03-27T13:55:00","date_gmt":"2026-03-27T12:55:00","guid":{"rendered":"https:\/\/paxspain.com\/product\/regenerador-de-calor-de-esferas\/"},"modified":"2026-03-27T13:55:00","modified_gmt":"2026-03-27T12:55:00","slug":"regenerador-de-calor-de-esferas","status":"publish","type":"product","link":"https:\/\/paxspain.com\/pt-pt\/produto\/regenerador-de-calor-de-esferas\/","title":{"rendered":"Regenerador de Calor de Esferas"},"content":{"rendered":"","protected":false},"excerpt":{"rendered":"<p>O <strong data-start=\"1701\" data-end=\"1757\">Regenerador de Calor de Esferas Ventilair Mistral<\/strong> \u00e9 um n\u00facleo de recupera\u00e7\u00e3o de calor alternativo concebido para utiliza\u00e7\u00e3o com o sistema de ventila\u00e7\u00e3o Mistral. Utilizando uma estrutura de esferas em vez do design padr\u00e3o em favo de mel, armazena e liberta calor durante o ciclo de fluxo de ar alternado da unidade, promovendo uma ventila\u00e7\u00e3o eficiente e mantendo o conforto interior. <\/p>\n","protected":false},"featured_media":11516,"comment_status":"closed","ping_status":"closed","template":"","meta":{"_et_pb_use_builder":"","_et_pb_old_content":"","_et_gb_content_width":""},"product_brand":[152],"product_cat":[199],"product_tag":[],"class_list":{"0":"post-11515","1":"product","2":"type-product","3":"status-publish","4":"has-post-thumbnail","6":"product_brand-ventilair","7":"product_cat-acessorios-mistral","9":"first","10":"instock","11":"taxable","12":"shipping-taxable","13":"purchasable","14":"product-type-simple"},"jetpack_sharing_enabled":true,"_links":{"self":[{"href":"https:\/\/paxspain.com\/pt-pt\/wp-json\/wp\/v2\/product\/11515","targetHints":{"allow":["GET"]}}],"collection":[{"href":"https:\/\/paxspain.com\/pt-pt\/wp-json\/wp\/v2\/product"}],"about":[{"href":"https:\/\/paxspain.com\/pt-pt\/wp-json\/wp\/v2\/types\/product"}],"replies":[{"embeddable":true,"href":"https:\/\/paxspain.com\/pt-pt\/wp-json\/wp\/v2\/comments?post=11515"}],"wp:featuredmedia":[{"embeddable":true,"href":"https:\/\/paxspain.com\/pt-pt\/wp-json\/wp\/v2\/media\/11516"}],"wp:attachment":[{"href":"https:\/\/paxspain.com\/pt-pt\/wp-json\/wp\/v2\/media?parent=11515"}],"wp:term":[{"taxonomy":"product_brand","embeddable":true,"href":"https:\/\/paxspain.com\/pt-pt\/wp-json\/wp\/v2\/product_brand?post=11515"},{"taxonomy":"product_cat","embeddable":true,"href":"https:\/\/paxspain.com\/pt-pt\/wp-json\/wp\/v2\/product_cat?post=11515"},{"taxonomy":"product_tag","embeddable":true,"href":"https:\/\/paxspain.com\/pt-pt\/wp-json\/wp\/v2\/product_tag?post=11515"}],"curies":[{"name":"wp","href":"https:\/\/api.w.org\/{rel}","templated":true}]}}