{"id":11522,"date":"2026-03-27T16:04:27","date_gmt":"2026-03-27T15:04:27","guid":{"rendered":"https:\/\/paxspain.com\/product\/grelha-redonda-de-plastico-mistral\/"},"modified":"2026-03-27T16:04:27","modified_gmt":"2026-03-27T15:04:27","slug":"grelha-redonda-de-plastico-mistral","status":"publish","type":"product","link":"https:\/\/paxspain.com\/pt-pt\/produto\/grelha-redonda-de-plastico-mistral\/","title":{"rendered":"Grelha Redonda de Pl\u00e1stico Mistral"},"content":{"rendered":"<p data-start=\"2130\" data-end=\"2355\">A <strong data-start=\"2134\" data-end=\"2176\">Grelha Redonda de Pl\u00e1stico Ventilair Mistral<\/strong> \u00e9 um acess\u00f3rio de ventila\u00e7\u00e3o concebido para proporcionar um acabamento cuidado e funcional \u00e0s aberturas na parede exterior do sistema de ventila\u00e7\u00e3o com recupera\u00e7\u00e3o de calor descentralizada Ventilair Mistral.<\/p>\n<p data-start=\"2357\" data-end=\"2633\">Em instala\u00e7\u00f5es de ventila\u00e7\u00e3o atrav\u00e9s da parede, o ponto onde o ar entra ou sai do edif\u00edcio requer uma cobertura protetora e visualmente aceit\u00e1vel. Uma grelha cumpre esta fun\u00e7\u00e3o, permitindo a passagem do fluxo de ar enquanto cobre a abertura e ajuda a impedir a entrada de detritos maiores. <\/p>\n<p data-start=\"2635\" data-end=\"3001\">Esta grelha redonda de pl\u00e1stico \u00e9 uma <strong data-start=\"2666\" data-end=\"2701\">solu\u00e7\u00e3o simples e discreta<\/strong> para o acabamento de sa\u00eddas de ventila\u00e7\u00e3o. O seu design permite que o ar circule livremente atrav\u00e9s da abertura, mantendo um aspeto limpo na superf\u00edcie da parede. <\/p>\n<p data-start=\"3003\" data-end=\"3284\">Em compara\u00e7\u00e3o com grelhas exteriores, que oferecem prote\u00e7\u00e3o adicional contra as intemp\u00e9ries, uma grelha apresenta um perfil mais compacto e minimalista. Isto torna-a adequada para instala\u00e7\u00f5es em que a proje\u00e7\u00e3o a partir da parede deve ser mantida ao m\u00ednimo ou em que se prefere um acabamento visual simples. <\/p>\n<p data-start=\"3286\" data-end=\"3533\">A <strong data-start=\"3290\" data-end=\"3326\">constru\u00e7\u00e3o leve em pl\u00e1stico<\/strong> permite um manuseamento e uma instala\u00e7\u00e3o f\u00e1ceis, sendo adequada tanto para novas instala\u00e7\u00f5es como para projetos de retrofit. O seu aspeto neutro ajuda-a a integrar-se numa vasta gama de superf\u00edcies de paredes exteriores. <\/p>\n<p data-start=\"3535\" data-end=\"3747\">A Grelha Redonda de Pl\u00e1stico Ventilair Mistral foi concebida para ser compat\u00edvel com o sistema Mistral e pode ser utilizada como parte da instala\u00e7\u00e3o completa, juntamente com tubos de parede, grelhas exteriores e componentes internos.<\/p>\n<p data-start=\"3749\" data-end=\"3900\">Se procura uma forma simples e eficaz de dar acabamento a uma abertura de ventila\u00e7\u00e3o, a Grelha Redonda de Pl\u00e1stico oferece uma solu\u00e7\u00e3o pr\u00e1tica e discreta.<\/p>\n","protected":false},"excerpt":{"rendered":"<p data-start=\"1685\" data-end=\"2085\">A <strong data-start=\"1689\" data-end=\"1731\">Grelha Redonda de Pl\u00e1stico Ventilair Mistral<\/strong> foi concebida para proporcionar um acabamento limpo e simples \u00e0s aberturas de ventila\u00e7\u00e3o exteriores. Adequada para utiliza\u00e7\u00e3o com o sistema Ventilair Mistral, cobre a passagem na parede, permitindo que o fluxo de ar passe livremente. O seu design redondo e a constru\u00e7\u00e3o leve em pl\u00e1stico tornam-na uma op\u00e7\u00e3o pr\u00e1tica para instala\u00e7\u00f5es em que \u00e9 necess\u00e1ria uma solu\u00e7\u00e3o discreta e simples.  <\/p>\n","protected":false},"featured_media":11532,"comment_status":"closed","ping_status":"closed","template":"","meta":{"_et_pb_use_builder":"","_et_pb_old_content":"","_et_gb_content_width":""},"product_brand":[152],"product_cat":[199],"product_tag":[],"class_list":{"0":"post-11522","1":"product","2":"type-product","3":"status-publish","4":"has-post-thumbnail","6":"product_brand-ventilair","7":"product_cat-acessorios-mistral","9":"first","10":"instock","11":"taxable","12":"shipping-taxable","13":"purchasable","14":"product-type-simple"},"jetpack_sharing_enabled":true,"_links":{"self":[{"href":"https:\/\/paxspain.com\/pt-pt\/wp-json\/wp\/v2\/product\/11522","targetHints":{"allow":["GET"]}}],"collection":[{"href":"https:\/\/paxspain.com\/pt-pt\/wp-json\/wp\/v2\/product"}],"about":[{"href":"https:\/\/paxspain.com\/pt-pt\/wp-json\/wp\/v2\/types\/product"}],"replies":[{"embeddable":true,"href":"https:\/\/paxspain.com\/pt-pt\/wp-json\/wp\/v2\/comments?post=11522"}],"wp:featuredmedia":[{"embeddable":true,"href":"https:\/\/paxspain.com\/pt-pt\/wp-json\/wp\/v2\/media\/11532"}],"wp:attachment":[{"href":"https:\/\/paxspain.com\/pt-pt\/wp-json\/wp\/v2\/media?parent=11522"}],"wp:term":[{"taxonomy":"product_brand","embeddable":true,"href":"https:\/\/paxspain.com\/pt-pt\/wp-json\/wp\/v2\/product_brand?post=11522"},{"taxonomy":"product_cat","embeddable":true,"href":"https:\/\/paxspain.com\/pt-pt\/wp-json\/wp\/v2\/product_cat?post=11522"},{"taxonomy":"product_tag","embeddable":true,"href":"https:\/\/paxspain.com\/pt-pt\/wp-json\/wp\/v2\/product_tag?post=11522"}],"curies":[{"name":"wp","href":"https:\/\/api.w.org\/{rel}","templated":true}]}}