{"id":11599,"date":"2026-03-27T16:42:26","date_gmt":"2026-03-27T15:42:26","guid":{"rendered":"https:\/\/paxspain.com\/product\/filtro-mistral-f7-merv13\/"},"modified":"2026-03-27T16:42:26","modified_gmt":"2026-03-27T15:42:26","slug":"filtro-mistral-f7-merv13","status":"publish","type":"product","link":"https:\/\/paxspain.com\/pt-pt\/produto\/filtro-mistral-f7-merv13\/","title":{"rendered":"Filtro Mistral F7 (MERV13)"},"content":{"rendered":"<p data-start=\"1974\" data-end=\"2263\">O <strong data-start=\"1978\" data-end=\"2018\">Filtro Ventilair Mistral F7 (MERV13)<\/strong> \u00e9 um filtro de substitui\u00e7\u00e3o e atualiza\u00e7\u00e3o concebido para utiliza\u00e7\u00e3o com o sistema de ventila\u00e7\u00e3o descentralizada com recupera\u00e7\u00e3o de calor Ventilair Mistral. Proporciona um desempenho de filtragem superior em compara\u00e7\u00e3o com filtros grossos b\u00e1sicos, ajudando a melhorar a qualidade do ar interior. <\/p>\n<p data-start=\"2265\" data-end=\"2587\">F7 \u00e9 uma classifica\u00e7\u00e3o europeia de filtros reconhecida, enquanto <strong data-start=\"2322\" data-end=\"2332\">MERV13<\/strong> \u00e9 a classifica\u00e7\u00e3o equivalente, comum em normas internacionais e dos EUA. Em conjunto, estas classifica\u00e7\u00f5es indicam um filtro concebido para capturar uma propor\u00e7\u00e3o significativa de part\u00edculas finas em suspens\u00e3o no ar que, de outra forma, poderiam passar por filtros de classe inferior. <\/p>\n<p data-start=\"2589\" data-end=\"2886\">Num sistema de ventila\u00e7\u00e3o, a filtragem desempenha um papel fundamental tanto na prote\u00e7\u00e3o dos componentes internos como na melhoria da qualidade do ar de entrada. Ao instalar um filtro F7 (MERV13), o sistema Mistral pode reduzir a quantidade de poeiras finas e outras part\u00edculas pequenas que entram no espa\u00e7o habitacional ou de trabalho. <\/p>\n<p data-start=\"2888\" data-end=\"2943\">Este n\u00edvel de filtragem \u00e9 particularmente ben\u00e9fico em:<\/p>\n<ul data-start=\"2944\" data-end=\"3149\">\n<li data-section-id=\"1to7zzr\" data-start=\"2944\" data-end=\"2982\">Ambientes urbanos ou com tr\u00e1fego intenso<\/li>\n<li data-section-id=\"cy2ksd\" data-start=\"2983\" data-end=\"3027\">Zonas com n\u00edveis elevados de poeiras em suspens\u00e3o no ar<\/li>\n<li data-section-id=\"p9fjz3\" data-start=\"3028\" data-end=\"3082\">Casas onde a melhoria da limpeza do ar \u00e9 uma prioridade<\/li>\n<li data-section-id=\"aoa7vm\" data-start=\"3083\" data-end=\"3149\">Espa\u00e7os ocupados por pessoas sens\u00edveis a part\u00edculas em suspens\u00e3o no ar<\/li>\n<\/ul>\n<p data-start=\"3151\" data-end=\"3390\">O filtro foi concebido especificamente para utiliza\u00e7\u00e3o com o ventilador com recupera\u00e7\u00e3o de calor Ventilair Mistral, garantindo o ajuste correto e as caracter\u00edsticas de caudal de ar. Manter o tipo de filtro correto \u00e9 importante para preservar o desempenho do sistema e o equil\u00edbrio do caudal de ar. <\/p>\n<p data-start=\"3392\" data-end=\"3681\">Tal como acontece com todos os filtros de ventila\u00e7\u00e3o, recomenda-se a inspe\u00e7\u00e3o e substitui\u00e7\u00e3o regulares. Com o tempo, os filtros acumulam part\u00edculas, o que pode aumentar a resist\u00eancia e reduzir a efic\u00e1cia. Substituir o filtro em intervalos adequados ajuda a manter um caudal de ar consistente e o desempenho de filtragem.  <\/p>\n<p data-start=\"3683\" data-end=\"3847\">O Filtro Ventilair Mistral F7 (MERV13) \u00e9 uma atualiza\u00e7\u00e3o pr\u00e1tica para utilizadores que procuram melhorar a qualidade do ar do seu sistema de ventila\u00e7\u00e3o sem alterar a unidade principal.<\/p>\n","protected":false},"excerpt":{"rendered":"<p data-start=\"1527\" data-end=\"1929\">O <strong data-start=\"1531\" data-end=\"1571\">Filtro Ventilair Mistral F7 (MERV13)<\/strong> \u00e9 um filtro de part\u00edculas finas concebido para melhorar a qualidade do ar de entrada no sistema de ventila\u00e7\u00e3o Mistral. Oferecendo um n\u00edvel de filtragem superior ao dos filtros grossos padr\u00e3o, ajuda a capturar part\u00edculas mais pequenas em suspens\u00e3o no ar antes de entrarem no ambiente interior. Isto torna-o uma atualiza\u00e7\u00e3o adequada para instala\u00e7\u00f5es onde \u00e9 necess\u00e1ria uma melhor limpeza do ar.  <\/p>\n","protected":false},"featured_media":11604,"comment_status":"closed","ping_status":"closed","template":"","meta":{"_et_pb_use_builder":"","_et_pb_old_content":"","_et_gb_content_width":""},"product_brand":[152],"product_cat":[199],"product_tag":[],"class_list":{"0":"post-11599","1":"product","2":"type-product","3":"status-publish","4":"has-post-thumbnail","6":"product_brand-ventilair","7":"product_cat-acessorios-mistral","9":"first","10":"instock","11":"taxable","12":"shipping-taxable","13":"purchasable","14":"product-type-simple"},"jetpack_sharing_enabled":true,"_links":{"self":[{"href":"https:\/\/paxspain.com\/pt-pt\/wp-json\/wp\/v2\/product\/11599","targetHints":{"allow":["GET"]}}],"collection":[{"href":"https:\/\/paxspain.com\/pt-pt\/wp-json\/wp\/v2\/product"}],"about":[{"href":"https:\/\/paxspain.com\/pt-pt\/wp-json\/wp\/v2\/types\/product"}],"replies":[{"embeddable":true,"href":"https:\/\/paxspain.com\/pt-pt\/wp-json\/wp\/v2\/comments?post=11599"}],"wp:featuredmedia":[{"embeddable":true,"href":"https:\/\/paxspain.com\/pt-pt\/wp-json\/wp\/v2\/media\/11604"}],"wp:attachment":[{"href":"https:\/\/paxspain.com\/pt-pt\/wp-json\/wp\/v2\/media?parent=11599"}],"wp:term":[{"taxonomy":"product_brand","embeddable":true,"href":"https:\/\/paxspain.com\/pt-pt\/wp-json\/wp\/v2\/product_brand?post=11599"},{"taxonomy":"product_cat","embeddable":true,"href":"https:\/\/paxspain.com\/pt-pt\/wp-json\/wp\/v2\/product_cat?post=11599"},{"taxonomy":"product_tag","embeddable":true,"href":"https:\/\/paxspain.com\/pt-pt\/wp-json\/wp\/v2\/product_tag?post=11599"}],"curies":[{"name":"wp","href":"https:\/\/api.w.org\/{rel}","templated":true}]}}