{"id":4989,"date":"2023-10-30T18:07:12","date_gmt":"2023-10-30T17:07:12","guid":{"rendered":"https:\/\/paxspain.com\/product\/valvula-de-alimentacao-exaustao-tfp100\/"},"modified":"2026-03-18T17:37:49","modified_gmt":"2026-03-18T16:37:49","slug":"valvula-de-alimentacao-exaustao-tfp100","status":"publish","type":"product","link":"https:\/\/paxspain.com\/pt-pt\/produto\/valvula-de-alimentacao-exaustao-tfp100\/","title":{"rendered":"V\u00e1lvula de Admiss\u00e3o\/Extra\u00e7\u00e3o TFP"},"content":{"rendered":"<p><strong>Um dispositivo, m\u00faltiplas fun\u00e7\u00f5es<\/strong><br \/>\nA TFP \u00e9 uma v\u00e1lvula de insufla\u00e7\u00e3o e extra\u00e7\u00e3o de ar que funciona igualmente bem em casas de banho e quartos. A TFP est\u00e1 dispon\u00edvel em dois tamanhos, \u00d8100 mm e \u00d8125 mm, ambos em pl\u00e1stico. A constru\u00e7\u00e3o em pl\u00e1stico garante que a v\u00e1lvula \u00e9 leve. Com o seu design discreto, o dispositivo integra-se perfeitamente, quer optes por mont\u00e1-lo na parede ou no teto.<\/p>\n<p><strong>Performance<\/strong><br \/>\nO design \u00fanico permite que o TFP seja utilizado tanto como dispositivo de fornecimento como de exaust\u00e3o de ar. Com o seu design elegante, adapta-se igualmente bem a casas novas e antigas.<\/p>\n<p><strong>Deflector<\/strong> de ar<br \/>\nA TFP \u00e9 fornecida com um deflector de ar inclu\u00eddo que pode ser utilizado para o ar de alimenta\u00e7\u00e3o, direcionando o fluxo de ar para um sector at\u00e9 180\u00b0. Lembra-te de retirar o deflector de ar quando utilizares o aparelho como dispositivo de extra\u00e7\u00e3o de ar.<\/p>\n<p><strong>Ajuste<\/strong><br \/>\nO fluxo de ar e o alcance s\u00e3o ajustados rodando a parte da frente e alterando assim a abertura do espa\u00e7o.<\/p>\n<p>O Fresh TFP \u00e9 facilmente ajustado e depois fixado com o bot\u00e3o de bloqueio. Depois de escolheres a defini\u00e7\u00e3o certa, o local, a divis\u00e3o e a coloca\u00e7\u00e3o podem ser anotados no verso da capa. Uma forma inteligente de te lembrares de como o dispositivo foi ajustado depois de ter sido retirado para limpeza.<\/p>\n<p><strong>Montagem f\u00e1cil<\/strong><br \/>\nMonta o aparelho diretamente numa conduta circular de alimenta\u00e7\u00e3o ou de exaust\u00e3o de ar na parede ou no teto. A liga\u00e7\u00e3o herm\u00e9tica fixa o dispositivo e mant\u00e9m-no no lugar. N\u00e3o s\u00e3o necess\u00e1rios parafusos nem outro material de fixa\u00e7\u00e3o. A estrutura de montagem est\u00e1 dispon\u00edvel como acess\u00f3rio.<\/p>\n<p>&nbsp;<\/p>\n<div>\n<div>\n<section>\n<h3>Especifica\u00e7\u00f5es principais<\/h3>\n<\/section>\n<section>\n<div>\n<dl>\n<dt>EAN 13:<\/dt>\n<dd>7318114510081<\/dd>\n<dt>ETIM:<\/dt>\n<dd>EC011497<\/dd>\n<dt>Termina:<\/dt>\n<dd>Matt<\/dd>\n<dt>Cor:<\/dt>\n<dd>Branco<\/dd>\n<dt>Material:<\/dt>\n<dd>Pl\u00e1stico<\/dd>\n<dt>Detalhe do material pl\u00e1stico:<\/dt>\n<dd>ABS<\/dd>\n<\/dl>\n<\/div>\n<\/section>\n<\/div>\n<\/div>\n<div>\n<div>\n<section>\n<h3>Medidas<\/h3>\n<\/section>\n<section>\n<div>\n<dl>\n<dt>Tipo de instala\u00e7\u00e3o, parede, teto, etc:<\/dt>\n<dd>Horizontal, Vertical<\/dd>\n<dt>Profundidade do produto:<\/dt>\n<dd>55 mm<\/dd>\n<dt>Peso do produto:<\/dt>\n<dd>0,156 kg<\/dd>\n<dt>Produto Medida circular \u00d8:<\/dt>\n<dd>140 mm<\/dd>\n<\/dl>\n<\/div>\n<\/section>\n<\/div>\n<\/div>\n<div>\n<div>\n<section>\n<h3>Carater\u00edsticas<\/h3>\n<\/section>\n<section>\n<div>\n<dl>\n<dt>Funciona:<\/dt>\n<dd>Deflector de ar<\/dd>\n<dt>Tipo de instala\u00e7\u00e3o, parede, teto, etc:<\/dt>\n<dd>Horizontal, Vertical<\/dd>\n<dt>Termina:<\/dt>\n<dd>Matt<\/dd>\n<dt>Cor:<\/dt>\n<dd>Branco<\/dd>\n<dt>Material:<\/dt>\n<dd>Pl\u00e1stico<\/dd>\n<dt>Detalhe do material pl\u00e1stico:<\/dt>\n<dd>ABS<\/dd>\n<\/dl>\n<\/div>\n<\/section>\n<\/div>\n<\/div>\n","protected":false},"excerpt":{"rendered":"<p>A TFP \u00e9 uma v\u00e1lvula de admiss\u00e3o e extra\u00e7\u00e3o de ar ajust\u00e1vel para o melhor fluxo de ar na sua casa. O dispositivo \u00e9 facilmente montado numa parede ou no teto.<\/p>\n<ul>\n<li>Instala\u00e7\u00e3o f\u00e1cil na parede ou no teto<\/li>\n<li>Ajust\u00e1vel em 40 posi\u00e7\u00f5es diferentes<\/li>\n<li>Excelente desempenho<\/li>\n<li>Design elegante e discreto<\/li>\n<li>Com deflector de ar para evitar correntes de ar frio<\/li>\n<\/ul>\n<p><a href=\"https:\/\/paxspain.com\/wp-content\/uploads\/2023\/10\/Manual-TFP-100_125.pdf\">Descarregar Manual da V\u00e1lvula de Admiss\u00e3o\/Extra\u00e7\u00e3o TFP<\/a><\/p>\n","protected":false},"featured_media":4924,"comment_status":"closed","ping_status":"closed","template":"","meta":{"_et_pb_use_builder":"","_et_pb_old_content":"","_et_gb_content_width":""},"product_brand":[169],"product_cat":[73],"product_tag":[],"class_list":{"0":"post-4989","1":"product","2":"type-product","3":"status-publish","4":"has-post-thumbnail","6":"product_brand-fresh","7":"product_cat-pax-eos-pt-pt","9":"first","10":"instock","11":"taxable","12":"shipping-taxable","13":"purchasable","14":"product-type-variable"},"jetpack_sharing_enabled":true,"_links":{"self":[{"href":"https:\/\/paxspain.com\/pt-pt\/wp-json\/wp\/v2\/product\/4989","targetHints":{"allow":["GET"]}}],"collection":[{"href":"https:\/\/paxspain.com\/pt-pt\/wp-json\/wp\/v2\/product"}],"about":[{"href":"https:\/\/paxspain.com\/pt-pt\/wp-json\/wp\/v2\/types\/product"}],"replies":[{"embeddable":true,"href":"https:\/\/paxspain.com\/pt-pt\/wp-json\/wp\/v2\/comments?post=4989"}],"wp:featuredmedia":[{"embeddable":true,"href":"https:\/\/paxspain.com\/pt-pt\/wp-json\/wp\/v2\/media\/4924"}],"wp:attachment":[{"href":"https:\/\/paxspain.com\/pt-pt\/wp-json\/wp\/v2\/media?parent=4989"}],"wp:term":[{"taxonomy":"product_brand","embeddable":true,"href":"https:\/\/paxspain.com\/pt-pt\/wp-json\/wp\/v2\/product_brand?post=4989"},{"taxonomy":"product_cat","embeddable":true,"href":"https:\/\/paxspain.com\/pt-pt\/wp-json\/wp\/v2\/product_cat?post=4989"},{"taxonomy":"product_tag","embeddable":true,"href":"https:\/\/paxspain.com\/pt-pt\/wp-json\/wp\/v2\/product_tag?post=4989"}],"curies":[{"name":"wp","href":"https:\/\/api.w.org\/{rel}","templated":true}]}}