{"id":5049,"date":"2023-04-03T21:36:39","date_gmt":"2023-04-03T21:36:39","guid":{"rendered":"https:\/\/paxspain.com\/product\/limbo-branco-momento-ii\/"},"modified":"2026-02-26T18:56:21","modified_gmt":"2026-02-26T17:56:21","slug":"limbo-branco-momento-ii","status":"publish","type":"product","link":"https:\/\/paxspain.com\/pt-pt\/produto\/limbo-branco-momento-ii\/","title":{"rendered":"Limbo White Momento II"},"content":{"rendered":"<p>O <strong data-start=\"1666\" data-end=\"1710\">toalheiro el\u00e9trico aquecido Limbo Momento II branco<\/strong> oferece uma forma limpa e discreta de manter as toalhas quentes e prontas a usar. O seu design vertical e fino adapta-se tanto a casas de banho compactas como maiores, enquanto o acabamento branco se integra facilmente em interiores claros. Com um <strong data-start=\"1937\" data-end=\"1958\">temporizador Momento II&#x2122;<\/strong> integrado, permite um controlo simples, manual ou atrav\u00e9s da app, para ter calor exatamente quando precisa.  <\/p>\n<p><strong>Informa\u00e7\u00e3o do Produto:<\/strong><\/p>\n<p>N\u00famero do artigo<br \/>\n3551-12<\/p>\n<p>Alimenta\u00e7\u00e3o el\u00e9ctrica Fase<br \/>\n1-Fase<\/p>\n<p>Prote\u00e7\u00e3o IP<br \/>\nIP 44<\/p>\n<p>Classe de Isolamento<br \/>\nII<\/p>\n<p>Material<br \/>\nA\u00e7o, pl\u00e1stico<\/p>\n<p>Largura (mm)<br \/>\n75<\/p>\n<p>Profundidade (mm)<br \/>\n125<\/p>\n<p>Altura (mm)<br \/>\n1399<\/p>\n<p>Tipo de instala\u00e7\u00e3o<br \/>\nParede<\/p>\n<p>Nome do produto<br \/>\nLimbo Momento II preto<\/p>\n<p>Consumo de energia (W)<br \/>\n24<\/p>\n<p>Fun\u00e7\u00f5es<br \/>\nFuncionamento com temporizador, Temporizador repetitivo, Controlo de pot\u00eancia<\/p>\n<p>Tens\u00e3o de alimenta\u00e7\u00e3o (V)<br \/>\n230V AC<\/p>\n<p>Op\u00e7\u00e3o Sem Fios<br \/>\nBluetooth LE<\/p>\n<p>Detalhe do material pl\u00e1stico<br \/>\nABS<\/p>\n<p>C\u00f3digo Etim<br \/>\nEC003624<\/p>\n<p>EAN 13<br \/>\n7391477355124<\/p>\n","protected":false},"excerpt":{"rendered":"<p>Limbo \u00e9 um aquecedor de toalhas el\u00e9trico com um design fino e discreto. O aquecedor mede apenas 5\u00d7140 cm, o que o torna facilmente posicion\u00e1vel. Escolhe entre as vers\u00f5es em preto, branco e a\u00e7o inoxid\u00e1vel.<\/p>\n<p>O aquecedor de toalhas vem completo com o suporte Momento II&#x2122; para instala\u00e7\u00e3o el\u00e9ctrica oculta colocada na parte inferior.<\/p>\n<p>O temporizador Momento II&#x2122; incorporado pode ser controlado atrav\u00e9s da aplica\u00e7\u00e3o ou manualmente. Atrav\u00e9s da app, tamb\u00e9m \u00e9 poss\u00edvel definir diferentes n\u00edveis de pot\u00eancia, definir hor\u00e1rios em que o secador de toalhas aquece e emparelhar com a ventoinha de casa de banho Pax Norte.  Depois, o aquecedor de toalhas liga-se automaticamente quando o sensor de humidade do ventilador detecta um aumento do n\u00edvel de humidade, por exemplo, quando come\u00e7as a tomar banho.<\/p>\n","protected":false},"featured_media":4628,"comment_status":"open","ping_status":"closed","template":"","meta":{"_et_pb_use_builder":"","_et_pb_old_content":"","_et_gb_content_width":""},"product_brand":[133],"product_cat":[77],"product_tag":[],"class_list":{"0":"post-5049","1":"product","2":"type-product","3":"status-publish","4":"has-post-thumbnail","6":"product_brand-pax","7":"product_cat-aquecedores-de-toalhas","8":"product_shipping_class-aquecedor-de-toalhas-envio-gratuito","9":"pa_product-type-toalheiro-aquecido","11":"first","12":"instock","13":"taxable","14":"shipping-taxable","15":"purchasable","16":"product-type-simple"},"jetpack_sharing_enabled":true,"_links":{"self":[{"href":"https:\/\/paxspain.com\/pt-pt\/wp-json\/wp\/v2\/product\/5049","targetHints":{"allow":["GET"]}}],"collection":[{"href":"https:\/\/paxspain.com\/pt-pt\/wp-json\/wp\/v2\/product"}],"about":[{"href":"https:\/\/paxspain.com\/pt-pt\/wp-json\/wp\/v2\/types\/product"}],"replies":[{"embeddable":true,"href":"https:\/\/paxspain.com\/pt-pt\/wp-json\/wp\/v2\/comments?post=5049"}],"wp:featuredmedia":[{"embeddable":true,"href":"https:\/\/paxspain.com\/pt-pt\/wp-json\/wp\/v2\/media\/4628"}],"wp:attachment":[{"href":"https:\/\/paxspain.com\/pt-pt\/wp-json\/wp\/v2\/media?parent=5049"}],"wp:term":[{"taxonomy":"product_brand","embeddable":true,"href":"https:\/\/paxspain.com\/pt-pt\/wp-json\/wp\/v2\/product_brand?post=5049"},{"taxonomy":"product_cat","embeddable":true,"href":"https:\/\/paxspain.com\/pt-pt\/wp-json\/wp\/v2\/product_cat?post=5049"},{"taxonomy":"product_tag","embeddable":true,"href":"https:\/\/paxspain.com\/pt-pt\/wp-json\/wp\/v2\/product_tag?post=5049"}],"curies":[{"name":"wp","href":"https:\/\/api.w.org\/{rel}","templated":true}]}}