{"id":5055,"date":"2023-04-03T21:50:54","date_gmt":"2023-04-03T21:50:54","guid":{"rendered":"https:\/\/paxspain.com\/product\/jazz-4-700-momento-ii\/"},"modified":"2026-02-26T18:56:22","modified_gmt":"2026-02-26T17:56:22","slug":"jazz-4-700-momento-ii","status":"publish","type":"product","link":"https:\/\/paxspain.com\/pt-pt\/produto\/jazz-4-700-momento-ii\/","title":{"rendered":"Jazz 4\/700 Momento II"},"content":{"rendered":"<p data-start=\"2285\" data-end=\"2671\">O <strong data-start=\"2289\" data-end=\"2340\">toalheiro el\u00e9trico PAX Jazz 4\/700 Momento II<\/strong> combina design escandinavo com controlo inteligente de aquecimento. O seu acabamento em a\u00e7o inoxid\u00e1vel polido e quatro barras uniformemente espa\u00e7adas criam uma apar\u00eancia discreta e organizada que se adequa tanto a interiores de casa de banho contempor\u00e2neos como cl\u00e1ssicos. Com uma <strong data-start=\"2575\" data-end=\"2592\">altura de 700 mm<\/strong>, proporciona espa\u00e7o adicional para toalhas maiores sem sobrecarregar a parede.  <\/p>\n<p data-start=\"2709\" data-end=\"2976\">No centro do Jazz 4\/700 est\u00e1 o <strong data-start=\"2748\" data-end=\"2777\">sistema de controlo Momento II<\/strong>, oferecendo muito mais flexibilidade do que um simples interruptor ligar\/desligar. Pode operar o toalheiro diretamente atrav\u00e9s do temporizador integrado ou ligar via Bluetooth \u00e0 aplica\u00e7\u00e3o PAX no seu smartphone ou tablet. <\/p>\n<p data-start=\"2978\" data-end=\"3001\">Atrav\u00e9s da aplica\u00e7\u00e3o, pode:<\/p>\n<ul data-start=\"3002\" data-end=\"3155\">\n<li data-start=\"3002\" data-end=\"3043\">\n<p data-start=\"3004\" data-end=\"3043\">Criar programa\u00e7\u00f5es de aquecimento personalizadas<\/p>\n<\/li>\n<li data-start=\"3044\" data-end=\"3090\">\n<p data-start=\"3046\" data-end=\"3090\">Ajustar n\u00edveis de pot\u00eancia para se adequar \u00e0s rotinas di\u00e1rias<\/p>\n<\/li>\n<li data-start=\"3091\" data-end=\"3155\">\n<p data-start=\"3093\" data-end=\"3155\">Combinar o aquecimento de toalhas com outros produtos de ventila\u00e7\u00e3o de casa de banho<\/p>\n<\/li>\n<\/ul>\n<p data-start=\"3157\" data-end=\"3365\">Quando emparelhado com um <strong data-start=\"3187\" data-end=\"3213\">extrator de casa de banho<\/strong> compat\u00edvel com sensor de humidade, o toalheiro pode arrancar automaticamente \u00e0 medida que os n\u00edveis de humidade aumentam \u2014 ideal para conforto p\u00f3s-duche e melhor secagem de toalhas.<\/p>\n<p data-start=\"3413\" data-end=\"3771\">O <strong>Jazz 4\/700<\/strong> \u00e9 fornecido com um discreto <strong data-start=\"3456\" data-end=\"3487\">suporte de montagem Momento II<\/strong> que permite instala\u00e7\u00e3o el\u00e9trica oculta pelo canto inferior esquerdo ou direito. Isto mant\u00e9m a cablagem escondida e preserva as linhas visuais limpas da barra. A unidade foi concebida para liga\u00e7\u00e3o el\u00e9trica fixa, com acess\u00f3rios opcionais dispon\u00edveis caso seja necess\u00e1ria uma solu\u00e7\u00e3o com ficha.  <\/p>\n<p data-start=\"3773\" data-end=\"3919\">Com classifica\u00e7\u00e3o <strong data-start=\"3779\" data-end=\"3787\">IP44<\/strong>, o toalheiro \u00e9 adequado para ambientes de casa de banho e oferece desempenho fi\u00e1vel em \u00e1reas expostas a salpicos ou humidade.<\/p>\n<p data-start=\"3956\" data-end=\"4227\">Concebido para uso di\u00e1rio, o <strong>toalheiro aquecido Jazz 4\/700<\/strong> proporciona calor consistente mantendo o consumo de energia baixo. O design de montagem na parede garante que o calor \u00e9 aplicado diretamente \u00e0s toalhas, ajudando-as a secar mais rapidamente e a permanecer confortavelmente quentes sem aquecer desnecessariamente toda a divis\u00e3o. <\/p>\n<ul data-start=\"4276\" data-end=\"4559\">\n<li data-start=\"4276\" data-end=\"4318\">\n<p data-start=\"4278\" data-end=\"4318\">Temporizador Bluetooth inteligente com controlo por aplica\u00e7\u00e3o<\/p>\n<\/li>\n<li data-start=\"4319\" data-end=\"4381\">\n<p data-start=\"4321\" data-end=\"4381\">Funcionamento autom\u00e1tico quando emparelhado com ventiladores com sensor de humidade<\/p>\n<\/li>\n<li data-start=\"4382\" data-end=\"4428\">\n<p data-start=\"4384\" data-end=\"4428\">Formato mais alto para maior capacidade de toalhas<\/p>\n<\/li>\n<li data-start=\"4429\" data-end=\"4497\">\n<p data-start=\"4431\" data-end=\"4497\">Acabamento em a\u00e7o inoxid\u00e1vel polido para durabilidade e limpeza f\u00e1cil<\/p>\n<\/li>\n<li data-start=\"4498\" data-end=\"4559\">\n<p data-start=\"4500\" data-end=\"4559\">Funcionamento el\u00e9trico eficiente com programa\u00e7\u00e3o precisa<\/p>\n<\/li>\n<\/ul>\n<p data-start=\"4561\" data-end=\"4751\">O <strong data-start=\"4565\" data-end=\"4594\">PAX Jazz 4\/700 Momento II<\/strong> \u00e9 um toalheiro aquecido pr\u00e1tico e bem concebido que equilibra conforto, controlo e efici\u00eancia.<\/p>\n<p><strong>Informa\u00e7\u00e3o do Produto:<\/strong><\/p>\n<p>N\u00famero de artigo<br \/>\n3526-7<\/p>\n<p>Alimenta\u00e7\u00e3o el\u00e9ctrica Fase<br \/>\n1-Fase<\/p>\n<p>Prote\u00e7\u00e3o IP<br \/>\nIP 44<\/p>\n<p>Classe de Isolamento<br \/>\nII<\/p>\n<p>Material<br \/>\nA\u00e7o inoxid\u00e1vel, pl\u00e1stico<\/p>\n<p>Largura (mm)<br \/>\n699<\/p>\n<p>Profundidade (mm)<br \/>\n107<\/p>\n<p>Altura (mm)<br \/>\n701<\/p>\n<p>Tipo de instala\u00e7\u00e3o<br \/>\nParede<\/p>\n<p>Nome do produto<br \/>\nJazz 4\/700 Momento II<\/p>\n<p>Consumo de energia (W)<br \/>\n55<\/p>\n<p>Fun\u00e7\u00f5es<br \/>\nFuncionamento com temporizador, Temporizador repetitivo, Controlo de pot\u00eancia<\/p>\n<p>Tens\u00e3o de alimenta\u00e7\u00e3o (V)<br \/>\n230V AC<\/p>\n<p>Op\u00e7\u00e3o Sem Fios<br \/>\nBluetooth LE<\/p>\n<p>Detalhe do material pl\u00e1stico<br \/>\nABS<\/p>\n<p>C\u00f3digo Etim<br \/>\nEC003624<\/p>\n<p>EAN 13<br \/>\n7391477352611<\/p>\n","protected":false},"excerpt":{"rendered":"<p>O <strong data-start=\"1528\" data-end=\"1557\">PAX Jazz 4\/700 Momento II<\/strong> \u00e9 um toalheiro el\u00e9trico inteligente concebido para proporcionar toalhas quentes e secas exatamente quando necessita. Com quatro barras horizontais e um perfil mais alto de 700 mm, oferece espa\u00e7o extra para pendurar mantendo um aspeto limpo e minimalista. O <strong data-start=\"1801\" data-end=\"1821\">temporizador Momento II<\/strong> integrado permite controlo manual ou programa\u00e7\u00e3o por aplica\u00e7\u00e3o Bluetooth, dando-lhe total flexibilidade sobre hor\u00e1rios de aquecimento e n\u00edveis de pot\u00eancia. Quando emparelhado com um extrator de casa de banho PAX compat\u00edvel, o toalheiro pode arrancar automaticamente \u00e0 medida que a humidade aumenta. Com acabamento em a\u00e7o inoxid\u00e1vel polido e montagem na parede para entrega eficiente de calor, \u00e9 uma melhoria pr\u00e1tica para casas de banho modernas.    <\/p>\n","protected":false},"featured_media":4668,"comment_status":"open","ping_status":"closed","template":"","meta":{"_et_pb_use_builder":"","_et_pb_old_content":"","_et_gb_content_width":""},"product_brand":[133],"product_cat":[77],"product_tag":[],"class_list":{"0":"post-5055","1":"product","2":"type-product","3":"status-publish","4":"has-post-thumbnail","6":"product_brand-pax","7":"product_cat-aquecedores-de-toalhas","8":"product_shipping_class-aquecedor-de-toalhas-envio-gratuito","9":"pa_product-type-toalheiro-aquecido","11":"first","12":"instock","13":"taxable","14":"shipping-taxable","15":"purchasable","16":"product-type-simple"},"jetpack_sharing_enabled":true,"_links":{"self":[{"href":"https:\/\/paxspain.com\/pt-pt\/wp-json\/wp\/v2\/product\/5055","targetHints":{"allow":["GET"]}}],"collection":[{"href":"https:\/\/paxspain.com\/pt-pt\/wp-json\/wp\/v2\/product"}],"about":[{"href":"https:\/\/paxspain.com\/pt-pt\/wp-json\/wp\/v2\/types\/product"}],"replies":[{"embeddable":true,"href":"https:\/\/paxspain.com\/pt-pt\/wp-json\/wp\/v2\/comments?post=5055"}],"wp:featuredmedia":[{"embeddable":true,"href":"https:\/\/paxspain.com\/pt-pt\/wp-json\/wp\/v2\/media\/4668"}],"wp:attachment":[{"href":"https:\/\/paxspain.com\/pt-pt\/wp-json\/wp\/v2\/media?parent=5055"}],"wp:term":[{"taxonomy":"product_brand","embeddable":true,"href":"https:\/\/paxspain.com\/pt-pt\/wp-json\/wp\/v2\/product_brand?post=5055"},{"taxonomy":"product_cat","embeddable":true,"href":"https:\/\/paxspain.com\/pt-pt\/wp-json\/wp\/v2\/product_cat?post=5055"},{"taxonomy":"product_tag","embeddable":true,"href":"https:\/\/paxspain.com\/pt-pt\/wp-json\/wp\/v2\/product_tag?post=5055"}],"curies":[{"name":"wp","href":"https:\/\/api.w.org\/{rel}","templated":true}]}}