{"id":5058,"date":"2023-04-03T21:50:54","date_gmt":"2023-04-03T21:50:54","guid":{"rendered":"https:\/\/paxspain.com\/product\/jazz-6-700-momento-ii\/"},"modified":"2026-02-26T18:56:23","modified_gmt":"2026-02-26T17:56:23","slug":"jazz-6-700-momento-ii","status":"publish","type":"product","link":"https:\/\/paxspain.com\/pt-pt\/produto\/jazz-6-700-momento-ii\/","title":{"rendered":"Jazz 6\/700 Momento II"},"content":{"rendered":"<p data-start=\"2290\" data-end=\"2692\">O <strong data-start=\"2294\" data-end=\"2345\">aquecedor el\u00e9trico de toalhas PAX Jazz 6\/700 Momento II<\/strong> foi concebido para casas de banho que beneficiam de mais altura em vez de mais largura. As suas seis barras, espa\u00e7adas de forma uniforme, oferecem amplo espa\u00e7o para pendurar toalhas, enquanto a <strong data-start=\"2505\" data-end=\"2522\">altura de 700 mm<\/strong> permite melhor circula\u00e7\u00e3o de ar e uma secagem mais r\u00e1pida. O acabamento em a\u00e7o inoxid\u00e1vel polido proporciona um aspeto sofisticado e moderno, que se integra facilmente numa vasta gama de estilos de casa de banho.  <\/p>\n<p data-start=\"2694\" data-end=\"2861\">Esta configura\u00e7\u00e3o faz do Jazz 6\/700 uma op\u00e7\u00e3o interm\u00e9dia s\u00f3lida, oferecendo mais capacidade do que os modelos compactos sem o volume visual dos designs mais largos e com barras altas.<\/p>\n<p data-start=\"2899\" data-end=\"3152\">O <strong data-start=\"2914\" data-end=\"2943\">sistema de controlo Momento II<\/strong> integrado oferece-lhe total flexibilidade sobre como e quando o aquecedor de toalhas funciona. Pode usar o temporizador integrado para um controlo manual simples ou ligar via Bluetooth \u00e0 app PAX para uma programa\u00e7\u00e3o mais avan\u00e7ada. <\/p>\n<p data-start=\"3154\" data-end=\"3179\">Atrav\u00e9s da app, pode:<\/p>\n<ul data-start=\"3180\" data-end=\"3334\">\n<li data-start=\"3180\" data-end=\"3221\">\n<p data-start=\"3182\" data-end=\"3221\">Definir programa\u00e7\u00f5es de aquecimento di\u00e1rias ou semanais<\/p>\n<\/li>\n<li data-start=\"3222\" data-end=\"3272\">\n<p data-start=\"3224\" data-end=\"3272\">Ajustar os n\u00edveis de pot\u00eancia de acordo com as rotinas do agregado familiar<\/p>\n<\/li>\n<li data-start=\"3273\" data-end=\"3334\">\n<p data-start=\"3275\" data-end=\"3334\">Coordenar o aquecimento de toalhas com produtos de ventila\u00e7\u00e3o para casa de banho<\/p>\n<\/li>\n<\/ul>\n<p data-start=\"3336\" data-end=\"3585\">Quando emparelhado com um <strong data-start=\"3366\" data-end=\"3392\">extrator de casa de banho<\/strong> compat\u00edvel equipado com sensor de humidade, o toalheiro pode arrancar automaticamente \u00e0 medida que os n\u00edveis de humidade aumentam, garantindo que as toalhas come\u00e7am a aquecer durante ou imediatamente ap\u00f3s o duche, sem interven\u00e7\u00e3o manual. <\/p>\n<p data-start=\"3633\" data-end=\"3999\">O<strong> Jazz 6\/700<\/strong> \u00e9 fornecido com um discreto <strong data-start=\"3676\" data-end=\"3707\">suporte de montagem Momento II<\/strong>, permitindo liga\u00e7\u00e3o el\u00e9trica oculta pela parte inferior, do lado esquerdo ou direito. Isto mant\u00e9m a cablagem escondida e preserva as linhas verticais limpas do toalheiro. A unidade foi concebida para instala\u00e7\u00e3o el\u00e9trica fixa, com acess\u00f3rios opcionais dispon\u00edveis caso prefira uma liga\u00e7\u00e3o com ficha.  <\/p>\n<p data-start=\"4001\" data-end=\"4114\">Com <strong data-start=\"4009\" data-end=\"4024\">classifica\u00e7\u00e3o IP44<\/strong>, o aquecedor de toalhas \u00e9 adequado para ambientes de casa de banho expostos a humidade e salpicos.<\/p>\n<p data-start=\"4149\" data-end=\"4423\">Em vez de aquecer toda a divis\u00e3o, o Jazz 6\/700 direciona o calor diretamente para as toalhas. Esta abordagem ajuda as toalhas a secar mais depressa, mantendo o consumo de energia sob controlo. A programa\u00e7\u00e3o inteligente garante que o aquecedor de toalhas s\u00f3 est\u00e1 ativo quando necess\u00e1rio, reduzindo o tempo de funcionamento desnecess\u00e1rio!  <\/p>\n<ul data-start=\"4472\" data-end=\"4762\">\n<li data-start=\"4472\" data-end=\"4531\">\n<p data-start=\"4474\" data-end=\"4531\">Design de seis barras com perfil mais alto para melhor secagem<\/p>\n<\/li>\n<li data-start=\"4532\" data-end=\"4574\">\n<p data-start=\"4534\" data-end=\"4574\">Temporizador Bluetooth inteligente com controlo por app<\/p>\n<\/li>\n<li data-start=\"4575\" data-end=\"4633\">\n<p data-start=\"4577\" data-end=\"4633\">Arranque autom\u00e1tico quando emparelhado com ventiladores com sensor de humidade<\/p>\n<\/li>\n<li data-start=\"4634\" data-end=\"4702\">\n<p data-start=\"4636\" data-end=\"4702\">Acabamento em a\u00e7o inoxid\u00e1vel polido para durabilidade e limpeza f\u00e1cil<\/p>\n<\/li>\n<li data-start=\"4703\" data-end=\"4762\">\n<p data-start=\"4705\" data-end=\"4762\">Aquecimento el\u00e9trico energeticamente eficiente com programa\u00e7\u00e3o precisa<\/p>\n<\/li>\n<\/ul>\n<p data-start=\"4764\" data-end=\"4916\">O aquecedor de toalhas <strong data-start=\"4768\" data-end=\"4797\">PAX Jazz 6\/700 Momento II<\/strong> \u00e9 uma excelente escolha para casas de banho que pretendem um controlo mais inteligente, maior capacidade para toalhas e um design vertical sofisticado.<\/p>\n<p><strong>Informa\u00e7\u00e3o do Produto:<\/strong><\/p>\n<p>N\u00famero do artigo<br \/>\n3526-2<\/p>\n<p>Alimenta\u00e7\u00e3o el\u00e9ctrica Fase<br \/>\n1-Fase<\/p>\n<p>Prote\u00e7\u00e3o IP<br \/>\nIP 44<\/p>\n<p>Classe de Isolamento<br \/>\nII<\/p>\n<p>Material<br \/>\nA\u00e7o inoxid\u00e1vel, pl\u00e1stico<\/p>\n<p>Largura (mm)<br \/>\n699<\/p>\n<p>Profundidade (mm)<br \/>\n107<\/p>\n<p>Altura (mm)<br \/>\n1021<\/p>\n<p>Tipo de instala\u00e7\u00e3o<br \/>\nParede<\/p>\n<p>Nome do produto<br \/>\nJazz 6\/700 Momento II<\/p>\n<p>Consumo de energia (W)<br \/>\n85<\/p>\n<p>Fun\u00e7\u00f5es<br \/>\nFuncionamento com temporizador, Temporizador repetitivo, Controlo de pot\u00eancia<\/p>\n<p>Tens\u00e3o de alimenta\u00e7\u00e3o (V)<br \/>\n230V AC<\/p>\n<p>Op\u00e7\u00e3o Sem Fios<br \/>\nBluetooth LE<\/p>\n<p>Detalhe do material pl\u00e1stico<br \/>\nABS<\/p>\n<p>C\u00f3digo Etim<br \/>\nEC003624<\/p>\n<p>EAN 13<br \/>\n7391477352628<\/p>\n","protected":false},"excerpt":{"rendered":"<p>O <strong data-start=\"1520\" data-end=\"1549\">PAX Jazz 6\/550 Momento II<\/strong> \u00e9 um aquecedor el\u00e9trico de toalhas compacto que oferece maior capacidade para toalhas sem ocupar mais espa\u00e7o na parede. Com seis barras horizontais e 550 mm de altura, \u00e9 ideal para casas de banho mais pequenas que ainda precisam de espa\u00e7o para v\u00e1rias toalhas. O <strong data-start=\"1797\" data-end=\"1817\">temporizador Momento II<\/strong> integrado permite controlo manual ou programa\u00e7\u00e3o via app Bluetooth, facilitando a defini\u00e7\u00e3o de hor\u00e1rios de aquecimento e a gest\u00e3o do consumo de energia. Quando emparelhado com um extrator de casa de banho PAX compat\u00edvel, o toalheiro pode arrancar automaticamente \u00e0 medida que a humidade aumenta. Com acabamento em a\u00e7o inoxid\u00e1vel polido e montagem na parede para um calor eficiente, combina praticidade com um design limpo e moderno.    <\/p>\n","protected":false},"featured_media":4666,"comment_status":"open","ping_status":"closed","template":"","meta":{"_et_pb_use_builder":"","_et_pb_old_content":"","_et_gb_content_width":""},"product_brand":[133],"product_cat":[77],"product_tag":[],"class_list":{"0":"post-5058","1":"product","2":"type-product","3":"status-publish","4":"has-post-thumbnail","6":"product_brand-pax","7":"product_cat-aquecedores-de-toalhas","8":"product_shipping_class-aquecedor-de-toalhas-envio-gratuito","9":"pa_product-type-toalheiro-aquecido","11":"first","12":"instock","13":"taxable","14":"shipping-taxable","15":"purchasable","16":"product-type-simple"},"jetpack_sharing_enabled":true,"_links":{"self":[{"href":"https:\/\/paxspain.com\/pt-pt\/wp-json\/wp\/v2\/product\/5058","targetHints":{"allow":["GET"]}}],"collection":[{"href":"https:\/\/paxspain.com\/pt-pt\/wp-json\/wp\/v2\/product"}],"about":[{"href":"https:\/\/paxspain.com\/pt-pt\/wp-json\/wp\/v2\/types\/product"}],"replies":[{"embeddable":true,"href":"https:\/\/paxspain.com\/pt-pt\/wp-json\/wp\/v2\/comments?post=5058"}],"wp:featuredmedia":[{"embeddable":true,"href":"https:\/\/paxspain.com\/pt-pt\/wp-json\/wp\/v2\/media\/4666"}],"wp:attachment":[{"href":"https:\/\/paxspain.com\/pt-pt\/wp-json\/wp\/v2\/media?parent=5058"}],"wp:term":[{"taxonomy":"product_brand","embeddable":true,"href":"https:\/\/paxspain.com\/pt-pt\/wp-json\/wp\/v2\/product_brand?post=5058"},{"taxonomy":"product_cat","embeddable":true,"href":"https:\/\/paxspain.com\/pt-pt\/wp-json\/wp\/v2\/product_cat?post=5058"},{"taxonomy":"product_tag","embeddable":true,"href":"https:\/\/paxspain.com\/pt-pt\/wp-json\/wp\/v2\/product_tag?post=5058"}],"curies":[{"name":"wp","href":"https:\/\/api.w.org\/{rel}","templated":true}]}}