{"id":5074,"date":"2023-04-03T21:50:54","date_gmt":"2023-04-03T21:50:54","guid":{"rendered":"https:\/\/paxspain.com\/product\/jazz-6-550-momento-ii\/"},"modified":"2026-02-26T18:56:20","modified_gmt":"2026-02-26T17:56:20","slug":"jazz-6-550-momento-ii","status":"publish","type":"product","link":"https:\/\/paxspain.com\/pt-pt\/produto\/jazz-6-550-momento-ii\/","title":{"rendered":"Jazz 6\/550 Momento II"},"content":{"rendered":"<p data-start=\"2267\" data-end=\"2693\">O <strong data-start=\"2271\" data-end=\"2322\">aquecedor el\u00e9trico de toalhas PAX Jazz 6\/550 Momento II<\/strong> foi concebido para casas de banho com espa\u00e7o limitado, mas onde a necessidade de toalhas n\u00e3o \u00e9. Ao aumentar o n\u00famero de barras para seis, mantendo uma altura compacta de <strong data-start=\"2462\" data-end=\"2479\">550 mm<\/strong>, oferece uma generosa capacidade de pendurar toalhas sem sobrecarregar o espa\u00e7o. O acabamento em a\u00e7o inoxid\u00e1vel polido proporciona um aspeto neutro e moderno, adequado tanto a casas de banho contempor\u00e2neas como tradicionais.  <\/p>\n<p data-start=\"2731\" data-end=\"2995\">Este modelo inclui o <strong data-start=\"2755\" data-end=\"2784\">sistema de controlo Momento II<\/strong>, oferecendo um controlo de aquecimento flex\u00edvel, muito al\u00e9m de um simples interruptor ligar\/desligar. O aquecedor de toalhas pode ser operado manualmente atrav\u00e9s do temporizador integrado ou ligado por Bluetooth \u00e0 app PAX para uma programa\u00e7\u00e3o mais avan\u00e7ada. <\/p>\n<p data-start=\"2997\" data-end=\"3023\">Com controlo pela app, pode:<\/p>\n<ul data-start=\"3024\" data-end=\"3205\">\n<li data-start=\"3024\" data-end=\"3081\">\n<p data-start=\"3026\" data-end=\"3081\">Definir hor\u00e1rios de aquecimento precisos para acompanhar as rotinas di\u00e1rias<\/p>\n<\/li>\n<li data-start=\"3082\" data-end=\"3137\">\n<p data-start=\"3084\" data-end=\"3137\">Ajustar os n\u00edveis de pot\u00eancia para evitar consumo de energia desnecess\u00e1rio<\/p>\n<\/li>\n<li data-start=\"3138\" data-end=\"3205\">\n<p data-start=\"3140\" data-end=\"3205\">Coordenar o aquecimento de toalhas com outros produtos de ventila\u00e7\u00e3o da casa de banho<\/p>\n<\/li>\n<\/ul>\n<p data-start=\"3207\" data-end=\"3419\">Quando emparelhado com um <strong>extrator de casa de banho PAX<\/strong> compat\u00edvel com dete\u00e7\u00e3o de humidade, o aquecedor de toalhas pode arrancar automaticamente \u00e0 medida que os n\u00edveis de humidade aumentam \u2014 ajudando as toalhas a aquecer e a secar assim que o duche come\u00e7a.<\/p>\n<p data-start=\"3467\" data-end=\"3813\">O Jazz 6\/550 \u00e9 fornecido com um discreto <strong data-start=\"3510\" data-end=\"3541\">suporte de montagem Momento II<\/strong>, permitindo uma liga\u00e7\u00e3o el\u00e9trica oculta a partir do canto inferior esquerdo ou direito. Isto mant\u00e9m a cablagem escondida e preserva as linhas limpas do toalheiro. A unidade foi concebida para instala\u00e7\u00e3o fixa, com acess\u00f3rios opcionais dispon\u00edveis caso seja necess\u00e1ria uma liga\u00e7\u00e3o com ficha.  <\/p>\n<p data-start=\"3815\" data-end=\"3935\">Com uma <strong data-start=\"3823\" data-end=\"3838\">classifica\u00e7\u00e3o IP44<\/strong>, o aquecedor de toalhas \u00e9 adequado para ambientes de casa de banho onde existem salpicos e humidade.<\/p>\n<p data-start=\"3969\" data-end=\"4241\">Concebido para uso regular, o Jazz 6\/550 fornece calor direcionado diretamente \u00e0s toalhas, em vez de aquecer toda a divis\u00e3o. Esta abordagem focada ajuda as toalhas a secar mais depressa, mantendo os custos de funcionamento sob controlo. A programa\u00e7\u00e3o inteligente garante que a unidade s\u00f3 est\u00e1 ativa quando necess\u00e1rio.  <\/p>\n<ul data-start=\"4290\" data-end=\"4548\">\n<li data-start=\"4290\" data-end=\"4338\">\n<p data-start=\"4292\" data-end=\"4338\">Design de seis barras para maior capacidade de toalhas<\/p>\n<\/li>\n<li data-start=\"4339\" data-end=\"4379\">\n<p data-start=\"4341\" data-end=\"4379\">Altura compacta para casas de banho mais pequenas<\/p>\n<\/li>\n<li data-start=\"4380\" data-end=\"4422\">\n<p data-start=\"4382\" data-end=\"4422\">Temporizador Bluetooth inteligente com controlo pela app<\/p>\n<\/li>\n<li data-start=\"4423\" data-end=\"4481\">\n<p data-start=\"4425\" data-end=\"4481\">Arranque autom\u00e1tico quando emparelhado com ventiladores com dete\u00e7\u00e3o de humidade<\/p>\n<\/li>\n<li data-start=\"4482\" data-end=\"4548\">\n<p data-start=\"4484\" data-end=\"4548\">Acabamento em a\u00e7o inoxid\u00e1vel polido para durabilidade e limpeza f\u00e1cil<\/p>\n<\/li>\n<\/ul>\n<p data-start=\"4550\" data-end=\"4708\">O <strong data-start=\"4554\" data-end=\"4583\">PAX Jazz 6\/550 Momento II<\/strong> \u00e9 uma solu\u00e7\u00e3o equilibrada para casas de banho que precisam de um controlo mais inteligente e de mais espa\u00e7o para toalhas.<\/p>\n<p><strong>Informa\u00e7\u00e3o do Produto:<\/strong><\/p>\n<p>N\u00famero de artigo<br \/>\n3525-2<\/p>\n<p>Alimenta\u00e7\u00e3o el\u00e9ctrica Fase<br \/>\n1-Fase<\/p>\n<p>Prote\u00e7\u00e3o IP<br \/>\nIP 44<\/p>\n<p>Classe de Isolamento<br \/>\nII<\/p>\n<p>Material<br \/>\nA\u00e7o inoxid\u00e1vel, pl\u00e1stico<\/p>\n<p>Largura (mm)<br \/>\n549<\/p>\n<p>Profundidade (mm)<br \/>\n107<\/p>\n<p>Altura (mm)<br \/>\n1021<\/p>\n<p>Tipo de instala\u00e7\u00e3o<br \/>\nParede<\/p>\n<p>Nome do produto<br \/>\nJazz 6\/550 Momento II<\/p>\n<p>Consumo de energia (W)<br \/>\n65<\/p>\n<p>Fun\u00e7\u00f5es<br \/>\nFuncionamento com temporizador, Temporizador repetitivo, Controlo de pot\u00eancia<\/p>\n<p>Tens\u00e3o de alimenta\u00e7\u00e3o (V)<br \/>\n230V AC<\/p>\n<p>Op\u00e7\u00e3o Sem Fios<br \/>\nBluetooth LE<\/p>\n<p>Detalhe do material pl\u00e1stico<br \/>\nABS<\/p>\n<p>C\u00f3digo Etim<br \/>\nEC003624<\/p>\n<p>EAN 13<br \/>\n7391477352529<\/p>\n","protected":false},"excerpt":{"rendered":"<p data-start=\"1516\" data-end=\"2171\">O <strong data-start=\"1520\" data-end=\"1549\">PAX Jazz 6\/550 Momento II<\/strong> \u00e9 um aquecedor el\u00e9trico de toalhas compacto que oferece maior capacidade de toalhas sem ocupar mais espa\u00e7o na parede. Com seis barras horizontais e 550 mm de altura, \u00e9 ideal para casas de banho mais pequenas que ainda precisam de espa\u00e7o para v\u00e1rias toalhas. O <strong data-start=\"1797\" data-end=\"1817\">temporizador Momento II<\/strong> integrado permite controlo manual ou programa\u00e7\u00e3o pela app via Bluetooth, facilitando a defini\u00e7\u00e3o dos tempos de aquecimento e a gest\u00e3o do consumo de energia. Quando emparelhado com um extrator de casa de banho PAX compat\u00edvel, o toalheiro pode arrancar automaticamente \u00e0 medida que a humidade aumenta. Com acabamento em a\u00e7o inoxid\u00e1vel polido e montagem na parede para um aquecimento eficiente, combina praticidade com um design limpo e moderno.    <\/p>\n","protected":false},"featured_media":4672,"comment_status":"open","ping_status":"closed","template":"","meta":{"_et_pb_use_builder":"","_et_pb_old_content":"","_et_gb_content_width":""},"product_brand":[133],"product_cat":[77],"product_tag":[],"class_list":{"0":"post-5074","1":"product","2":"type-product","3":"status-publish","4":"has-post-thumbnail","6":"product_brand-pax","7":"product_cat-aquecedores-de-toalhas","8":"pa_product-type-toalheiro-aquecido","10":"first","11":"instock","12":"taxable","13":"shipping-taxable","14":"purchasable","15":"product-type-simple"},"jetpack_sharing_enabled":true,"_links":{"self":[{"href":"https:\/\/paxspain.com\/pt-pt\/wp-json\/wp\/v2\/product\/5074","targetHints":{"allow":["GET"]}}],"collection":[{"href":"https:\/\/paxspain.com\/pt-pt\/wp-json\/wp\/v2\/product"}],"about":[{"href":"https:\/\/paxspain.com\/pt-pt\/wp-json\/wp\/v2\/types\/product"}],"replies":[{"embeddable":true,"href":"https:\/\/paxspain.com\/pt-pt\/wp-json\/wp\/v2\/comments?post=5074"}],"wp:featuredmedia":[{"embeddable":true,"href":"https:\/\/paxspain.com\/pt-pt\/wp-json\/wp\/v2\/media\/4672"}],"wp:attachment":[{"href":"https:\/\/paxspain.com\/pt-pt\/wp-json\/wp\/v2\/media?parent=5074"}],"wp:term":[{"taxonomy":"product_brand","embeddable":true,"href":"https:\/\/paxspain.com\/pt-pt\/wp-json\/wp\/v2\/product_brand?post=5074"},{"taxonomy":"product_cat","embeddable":true,"href":"https:\/\/paxspain.com\/pt-pt\/wp-json\/wp\/v2\/product_cat?post=5074"},{"taxonomy":"product_tag","embeddable":true,"href":"https:\/\/paxspain.com\/pt-pt\/wp-json\/wp\/v2\/product_tag?post=5074"}],"curies":[{"name":"wp","href":"https:\/\/api.w.org\/{rel}","templated":true}]}}