{"id":5102,"date":"2023-04-04T20:37:53","date_gmt":"2023-04-04T18:37:53","guid":{"rendered":"https:\/\/paxspain.com\/product\/pax-norte-preto\/"},"modified":"2026-03-18T17:37:30","modified_gmt":"2026-03-18T16:37:30","slug":"pax-norte-preto","status":"publish","type":"product","link":"https:\/\/paxspain.com\/pt-pt\/produto\/pax-norte-preto\/","title":{"rendered":"Norte Preto"},"content":{"rendered":"<p><strong>Informa\u00e7\u00e3o do Produto:<\/strong><\/p>\n<p>N\u00famero de artigo<br \/>\n1561-1<\/p>\n<p>Alimenta\u00e7\u00e3o el\u00e9ctrica Fase<br \/>\n1-Fase<\/p>\n<p>Prote\u00e7\u00e3o IP<br \/>\nIP 44<\/p>\n<p>Classe de Isolamento<br \/>\nII<\/p>\n<p>Capacidade m\u00e1xima (m3\/h)<br \/>\n110<\/p>\n<p>N\u00edvel de press\u00e3o sonora 3m dB(A)<br \/>\n17-20<\/p>\n<p>Material<br \/>\nPl\u00e1stico<\/p>\n<p>Press\u00e3o m\u00e1xima (Pa)<br \/>\n25<\/p>\n<p>Largura (mm)<br \/>\n177<\/p>\n<p>Profundidade (mm)<br \/>\n81<\/p>\n<p>Altura (mm)<br \/>\n177<\/p>\n<p>Tipo de instala\u00e7\u00e3o<br \/>\nHorizontal, Vertical<\/p>\n<p>Nome do produto<br \/>\nPAX Norte preta<\/p>\n<p>Consumo de energia (W)<br \/>\n4<\/p>\n<p>Fun\u00e7\u00f5es<br \/>\nHumidstato inteligente, sensor de luz, sensor de temperatura, temporizador de atraso, temporizador de funcionamento, volume constante, interrutor ativo<\/p>\n<p>Certificado ambiental<br \/>\nSundaHus, WEEE, REACH<\/p>\n<p>Tens\u00e3o de Alimenta\u00e7\u00e3o (V)<br \/>\n12V DC, 100V AC, 110V AC, 230V AC<\/p>\n<p>Op\u00e7\u00e3o Sem Fios<br \/>\nBluetooth LE<\/p>\n<p>Tipo de Motor<br \/>\nEC<\/p>\n<p>Detalhe do material pl\u00e1stico<br \/>\nABS<\/p>\n<p>C\u00f3digo Etim<br \/>\nEC001141<\/p>\n<p>EAN 13<br \/>\n7391477156110<\/p>\n<p>Circular\u00d8(mm)<br \/>\n177<\/p>\n","protected":false},"excerpt":{"rendered":"<p>Pax Norte \u2014 conhecido em alguns mercados como Svara ou Pulsar \u2014 \u00e9 uma ventoinha de casa de banho totalmente autom\u00e1tica, pronta a usar na sua configura\u00e7\u00e3o predefinida. A defini\u00e7\u00e3o b\u00e1sica do ventilador \u00e9 para funcionamento cont\u00ednuo a baixa velocidade com humid\u00f3stato e sensores de luz activados com tr\u00eas modos de velocidade.<\/p>\n<p>O Pax Norte funciona continuamente com um caudal b\u00e1sico de aproximadamente 30 m\u00b3\/h.<br \/>\nQuando uma luz \u00e9 acesa ou quando as sombras mudam quando algu\u00e9m se move na divis\u00e3o, o caudal aumenta para aproximadamente 60 m\u00b3\/h.<br \/>\nSe a humidade aumentar rapidamente, por exemplo, quando o chuveiro est\u00e1 ligado, o ventilador sobe para o caudal m\u00e1ximo de aproximadamente 95 m\u00b3\/h.<br \/>\nQuando a humidade tiver sido removida, o ventilador volta ao caudal b\u00e1sico de aproximadamente 30 m\u00b3\/h.<br \/>\nIsto assegura uma circula\u00e7\u00e3o de ar saud\u00e1vel constante e um melhor clima interior em toda a casa.<\/p>\n<p>A Pax Norte \u00e9 extremamente silenciosa e, como \u00e9 \u00f3bvio, est\u00e1 aprovada para utiliza\u00e7\u00e3o em salas h\u00famidas.<\/p>\n<p>A aplica\u00e7\u00e3o permite-te selecionar v\u00e1rias fun\u00e7\u00f5es e fazer ajustes<br \/>\nSe quiseres mais fun\u00e7\u00f5es e ajustes, podes descarregar a aplica\u00e7\u00e3o inteligente da Pax &#8220;Pax Wireless&#8221;. Com a app podes usar uma fun\u00e7\u00e3o de calend\u00e1rio inteligente, modo boost, fun\u00e7\u00e3o de arejamento e podes programar a tua ventoinha para ser um transferidor de calor.<br \/>\nAtrav\u00e9s da app podes tamb\u00e9m emparelhar a tua ventoinha com o teu <a href=\"https:\/\/paxspain.com\/category\/towel-warmer\/\">aquecedor de toalhas<\/a> com temporizador Momento II&#x2122;.  Depois, o aquecedor de toalhas liga-se automaticamente quando o sensor de humidade do ventilador detecta um aumento do n\u00edvel de humidade, por exemplo, quando come\u00e7as a tomar banho.<\/p>\n<p>Inova\u00e7\u00e3o em todos os pormenores<br \/>\nA Pax Norte foi desenvolvida e \u00e9 fabricada na Su\u00e9cia. Como de costume, adopt\u00e1mos uma abordagem intransigente em rela\u00e7\u00e3o aos materiais, ao ambiente e \u00e0 qualidade. O Norte est\u00e1 equipado com tecnologia de controlo de \u00faltima gera\u00e7\u00e3o e o seu desempenho \u00e9 mais de 20% superior ao dos modelos anteriores. A Pax Norte tamb\u00e9m oferece um consumo m\u00ednimo de energia e \u00e9 muito f\u00e1cil de limpar. <\/p>\n<p>Uma ventoinha com possibilidades inesperadas<br \/>\nA Pax Norte foi desenvolvida para v\u00e1rios mercados para al\u00e9m do mercado dom\u00e9stico. A entrada de 12 volts integrada permite a utiliza\u00e7\u00e3o do ventilador em barcos e autocaravanas, por exemplo. Pax Norte pode ser uma das ventoinhas mais vers\u00e1teis que j\u00e1 produzimos.<\/p>\n<p>E, como em todos os produtos Pax, cada ventilador foi submetido a rigorosos testes de qualidade e seguran\u00e7a. \u00c9 por isso que oferecemos uma garantia de 5 anos para a tua Pax Norte. <\/p>\n<p>O que recebes com um Pax Norte\u00ae:<br \/>\n&#8211; Ventilador de casa de banho totalmente autom\u00e1tico, pronto a usar na sua vers\u00e3o predefinida<br \/>\n&#8211; Possibilidade de selecionar v\u00e1rias fun\u00e7\u00f5es e fazer ajustes atrav\u00e9s da aplica\u00e7\u00e3o Pax Wireless<br \/>\n&#8211; F\u00e1cil de instalar e usar<br \/>\n&#8211; Muito silencioso 17-20dB (A) 3m<br \/>\n&#8211; Eficaz, 110 m3 \/ h de sopro livre<br \/>\n&#8211; Economia de energia, m\u00e1ximo de 4 W<br \/>\n&#8211; Fun\u00e7\u00e3o Boost<br \/>\n&#8211; Entrada separada de 12 V<br \/>\n&#8211; Seguro e protegido. Cada ventilador \u00e9 testado exaustivamente<br \/>\n&#8211; Desenvolvido e fabricado na Su\u00e9cia <\/p>\n<p><a href=\"https:\/\/paxspain.com\/wp-content\/uploads\/2023\/04\/Folder-Bathroom-fan-Norte-EN.pdf\">Descarregar Brochura PAX Norte &#8211; Ingl\u00eas<\/a><br \/>\n<a href=\"https:\/\/paxspain.com\/wp-content\/uploads\/2023\/04\/Pax-Norte-ESPANOL.pdf\">Descarregar Brochura PAX Norte &#8211; Espanhol<\/a><br \/>\n<a href=\"https:\/\/paxspain.com\/wp-content\/uploads\/2023\/04\/Folder-Bathroom-fan-Norte-DE.pdf\">Descarregar Brochura PAX Norte &#8211; Alem\u00e3o<\/a><br \/>\n<a href=\"https:\/\/paxspain.com\/wp-content\/uploads\/2023\/04\/Manual-Bathroom-fan-Norte-Multi.pdf\">Descarrega o manual do PAX Norte<\/a><br \/>\n<a href=\"https:\/\/paxspain.com\/wp-content\/uploads\/2023\/04\/Pax-Norte-Product-Sheet.pdf\">Descarregar Ficha de Produto PAX Norte &#8211; Ingl\u00eas<\/a><br \/>\n<a href=\"https:\/\/paxspain.com\/wp-content\/uploads\/2023\/04\/Spanish-PAX-Norte-Black_White-Product-Sheet.pdfhttps:\/\/paxspain.com\/wp-content\/uploads\/2023\/04\/Spanish-PAX-Norte-Black_White-Product-Sheet.pdf\">Descarregar Ficha de Produto PAX Norte &#8211; Espanhol<\/a><\/p>\n<p>&nbsp;<\/p>\n<div style=\"width: 480px;\" class=\"wp-video\"><video class=\"wp-video-shortcode\" id=\"video-5102-1\" width=\"480\" height=\"848\" preload=\"metadata\" controls=\"controls\"><source type=\"video\/mp4\" src=\"https:\/\/paxspain.com\/wp-content\/uploads\/2026\/01\/VID-20260115-WA0001.mp4?_=1\" \/><a href=\"https:\/\/paxspain.com\/wp-content\/uploads\/2026\/01\/VID-20260115-WA0001.mp4\">https:\/\/paxspain.com\/wp-content\/uploads\/2026\/01\/VID-20260115-WA0001.mp4<\/a><\/video><\/div>\n","protected":false},"featured_media":4674,"comment_status":"open","ping_status":"closed","template":"","meta":{"_et_pb_use_builder":"","_et_pb_old_content":"","_et_gb_content_width":""},"product_brand":[133],"product_cat":[78,79],"product_tag":[],"class_list":{"0":"post-5102","1":"product","2":"type-product","3":"status-publish","4":"has-post-thumbnail","6":"product_brand-pax","7":"product_cat-edicao-preta","8":"product_cat-produtos-de-ventilacao","9":"pa_product-type-ventilador-de-casa-de-banho","11":"first","12":"instock","13":"taxable","14":"shipping-taxable","15":"purchasable","16":"product-type-simple"},"jetpack_sharing_enabled":true,"_links":{"self":[{"href":"https:\/\/paxspain.com\/pt-pt\/wp-json\/wp\/v2\/product\/5102","targetHints":{"allow":["GET"]}}],"collection":[{"href":"https:\/\/paxspain.com\/pt-pt\/wp-json\/wp\/v2\/product"}],"about":[{"href":"https:\/\/paxspain.com\/pt-pt\/wp-json\/wp\/v2\/types\/product"}],"replies":[{"embeddable":true,"href":"https:\/\/paxspain.com\/pt-pt\/wp-json\/wp\/v2\/comments?post=5102"}],"wp:featuredmedia":[{"embeddable":true,"href":"https:\/\/paxspain.com\/pt-pt\/wp-json\/wp\/v2\/media\/4674"}],"wp:attachment":[{"href":"https:\/\/paxspain.com\/pt-pt\/wp-json\/wp\/v2\/media?parent=5102"}],"wp:term":[{"taxonomy":"product_brand","embeddable":true,"href":"https:\/\/paxspain.com\/pt-pt\/wp-json\/wp\/v2\/product_brand?post=5102"},{"taxonomy":"product_cat","embeddable":true,"href":"https:\/\/paxspain.com\/pt-pt\/wp-json\/wp\/v2\/product_cat?post=5102"},{"taxonomy":"product_tag","embeddable":true,"href":"https:\/\/paxspain.com\/pt-pt\/wp-json\/wp\/v2\/product_tag?post=5102"}],"curies":[{"name":"wp","href":"https:\/\/api.w.org\/{rel}","templated":true}]}}