{"id":5104,"date":"2023-04-03T21:51:23","date_gmt":"2023-04-03T21:51:23","guid":{"rendered":"https:\/\/paxspain.com\/product\/jazz-8-700-momento-ii\/"},"modified":"2026-02-26T18:57:23","modified_gmt":"2026-02-26T17:57:23","slug":"jazz-8-700-momento-ii","status":"publish","type":"product","link":"https:\/\/paxspain.com\/pt-pt\/produto\/jazz-8-700-momento-ii\/","title":{"rendered":"Jazz 8\/700 Momento II"},"content":{"rendered":"<p data-start=\"2305\" data-end=\"2725\">O <strong data-start=\"2309\" data-end=\"2360\">aquecedor de toalhas el\u00e9trico PAX Jazz 8\/700 Momento II<\/strong> foi concebido para fam\u00edlias que exigem capacidade e controlo. Com <strong data-start=\"2434\" data-end=\"2474\">oito barras horizontais uniformemente espa\u00e7adas<\/strong> e <strong data-start=\"2481\" data-end=\"2498\">700 mm de altura<\/strong>, oferece amplo espa\u00e7o para aquecer e secar v\u00e1rias toalhas simultaneamente. Isto torna-o particularmente adequado para casas de banho familiares, su\u00edtes utilizadas por mais de uma pessoa ou qualquer espa\u00e7o onde as toalhas sejam frequentemente trocadas.  <\/p>\n<p data-start=\"2727\" data-end=\"2896\">O acabamento em a\u00e7o inoxid\u00e1vel polido proporciona um aspeto limpo e contempor\u00e2neo que se integra facilmente em designs de casa de banho modernos, mantendo-se dur\u00e1vel e f\u00e1cil de manter.<\/p>\n<p data-start=\"2934\" data-end=\"3190\">No centro do Jazz 8\/700 est\u00e1 o <strong data-start=\"2971\" data-end=\"3000\">sistema de controlo Momento II<\/strong>, que oferece flexibilidade para al\u00e9m de um temporizador padr\u00e3o. O aquecedor de toalhas pode ser operado diretamente atrav\u00e9s dos controlos integrados ou ligado via Bluetooth \u00e0 aplica\u00e7\u00e3o PAX para programa\u00e7\u00e3o avan\u00e7ada. <\/p>\n<p data-start=\"3192\" data-end=\"3218\">Com o controlo por aplica\u00e7\u00e3o, pode:<\/p>\n<ul data-start=\"3219\" data-end=\"3369\">\n<li data-start=\"3219\" data-end=\"3260\">\n<p data-start=\"3221\" data-end=\"3260\">Definir programa\u00e7\u00f5es de aquecimento di\u00e1rias ou semanais<\/p>\n<\/li>\n<li data-start=\"3261\" data-end=\"3307\">\n<p data-start=\"3263\" data-end=\"3307\">Ajustar os n\u00edveis de pot\u00eancia de acordo com os padr\u00f5es de utiliza\u00e7\u00e3o<\/p>\n<\/li>\n<li data-start=\"3308\" data-end=\"3369\">\n<p data-start=\"3310\" data-end=\"3369\">Coordenar o aquecimento de toalhas com produtos de ventila\u00e7\u00e3o da casa de banho<\/p>\n<\/li>\n<\/ul>\n<p data-start=\"3371\" data-end=\"3615\">Quando emparelhado com um <strong data-start=\"3401\" data-end=\"3427\">extrator de casa de banho<\/strong> compat\u00edvel com sensor de humidade, o toalheiro pode arrancar automaticamente \u00e0 medida que os n\u00edveis de humidade aumentam \u2014 garantindo que as toalhas come\u00e7am a aquecer durante ou imediatamente ap\u00f3s o duche, sem interven\u00e7\u00e3o manual.<\/p>\n<p data-start=\"3664\" data-end=\"4016\">O Jazz 8\/700 \u00e9 fornecido com um <strong data-start=\"3698\" data-end=\"3729\">suporte de montagem Momento II<\/strong> que permite a liga\u00e7\u00e3o el\u00e9trica oculta pelo canto inferior esquerdo ou direito. Isto mant\u00e9m a cablagem escondida e preserva as linhas limpas do toalheiro. A unidade destina-se a instala\u00e7\u00e3o el\u00e9trica fixa, com acess\u00f3rios opcionais dispon\u00edveis caso seja necess\u00e1ria uma solu\u00e7\u00e3o com ficha.  <\/p>\n<p data-start=\"4018\" data-end=\"4138\">Com <strong data-start=\"4026\" data-end=\"4041\">classifica\u00e7\u00e3o IP44<\/strong>, o aquecedor de toalhas \u00e9 adequado para ambientes de casa de banho onde a humidade e salpicos est\u00e3o presentes.<\/p>\n<p data-start=\"4173\" data-end=\"4474\">Apesar do seu tamanho e elevado n\u00famero de barras, o Jazz 8\/700 foi concebido para um funcionamento el\u00e9trico eficiente. O calor \u00e9 fornecido diretamente \u00e0s toalhas em vez de aquecer toda a divis\u00e3o, ajudando as toalhas a secar mais rapidamente enquanto mant\u00e9m o consumo de energia controlado. A programa\u00e7\u00e3o inteligente garante que o toalheiro funciona apenas quando necess\u00e1rio.  <\/p>\n<ul data-start=\"4523\" data-end=\"4791\">\n<li data-start=\"4523\" data-end=\"4571\">\n<p data-start=\"4525\" data-end=\"4571\">Design de oito barras para capacidade m\u00e1xima de toalhas<\/p>\n<\/li>\n<li data-start=\"4572\" data-end=\"4622\">\n<p data-start=\"4574\" data-end=\"4622\">Perfil mais alto para melhor circula\u00e7\u00e3o de ar e secagem<\/p>\n<\/li>\n<li data-start=\"4623\" data-end=\"4665\">\n<p data-start=\"4625\" data-end=\"4665\">Temporizador Bluetooth inteligente com controlo por aplica\u00e7\u00e3o<\/p>\n<\/li>\n<li data-start=\"4666\" data-end=\"4724\">\n<p data-start=\"4668\" data-end=\"4724\">Arranque autom\u00e1tico quando emparelhado com ventiladores com sensor de humidade<\/p>\n<\/li>\n<li data-start=\"4725\" data-end=\"4791\">\n<p data-start=\"4727\" data-end=\"4791\">Acabamento em a\u00e7o inoxid\u00e1vel polido para durabilidade e limpeza f\u00e1cil<\/p>\n<\/li>\n<\/ul>\n<p data-start=\"4793\" data-end=\"4955\">O <strong data-start=\"4797\" data-end=\"4826\">PAX Jazz 8\/700 Momento II<\/strong> \u00e9 uma excelente escolha para casas de banho maiores ou mais movimentadas, combinando capacidade generosa com controlo inteligente e efici\u00eancia quotidiana.<\/p>\n<p><strong>Informa\u00e7\u00e3o do Produto:<\/strong><\/p>\n<p>N\u00famero de artigo<br \/>\n3526-3<\/p>\n<p>Alimenta\u00e7\u00e3o el\u00e9ctrica Fase<br \/>\n1-Fase<\/p>\n<p>Prote\u00e7\u00e3o IP<br \/>\nIP 44<\/p>\n<p>Classe de Isolamento<br \/>\nII<\/p>\n<p>Material<br \/>\nA\u00e7o inoxid\u00e1vel, pl\u00e1stico<\/p>\n<p>Largura (mm)<br \/>\n699<\/p>\n<p>Profundidade (mm)<br \/>\n107<\/p>\n<p>Altura (mm)<br \/>\n1341<\/p>\n<p>Tipo de instala\u00e7\u00e3o<br \/>\nParede<\/p>\n<p>Nome do produto<br \/>\nJazz 8\/700 Momento II<\/p>\n<p>Consumo de energia (W)<br \/>\n110<\/p>\n<p>Fun\u00e7\u00f5es<br \/>\nFuncionamento com temporizador, Temporizador repetitivo, Controlo de pot\u00eancia<\/p>\n<p>Tens\u00e3o de alimenta\u00e7\u00e3o (V)<br \/>\n230V AC<\/p>\n<p>Op\u00e7\u00e3o Sem Fios<br \/>\nBluetooth LE<\/p>\n<p>Detalhe do material pl\u00e1stico<br \/>\nABS<\/p>\n<p>C\u00f3digo Etim<br \/>\nEC003624<\/p>\n<p>EAN 13<br \/>\n7391477352635<\/p>\n","protected":false},"excerpt":{"rendered":"<p data-start=\"1529\" data-end=\"2201\">O <strong data-start=\"1533\" data-end=\"1562\">PAX Jazz 8\/700 Momento II<\/strong> \u00e9 um aquecedor de toalhas el\u00e9trico de alta capacidade concebido para casas de banho onde v\u00e1rias toalhas precisam de ser aquecidas ao mesmo tempo. Com oito barras horizontais e um perfil mais alto de 700 mm, proporciona um espa\u00e7o generoso para pendurar, mantendo uma apar\u00eancia limpa e moderna. O <strong data-start=\"1824\" data-end=\"1844\">temporizador Momento II<\/strong> integrado permite controlo manual ou programa\u00e7\u00e3o por aplica\u00e7\u00e3o Bluetooth, oferecendo controlo preciso sobre os tempos de aquecimento e o consumo de energia. Quando emparelhado com um extrator de casa de banho PAX compat\u00edvel, o toalheiro pode arrancar automaticamente \u00e0 medida que a humidade aumenta. Com acabamento em a\u00e7o inoxid\u00e1vel polido e montagem na parede para aquecimento eficiente, \u00e9 uma solu\u00e7\u00e3o ideal para casas de banho familiares e partilhadas.    <\/p>\n","protected":false},"featured_media":4664,"comment_status":"open","ping_status":"closed","template":"","meta":{"_et_pb_use_builder":"","_et_pb_old_content":"","_et_gb_content_width":""},"product_brand":[133],"product_cat":[77],"product_tag":[],"class_list":{"0":"post-5104","1":"product","2":"type-product","3":"status-publish","4":"has-post-thumbnail","6":"product_brand-pax","7":"product_cat-aquecedores-de-toalhas","8":"product_shipping_class-aquecedor-de-toalhas-envio-gratuito","9":"pa_product-type-toalheiro-aquecido","11":"first","12":"instock","13":"taxable","14":"shipping-taxable","15":"purchasable","16":"product-type-simple"},"jetpack_sharing_enabled":true,"_links":{"self":[{"href":"https:\/\/paxspain.com\/pt-pt\/wp-json\/wp\/v2\/product\/5104","targetHints":{"allow":["GET"]}}],"collection":[{"href":"https:\/\/paxspain.com\/pt-pt\/wp-json\/wp\/v2\/product"}],"about":[{"href":"https:\/\/paxspain.com\/pt-pt\/wp-json\/wp\/v2\/types\/product"}],"replies":[{"embeddable":true,"href":"https:\/\/paxspain.com\/pt-pt\/wp-json\/wp\/v2\/comments?post=5104"}],"wp:featuredmedia":[{"embeddable":true,"href":"https:\/\/paxspain.com\/pt-pt\/wp-json\/wp\/v2\/media\/4664"}],"wp:attachment":[{"href":"https:\/\/paxspain.com\/pt-pt\/wp-json\/wp\/v2\/media?parent=5104"}],"wp:term":[{"taxonomy":"product_brand","embeddable":true,"href":"https:\/\/paxspain.com\/pt-pt\/wp-json\/wp\/v2\/product_brand?post=5104"},{"taxonomy":"product_cat","embeddable":true,"href":"https:\/\/paxspain.com\/pt-pt\/wp-json\/wp\/v2\/product_cat?post=5104"},{"taxonomy":"product_tag","embeddable":true,"href":"https:\/\/paxspain.com\/pt-pt\/wp-json\/wp\/v2\/product_tag?post=5104"}],"curies":[{"name":"wp","href":"https:\/\/api.w.org\/{rel}","templated":true}]}}