{"id":5105,"date":"2023-04-04T20:57:30","date_gmt":"2023-04-04T20:57:30","guid":{"rendered":"https:\/\/paxspain.com\/product\/flex-i-2-550-preto-momento-ii\/"},"modified":"2026-02-26T18:39:58","modified_gmt":"2026-02-26T17:39:58","slug":"flex-i-2-550-preto-momento-ii","status":"publish","type":"product","link":"https:\/\/paxspain.com\/pt-pt\/produto\/flex-i-2-550-preto-momento-ii\/","title":{"rendered":"Flex I 2\/550 Black Momento II"},"content":{"rendered":"<p data-start=\"2195\" data-end=\"2607\">Acabado em a\u00e7o lacado preto mate dur\u00e1vel, o <strong>toalheiro aquecido PAX Flex I 2\/550 Black Momento II<\/strong> foi concebido para funcionar e elevar a est\u00e9tica da sua casa de banho. \u00c9 ideal para interiores modernos onde o estilo e a funcionalidade s\u00e3o importantes. <\/p>\n<p data-start=\"2195\" data-end=\"2607\">Com <strong data-start=\"2660\" data-end=\"2694\">dois bra\u00e7os pivotantes individuais<\/strong>, cada um pode rodar at\u00e9 180\u00b0, oferecendo-lhe a flexibilidade de otimizar o espa\u00e7o de secagem ou dobr\u00e1-los quando n\u00e3o forem necess\u00e1rios. O design de tubo reto facilita pendurar as toalhas e retir\u00e1-las com o m\u00ednimo de esfor\u00e7o. Quer esteja a secar toalhas de m\u00e3os ou de banho, este toalheiro adapta-se \u00e0s suas necessidades!  <\/p>\n<p data-start=\"2195\" data-end=\"2607\">O <strong data-start=\"3082\" data-end=\"3103\">temporizador Momento II&#x2122;<\/strong> integrado oferece controlo avan\u00e7ado sobre o seu toalheiro aquecido. Defina hor\u00e1rios personalizados e n\u00edveis de pot\u00eancia diretamente a partir da aplica\u00e7\u00e3o PAX para desfrutar de toalhas aquecidas exatamente quando as desejar. Para maior comodidade, emparelhe com um extrator de casa de banho PAX e deixe o sensor de humidade acionar o aquecimento automaticamente ap\u00f3s um duche quente. Tamb\u00e9m tem <strong data-start=\"3429\" data-end=\"3447\">controlo manual<\/strong> completo se preferir uma experi\u00eancia simples e tradicional.   <\/p>\n<p data-start=\"3027\" data-end=\"3533\">A conectividade Bluetooth LE significa controlo perfeito a partir do seu smartphone atrav\u00e9s da aplica\u00e7\u00e3o PAX Connect. Ajuste os hor\u00e1rios de aquecimento, reduza o consumo de energia e monitorize o desempenho, tudo sem tocar no toalheiro. \u00c9 uma excelente combina\u00e7\u00e3o de tecnologia inteligente e utilidade quotidiana.  <\/p>\n<p data-start=\"3535\" data-end=\"3866\">Com um <strong data-start=\"3904\" data-end=\"3930\">consumo de energia de 20 W<\/strong>, classifica\u00e7\u00e3o de prote\u00e7\u00e3o contra \u00e1gua IP44 e constru\u00e7\u00e3o robusta em a\u00e7o lacado e pl\u00e1stico ABS, este aquecedor de toalhas foi concebido para resistir \u00e0 humidade e \u00e0s exig\u00eancias dos ambientes de casa de banho. A instala\u00e7\u00e3o flex\u00edvel permite montagem \u00e0 direita ou \u00e0 esquerda, adaptando-se ao seu espa\u00e7o. <\/p>\n<p><strong>Informa\u00e7\u00e3o do Produto:<\/strong><\/p>\n<p>N\u00famero de artigo<br \/>\n26-2035<\/p>\n<p>Alimenta\u00e7\u00e3o el\u00e9ctrica Fase<br \/>\n1-Fase<\/p>\n<p>Prote\u00e7\u00e3o IP<br \/>\nIP 44<\/p>\n<p>Classe de Isolamento<br \/>\nII<\/p>\n<p>Material<br \/>\nA\u00e7o, pl\u00e1stico<\/p>\n<p>Largura (mm)<br \/>\n559<\/p>\n<p>Profundidade (mm)<br \/>\n112<\/p>\n<p>Altura (mm)<br \/>\n323<\/p>\n<p>Tipo de instala\u00e7\u00e3o<br \/>\nParede<\/p>\n<p>Nome do produto<br \/>\nFlex I 2\/550 pivotante Momento II preto<\/p>\n<p>Consumo de energia (W)<br \/>\n20<\/p>\n<p>Fun\u00e7\u00f5es<br \/>\nFuncionamento com Temporizador, Temporizador Repetitivo, Controlo de Pot\u00eancia<\/p>\n<p>Tens\u00e3o de alimenta\u00e7\u00e3o (V)<br \/>\n230V AC<\/p>\n<p>Op\u00e7\u00e3o Sem Fios<br \/>\nBluetooth LE<\/p>\n<p>Detalhe do material pl\u00e1stico<br \/>\nABS<\/p>\n<p>C\u00f3digo Etim<br \/>\nEC003624<\/p>\n<p>EAN 13<br \/>\n7391477620208<\/p>\n","protected":false},"excerpt":{"rendered":"<p>O <strong data-start=\"1491\" data-end=\"1528\">PAX Flex I 2\/550 Black Momento II<\/strong> \u00e9 um toalheiro aquecido elegante em preto mate, concebido para casas de banho modernas. Com dois bra\u00e7os pivotantes individuais, oferece op\u00e7\u00f5es de secagem flex\u00edveis enquanto poupa espa\u00e7o. Completo com o <strong data-start=\"1718\" data-end=\"1739\">temporizador Momento II&#x2122;<\/strong>, controle os hor\u00e1rios de aquecimento e n\u00edveis de pot\u00eancia manualmente ou atrav\u00e9s da aplica\u00e7\u00e3o PAX, podendo at\u00e9 emparelhar com um extrator de casa de banho PAX para funcionamento autom\u00e1tico quando a humidade aumenta. Com prote\u00e7\u00e3o IP44, conectividade Bluetooth LE e instala\u00e7\u00e3o de parede, este aquecedor de toalhas el\u00e9trico combina estilo contempor\u00e2neo com comodidade inteligente. Uma atualiza\u00e7\u00e3o pr\u00e1tica para manter as toalhas quentes, secas e frescas todos os dias.    <\/p>\n<p>&nbsp;<\/p>\n<ul>\n<li data-start=\"4287\" data-end=\"4344\">\n<p data-start=\"4289\" data-end=\"4344\">Acabamento elegante em preto mate que combina com acess\u00f3rios modernos<\/p>\n<\/li>\n<li data-start=\"4345\" data-end=\"4392\">\n<p data-start=\"4347\" data-end=\"4392\">Controlo por aplica\u00e7\u00e3o e manual atrav\u00e9s do temporizador Momento II<\/p>\n<\/li>\n<li data-start=\"4393\" data-end=\"4443\">\n<p data-start=\"4395\" data-end=\"4443\">Conectividade Bluetooth LE e programa\u00e7\u00e3o inteligente<\/p>\n<\/li>\n<li data-start=\"4444\" data-end=\"4498\">\n<p data-start=\"4446\" data-end=\"4498\">Bra\u00e7os pivotantes ajust\u00e1veis para necessidades vari\u00e1veis de secagem<\/p>\n<\/li>\n<li data-start=\"4499\" data-end=\"4555\">\n<p data-start=\"4501\" data-end=\"4555\">Instala\u00e7\u00e3o de parede simples e design compacto<\/p>\n<\/li>\n<\/ul>\n","protected":false},"featured_media":4692,"comment_status":"open","ping_status":"closed","template":"","meta":{"_et_pb_use_builder":"","_et_pb_old_content":"","_et_gb_content_width":""},"product_brand":[133],"product_cat":[77,78],"product_tag":[],"class_list":{"0":"post-5105","1":"product","2":"type-product","3":"status-publish","4":"has-post-thumbnail","6":"product_brand-pax","7":"product_cat-aquecedores-de-toalhas","8":"product_cat-edicao-preta","9":"product_shipping_class-aquecedor-de-toalhas-envio-gratuito","10":"pa_product-type-toalheiro-aquecido","12":"first","13":"instock","14":"taxable","15":"shipping-taxable","16":"purchasable","17":"product-type-simple"},"jetpack_sharing_enabled":true,"_links":{"self":[{"href":"https:\/\/paxspain.com\/pt-pt\/wp-json\/wp\/v2\/product\/5105","targetHints":{"allow":["GET"]}}],"collection":[{"href":"https:\/\/paxspain.com\/pt-pt\/wp-json\/wp\/v2\/product"}],"about":[{"href":"https:\/\/paxspain.com\/pt-pt\/wp-json\/wp\/v2\/types\/product"}],"replies":[{"embeddable":true,"href":"https:\/\/paxspain.com\/pt-pt\/wp-json\/wp\/v2\/comments?post=5105"}],"wp:featuredmedia":[{"embeddable":true,"href":"https:\/\/paxspain.com\/pt-pt\/wp-json\/wp\/v2\/media\/4692"}],"wp:attachment":[{"href":"https:\/\/paxspain.com\/pt-pt\/wp-json\/wp\/v2\/media?parent=5105"}],"wp:term":[{"taxonomy":"product_brand","embeddable":true,"href":"https:\/\/paxspain.com\/pt-pt\/wp-json\/wp\/v2\/product_brand?post=5105"},{"taxonomy":"product_cat","embeddable":true,"href":"https:\/\/paxspain.com\/pt-pt\/wp-json\/wp\/v2\/product_cat?post=5105"},{"taxonomy":"product_tag","embeddable":true,"href":"https:\/\/paxspain.com\/pt-pt\/wp-json\/wp\/v2\/product_tag?post=5105"}],"curies":[{"name":"wp","href":"https:\/\/api.w.org\/{rel}","templated":true}]}}