{"id":5108,"date":"2023-04-03T21:51:25","date_gmt":"2023-04-03T21:51:25","guid":{"rendered":"https:\/\/paxspain.com\/product\/jazz-8-550-momento-ii\/"},"modified":"2026-02-26T18:57:29","modified_gmt":"2026-02-26T17:57:29","slug":"jazz-8-550-momento-ii","status":"publish","type":"product","link":"https:\/\/paxspain.com\/pt-pt\/produto\/jazz-8-550-momento-ii\/","title":{"rendered":"Jazz 8\/550 Momento II"},"content":{"rendered":"<p data-start=\"2259\" data-end=\"2664\">O <strong data-start=\"2263\" data-end=\"2314\">toalheiro el\u00e9trico PAX Jazz 8\/550 Momento II<\/strong> foi concebido para casas de banho onde o espa\u00e7o vertical \u00e9 limitado, mas a necessidade de toalhas \u00e9 elevada. Ao combinar <strong data-start=\"2414\" data-end=\"2440\">oito barras horizontais<\/strong> com uma altura reduzida de <strong data-start=\"2456\" data-end=\"2473\">550 mm<\/strong>, este modelo oferece uma capacidade excecional sem dominar a parede. \u00c9 particularmente adequado para su\u00edtes, casas de banho sociais e casas de banho familiares onde v\u00e1rias toalhas precisam de ser aquecidas em simult\u00e2neo.  <\/p>\n<p data-start=\"2666\" data-end=\"2832\">O acabamento em a\u00e7o inoxid\u00e1vel polido confere ao toalheiro uma apar\u00eancia limpa e moderna que complementa uma vasta gama de estilos de casa de banho, permanecendo f\u00e1cil de manter.<\/p>\n<p data-start=\"2870\" data-end=\"3135\">No n\u00facleo do Jazz 8\/550 est\u00e1 o <strong data-start=\"2907\" data-end=\"2936\">sistema de controlo Momento II<\/strong>, concebido para tornar o aquecimento de toalhas conveniente e energeticamente eficiente. O temporizador integrado permite uma opera\u00e7\u00e3o manual simples, enquanto a conectividade Bluetooth possibilita o controlo total atrav\u00e9s da aplica\u00e7\u00e3o PAX. <\/p>\n<p data-start=\"3137\" data-end=\"3160\">Utilizando a aplica\u00e7\u00e3o, pode:<\/p>\n<ul data-start=\"3161\" data-end=\"3306\">\n<li data-start=\"3161\" data-end=\"3198\">\n<p data-start=\"3163\" data-end=\"3198\">Criar hor\u00e1rios de aquecimento personalizados<\/p>\n<\/li>\n<li data-start=\"3199\" data-end=\"3245\">\n<p data-start=\"3201\" data-end=\"3245\">Ajustar os n\u00edveis de pot\u00eancia para se adequarem \u00e0s rotinas di\u00e1rias<\/p>\n<\/li>\n<li data-start=\"3246\" data-end=\"3306\">\n<p data-start=\"3248\" data-end=\"3306\">Integrar o aquecimento de toalhas com produtos de ventila\u00e7\u00e3o de casa de banho<\/p>\n<\/li>\n<\/ul>\n<p data-start=\"3308\" data-end=\"3558\">Quando emparelhado com um <strong data-start=\"3338\" data-end=\"3364\">extrator de casa de banho<\/strong> compat\u00edvel equipado com sensor de humidade, o toalheiro pode ligar-se automaticamente \u00e0 medida que os n\u00edveis de humidade aumentam \u2014 garantindo que as toalhas come\u00e7am a aquecer durante ou imediatamente ap\u00f3s o banho, sem interven\u00e7\u00e3o manual.<\/p>\n<p data-start=\"3606\" data-end=\"3974\">O Jazz 8\/550 \u00e9 fornecido com um <strong data-start=\"3640\" data-end=\"3671\">suporte de montagem Momento II<\/strong> que permite uma liga\u00e7\u00e3o el\u00e9trica oculta a partir do canto inferior esquerdo ou direito. Isto mant\u00e9m a cablagem escondida e preserva as linhas horizontais compactas do toalheiro. A unidade destina-se a instala\u00e7\u00e3o el\u00e9trica fixa, estando dispon\u00edveis acess\u00f3rios opcionais caso seja necess\u00e1ria uma solu\u00e7\u00e3o de ficha.  <\/p>\n<p data-start=\"3976\" data-end=\"4089\">Com uma <strong data-start=\"3984\" data-end=\"3999\">classifica\u00e7\u00e3o IP44<\/strong>, o toalheiro \u00e9 adequado para ambientes de casa de banho expostos a humidade e salpicos.<\/p>\n<p data-start=\"4124\" data-end=\"4418\">Apesar do elevado n\u00famero de barras, o Jazz 8\/550 foi concebido para utilizar a energia de forma eficiente. O calor \u00e9 focado diretamente nas toalhas em vez de aquecer toda a divis\u00e3o, ajudando as toalhas a secar mais depressa e mantendo os custos de funcionamento sob controlo. O agendamento inteligente garante que o toalheiro funciona apenas quando necess\u00e1rio.  <\/p>\n<ul data-start=\"4467\" data-end=\"4732\">\n<li data-start=\"4467\" data-end=\"4515\">\n<p data-start=\"4469\" data-end=\"4515\">Design de oito barras para m\u00e1xima capacidade de toalhas<\/p>\n<\/li>\n<li data-start=\"4516\" data-end=\"4563\">\n<p data-start=\"4518\" data-end=\"4563\">Altura compacta ideal para espa\u00e7o de parede limitado<\/p>\n<\/li>\n<li data-start=\"4564\" data-end=\"4606\">\n<p data-start=\"4566\" data-end=\"4606\">Temporizador inteligente Bluetooth com controlo por aplica\u00e7\u00e3o<\/p>\n<\/li>\n<li data-start=\"4607\" data-end=\"4665\">\n<p data-start=\"4609\" data-end=\"4665\">Arranque autom\u00e1tico quando emparelhado com extratores com sensor de humidade<\/p>\n<\/li>\n<li data-start=\"4666\" data-end=\"4732\">\n<p data-start=\"4668\" data-end=\"4732\">Acabamento em a\u00e7o inoxid\u00e1vel polido para durabilidade e limpeza f\u00e1cil<\/p>\n<\/li>\n<\/ul>\n<p data-start=\"4734\" data-end=\"4883\">O <strong data-start=\"4738\" data-end=\"4767\">PAX Jazz 8\/550 Momento II<\/strong> \u00e9 uma excelente escolha para casas de banho que necessitam de elevada capacidade de toalhas, controlo inteligente e uma pegada vertical compacta.<\/p>\n<p><strong>Informa\u00e7\u00e3o do Produto:<\/strong><\/p>\n<p>N\u00famero de artigo<br \/>\n3525-3<\/p>\n<p>Alimenta\u00e7\u00e3o el\u00e9ctrica Fase<br \/>\n1-Fase<\/p>\n<p>Protec\u00e7\u00e3oIP<br \/>\nIP 44<\/p>\n<p>Classe de isolamento<br \/>\nII<\/p>\n<p>Material<br \/>\nA\u00e7o inoxid\u00e1vel, pl\u00e1stico<\/p>\n<p>Largura (mm)<br \/>\n549<\/p>\n<p>Profundidade (mm)<br \/>\n107<\/p>\n<p>Altura (mm)<br \/>\n1341<\/p>\n<p>Tipo de instala\u00e7\u00e3o<br \/>\nParede<\/p>\n<p>Nome do produto<br \/>\nJazz 8\/550 Momento II<\/p>\n<p>Consumo de energia (W)<br \/>\n85<\/p>\n<p>Fun\u00e7\u00f5es<br \/>\nFunciona com temporizador, temporizador repetitivo, controlo de pot\u00eancia<\/p>\n<p>Tens\u00e3o de alimenta\u00e7\u00e3o (V)<br \/>\n230V AC<\/p>\n<p>WirelessOption<br \/>\nBluetooth LE<\/p>\n<p>Detalhe do material pl\u00e1stico<br \/>\nABS<\/p>\n<p>EtimCode<br \/>\nEC003624<\/p>\n<p>EAN 13<br \/>\n7391477352536<\/p>\n","protected":false},"excerpt":{"rendered":"<p>O <strong data-start=\"1504\" data-end=\"1533\">PAX Jazz 8\/550 Momento II<\/strong> \u00e9 um toalheiro el\u00e9trico compacto concebido para casas de banho que necessitam da m\u00e1xima capacidade de toalhas num espa\u00e7o vertical reduzido. Com oito barras horizontais e uma altura de 550 mm, oferece um espa\u00e7o generoso para pendurar sem se estender demasiado pela parede. O <strong data-start=\"1789\" data-end=\"1809\">temporizador Momento II<\/strong> integrado suporta controlo manual ou agendamento via aplica\u00e7\u00e3o Bluetooth, permitindo uma gest\u00e3o precisa dos tempos de aquecimento e do consumo de energia. Quando emparelhado com um extrator de casa de banho PAX compat\u00edvel, o toalheiro pode ligar-se automaticamente com o aumento da humidade. Com acabamento em a\u00e7o inoxid\u00e1vel polido e montagem na parede para um aquecimento eficiente, oferece um desempenho inteligente num formato compacto.    <\/p>\n","protected":false},"featured_media":4670,"comment_status":"open","ping_status":"closed","template":"","meta":{"_et_pb_use_builder":"","_et_pb_old_content":"","_et_gb_content_width":""},"product_brand":[133],"product_cat":[77],"product_tag":[],"class_list":{"0":"post-5108","1":"product","2":"type-product","3":"status-publish","4":"has-post-thumbnail","6":"product_brand-pax","7":"product_cat-aquecedores-de-toalhas","8":"product_shipping_class-aquecedor-de-toalhas-envio-gratuito","9":"pa_product-type-toalheiro-aquecido","11":"first","12":"instock","13":"taxable","14":"shipping-taxable","15":"purchasable","16":"product-type-simple"},"jetpack_sharing_enabled":true,"_links":{"self":[{"href":"https:\/\/paxspain.com\/pt-pt\/wp-json\/wp\/v2\/product\/5108","targetHints":{"allow":["GET"]}}],"collection":[{"href":"https:\/\/paxspain.com\/pt-pt\/wp-json\/wp\/v2\/product"}],"about":[{"href":"https:\/\/paxspain.com\/pt-pt\/wp-json\/wp\/v2\/types\/product"}],"replies":[{"embeddable":true,"href":"https:\/\/paxspain.com\/pt-pt\/wp-json\/wp\/v2\/comments?post=5108"}],"wp:featuredmedia":[{"embeddable":true,"href":"https:\/\/paxspain.com\/pt-pt\/wp-json\/wp\/v2\/media\/4670"}],"wp:attachment":[{"href":"https:\/\/paxspain.com\/pt-pt\/wp-json\/wp\/v2\/media?parent=5108"}],"wp:term":[{"taxonomy":"product_brand","embeddable":true,"href":"https:\/\/paxspain.com\/pt-pt\/wp-json\/wp\/v2\/product_brand?post=5108"},{"taxonomy":"product_cat","embeddable":true,"href":"https:\/\/paxspain.com\/pt-pt\/wp-json\/wp\/v2\/product_cat?post=5108"},{"taxonomy":"product_tag","embeddable":true,"href":"https:\/\/paxspain.com\/pt-pt\/wp-json\/wp\/v2\/product_tag?post=5108"}],"curies":[{"name":"wp","href":"https:\/\/api.w.org\/{rel}","templated":true}]}}