{"id":5115,"date":"2023-04-04T20:57:30","date_gmt":"2023-04-04T20:57:30","guid":{"rendered":"https:\/\/paxspain.com\/product\/flex-u-2-650-preto-momento-ii\/"},"modified":"2026-02-26T18:39:58","modified_gmt":"2026-02-26T17:39:58","slug":"flex-u-2-650-preto-momento-ii","status":"publish","type":"product","link":"https:\/\/paxspain.com\/pt-pt\/produto\/flex-u-2-650-preto-momento-ii\/","title":{"rendered":"Flex U 2\/650 Black Momento II"},"content":{"rendered":"<p>O <strong data-start=\"2218\" data-end=\"2273\">toalheiro aquecido PAX Flex U 2\/650 Black Momento II<\/strong> combina design moderno com praticidade quotidiana. Com acabamento em preto mate, este toalheiro acrescenta um aspeto limpo e contempor\u00e2neo \u00e0 sua casa de banho, proporcionando secagem e aquecimento fi\u00e1veis para toalhas e roupa de banho. Com dois bra\u00e7os pivotantes em U de 650 mm, o toalheiro maximiza o fluxo de ar, ajudando as toalhas a secar mais rapidamente e de forma mais uniforme em compara\u00e7\u00e3o com toalheiros fixos tradicionais.  <\/p>\n<p>O <strong>sistema temporizador Momento II<\/strong> oferece controlo manual e por aplica\u00e7\u00e3o. Programe hor\u00e1rios de aquecimento ou ajuste os n\u00edveis de pot\u00eancia diretamente do seu smartphone atrav\u00e9s da aplica\u00e7\u00e3o PAX Connect. A interface da aplica\u00e7\u00e3o oferece-lhe flexibilidade para adaptar os tempos de secagem \u00e0 sua rotina, seja para um aquecimento r\u00e1pido ap\u00f3s o duche ou para uma secagem suave durante a noite!  <\/p>\n<p>Com uma pot\u00eancia de <strong data-start=\"3535\" data-end=\"3543\">43 W<\/strong>, este toalheiro aquecido equilibra efici\u00eancia de secagem e consumo energ\u00e9tico. Cumpre normas rigorosas de prote\u00e7\u00e3o e seguran\u00e7a com <strong data-start=\"3681\" data-end=\"3707\">prote\u00e7\u00e3o contra salpicos IP44<\/strong> e isolamento Classe II, tornando-o adequado para ambientes de casa de banho. A instala\u00e7\u00e3o de parede permite posicionar o toalheiro para f\u00e1cil acesso \u00e0s toalhas, podendo ser montado com orienta\u00e7\u00e3o \u00e0 direita ou \u00e0 esquerda para se adequar ao seu espa\u00e7o.  <\/p>\n<p><strong>Informa\u00e7\u00e3o do Produto:<\/strong><\/p>\n<p>N\u00famero de artigo<br \/>\n26-1039<\/p>\n<p>Alimenta\u00e7\u00e3o el\u00e9ctrica Fase<br \/>\n1-Fase<\/p>\n<p>Prote\u00e7\u00e3o IP<br \/>\nIP 44<\/p>\n<p>Classe de Isolamento<br \/>\nII<\/p>\n<p>Material<br \/>\nA\u00e7o, pl\u00e1stico<\/p>\n<p>Largura (mm)<br \/>\n654<\/p>\n<p>Profundidade (mm)<br \/>\n112<\/p>\n<p>Altura (mm)<br \/>\n549<\/p>\n<p>Tipo de instala\u00e7\u00e3o<br \/>\nParede<\/p>\n<p>Nome do produto<br \/>\nFlex U 2\/650 pivotante Momento II preto<\/p>\n<p>Consumo de energia (W)<br \/>\n43<\/p>\n<p>Fun\u00e7\u00f5es<br \/>\nFunciona com temporizador, temporizador repetitivo, controlo de pot\u00eancia<\/p>\n<p>Tens\u00e3o de alimenta\u00e7\u00e3o (V)<br \/>\n230V AC<\/p>\n<p>Op\u00e7\u00e3o Sem Fios<br \/>\nBluetooth LE<\/p>\n<p>Detalhe do material pl\u00e1stico<br \/>\nABS<\/p>\n<p>C\u00f3digo Etim<br \/>\nEC003624<\/p>\n<p>EAN 13<br \/>\n7391477610407<\/p>\n","protected":false},"excerpt":{"rendered":"<p>Melhore a sua casa de banho com o <strong data-start=\"1463\" data-end=\"1507\">toalheiro aquecido PAX Flex U 2 650 Black<\/strong>, um toalheiro elegante em preto mate, concebido para conforto e efici\u00eancia quotidianos. Com dois bra\u00e7os pivotantes em U de 650 mm, este modelo garante excelente fluxo de ar em torno das toalhas para uma secagem mais r\u00e1pida e uniforme. <\/p>\n<p>O <strong data-start=\"1728\" data-end=\"1748\">temporizador Momento II<\/strong> integrado permite-lhe aquecer com programa\u00e7\u00e3o ou emparelh\u00e1-lo com a aplica\u00e7\u00e3o PAX Connect para controlo remoto e n\u00edveis de pot\u00eancia personalizados. Para maior comodidade, pode ser ligado a um extrator de casa de banho PAX Norte para iniciar automaticamente quando a humidade aumenta ap\u00f3s o duche. A instala\u00e7\u00e3o de parede e a flexibilidade de coloca\u00e7\u00e3o \u00e0 direita\/esquerda tornam-no ideal para casas de banho modernas.  <\/p>\n","protected":false},"featured_media":4680,"comment_status":"open","ping_status":"closed","template":"","meta":{"_et_pb_use_builder":"","_et_pb_old_content":"","_et_gb_content_width":""},"product_brand":[133],"product_cat":[77,78],"product_tag":[],"class_list":{"0":"post-5115","1":"product","2":"type-product","3":"status-publish","4":"has-post-thumbnail","6":"product_brand-pax","7":"product_cat-aquecedores-de-toalhas","8":"product_cat-edicao-preta","9":"product_shipping_class-aquecedor-de-toalhas-envio-gratuito","10":"pa_product-type-toalheiro-aquecido","12":"first","13":"instock","14":"taxable","15":"shipping-taxable","16":"purchasable","17":"product-type-simple"},"jetpack_sharing_enabled":true,"_links":{"self":[{"href":"https:\/\/paxspain.com\/pt-pt\/wp-json\/wp\/v2\/product\/5115","targetHints":{"allow":["GET"]}}],"collection":[{"href":"https:\/\/paxspain.com\/pt-pt\/wp-json\/wp\/v2\/product"}],"about":[{"href":"https:\/\/paxspain.com\/pt-pt\/wp-json\/wp\/v2\/types\/product"}],"replies":[{"embeddable":true,"href":"https:\/\/paxspain.com\/pt-pt\/wp-json\/wp\/v2\/comments?post=5115"}],"wp:featuredmedia":[{"embeddable":true,"href":"https:\/\/paxspain.com\/pt-pt\/wp-json\/wp\/v2\/media\/4680"}],"wp:attachment":[{"href":"https:\/\/paxspain.com\/pt-pt\/wp-json\/wp\/v2\/media?parent=5115"}],"wp:term":[{"taxonomy":"product_brand","embeddable":true,"href":"https:\/\/paxspain.com\/pt-pt\/wp-json\/wp\/v2\/product_brand?post=5115"},{"taxonomy":"product_cat","embeddable":true,"href":"https:\/\/paxspain.com\/pt-pt\/wp-json\/wp\/v2\/product_cat?post=5115"},{"taxonomy":"product_tag","embeddable":true,"href":"https:\/\/paxspain.com\/pt-pt\/wp-json\/wp\/v2\/product_tag?post=5115"}],"curies":[{"name":"wp","href":"https:\/\/api.w.org\/{rel}","templated":true}]}}