{"id":5119,"date":"2023-04-04T20:57:31","date_gmt":"2023-04-04T20:57:31","guid":{"rendered":"https:\/\/paxspain.com\/product\/limbo-negro-momento-ii\/"},"modified":"2026-02-26T18:39:12","modified_gmt":"2026-02-26T17:39:12","slug":"limbo-negro-momento-ii","status":"publish","type":"product","link":"https:\/\/paxspain.com\/pt-pt\/produto\/limbo-negro-momento-ii\/","title":{"rendered":"Limbo Black Momento II"},"content":{"rendered":"<p data-start=\"1397\" data-end=\"2010\">O <strong data-start=\"1556\" data-end=\"1600\">toalheiro aquecido Limbo Black Momento II<\/strong> traz calor controlado e estilo de linhas limpas \u00e0s casas de banho modernas. Com acabamento preto para um visual arrojado e arquitet\u00f3nico, mant\u00e9m as toalhas quentes e prontas a usar, contribuindo simultaneamente com calor ambiente suave. Concebido para uso di\u00e1rio, adequa-se a interiores contempor\u00e2neos onde fun\u00e7\u00e3o e apar\u00eancia s\u00e3o igualmente importantes. Uma melhoria pr\u00e1tica para casas de banho que necessitam de calor sem desordem visual.   <\/p>\n<p><strong>Informa\u00e7\u00e3o do Produto:<\/strong><\/p>\n<p>N\u00famero de artigo<br \/>\n3551-13<\/p>\n<p>Alimenta\u00e7\u00e3o el\u00e9ctrica Fase<br \/>\n1-Fase<\/p>\n<p>Prote\u00e7\u00e3o IP<br \/>\nIP 44<\/p>\n<p>Classe de Isolamento<br \/>\nII<\/p>\n<p>Material<br \/>\nA\u00e7o, pl\u00e1stico<\/p>\n<p>Largura (mm)<br \/>\n75<\/p>\n<p>Profundidade (mm)<br \/>\n125<\/p>\n<p>Altura (mm)<br \/>\n1399<\/p>\n<p>Tipo de instala\u00e7\u00e3o<br \/>\nParede<\/p>\n<p>Nome do produto<br \/>\nLimbo Momento II black<\/p>\n<p>Consumo de energia (W)<br \/>\n24<\/p>\n<p>Fun\u00e7\u00f5es<br \/>\nFuncionamento com temporizador, Temporizador repetitivo, Controlo de pot\u00eancia<\/p>\n<p>Tens\u00e3o de alimenta\u00e7\u00e3o (V)<br \/>\n230V AC<\/p>\n<p>Op\u00e7\u00e3o Sem Fios<br \/>\nBluetooth LE<\/p>\n<p>Detalhe do material pl\u00e1stico<br \/>\nABS<\/p>\n<p>C\u00f3digo Etim<br \/>\nEC003624<\/p>\n<p>EAN 13<br \/>\n7391477355131<\/p>\n","protected":false},"excerpt":{"rendered":"<p>Limbo \u00e9 um aquecedor de toalhas el\u00e9trico com um design fino e discreto. O aquecedor mede apenas 5\u00d7140 cm, o que o torna facilmente posicion\u00e1vel. Escolhe entre as vers\u00f5es em preto, branco e a\u00e7o inoxid\u00e1vel.<\/p>\n<p>O aquecedor de toalhas vem completo com o suporte Momento II&#x2122; para instala\u00e7\u00e3o el\u00e9ctrica oculta colocada na parte inferior.<\/p>\n<p>O temporizador Momento II&#x2122; incorporado pode ser controlado atrav\u00e9s da aplica\u00e7\u00e3o ou manualmente. Atrav\u00e9s da app, tamb\u00e9m \u00e9 poss\u00edvel definir diferentes n\u00edveis de pot\u00eancia, definir hor\u00e1rios em que o secador de toalhas aquece e emparelhar com a ventoinha de casa de banho Pax Norte.  Depois, o aquecedor de toalhas liga-se automaticamente quando o sensor de humidade do ventilador detecta um aumento do n\u00edvel de humidade, por exemplo, quando come\u00e7as a tomar banho.<\/p>\n","protected":false},"featured_media":4694,"comment_status":"open","ping_status":"closed","template":"","meta":{"_et_pb_use_builder":"","_et_pb_old_content":"","_et_gb_content_width":""},"product_brand":[133],"product_cat":[77,78],"product_tag":[],"class_list":{"0":"post-5119","1":"product","2":"type-product","3":"status-publish","4":"has-post-thumbnail","6":"product_brand-pax","7":"product_cat-aquecedores-de-toalhas","8":"product_cat-edicao-preta","9":"product_shipping_class-aquecedor-de-toalhas-envio-gratuito","10":"pa_product-type-toalheiro-aquecido","12":"first","13":"instock","14":"taxable","15":"shipping-taxable","16":"purchasable","17":"product-type-simple"},"jetpack_sharing_enabled":true,"_links":{"self":[{"href":"https:\/\/paxspain.com\/pt-pt\/wp-json\/wp\/v2\/product\/5119","targetHints":{"allow":["GET"]}}],"collection":[{"href":"https:\/\/paxspain.com\/pt-pt\/wp-json\/wp\/v2\/product"}],"about":[{"href":"https:\/\/paxspain.com\/pt-pt\/wp-json\/wp\/v2\/types\/product"}],"replies":[{"embeddable":true,"href":"https:\/\/paxspain.com\/pt-pt\/wp-json\/wp\/v2\/comments?post=5119"}],"wp:featuredmedia":[{"embeddable":true,"href":"https:\/\/paxspain.com\/pt-pt\/wp-json\/wp\/v2\/media\/4694"}],"wp:attachment":[{"href":"https:\/\/paxspain.com\/pt-pt\/wp-json\/wp\/v2\/media?parent=5119"}],"wp:term":[{"taxonomy":"product_brand","embeddable":true,"href":"https:\/\/paxspain.com\/pt-pt\/wp-json\/wp\/v2\/product_brand?post=5119"},{"taxonomy":"product_cat","embeddable":true,"href":"https:\/\/paxspain.com\/pt-pt\/wp-json\/wp\/v2\/product_cat?post=5119"},{"taxonomy":"product_tag","embeddable":true,"href":"https:\/\/paxspain.com\/pt-pt\/wp-json\/wp\/v2\/product_tag?post=5119"}],"curies":[{"name":"wp","href":"https:\/\/api.w.org\/{rel}","templated":true}]}}