{"id":5121,"date":"2023-04-04T20:57:34","date_gmt":"2023-04-04T20:57:34","guid":{"rendered":"https:\/\/paxspain.com\/product\/flex-i-5-550-preto-momento-ii\/"},"modified":"2026-02-26T18:38:43","modified_gmt":"2026-02-26T17:38:43","slug":"flex-i-5-550-preto-momento-ii","status":"publish","type":"product","link":"https:\/\/paxspain.com\/pt-pt\/produto\/flex-i-5-550-preto-momento-ii\/","title":{"rendered":"Flex I 5\/550 Black Momento II"},"content":{"rendered":"<p data-start=\"2043\" data-end=\"2446\">O <strong>PAX Flex I 5\/550 Black Momento II<\/strong> foi concebido para casas onde a utiliza\u00e7\u00e3o de toalhas \u00e9 constante. Com cinco bra\u00e7os pivotantes, proporciona um espa\u00e7o generoso de secagem para casas de banho familiares, espa\u00e7os partilhados ou lares onde s\u00e3o tomados v\u00e1rios duches por dia. Apesar da capacidade adicional, o design de montagem na parede mant\u00e9m o toalheiro visualmente discreto e eficiente em termos de espa\u00e7o.  <\/p>\n<p data-start=\"2043\" data-end=\"2446\">Cada bra\u00e7o roda independentemente at\u00e9 180\u00b0, permitindo que as toalhas sejam espa\u00e7adas para melhor circula\u00e7\u00e3o de ar e secagem mais r\u00e1pida. Isto facilita a secagem de toalhas de banho, toalhas de m\u00e3os e roup\u00f5es ao mesmo tempo. Quando o toalheiro n\u00e3o est\u00e1 em uso, os bra\u00e7os podem ser dobrados contra a parede, reduzindo a desordem visual e libertando espa\u00e7o.  <\/p>\n<p data-start=\"2043\" data-end=\"2446\">O <strong data-start=\"2866\" data-end=\"2887\">temporizador Momento II&#x2122;<\/strong> integrado oferece-lhe controlo total sobre os tempos de aquecimento e n\u00edveis de pot\u00eancia. Utilize a <strong>aplica\u00e7\u00e3o PAX via Bluetooth<\/strong> para definir hor\u00e1rios que se alinham com a sua rotina di\u00e1ria, garantindo que as toalhas est\u00e3o quentes quando necess\u00e1rio sem que o toalheiro funcione continuamente. O controlo manual tamb\u00e9m est\u00e1 dispon\u00edvel para aquecimento simples e a pedido. O sistema pode ser emparelhado com ventiladores de casa de banho PAX compat\u00edveis para automatizar o aquecimento com base nos n\u00edveis de humidade.   <\/p>\n<p data-start=\"2807\" data-end=\"3275\">Concebido especificamente para secagem de toalhas em vez de aquecimento ambiente, o <strong>toalheiro el\u00e9trico Flex I 5\/550<\/strong> fornece calor consistente mantendo-se econ\u00f3mico em funcionamento. Ajuda as toalhas a secar mais rapidamente e a permanecer mais frescas entre utiliza\u00e7\u00f5es, melhorando o conforto sem consumo de energia desnecess\u00e1rio. <\/p>\n<p data-start=\"3277\" data-end=\"3575\">Adequado para ambientes h\u00famidos, este toalheiro aquecido el\u00e9trico foi concebido para uso di\u00e1rio em casa de banho. O formato de montagem na parede mant\u00e9m o ch\u00e3o livre, enquanto a instala\u00e7\u00e3o flex\u00edvel \u00e0 esquerda ou \u00e0 direita facilita a integra\u00e7\u00e3o numa ampla variedade de layouts de casa de banho. <\/p>\n<p><strong>Informa\u00e7\u00e3o do Produto:<\/strong><\/p>\n<p>N\u00famero de artigo<br \/>\n26-2038<\/p>\n<p>Alimenta\u00e7\u00e3o el\u00e9ctrica Fase<br \/>\n1-Fase<\/p>\n<p>Protec\u00e7\u00e3oIP<br \/>\nIP 44<\/p>\n<p>Classe de Isolamento<br \/>\nII<\/p>\n<p>Material<br \/>\nA\u00e7o, pl\u00e1stico<\/p>\n<p>Largura (mm)<br \/>\n559<\/p>\n<p>Profundidade (mm)<br \/>\n112<\/p>\n<p>Altura (mm)<br \/>\n588<\/p>\n<p>Tipo de instala\u00e7\u00e3o<br \/>\nParede<\/p>\n<p>Nome do produto<br \/>\nFlex I 5\/550 pivotante Momento II preto<\/p>\n<p>Consumo de energia (W)<br \/>\n50<\/p>\n<p>Fun\u00e7\u00f5es<br \/>\nFuncionamento com temporizador, Temporizador repetitivo, Controlo de pot\u00eancia<\/p>\n<p>Tens\u00e3o de alimenta\u00e7\u00e3o (V)<br \/>\n230V AC<\/p>\n<p>Op\u00e7\u00e3o Sem Fios<br \/>\nBluetooth LE<\/p>\n<p>Detalhe do material pl\u00e1stico<br \/>\nABS<\/p>\n<p>C\u00f3digo Etim<br \/>\nEC003624<\/p>\n<p>EAN 13<br \/>\n7391477620239<\/p>\n","protected":false},"excerpt":{"rendered":"<p>O toalheiro aquecido <strong data-start=\"1403\" data-end=\"1440\">PAX Flex I 5\/550 Black Momento II<\/strong> foi concebido para casas de banho que necessitam de m\u00e1xima capacidade de secagem sem comprometer o controlo ou o estilo. Com acabamento em preto mate moderno, apresenta <strong data-start=\"1606\" data-end=\"1642\">cinco bra\u00e7os pivotantes independentes<\/strong> que permitem que v\u00e1rias toalhas sequem eficientemente mantendo uma pegada compacta de montagem na parede. O <strong data-start=\"1753\" data-end=\"1774\">temporizador Momento II&#x2122;<\/strong> integrado permite programa\u00e7\u00e3o precisa atrav\u00e9s da aplica\u00e7\u00e3o PAX ou opera\u00e7\u00e3o manual direta. Adequado para ambientes de casa de banho, este aquecedor de toalhas el\u00e9trico fornece calor confi\u00e1vel, utiliza\u00e7\u00e3o flex\u00edvel e um acabamento limpo e contempor\u00e2neo.   <\/p>\n<p>&nbsp;<\/p>\n<ul>\n<li data-start=\"3927\" data-end=\"3980\">\n<p data-start=\"3929\" data-end=\"3980\">Toalheiro aquecido preto mate para casas de banho modernas<\/p>\n<\/li>\n<li data-start=\"3981\" data-end=\"4031\">\n<p data-start=\"3983\" data-end=\"4031\">Cinco bra\u00e7os pivotantes para m\u00e1xima capacidade de secagem<\/p>\n<\/li>\n<li data-start=\"4032\" data-end=\"4086\">\n<p data-start=\"4034\" data-end=\"4086\">Temporizador inteligente Momento II com controlo por aplica\u00e7\u00e3o e manual<\/p>\n<\/li>\n<li data-start=\"4087\" data-end=\"4119\">\n<p data-start=\"4089\" data-end=\"4119\">Design compacto de montagem na parede<\/p>\n<\/li>\n<li data-start=\"4120\" data-end=\"4170\">\n<p data-start=\"4122\" data-end=\"4170\">Aquecimento el\u00e9trico eficiente de toalhas para utiliza\u00e7\u00e3o di\u00e1ria<\/p>\n<\/li>\n<\/ul>\n","protected":false},"featured_media":4686,"comment_status":"open","ping_status":"closed","template":"","meta":{"_et_pb_use_builder":"","_et_pb_old_content":"","_et_gb_content_width":""},"product_brand":[133],"product_cat":[77,78],"product_tag":[],"class_list":{"0":"post-5121","1":"product","2":"type-product","3":"status-publish","4":"has-post-thumbnail","6":"product_brand-pax","7":"product_cat-aquecedores-de-toalhas","8":"product_cat-edicao-preta","9":"product_shipping_class-aquecedor-de-toalhas-envio-gratuito","10":"pa_product-type-toalheiro-aquecido","12":"first","13":"instock","14":"taxable","15":"shipping-taxable","16":"purchasable","17":"product-type-simple"},"jetpack_sharing_enabled":true,"_links":{"self":[{"href":"https:\/\/paxspain.com\/pt-pt\/wp-json\/wp\/v2\/product\/5121","targetHints":{"allow":["GET"]}}],"collection":[{"href":"https:\/\/paxspain.com\/pt-pt\/wp-json\/wp\/v2\/product"}],"about":[{"href":"https:\/\/paxspain.com\/pt-pt\/wp-json\/wp\/v2\/types\/product"}],"replies":[{"embeddable":true,"href":"https:\/\/paxspain.com\/pt-pt\/wp-json\/wp\/v2\/comments?post=5121"}],"wp:featuredmedia":[{"embeddable":true,"href":"https:\/\/paxspain.com\/pt-pt\/wp-json\/wp\/v2\/media\/4686"}],"wp:attachment":[{"href":"https:\/\/paxspain.com\/pt-pt\/wp-json\/wp\/v2\/media?parent=5121"}],"wp:term":[{"taxonomy":"product_brand","embeddable":true,"href":"https:\/\/paxspain.com\/pt-pt\/wp-json\/wp\/v2\/product_brand?post=5121"},{"taxonomy":"product_cat","embeddable":true,"href":"https:\/\/paxspain.com\/pt-pt\/wp-json\/wp\/v2\/product_cat?post=5121"},{"taxonomy":"product_tag","embeddable":true,"href":"https:\/\/paxspain.com\/pt-pt\/wp-json\/wp\/v2\/product_tag?post=5121"}],"curies":[{"name":"wp","href":"https:\/\/api.w.org\/{rel}","templated":true}]}}