{"id":5125,"date":"2023-04-04T20:57:34","date_gmt":"2023-04-04T20:57:34","guid":{"rendered":"https:\/\/paxspain.com\/product\/flex-i-4-550-preto-momento-ii\/"},"modified":"2026-02-26T18:38:59","modified_gmt":"2026-02-26T17:38:59","slug":"flex-i-4-550-preto-momento-ii","status":"publish","type":"product","link":"https:\/\/paxspain.com\/pt-pt\/produto\/flex-i-4-550-preto-momento-ii\/","title":{"rendered":"Flex I 4\/550 Black Momento II"},"content":{"rendered":"<p data-start=\"2012\" data-end=\"2413\">O PAX Flex I 4\/550 Black Momento II foi concebido para casas onde se utilizam v\u00e1rias toalhas todos os dias. Com quatro bra\u00e7os girat\u00f3rios e um perfil fino de montagem na parede, oferece um espa\u00e7o de secagem generoso, mantendo uma apar\u00eancia arrumada e organizada. O acabamento em preto mate complementa casas de banho modernas, especialmente aquelas com acess\u00f3rios mais escuros e estilo minimalista.  <\/p>\n<p data-start=\"2012\" data-end=\"2413\">Cada bra\u00e7o roda independentemente at\u00e9 180\u00b0, permitindo que as toalhas sejam espa\u00e7adas para um melhor fluxo de ar e uma secagem mais r\u00e1pida. Esta flexibilidade facilita a secagem de toalhas de banho, toalhas de rosto e roup\u00f5es ao mesmo tempo. Quando o toalheiro n\u00e3o est\u00e1 a ser utilizado, os bra\u00e7os podem ser recolhidos ordenadamente contra a parede para poupar espa\u00e7o e reduzir o impacto visual.  <\/p>\n<p data-start=\"2415\" data-end=\"2795\">O <strong data-start=\"2846\" data-end=\"2867\">temporizador Momento II&#x2122;<\/strong> integrado permite-lhe controlar os tempos de aquecimento e os n\u00edveis de pot\u00eancia. Utilize a aplica\u00e7\u00e3o PAX via Bluetooth para definir hor\u00e1rios que correspondam \u00e0 sua rotina di\u00e1ria, garantindo que as toalhas est\u00e3o quentes ap\u00f3s o banho sem que o toalheiro funcione continuamente. O controlo manual tamb\u00e9m est\u00e1 dispon\u00edvel para uma utiliza\u00e7\u00e3o r\u00e1pida sob consulta. O sistema pode ser emparelhado com ventiladores de casa de banho PAX compat\u00edveis para automatizar o aquecimento com base nos n\u00edveis de humidade.   <\/p>\n<p data-start=\"2797\" data-end=\"3242\">Concebido especificamente para a secagem de toalhas e n\u00e3o para o aquecimento ambiente, o Flex I 4\/550 proporciona um calor constante e consistente com um consumo de energia reduzido. Ajuda as toalhas a secarem mais depressa e a manterem-se frescas entre utiliza\u00e7\u00f5es, melhorando o conforto di\u00e1rio enquanto mant\u00e9m os custos de funcionamento sob controlo. <\/p>\n<p data-start=\"3244\" data-end=\"3545\">Constru\u00eddo para atuar em ambientes h\u00famidos, este toalheiro el\u00e9trico aquecido \u00e9 adequado para instala\u00e7\u00e3o em casas de banho e utiliza\u00e7\u00e3o di\u00e1ria. O design de montagem na parede mant\u00e9m o espa\u00e7o no ch\u00e3o livre, e a instala\u00e7\u00e3o flex\u00edvel \u00e0 esquerda ou \u00e0 direita permite que se adapte a uma vasta gama de disposi\u00e7\u00f5es de casa de banho. <\/p>\n<p><strong>Informa\u00e7\u00e3o do Produto:<\/strong><\/p>\n<p>N\u00famero do artigo<br \/>\n26-2037<\/p>\n<p>Alimenta\u00e7\u00e3o el\u00e9ctrica Fase<br \/>\n1-Fase<\/p>\n<p>Prote\u00e7\u00e3o IP<br \/>\nIP 44<\/p>\n<p>Classe de Isolamento<br \/>\nII<\/p>\n<p>Material<br \/>\nA\u00e7o, pl\u00e1stico<\/p>\n<p>Largura (mm)<br \/>\n559<\/p>\n<p>Profundidade (mm)<br \/>\n112<\/p>\n<p>Altura (mm)<br \/>\n500<\/p>\n<p>Tipo de instala\u00e7\u00e3o<br \/>\nParede<\/p>\n<p>Nome do produto<br \/>\nFlex I 4\/550 girat\u00f3rio Momento II preto<\/p>\n<p>Consumo de energia (W)<br \/>\n40<\/p>\n<p>Fun\u00e7\u00f5es<br \/>\nFuncionamento com temporizador, Temporizador repetitivo, Controlo de pot\u00eancia<\/p>\n<p>Tens\u00e3o de alimenta\u00e7\u00e3o (V)<br \/>\n230V AC<\/p>\n<p>Op\u00e7\u00e3o Sem Fios<br \/>\nBluetooth LE<\/p>\n<p>Detalhe do material pl\u00e1stico<br \/>\nABS<\/p>\n<p>C\u00f3digo Etim<br \/>\nEC003624<\/p>\n<p>EAN 13<br \/>\n7391477620222<\/p>\n","protected":false},"excerpt":{"rendered":"<p>O toalheiro aquecido <strong data-start=\"1407\" data-end=\"1444\">PAX Flex I 4\/550 Black Momento II<\/strong> foi constru\u00eddo para casas de banho onde a capacidade de secagem e o design simples s\u00e3o importantes. Com acabamento num moderno preto mate, possui <strong data-start=\"1578\" data-end=\"1614\">quatro bra\u00e7os girat\u00f3rios independentes<\/strong> que permitem que v\u00e1rias toalhas sequem de forma eficiente sem dominar a parede. O <strong data-start=\"1705\" data-end=\"1726\">temporizador Momento II&#x2122;<\/strong> integrado proporciona um controlo preciso atrav\u00e9s da aplica\u00e7\u00e3o PAX ou de uma opera\u00e7\u00e3o manual simples. Concebido para ambientes de casa de banho e instala\u00e7\u00e3o na parede, este aquecedor de toalhas el\u00e9trico oferece um calor fi\u00e1vel, uma utiliza\u00e7\u00e3o flex\u00edvel e um visual contempor\u00e2neo e refinado.   <\/p>\n<p>&nbsp;<\/p>\n<ul>\n<li data-start=\"3914\" data-end=\"3967\">\n<p data-start=\"3916\" data-end=\"3967\">Toalheiro aquecido preto mate para casas de banho modernas<\/p>\n<\/li>\n<li data-start=\"3968\" data-end=\"4015\">\n<p data-start=\"3970\" data-end=\"4015\">Quatro bra\u00e7os girat\u00f3rios para elevada capacidade de secagem<\/p>\n<\/li>\n<li data-start=\"4016\" data-end=\"4070\">\n<p data-start=\"4018\" data-end=\"4070\">Temporizador inteligente Momento II com controlo por aplica\u00e7\u00e3o e manual<\/p>\n<\/li>\n<li data-start=\"4071\" data-end=\"4103\">\n<p data-start=\"4073\" data-end=\"4103\">Design compacto de montagem na parede<\/p>\n<\/li>\n<li data-start=\"4104\" data-end=\"4157\">\n<p data-start=\"4106\" data-end=\"4157\">Aquecimento el\u00e9trico de toalhas eficiente para o uso di\u00e1rio<\/p>\n<\/li>\n<\/ul>\n","protected":false},"featured_media":4688,"comment_status":"open","ping_status":"closed","template":"","meta":{"_et_pb_use_builder":"","_et_pb_old_content":"","_et_gb_content_width":""},"product_brand":[133],"product_cat":[77,78],"product_tag":[],"class_list":{"0":"post-5125","1":"product","2":"type-product","3":"status-publish","4":"has-post-thumbnail","6":"product_brand-pax","7":"product_cat-aquecedores-de-toalhas","8":"product_cat-edicao-preta","9":"pa_product-type-toalheiro-aquecido","11":"first","12":"instock","13":"taxable","14":"shipping-taxable","15":"purchasable","16":"product-type-simple"},"jetpack_sharing_enabled":true,"_links":{"self":[{"href":"https:\/\/paxspain.com\/pt-pt\/wp-json\/wp\/v2\/product\/5125","targetHints":{"allow":["GET"]}}],"collection":[{"href":"https:\/\/paxspain.com\/pt-pt\/wp-json\/wp\/v2\/product"}],"about":[{"href":"https:\/\/paxspain.com\/pt-pt\/wp-json\/wp\/v2\/types\/product"}],"replies":[{"embeddable":true,"href":"https:\/\/paxspain.com\/pt-pt\/wp-json\/wp\/v2\/comments?post=5125"}],"wp:featuredmedia":[{"embeddable":true,"href":"https:\/\/paxspain.com\/pt-pt\/wp-json\/wp\/v2\/media\/4688"}],"wp:attachment":[{"href":"https:\/\/paxspain.com\/pt-pt\/wp-json\/wp\/v2\/media?parent=5125"}],"wp:term":[{"taxonomy":"product_brand","embeddable":true,"href":"https:\/\/paxspain.com\/pt-pt\/wp-json\/wp\/v2\/product_brand?post=5125"},{"taxonomy":"product_cat","embeddable":true,"href":"https:\/\/paxspain.com\/pt-pt\/wp-json\/wp\/v2\/product_cat?post=5125"},{"taxonomy":"product_tag","embeddable":true,"href":"https:\/\/paxspain.com\/pt-pt\/wp-json\/wp\/v2\/product_tag?post=5125"}],"curies":[{"name":"wp","href":"https:\/\/api.w.org\/{rel}","templated":true}]}}