{"id":5143,"date":"2023-04-04T23:08:24","date_gmt":"2023-04-04T21:08:24","guid":{"rendered":"https:\/\/paxspain.com\/product\/ventilador-de-parede-tl100de\/"},"modified":"2026-03-03T17:20:30","modified_gmt":"2026-03-03T16:20:30","slug":"ventilador-de-parede-tl100de","status":"publish","type":"product","link":"https:\/\/paxspain.com\/pt-pt\/produto\/ventilador-de-parede-tl100de\/","title":{"rendered":"TL100DE"},"content":{"rendered":"<p>A V\u00e1lvula de Parede TL100DE \u00e9 uma solu\u00e7\u00e3o de ventila\u00e7\u00e3o passiva concebida para apoiar o fluxo de ar de base atrav\u00e9s de uma parede exterior. Proporciona uma forma simples de introduzir ar fresco numa divis\u00e3o sem depender de sistemas el\u00e9tricos. Adequada para diversos espa\u00e7os dom\u00e9sticos, esta v\u00e1lvula ajuda a reduzir a acumula\u00e7\u00e3o de ar viciado, mantendo o funcionamento simples e de baixa manuten\u00e7\u00e3o. Ideal para projetos onde a simplicidade e a fiabilidade s\u00e3o a prioridade.   <\/p>\n<p><strong>Informa\u00e7\u00e3o do Produto:<\/strong><\/p>\n<p>N\u00famero do artigo<br \/>\n629700<\/p>\n<p>Material<br \/>\nPl\u00e1stico<\/p>\n<p>Largura (mm)<br \/>\n160<\/p>\n<p>Profundidade (mm)<br \/>\n408<\/p>\n<p>Altura (mm)<br \/>\n160<\/p>\n<p>Tipo de instala\u00e7\u00e3o<br \/>\nParede exterior<\/p>\n<p>Nome do produto<br \/>\nV\u00e1lvula de parede TL100DE<\/p>\n<p>Fun\u00e7\u00f5es<br \/>\nProte\u00e7\u00e3o contra a condensa\u00e7\u00e3o, Filtro, Prote\u00e7\u00e3o contra a tempestade<\/p>\n<p>Detalhe do material pl\u00e1stico<br \/>\nABS, PP<\/p>\n<p>C\u00f3digo Etim<br \/>\nEC011497<\/p>\n<p>EAN 13<br \/>\n7318116297003<\/p>\n","protected":false},"excerpt":{"rendered":"<p>As v\u00e1lvulas de parede Fresh podem ser instaladas em quartos e salas \u2014 em qualquer lugar que necessite de circula\u00e7\u00e3o e ar fresco.<br \/>\nUma regra pr\u00e1tica para garantir o n\u00famero correto de v\u00e1lvulas \u00e9 uma em cada quarto e duas na sala. Em alguns casos, \u00e9 boa ideia aumentar o n\u00famero de aberturas, por exemplo, se v\u00e1rias pessoas dormirem no mesmo quarto ou se o espa\u00e7o total da habita\u00e7\u00e3o for maior do que o habitual.<\/p>\n<p>A s\u00e9rie Fresh TL DE \u00e9 composta por v\u00e1lvulas de parede elegantes que parecem desaparecer na decora\u00e7\u00e3o. Est\u00e3o totalmente equipados com tecnologia, design e funcionalidade. O TL DE \u00e9 fornecido de s\u00e9rie com prote\u00e7\u00e3o contra a condensa\u00e7\u00e3o e impermeabiliza\u00e7\u00e3o. Tamb\u00e9m podes ser pintado. O respiradouro tem uma fun\u00e7\u00e3o telesc\u00f3pica de 185-340 mm. Para paredes mais grossas, prolonga com um tubo modular.<\/p>\n<p>Instala\u00e7\u00e3o\/posicionamento<br \/>\nO respiradouro \u00e9 posicionado no alto da parede, a cerca de 220 cm do ch\u00e3o, com a extremidade superior do respiradouro a pelo menos 10 cm do teto.<br \/>\nO respiradouro \u00e9 excelente para utiliza\u00e7\u00e3o com aquecimento por baixo do ch\u00e3o.<br \/>\nSe poss\u00edvel, o respiradouro deve ser posicionado diretamente sobre o radiador. O calor ascendente do radiador \u00e9 ent\u00e3o utilizado no que \u00e9 conhecido como corrente de convec\u00e7\u00e3o.<\/p>\n<p>Distribui\u00e7\u00e3o de ar confort\u00e1vel<br \/>\nO padr\u00e3o de distribui\u00e7\u00e3o do ar foi cuidadosamente concebido. O respiradouro liberta o ar para cima e para os lados. O ar do exterior \u00e9 misturado de forma muito eficiente com o ar ambiente. O ar que entra atinge uma temperatura confort\u00e1vel a apenas alguns dec\u00edmetros da abertura.<\/p>\n<p>A impermeabiliza\u00e7\u00e3o contra tempestades poupa energia<br \/>\nIndependentemente do vento ou do tempo, a impermeabiliza\u00e7\u00e3o contra tempestades desacelera as correntes de ar elevadas, contribuindo para reduzir os custos de aquecimento em compara\u00e7\u00e3o com uma ventila\u00e7\u00e3o tradicional. A impermeabiliza\u00e7\u00e3o cria um bom conforto na divis\u00e3o e reduz o risco de correntes de ar.<\/p>\n<p>Filtros e cuidados<br \/>\nMant\u00e9m uma boa qualidade do ar interior efectuando a manuten\u00e7\u00e3o e substitui\u00e7\u00e3o do filtro regularmente.<br \/>\nPara garantir uma boa qualidade do ar e um fluxo constante, o filtro deve ser limpo ou substitu\u00eddo uma ou duas vezes por ano.<br \/>\nO filtro normal pode ser lavado com uma solu\u00e7\u00e3o de sab\u00e3o suave.<br \/>\nO filtro de p\u00f3len e o filtro do escorredor devem ser substitu\u00eddos. O filtro \u00e9 instalado num suporte de filtro atr\u00e1s da parte da frente. A parte da frente pode ser facilmente aberta para aceder ao suporte do filtro.<br \/>\nQuando utilizas um filtro flimmer, o suporte do filtro tamb\u00e9m deve ser substitu\u00eddo. Al\u00e9m disso, n\u00e3o pode ser combinado com a impermeabiliza\u00e7\u00e3o contra tempestades.<\/p>\n<p><a href=\"https:\/\/paxspain.com\/wp-content\/uploads\/2023\/11\/Manual-Wall-vent-TL100DE.pdf\">Descarrega o manual do ventilador de parede TL100DE<\/a><br \/>\n<a href=\"https:\/\/paxspain.com\/wp-content\/uploads\/2023\/11\/Product-sheet-Wall-vent-TL100D-EN.pdf\">Descarregar ficha de produto do Wall Vent TL100DE &#8211; Ingl\u00eas<\/a><br \/>\n<a href=\"https:\/\/paxspain.com\/wp-content\/uploads\/2023\/11\/SPANISH-TL-DE-Product-Sheet.pdf\">Descarregar ficha de produto do Wall Vent TL100DE &#8211; Espanhol<\/a><br \/>\n<a href=\"https:\/\/paxspain.com\/wp-content\/uploads\/2023\/11\/Folder-Wall-vent-TL-DE_TL-C-EN.pdf\">Descarrega o material de vendas do ventilador de parede TL100DE<\/a><\/p>\n<p><iframe loading=\"lazy\" title=\"S\u00e9rie TL-DE fresca\" src=\"https:\/\/www.youtube.com\/embed\/BdfPlB-Y46I\" width=\"560\" height=\"315\" frameborder=\"0\" allowfullscreen=\"allowfullscreen\"><\/iframe><\/p>\n","protected":false},"featured_media":4720,"comment_status":"open","ping_status":"closed","template":"","meta":{"_et_pb_use_builder":"","_et_pb_old_content":"","_et_gb_content_width":""},"product_brand":[169],"product_cat":[85],"product_tag":[],"class_list":{"0":"post-5143","1":"product","2":"type-product","3":"status-publish","4":"has-post-thumbnail","6":"product_brand-fresh","7":"product_cat-ventiladores-de-parede","8":"pa_product-type-grelha-de-ventilacao-de-parede","10":"first","11":"instock","12":"taxable","13":"shipping-taxable","14":"purchasable","15":"product-type-simple"},"jetpack_sharing_enabled":true,"_links":{"self":[{"href":"https:\/\/paxspain.com\/pt-pt\/wp-json\/wp\/v2\/product\/5143","targetHints":{"allow":["GET"]}}],"collection":[{"href":"https:\/\/paxspain.com\/pt-pt\/wp-json\/wp\/v2\/product"}],"about":[{"href":"https:\/\/paxspain.com\/pt-pt\/wp-json\/wp\/v2\/types\/product"}],"replies":[{"embeddable":true,"href":"https:\/\/paxspain.com\/pt-pt\/wp-json\/wp\/v2\/comments?post=5143"}],"wp:featuredmedia":[{"embeddable":true,"href":"https:\/\/paxspain.com\/pt-pt\/wp-json\/wp\/v2\/media\/4720"}],"wp:attachment":[{"href":"https:\/\/paxspain.com\/pt-pt\/wp-json\/wp\/v2\/media?parent=5143"}],"wp:term":[{"taxonomy":"product_brand","embeddable":true,"href":"https:\/\/paxspain.com\/pt-pt\/wp-json\/wp\/v2\/product_brand?post=5143"},{"taxonomy":"product_cat","embeddable":true,"href":"https:\/\/paxspain.com\/pt-pt\/wp-json\/wp\/v2\/product_cat?post=5143"},{"taxonomy":"product_tag","embeddable":true,"href":"https:\/\/paxspain.com\/pt-pt\/wp-json\/wp\/v2\/product_tag?post=5143"}],"curies":[{"name":"wp","href":"https:\/\/api.w.org\/{rel}","templated":true}]}}