{"id":5147,"date":"2023-04-04T21:08:30","date_gmt":"2023-04-04T19:08:30","guid":{"rendered":"https:\/\/paxspain.com\/product\/ventilador-de-parede-tl80de-dbs-acustico\/"},"modified":"2026-04-08T12:49:16","modified_gmt":"2026-04-08T10:49:16","slug":"ventilador-de-parede-tl80de-dbs-acustico","status":"publish","type":"product","link":"https:\/\/paxspain.com\/pt-pt\/produto\/ventilador-de-parede-tl80de-dbs-acustico\/","title":{"rendered":"TL80DE dBs \u2013 Ac\u00fastico"},"content":{"rendered":"<p>A grelha de ventila\u00e7\u00e3o de parede TL80DE DBS \u00e9 uma solu\u00e7\u00e3o de ventila\u00e7\u00e3o passiva concebida para garantir um fluxo de ar de fundo consistente atrav\u00e9s de uma parede exterior. Oferece uma forma simples de introduzir ar fresco numa divis\u00e3o sem depender de sistemas motorizados. Adequada para v\u00e1rios espa\u00e7os dom\u00e9sticos, esta grelha de ventila\u00e7\u00e3o de parede privilegia o funcionamento silencioso, a baixa manuten\u00e7\u00e3o e a praticidade no dia a dia.  <\/p>\n<p><strong>Informa\u00e7\u00e3o do Produto:<\/strong><\/p>\n<p>N\u00famero do artigo<br \/>\n629087<\/p>\n<p>Material<br \/>\nPl\u00e1stico<\/p>\n<p>Largura (mm)<br \/>\n160<\/p>\n<p>Profundidade (mm)<br \/>\n428<\/p>\n<p>Altura (mm)<br \/>\n160<\/p>\n<p>Tipo de instala\u00e7\u00e3o<br \/>\nParede exterior<\/p>\n<p>Nome do produto<br \/>\nGrelha de ventila\u00e7\u00e3o de parede TL80DE dBs<\/p>\n<p>Fun\u00e7\u00f5es<br \/>\nProte\u00e7\u00e3o contra condensa\u00e7\u00e3o, Filtro, Prote\u00e7\u00e3o contra tempestades, Redu\u00e7\u00e3o de ru\u00eddo<\/p>\n<p>Detalhe do material pl\u00e1stico<br \/>\nABS<\/p>\n<p>C\u00f3digo Etim<br \/>\nEC011497<\/p>\n<p>EAN 13<br \/>\n7318116290875<\/p>\n","protected":false},"excerpt":{"rendered":"<p>A TL80DE dBs \u00e9 uma grelha de ventila\u00e7\u00e3o de parede com um design muito discreto. A parte da frente pode ser pintada ou revestida com papel de parede. O respiradouro est\u00e1 equipado com um isolamento espesso contra a condensa\u00e7\u00e3o, uma prote\u00e7\u00e3o contra a sobre-ventila\u00e7\u00e3o, uma prote\u00e7\u00e3o contra a tempestade e um filtro. A impermeabiliza\u00e7\u00e3o evita a perda de energia devido ao impacto do vento. O fluxo de ar \u00e9 regulado atrav\u00e9s da pe\u00e7a frontal, que possui um mecanismo para alterar o \u00e2ngulo de abertura. A pe\u00e7a frontal \u00e9 aberta na extremidade superior e for\u00e7a o ar para cima, o que proporciona um padr\u00e3o de distribui\u00e7\u00e3o confort\u00e1vel, mesmo quando \u00e9 utilizado aquecimento por baixo do pavimento.<\/p>\n<p>Grelha de ventila\u00e7\u00e3o de parede com redu\u00e7\u00e3o de ru\u00eddo:<br \/>\nA grelha de ventila\u00e7\u00e3o de parede TL80DE dBs inclui um tubo com redu\u00e7\u00e3o de ru\u00eddo em vez de um tubo de parede standard. O tubo com redu\u00e7\u00e3o de ru\u00eddo pode ser facilmente cortado ao comprimento certo com um x-ato.<br \/>\nComprimento standard do tubo 360 mm. <\/p>\n<p>Parte interior da grelha:<br \/>\nA parte interior da grelha tem isolamento espesso contra condensa\u00e7\u00e3o, um filtro standard (p\u00f3\/insetos) e uma pe\u00e7a frontal inclinada para cima na borda superior para ajustar o fluxo. O filtro \u00e9 instalado num cartucho filtrante, que est\u00e1 equipado com uma prote\u00e7\u00e3o contra a \u00e1gua corrente. A parte frontal tem quatro posi\u00e7\u00f5es de abertura para variar o fluxo de ar. O padr\u00e3o de distribui\u00e7\u00e3o foi cuidadosamente desenvolvido para se adequar aos sistemas de aquecimento por piso radiante. O respiradouro liberta o ar para cima e para os lados. A mistura com o ar ambiente \u00e9 muito eficaz. O ar arrefecido atinge uma temperatura confort\u00e1vel a apenas alguns dec\u00edmetros da abertura.<\/p>\n<p>Instala\u00e7\u00e3o\/posicionamento:<br \/>\nA grelha deve ser posicionada numa zona alta da parede. Se houver um radiador, \u00e9 melhor tentares posicionar o respiradouro por cima dele. Com este posicionamento, utiliza o fluxo de convec\u00e7\u00e3o e obt\u00e9m o melhor n\u00edvel de conforto. O respiradouro \u00e9 excelente para utiliza\u00e7\u00e3o com aquecimento por piso radiante, uma vez que foi especialmente concebido para o efeito.<\/p>\n<p>Funcionamento\/manuten\u00e7\u00e3o:<br \/>\nPara garantir boa qualidade do ar e manter o fluxo de ar, o filtro deve ser limpo\/substitu\u00eddo 1\u20132 vezes por ano. O filtro standard pode ser lavado com uma solu\u00e7\u00e3o de sab\u00e3o suave. Substitui o filtro de p\u00f3len e o filtro de escamas. O filtro est\u00e1 instalado num cartucho de filtro por tr\u00e1s da pe\u00e7a frontal. Pode ser facilmente removida soltando a parte da frente das fixa\u00e7\u00f5es inferiores e levantando-a em seguida. Puxa o cartucho do filtro a direito para fora do quadro de ventila\u00e7\u00e3o.<\/p>\n<p>Acess\u00f3rios:<br \/>\nEst\u00e1 dispon\u00edvel uma gama completa de acess\u00f3rios para a grelha, para maior flexibilidade.<\/p>\n<p><a href=\"https:\/\/paxspain.com\/wp-content\/uploads\/2023\/04\/Product-sheet-Wall-vent-TL100D-EN.pdf\">Descarregar Ficha T\u00e9cnica Ac\u00fastica TL80DE dBS &#8211; Ingl\u00eas<\/a><br \/>\n<a href=\"https:\/\/paxspain.com\/wp-content\/uploads\/2023\/11\/SPANISH-TL-DE-Product-Sheet.pdf\">Descarregar Ficha T\u00e9cnica Ac\u00fastica TL80DE dBS &#8211; Espanhol<\/a><br \/>\n<a href=\"https:\/\/paxspain.com\/wp-content\/uploads\/2023\/04\/Folder-Wall-vent-TL-DE_TL-C-EN.pdf\">Descarregar Material Comercial Ac\u00fastico TL80DE dBS<\/a><br \/>\n<a href=\"https:\/\/paxspain.com\/wp-content\/uploads\/2023\/04\/Manual-Wall-vent-TL80DE-dBs.pdf\">Descarregar Manual Ac\u00fastico TL80DE dBS<\/a><\/p>\n<p><iframe loading=\"lazy\" title=\"S\u00e9rie TL-DE fresca\" src=\"https:\/\/www.youtube.com\/embed\/BdfPlB-Y46I\" width=\"560\" height=\"315\" frameborder=\"0\" allowfullscreen=\"allowfullscreen\"><\/iframe><\/p>\n","protected":false},"featured_media":4716,"comment_status":"open","ping_status":"closed","template":"","meta":{"_et_pb_use_builder":"","_et_pb_old_content":"","_et_gb_content_width":""},"product_brand":[169],"product_cat":[85],"product_tag":[],"class_list":{"0":"post-5147","1":"product","2":"type-product","3":"status-publish","4":"has-post-thumbnail","6":"product_brand-fresh","7":"product_cat-ventiladores-de-parede","8":"pa_product-type-grelha-de-ventilacao-de-parede","10":"first","11":"instock","12":"taxable","13":"shipping-taxable","14":"purchasable","15":"product-type-simple"},"jetpack_sharing_enabled":true,"_links":{"self":[{"href":"https:\/\/paxspain.com\/pt-pt\/wp-json\/wp\/v2\/product\/5147","targetHints":{"allow":["GET"]}}],"collection":[{"href":"https:\/\/paxspain.com\/pt-pt\/wp-json\/wp\/v2\/product"}],"about":[{"href":"https:\/\/paxspain.com\/pt-pt\/wp-json\/wp\/v2\/types\/product"}],"replies":[{"embeddable":true,"href":"https:\/\/paxspain.com\/pt-pt\/wp-json\/wp\/v2\/comments?post=5147"}],"wp:featuredmedia":[{"embeddable":true,"href":"https:\/\/paxspain.com\/pt-pt\/wp-json\/wp\/v2\/media\/4716"}],"wp:attachment":[{"href":"https:\/\/paxspain.com\/pt-pt\/wp-json\/wp\/v2\/media?parent=5147"}],"wp:term":[{"taxonomy":"product_brand","embeddable":true,"href":"https:\/\/paxspain.com\/pt-pt\/wp-json\/wp\/v2\/product_brand?post=5147"},{"taxonomy":"product_cat","embeddable":true,"href":"https:\/\/paxspain.com\/pt-pt\/wp-json\/wp\/v2\/product_cat?post=5147"},{"taxonomy":"product_tag","embeddable":true,"href":"https:\/\/paxspain.com\/pt-pt\/wp-json\/wp\/v2\/product_tag?post=5147"}],"curies":[{"name":"wp","href":"https:\/\/api.w.org\/{rel}","templated":true}]}}