{"id":5151,"date":"2023-04-04T22:03:35","date_gmt":"2023-04-04T22:03:35","guid":{"rendered":"https:\/\/paxspain.com\/product\/jazz-4-550-momento-ii\/"},"modified":"2026-02-26T18:57:36","modified_gmt":"2026-02-26T17:57:36","slug":"jazz-4-550-momento-ii","status":"publish","type":"product","link":"https:\/\/paxspain.com\/pt-pt\/produto\/jazz-4-550-momento-ii\/","title":{"rendered":"Jazz 4\/550 Momento II"},"content":{"rendered":"<p data-start=\"2417\" data-end=\"2857\">O <strong data-start=\"2421\" data-end=\"2472\">toalheiro el\u00e9trico PAX Jazz 4\/550 Momento II<\/strong> combina o design escandinavo minimalista com funcionalidade inteligente avan\u00e7ada. A sua constru\u00e7\u00e3o em a\u00e7o inoxid\u00e1vel polido e as quatro barras horizontais proporcionam um apelo visual elegante e um espa\u00e7o pr\u00e1tico para secar toalhas e roupa branca. Com <strong data-start=\"2708\" data-end=\"2742\">550 mm de largura e 710 mm de altura<\/strong>, adapta-se perfeitamente \u00e0 maioria das configura\u00e7\u00f5es de casa de banho sem dominar o espa\u00e7o.  <\/p>\n<p data-start=\"2897\" data-end=\"3144\">No centro do <strong>Jazz 4\/550<\/strong> est\u00e1 o <strong data-start=\"2935\" data-end=\"2955\">temporizador Momento II,<\/strong> um sistema de controlo inteligente que lhe oferece op\u00e7\u00f5es de aquecimento flex\u00edveis. Utilize o temporizador integrado manualmente ou ligue-se via Bluetooth \u00e0 aplica\u00e7\u00e3o PAX Wireless no seu dispositivo m\u00f3vel. A aplica\u00e7\u00e3o permite-lhe:  <\/p>\n<ul data-start=\"3146\" data-end=\"3265\">\n<li data-start=\"3146\" data-end=\"3178\">\n<p data-start=\"3148\" data-end=\"3178\">Definir hor\u00e1rios de aquecimento personalizados<\/p>\n<\/li>\n<li data-start=\"3179\" data-end=\"3227\">\n<p data-start=\"3181\" data-end=\"3227\">Ajustar os n\u00edveis de pot\u00eancia para uma utiliza\u00e7\u00e3o eficiente da energia<\/p>\n<\/li>\n<li data-start=\"3228\" data-end=\"3265\">\n<p data-start=\"3230\" data-end=\"3265\">Emparelhar com um extrator de casa de banho compat\u00edvel<\/p>\n<\/li>\n<\/ul>\n<p data-start=\"3267\" data-end=\"3503\">Quando emparelhado com um extrator PAX equipado com sensor de humidade, o toalheiro pode come\u00e7ar a aquecer automaticamente quando a humidade sobe, como quando come\u00e7a um duche, para ter toalhas quentes exatamente quando precisa delas.<\/p>\n<p data-start=\"3544\" data-end=\"3982\">A instala\u00e7\u00e3o \u00e9 simples gra\u00e7as ao suporte discreto <strong data-start=\"3590\" data-end=\"3612\">Momento II<\/strong> fornecido para montagem el\u00e9trica oculta no canto inferior (esquerdo ou direito). Embora a instala\u00e7\u00e3o fixa seja a mais comum, tamb\u00e9m pode adicionar um kit de cabo e ficha se preferir uma liga\u00e7\u00e3o a uma tomada. Constru\u00eddo de acordo com a <strong data-start=\"3818\" data-end=\"3848\">norma de prote\u00e7\u00e3o contra salpicos IP44<\/strong>, este toalheiro \u00e9 adequado para ambientes de casa de banho e cumpre os requisitos de seguran\u00e7a relevantes.  <\/p>\n<p data-start=\"4014\" data-end=\"4328\">Com um <strong data-start=\"4021\" data-end=\"4047\">consumo de energia de 40 W<\/strong> e liga\u00e7\u00e3o de 230 V AC, o <strong>Jazz 4\/550<\/strong> oferece um aquecimento eficiente sem um consumo excessivo de energia. O design de montagem na parede garante que o calor se foca onde \u00e9 mais necess\u00e1rio \u2014 mantendo as toalhas quentes e auxiliando no aquecimento suave das superf\u00edcies da casa de banho ap\u00f3s a utiliza\u00e7\u00e3o. <\/p>\n<ul data-start=\"4362\" data-end=\"4706\">\n<li data-start=\"4362\" data-end=\"4425\">\n<p data-start=\"4364\" data-end=\"4425\"><strong data-start=\"4364\" data-end=\"4385\">Controlo inteligente por app<\/strong> via Bluetooth para a m\u00e1xima conveni\u00eancia<\/p>\n<\/li>\n<li data-start=\"4426\" data-end=\"4500\">\n<p data-start=\"4428\" data-end=\"4500\"><strong data-start=\"4428\" data-end=\"4464\">Arranque autom\u00e1tico com dete\u00e7\u00e3o de humidade<\/strong> quando emparelhado com um extrator compat\u00edvel<\/p>\n<\/li>\n<li data-start=\"4501\" data-end=\"4566\">\n<p data-start=\"4503\" data-end=\"4566\"><strong data-start=\"4503\" data-end=\"4535\">Design compacto mas eficaz<\/strong>, perfeito para casas de banho modernas<\/p>\n<\/li>\n<li data-start=\"4567\" data-end=\"4638\">\n<p data-start=\"4569\" data-end=\"4638\"><strong data-start=\"4569\" data-end=\"4595\">Acabamento em a\u00e7o inoxid\u00e1vel<\/strong> resistente \u00e0 corros\u00e3o e f\u00e1cil de limpar<\/p>\n<\/li>\n<li data-start=\"4639\" data-end=\"4706\">\n<p data-start=\"4641\" data-end=\"4706\"><strong data-start=\"4641\" data-end=\"4669\">Hor\u00e1rios de aquecimento oportunos<\/strong> que poupam energia e aumentam o conforto<\/p>\n<\/li>\n<\/ul>\n<p data-start=\"4708\" data-end=\"4920\">Quer esteja a atualizar uma casa de banho existente ou a planear uma nova constru\u00e7\u00e3o, o <strong>PAX Jazz 4\/550 Momento II<\/strong> proporciona conforto, estilo e funcionalidade inteligente num toalheiro de excelente engenharia.<\/p>\n<p><strong>Informa\u00e7\u00e3o do Produto:<\/strong><\/p>\n<p>N\u00famero do artigo<br \/>\n3525-7<\/p>\n<p>Alimenta\u00e7\u00e3o el\u00e9ctrica Fase<br \/>\n1-Fase<\/p>\n<p>Prote\u00e7\u00e3o IP<br \/>\nIP 44<\/p>\n<p>Classe de Isolamento<br \/>\nII<\/p>\n<p>Material<br \/>\nA\u00e7o inoxid\u00e1vel, pl\u00e1stico<\/p>\n<p>Largura (mm)<br \/>\n549<\/p>\n<p>Profundidade (mm)<br \/>\n107<\/p>\n<p>Altura (mm)<br \/>\n701<\/p>\n<p>Tipo de instala\u00e7\u00e3o<br \/>\nParede<\/p>\n<p>Nome do produto<br \/>\nJazz 4\/550 Momento II<\/p>\n<p>Consumo de energia (W)<br \/>\n40<\/p>\n<p>Fun\u00e7\u00f5es<br \/>\nFuncionamento com temporizador, Temporizador repetitivo, Controlo de pot\u00eancia<\/p>\n<p>Tens\u00e3o de alimenta\u00e7\u00e3o (V)<br \/>\n230V AC<\/p>\n<p>Op\u00e7\u00e3o Sem Fios<br \/>\nBluetooth LE<\/p>\n<p>Detalhe do material pl\u00e1stico<br \/>\nABS<\/p>\n<p>C\u00f3digo Etim<br \/>\nEC003624<\/p>\n<p>EAN 13<br \/>\n7391477352512<\/p>\n","protected":false},"excerpt":{"rendered":"<p>O <strong data-start=\"1653\" data-end=\"1682\">PAX Jazz 4\/550 Momento II<\/strong> \u00e9 um toalheiro el\u00e9trico inteligente de montagem na parede, concebido para casas de banho modernas. Com acabamento em a\u00e7o inoxid\u00e1vel polido, possui quatro barras horizontais e uma largura compacta de 550 mm, ideal para espa\u00e7os mais pequenos. O <strong data-start=\"1903\" data-end=\"1923\">temporizador Momento II<\/strong> integrado oferece controlo manual e por aplica\u00e7\u00e3o via Bluetooth, permitindo-lhe definir tempos de aquecimento, n\u00edveis de pot\u00eancia e hor\u00e1rios com facilidade. Emparelhe-o com um extrator de casa de banho PAX e o toalheiro pode ligar-se automaticamente quando a humidade sobe. Com uma pot\u00eancia de 40 W energeticamente eficiente e suporte de instala\u00e7\u00e3o discreto inclu\u00eddo, esta unidade oferece calor e conveni\u00eancia com um visual limpo e contempor\u00e2neo.    <\/p>\n","protected":false},"featured_media":4738,"comment_status":"open","ping_status":"closed","template":"","meta":{"_et_pb_use_builder":"","_et_pb_old_content":"","_et_gb_content_width":""},"product_brand":[133],"product_cat":[77],"product_tag":[],"class_list":{"0":"post-5151","1":"product","2":"type-product","3":"status-publish","4":"has-post-thumbnail","6":"product_brand-pax","7":"product_cat-aquecedores-de-toalhas","8":"product_shipping_class-aquecedor-de-toalhas-envio-gratuito","9":"pa_product-type-toalheiro-aquecido","11":"first","12":"instock","13":"taxable","14":"shipping-taxable","15":"purchasable","16":"product-type-simple"},"jetpack_sharing_enabled":true,"_links":{"self":[{"href":"https:\/\/paxspain.com\/pt-pt\/wp-json\/wp\/v2\/product\/5151","targetHints":{"allow":["GET"]}}],"collection":[{"href":"https:\/\/paxspain.com\/pt-pt\/wp-json\/wp\/v2\/product"}],"about":[{"href":"https:\/\/paxspain.com\/pt-pt\/wp-json\/wp\/v2\/types\/product"}],"replies":[{"embeddable":true,"href":"https:\/\/paxspain.com\/pt-pt\/wp-json\/wp\/v2\/comments?post=5151"}],"wp:featuredmedia":[{"embeddable":true,"href":"https:\/\/paxspain.com\/pt-pt\/wp-json\/wp\/v2\/media\/4738"}],"wp:attachment":[{"href":"https:\/\/paxspain.com\/pt-pt\/wp-json\/wp\/v2\/media?parent=5151"}],"wp:term":[{"taxonomy":"product_brand","embeddable":true,"href":"https:\/\/paxspain.com\/pt-pt\/wp-json\/wp\/v2\/product_brand?post=5151"},{"taxonomy":"product_cat","embeddable":true,"href":"https:\/\/paxspain.com\/pt-pt\/wp-json\/wp\/v2\/product_cat?post=5151"},{"taxonomy":"product_tag","embeddable":true,"href":"https:\/\/paxspain.com\/pt-pt\/wp-json\/wp\/v2\/product_tag?post=5151"}],"curies":[{"name":"wp","href":"https:\/\/api.w.org\/{rel}","templated":true}]}}